{"id":5,"date":"2018-01-18T08:39:17","date_gmt":"2018-01-18T10:39:17","guid":{"rendered":"https:\/\/www.ufsm.br\/cursos\/graduacao\/ciencias-biologicas\/12372\/?page_id=5"},"modified":"2022-11-22T16:50:24","modified_gmt":"2022-11-22T19:50:24","slug":"pagina-inicial","status":"publish","type":"page","link":"https:\/\/www.ufsm.br\/cursos\/graduacao\/palmeira-das-missoes\/ciencias-biologicas\/","title":{"rendered":"P\u00e1gina Inicial"},"content":{"rendered":"\t\t<div data-elementor-type=\"wp-post\" data-elementor-id=\"5\" class=\"elementor elementor-5\">\n\t\t\t\t\t\t<section class=\"elementor-section elementor-top-section elementor-element elementor-element-18b83a3 elementor-section-boxed elementor-section-height-default elementor-section-height-default\" data-id=\"18b83a3\" data-element_type=\"section\">\n\t\t\t\t\t\t<div class=\"elementor-container elementor-column-gap-default\">\n\t\t\t\t\t<div class=\"elementor-column elementor-col-100 elementor-top-column elementor-element elementor-element-264156e\" data-id=\"264156e\" data-element_type=\"column\">\n\t\t\t<div class=\"elementor-widget-wrap elementor-element-populated\">\n\t\t\t\t\t\t<div class=\"elementor-element elementor-element-838f915 elementor-widget elementor-widget-wp-widget-ufsm_noticias_widget\" data-id=\"838f915\" data-element_type=\"widget\" data-widget_type=\"wp-widget-ufsm_noticias_widget.default\">\n\t\t\t\t<div class=\"elementor-widget-container\">\n\t\t\t<div id='ufsm-carousel-1775476256-117890373' class='carousel slide carousel-ufsm' data-bs-ride='carousel' aria-hidden='true'>\n    <div class='carousel-inner'>\n                    \n\n            <div class='carousel-item active' data-bs-interval='4000'>\n                                    <!-- Slider Image -->\n                    <img class='w-100'  style='max-height:250px; object-fit:cover;' alt=\"Nelson Guilherme Machado Pinto, Coordenador do Programa de P\u00f3s-Gradua\u00e7\u00e3o em Agroneg\u00f3cios; C\u00e1ssio Fridriczewski, Gestor de Inova\u00e7\u00e3o do Sebrae RS; Gabriel Fernando Hartz, Head da Acaleradora Semente; e Jer\u00f4nimo Cecatto, Secret\u00e1rio Municipal de Desenvolvimento Econ\u00f4mico, Inova\u00e7\u00e3o e Empregos Na \u00faltima quarta-feira,&hellip;\" srcset=\"https:\/\/www.ufsm.br\/app\/uploads\/sites\/378\/2026\/04\/WhatsApp-Image-2026-04-02-at-11.27.03-1-Copia-2-300x164.jpeg 300w, https:\/\/www.ufsm.br\/app\/uploads\/sites\/378\/2026\/04\/WhatsApp-Image-2026-04-02-at-11.27.03-1-Copia-2-768x421.jpeg 768w, https:\/\/www.ufsm.br\/app\/uploads\/sites\/378\/2026\/04\/WhatsApp-Image-2026-04-02-at-11.27.03-1-Copia-2.jpeg 955w\">\n                \n                \n                                                            <\/div>\n                    \n\n            <div class='carousel-item ' data-bs-interval='4000'>\n                                    <!-- Slider Image -->\n                    <img class='w-100'  style='max-height:250px; object-fit:cover;' alt=\"Buscando preservar a mem\u00f3ria institucional e divulgar experi\u00eancias acad\u00eamicas e institucionais, a Universidade Federal de Santa Maria \u2013 campus Palmeira das Miss\u00f5es (UFSM-PM) est\u00e1 com chamada aberta para submiss\u00e3o de textos para o e-book \u201cEnsinar, aprender e transformar: 20 anos&hellip;\" srcset=\"https:\/\/www.ufsm.br\/app\/uploads\/sites\/378\/2026\/03\/CHAMADA-DE-SUBMISSAO-DE-TEXTOS-2-300x124.jpg 300w, https:\/\/www.ufsm.br\/app\/uploads\/sites\/378\/2026\/03\/CHAMADA-DE-SUBMISSAO-DE-TEXTOS-2-1024x424.jpg 1024w, https:\/\/www.ufsm.br\/app\/uploads\/sites\/378\/2026\/03\/CHAMADA-DE-SUBMISSAO-DE-TEXTOS-2-768x318.jpg 768w, https:\/\/www.ufsm.br\/app\/uploads\/sites\/378\/2026\/03\/CHAMADA-DE-SUBMISSAO-DE-TEXTOS-2.jpg 1057w\">\n                \n                \n                                                            <\/div>\n                    <!-- Exibi Indicadores -->\n                    <ol class='carousel-indicators carousel-indicators-numbers d-none d-md-flex align-self-end m-0'>\n                <li data-bs-target='#ufsm-carousel-1775476256-117890373' data-bs-slide-to='0' class='d-flex rounded-circle active'><span class='m-auto fw-bold'>1<\/span><\/li><li data-bs-target='#ufsm-carousel-1775476256-117890373' data-bs-slide-to='1' class='d-flex rounded-circle '><span class='m-auto fw-bold'>2<\/span><\/li>            <\/ol>\n            <a class='carousel-control-prev' href='#ufsm-carousel-1775476256-117890373' role='button' data-bs-slide='prev'>\n                <span class='carousel-control-prev-icon' aria-hidden='true'><\/span>\n                <span class='visually-hidden'>Previous<\/span>\n            <\/a>\n            <a class='carousel-control-next' href='#ufsm-carousel-1775476256-117890373' role='button' data-bs-slide='next'>\n                <span class='carousel-control-next-icon' aria-hidden='true'><\/span>\n                <span class='visually-hidden'>Next<\/span>\n            <\/a>\n            <\/div>\n<\/div>\n<!-- Acessibilidade, apenas leitor de tela -->\n<ul class='visually-hidden'>\n    <li><a href='https:\/\/www.ufsm.br\/unidades-universitarias\/palmeira-das-missoes\/2026\/04\/02\/sebrae-startups-promove-ideathon-campo-inovador-na-ufsm-pm-voltado-a-solucoes-na-cadeia-leiteira'>Sebrae Startups promove Ideathon Campo Inovador na UFSM-PM voltado \u00e0 solu\u00e7\u00f5es na cadeia leiteira<\/a><\/li><li><a href='https:\/\/www.ufsm.br\/unidades-universitarias\/palmeira-das-missoes\/2026\/03\/30\/ufsm-pm-abre-chamada-para-submissao-de-textos-para-e-book-comemorativo-dos-20-anos'>UFSM-PM abre chamada para submiss\u00e3o de textos para e-book comemorativo dos 20 anos<\/a><\/li><\/ul>\n\t\t<\/div>\n\t\t\t\t<\/div>\n\t\t\t\t\t<\/div>\n\t\t<\/div>\n\t\t\t\t\t<\/div>\n\t\t<\/section>\n\t\t\t\t<section class=\"elementor-section elementor-top-section elementor-element elementor-element-9ae6e0d elementor-section-boxed elementor-section-height-default elementor-section-height-default\" data-id=\"9ae6e0d\" data-element_type=\"section\">\n\t\t\t\t\t\t<div class=\"elementor-container elementor-column-gap-default\">\n\t\t\t\t\t<div class=\"elementor-column elementor-col-100 elementor-top-column elementor-element elementor-element-8cf5498\" data-id=\"8cf5498\" data-element_type=\"column\">\n\t\t\t<div class=\"elementor-widget-wrap elementor-element-populated\">\n\t\t\t\t\t\t<div class=\"elementor-element elementor-element-6f012cf elementor-widget elementor-widget-heading\" data-id=\"6f012cf\" data-element_type=\"widget\" data-widget_type=\"heading.default\">\n\t\t\t\t<div class=\"elementor-widget-container\">\n\t\t\t<h5 class=\"elementor-heading-title elementor-size-default\">Apresenta\u00e7\u00e3o<\/h5>\t\t<\/div>\n\t\t\t\t<\/div>\n\t\t\t\t\t<\/div>\n\t\t<\/div>\n\t\t\t\t\t<\/div>\n\t\t<\/section>\n\t\t\t\t<section class=\"elementor-section elementor-top-section elementor-element elementor-element-c565ad1 elementor-section-boxed elementor-section-height-default elementor-section-height-default\" data-id=\"c565ad1\" data-element_type=\"section\">\n\t\t\t\t\t\t<div class=\"elementor-container elementor-column-gap-default\">\n\t\t\t\t\t<div class=\"elementor-column elementor-col-100 elementor-top-column elementor-element elementor-element-2db97b5\" data-id=\"2db97b5\" data-element_type=\"column\">\n\t\t\t<div class=\"elementor-widget-wrap elementor-element-populated\">\n\t\t\t\t\t\t<div class=\"elementor-element elementor-element-c491f3a elementor-widget elementor-widget-shortcode\" data-id=\"c491f3a\" data-element_type=\"widget\" data-widget_type=\"shortcode.default\">\n\t\t\t\t<div class=\"elementor-widget-container\">\n\t\t\t\t\t<div class=\"elementor-shortcode\"><div class='row'><div class='col-12 col-lg-9 pe-lg-1 align-self-center'><p>O curso de <b>Ci\u00eancias Biol\u00f3gicas<\/b> est\u00e1 localizado em <b>Campus Palmeira das Miss\u00f5es<\/b> na modalidade <b>Licenciatura - Presencial<\/b> sendo <b>Integral<\/b> o seu turno de funcionamento. A \u00e1rea de conhecimento do curso \u00e9 classificada como <b>CI\u00caNCIAS BIOL\u00d3GICAS<\/b>. Atualmente, a coordena\u00e7\u00e3o \u00e9 de responsabilidade de <b>ELAINE MARIA LUCAS GONSALES<\/b>, a coordena\u00e7\u00e3o substituta de <b>VANESSA BARBISAN FORTES<\/b> e a secretaria de <b>FELIPE MAGALH\u00c3ES MALHEIROS<\/b>.<\/p><p>O curso \u00e9 ofertado em per\u00edodo <b>Semestral<\/b>, sendo <b>8<\/b> o n\u00famero de per\u00edodos indicados para sua conclus\u00e3o.<\/p><p class='mt-3'>Reconhecido pela Portaria n. 651\/2013\/MEC, publicada no DOU, de 11\/12\/2013 e Portaria n. 153\/2023\/MEC, publicada no DOU, de 22\/06\/2023.<\/p><\/div><div class='col-12 col-lg-3'><div class='row d-flex justify-content-around'><h3 class='visually-hidden'>Conceitos<\/h3><div class='col-12 col-md-4 col-lg-12 d-flex flex-column conceito-curso'><div class='flex-fill p-3 my-2 my-md-0 my-lg-1 mx-0 mx-md-2 mx-lg-0'><div class='text-center conceito-descricao'>Conceito de Curso (2012)<\/div><div class='text-center text-primary conceito-valor'>4<\/div><\/div><\/div><div class='col-12 col-md-4 col-lg-12 d-flex flex-column conceito-curso'><div class='flex-fill p-3 my-2 my-md-0 my-lg-1 mx-0 mx-md-2 mx-lg-0'><div class='text-center conceito-descricao'>Conceito Preliminar de Curso (2021)<\/div><div class='text-center text-primary conceito-valor'>4<\/div><\/div><\/div><div class='col-12 col-md-4 col-lg-12 d-flex flex-column conceito-curso'><div class='flex-fill p-3 my-2 my-md-0 my-lg-1 mx-0 mx-md-2 mx-lg-0'><div class='text-center conceito-descricao'>ENADE (2021)<\/div><div class='text-center text-primary conceito-valor'>3<\/div><\/div><\/div><\/div><\/div><\/div><\/div>\n\t\t\t\t<\/div>\n\t\t\t\t<\/div>\n\t\t\t\t\t<\/div>\n\t\t<\/div>\n\t\t\t\t\t<\/div>\n\t\t<\/section>\n\t\t\t\t<section class=\"elementor-section elementor-top-section elementor-element elementor-element-d38d4ee elementor-section-boxed elementor-section-height-default elementor-section-height-default\" data-id=\"d38d4ee\" data-element_type=\"section\">\n\t\t\t\t\t\t<div class=\"elementor-container elementor-column-gap-default\">\n\t\t\t\t\t<div class=\"elementor-column elementor-col-100 elementor-top-column elementor-element elementor-element-94e61b1\" data-id=\"94e61b1\" data-element_type=\"column\">\n\t\t\t<div class=\"elementor-widget-wrap elementor-element-populated\">\n\t\t\t\t\t\t<div class=\"elementor-element elementor-element-9db2cdb elementor-widget elementor-widget-wp-widget-ufsm_utilidades\" data-id=\"9db2cdb\" data-element_type=\"widget\" data-widget_type=\"wp-widget-ufsm_utilidades.default\">\n\t\t\t\t<div class=\"elementor-widget-container\">\n\t\t\t\t\t<h5 class=\"card-title titulo-conteudos\">Utilidades<\/h5>\n\t\t\t\t\n\t\t<div class=\"row d-flex justify-content-around\">\n\t\t\t\t\t\t\t<div class=\"col-12 col-sm-6 col-md-2 mt-4 text-center\">\n\t\t\t\t\t\t\t\t\t\t\t<a href=\"https:\/\/www.ufsm.br\/cursos\/graduacao\/palmeira-das-missoes\/ciencias-biologicas\/horarios\" class=\"item-utilidades d-block\">\n\t\t\t\t\t\t\t\t\t\t<i class=\"fas fa-pencil-alt animation-pulse\" aria-hidden=\"true\"><\/i><b>Oferta \/ Hor\u00e1rios<\/b><\/a>\n\t\t\t\t<\/div>\n\t\t\t\t\t\t\t<div class=\"col-12 col-sm-6 col-md-2 mt-4 text-center\">\n\t\t\t\t\t\t\t\t\t\t\t<a href=\"https:\/\/portal.ufsm.br\/aluno\/\" class=\"item-utilidades d-block\">\n\t\t\t\t\t\t\t\t\t\t<i class=\"fa fa-user animation-pulse\" aria-hidden=\"true\"><\/i><b>Portal do Aluno<\/b><\/a>\n\t\t\t\t<\/div>\n\t\t\t\t\t\t\t<div class=\"col-12 col-sm-6 col-md-2 mt-4 text-center\">\n\t\t\t\t\t\t\t\t\t\t\t<a href=\"https:\/\/www.ufsm.br\/cursos\/graduacao\/palmeira-das-missoes\/ciencias-biologicas\/informacoes-do-curriculo\" class=\"item-utilidades d-block\">\n\t\t\t\t\t\t\t\t\t\t<i class=\"fa fa-clipboard animation-pulse\" aria-hidden=\"true\"><\/i><b>Informa\u00e7\u00f5es Curriculares<\/b><\/a>\n\t\t\t\t<\/div>\n\t\t\t\t\t\t\t<div class=\"col-12 col-sm-6 col-md-2 mt-4 text-center\">\n\t\t\t\t\t\t\t\t\t\t\t<a href=\"https:\/\/www.ufsm.br\/cursos\/graduacao\/palmeira-das-missoes\/ciencias-biologicas\/projeto-pedagogico\" class=\"item-utilidades d-block\">\n\t\t\t\t\t\t\t\t\t\t<i class=\"fa fa-book animation-pulse\" aria-hidden=\"true\"><\/i><b>Projeto Pedag\u00f3gico<\/b><\/a>\n\t\t\t\t<\/div>\n\t\t\t\t\t\t\t<div class=\"col-12 col-sm-6 col-md-2 mt-4 text-center\">\n\t\t\t\t\t\t\t\t\t\t\t<a href=\"https:\/\/ead06.proj.ufsm.br\/login\/\" class=\"item-utilidades d-block\">\n\t\t\t\t\t\t\t\t\t\t<i class=\"ufsm ufsm-moodle animation-pulse\" aria-hidden=\"true\"><\/i><b>Ambiente Virtual Moodle<\/b><\/a>\n\t\t\t\t<\/div>\n\t\t\t\t\t<\/div>\n\t\t\t\t<\/div>\n\t\t\t\t<\/div>\n\t\t\t\t\t<\/div>\n\t\t<\/div>\n\t\t\t\t\t<\/div>\n\t\t<\/section>\n\t\t\t\t<\/div>\n\t\t","protected":false},"excerpt":{"rendered":"<p>Apresenta\u00e7\u00e3o<\/p>\n","protected":false},"author":8,"featured_media":0,"parent":0,"menu_order":0,"comment_status":"closed","ping_status":"closed","template":"","meta":{"footnotes":""},"categories":[],"tags":[],"class_list":["post-5","page","type-page","status-publish","hentry"],"acf":[],"_links":{"self":[{"href":"https:\/\/www.ufsm.br\/cursos\/graduacao\/palmeira-das-missoes\/ciencias-biologicas\/wp-json\/wp\/v2\/pages\/5","targetHints":{"allow":["GET"]}}],"collection":[{"href":"https:\/\/www.ufsm.br\/cursos\/graduacao\/palmeira-das-missoes\/ciencias-biologicas\/wp-json\/wp\/v2\/pages"}],"about":[{"href":"https:\/\/www.ufsm.br\/cursos\/graduacao\/palmeira-das-missoes\/ciencias-biologicas\/wp-json\/wp\/v2\/types\/page"}],"author":[{"embeddable":true,"href":"https:\/\/www.ufsm.br\/cursos\/graduacao\/palmeira-das-missoes\/ciencias-biologicas\/wp-json\/wp\/v2\/users\/8"}],"replies":[{"embeddable":true,"href":"https:\/\/www.ufsm.br\/cursos\/graduacao\/palmeira-das-missoes\/ciencias-biologicas\/wp-json\/wp\/v2\/comments?post=5"}],"version-history":[{"count":0,"href":"https:\/\/www.ufsm.br\/cursos\/graduacao\/palmeira-das-missoes\/ciencias-biologicas\/wp-json\/wp\/v2\/pages\/5\/revisions"}],"wp:attachment":[{"href":"https:\/\/www.ufsm.br\/cursos\/graduacao\/palmeira-das-missoes\/ciencias-biologicas\/wp-json\/wp\/v2\/media?parent=5"}],"wp:term":[{"taxonomy":"category","embeddable":true,"href":"https:\/\/www.ufsm.br\/cursos\/graduacao\/palmeira-das-missoes\/ciencias-biologicas\/wp-json\/wp\/v2\/categories?post=5"},{"taxonomy":"post_tag","embeddable":true,"href":"https:\/\/www.ufsm.br\/cursos\/graduacao\/palmeira-das-missoes\/ciencias-biologicas\/wp-json\/wp\/v2\/tags?post=5"}],"curies":[{"name":"wp","href":"https:\/\/api.w.org\/{rel}","templated":true}]}}