{"id":1751,"date":"2022-10-10T08:31:36","date_gmt":"2022-10-10T11:31:36","guid":{"rendered":"https:\/\/www.ufsm.br\/cursos\/graduacao\/santa-maria\/administracao\/?page_id=1751"},"modified":"2022-10-10T08:31:37","modified_gmt":"2022-10-10T11:31:37","slug":"tutorial-para-dispensa-em-estagio-em-funcao-de-realizacao-de-prova","status":"publish","type":"page","link":"https:\/\/www.ufsm.br\/cursos\/graduacao\/santa-maria\/administracao\/tutorial-para-dispensa-em-estagio-em-funcao-de-realizacao-de-prova","title":{"rendered":"Tutorial para dispensa em est\u00e1gio em fun\u00e7\u00e3o de realiza\u00e7\u00e3o de prova"},"content":{"rendered":"\n<div>Formul\u00e1rio a ser utilizado:\u00a0<\/div>\n<ul>\n<li><a href=\"https:\/\/www.ufsm.br\/app\/uploads\/sites\/421\/2022\/07\/DECLARACAO-DE-REALIZACAO-DE-PROVA-para-dispensa-em-estagio.pdf\" target=\"_blank\" rel=\"noopener\" data-saferedirecturl=\"https:\/\/www.google.com\/url?q=https:\/\/www.ufsm.br\/app\/uploads\/sites\/421\/2022\/07\/DECLARACAO-DE-REALIZACAO-DE-PROVA-para-dispensa-em-estagio.pdf&amp;source=gmail&amp;ust=1665487656433000&amp;usg=AOvVaw0fO8Z1pgPI99ldtkqIddZ6\"><span class=\"il\">DECLARA\u00c7\u00c3O<\/span>\u00a0<span class=\"il\">DE<\/span>\u00a0REALIZA\u00c7\u00c3O\u00a0<span class=\"il\">DE<\/span>\u00a0PROVA- para dispensa em\u00a0<span class=\"il\">est\u00e1gio<\/span>\u00a0(arquivo pdf, 18 KB)<\/a><\/li>\n<\/ul>\n<div>\n<div>Esse documento pode ser:<\/div>\n<div>&#8211; Impresso pelo aluno e assinado presencialmente pelo professor da disciplina;<\/div>\n<div>&#8211; Encaminhado por email e o professor assinar pelo SOUGOV;<\/div>\n<\/div>\n","protected":false},"excerpt":{"rendered":"<p>Formul\u00e1rio a ser utilizado:\u00a0 DECLARA\u00c7\u00c3O\u00a0DE\u00a0REALIZA\u00c7\u00c3O\u00a0DE\u00a0PROVA- para dispensa em\u00a0est\u00e1gio\u00a0(arquivo pdf, 18 KB) Esse documento pode ser: &#8211; Impresso pelo aluno e assinado presencialmente pelo professor da disciplina; &#8211; Encaminhado por email e o professor assinar pelo SOUGOV;<\/p>\n","protected":false},"author":2252,"featured_media":0,"parent":0,"menu_order":0,"comment_status":"closed","ping_status":"closed","template":"","meta":{"footnotes":""},"categories":[],"tags":[312,70,313],"class_list":["post-1751","page","type-page","status-publish","hentry","tag-dispensa","tag-estagio","tag-prova"],"acf":[],"_links":{"self":[{"href":"https:\/\/www.ufsm.br\/cursos\/graduacao\/santa-maria\/administracao\/wp-json\/wp\/v2\/pages\/1751","targetHints":{"allow":["GET"]}}],"collection":[{"href":"https:\/\/www.ufsm.br\/cursos\/graduacao\/santa-maria\/administracao\/wp-json\/wp\/v2\/pages"}],"about":[{"href":"https:\/\/www.ufsm.br\/cursos\/graduacao\/santa-maria\/administracao\/wp-json\/wp\/v2\/types\/page"}],"author":[{"embeddable":true,"href":"https:\/\/www.ufsm.br\/cursos\/graduacao\/santa-maria\/administracao\/wp-json\/wp\/v2\/users\/2252"}],"replies":[{"embeddable":true,"href":"https:\/\/www.ufsm.br\/cursos\/graduacao\/santa-maria\/administracao\/wp-json\/wp\/v2\/comments?post=1751"}],"version-history":[{"count":0,"href":"https:\/\/www.ufsm.br\/cursos\/graduacao\/santa-maria\/administracao\/wp-json\/wp\/v2\/pages\/1751\/revisions"}],"wp:attachment":[{"href":"https:\/\/www.ufsm.br\/cursos\/graduacao\/santa-maria\/administracao\/wp-json\/wp\/v2\/media?parent=1751"}],"wp:term":[{"taxonomy":"category","embeddable":true,"href":"https:\/\/www.ufsm.br\/cursos\/graduacao\/santa-maria\/administracao\/wp-json\/wp\/v2\/categories?post=1751"},{"taxonomy":"post_tag","embeddable":true,"href":"https:\/\/www.ufsm.br\/cursos\/graduacao\/santa-maria\/administracao\/wp-json\/wp\/v2\/tags?post=1751"}],"curies":[{"name":"wp","href":"https:\/\/api.w.org\/{rel}","templated":true}]}}