{"id":212,"date":"2018-11-28T15:12:35","date_gmt":"2018-11-28T17:12:35","guid":{"rendered":"https:\/\/www.ufsm.br\/cursos\/graduacao\/santa-maria\/administracao\/?page_id=212"},"modified":"2018-11-28T15:13:50","modified_gmt":"2018-11-28T17:13:50","slug":"dica-1-8-filmes-para-administradores-assistirem","status":"publish","type":"page","link":"https:\/\/www.ufsm.br\/cursos\/graduacao\/santa-maria\/administracao\/dica-1-8-filmes-para-administradores-assistirem","title":{"rendered":"Dica 1 &#8211; 8 Filmes para administradores assistirem"},"content":{"rendered":"<h4>1. Invictus (2009)<\/h4>\n<p><img decoding=\"async\" src=\"http:\/\/coral.ufsm.br\/adm\/images\/invictus.jpg\" alt=\"\" width=\"104\" height=\"154\" \/><\/p>\n<p>Dire\u00e7\u00e3o: Clint Eastwood<\/p>\n<p>O filme conta a hist\u00f3ria a partir da elei\u00e7\u00e3o de Nelson Mandela (Morgan Freeman) para presidente da \u00c1frica do Sul, quando o pa\u00eds ainda mantinha resqu\u00edcios do apartheid. Para contornar a grave situa\u00e7\u00e3o social e econ\u00f4mica, Mandela se une ao time nacional de r\u00fagbi. \u201cEste filme \u00e9 interessante para os Administradores, pois o presidente Mandela ter\u00e1 uma rela\u00e7\u00e3o pr\u00f3xima com o capit\u00e3o do time, atuando como coach n\u00e3o para dar respostas, mas para fazer o atleta refletir sobre as situa\u00e7\u00f5es e mudar seus comportamentos\u201d.<\/p>\n<p align=\"right\">Sebasti\u00e3o Mello, Presidente do CFA.<\/p>\n<h4>2. Amor sem Escalas (2009)<\/h4>\n<p style=\"text-align: left\" align=\"right\"><img decoding=\"async\" class=\"alignleft\" src=\"http:\/\/coral.ufsm.br\/adm\/images\/amor%20sem%20escalas.jpg\" alt=\"\" width=\"105\" height=\"160\" \/><\/p>\n<p style=\"text-align: left\" align=\"right\">Dire\u00e7\u00e3o: Jason Reitman<\/p>\n<p>Ryan Bingham (George Clooney) tem por fun\u00e7\u00e3o demitir pessoas. Por estar acostumado com o desespero e a ang\u00fastia alheios, ele mesmo se tornou uma pessoa fria. Ele viaja para todas as cidades dos Estados Unidos demitindo pessoas. Mas seu chefe decide contratar Natalei Keener (Anna Kendrick), profissional que desenvolveu um sistema de demiss\u00e3o por videoconfer\u00eancia e, caso o sistema seja implementado, Ryan corre o risco de ficar sem emprego. \u00a0O filme mostra para os Administradores o conflito de ger\u00eancia tradicional e ger\u00eancia nova, que salta das escolas de neg\u00f3cios transformando as rela\u00e7\u00f5es.<\/p>\n<p align=\"right\">Sebasti\u00e3o Mello, Presidente do CFA.<\/p>\n<h4>3. Um Sonho Poss\u00edvel (2009)<\/h4>\n<p style=\"text-align: left\" align=\"right\"><img decoding=\"async\" class=\"alignleft\" src=\"http:\/\/coral.ufsm.br\/adm\/images\/um%20sonho%20possvel.jpg\" alt=\"\" width=\"107\" height=\"152\" \/><\/p>\n<p style=\"text-align: left\" align=\"right\">\u00a0Dire\u00e7\u00e3o: John Lee Hancock<\/p>\n<p>\u201cEste \u00e9 um filme muito emocionante, baseado em um fato ver\u00eddico\u201d, opina Sebasti\u00e3o Mello. O jovem negro Michal Oher (Quinton Aaron) cresceu em lares adotivos. Sua vida muda quando ele conhece, no meio da rua, Leigh Ann (Sandra Bullock) que, sensibilizada pela situa\u00e7\u00e3o do rapaz, decide leva-lo para dormir em sua casa. Ela e sua fam\u00edlia decidem apostar no potencial de Michael, dando-lhe uma fam\u00edlia, uma escola e a chance de jogar no time de futebol. O filme aborda temas como supera\u00e7\u00e3o, esperan\u00e7a e como \u00e9 importante a pessoa acreditar nela mesma. \u201cAl\u00e9m disso, nos faz perceber que existem muitos talentos escondidos na empresa, esperando apenas uma oportunidade para fazer a diferen\u00e7a\u201d, defende.<\/p>\n<p align=\"right\">Sebasti\u00e3o Mello, Presidente do CFA.<\/p>\n<h4>4. O homem que mudou\u00a0o jogo (2012)<\/h4>\n<p><img loading=\"lazy\" decoding=\"async\" src=\"http:\/\/coral.ufsm.br\/adm\/images\/homem.jpg\" alt=\"\" width=\"107\" height=\"156\" \/><\/p>\n<p>Dire\u00e7\u00e3o:\u00a0Bennett Miller<\/p>\n<p>Esse \u00e9 mais um filme que usa o esporte para nos ensinar importantes li\u00e7\u00f5es que valem para a vida pessoal e profissional. A pel\u00edcula conta a hist\u00f3ria de um time de baseball com or\u00e7amento modesto que vem perdendo importantes atletas. O gerente do time, Billy Beane (Brad Pit) tenta conter os problemas, mas sem sucesso at\u00e9 conhecer Peter Brand (Jonha Hll). Beane adota as ideias de Brand e decide abrir m\u00e3o de velhos conceitos de administra\u00e7\u00e3o e passa a contratar jogadores pelo m\u00e9todo defendido por Brand. A metodologia d\u00e1 certo e o time vence v\u00e1rios jogos. O filme mostra como lidar com mudan\u00e7a, aborda princ\u00edpios, obstina\u00e7\u00e3o, perseveran\u00e7a, al\u00e9m de deixar a mensagem da possibilidade de mudar o rumo das nossas vidas a partir da cren\u00e7a e da defesa inabal\u00e1vel de um princ\u00edpio.<\/p>\n<p>&nbsp;<\/p>\n<p align=\"right\">Sebasti\u00e3o Mello, Presidente do CFA.<\/p>\n<h4>5. Coach Carter &#8211; Treino Para a Vida (2005)<\/h4>\n<p style=\"text-align: left\" align=\"right\"><img loading=\"lazy\" decoding=\"async\" class=\"alignleft\" src=\"http:\/\/coral.ufsm.br\/adm\/images\/carter.jpg\" alt=\"\" width=\"107\" height=\"158\" \/><\/p>\n<p align=\"right\">\n<p align=\"right\">\n<p align=\"right\">\n<p align=\"right\">\n<p align=\"right\">\n<p style=\"text-align: left\" align=\"right\">Dire\u00e7\u00e3o: Thomas Carter<\/p>\n<p>\u201cInspirado em uma hist\u00f3ria real, este filme \u00e9 muito motivador\u201d, fala Sebasti\u00e3o Mello. Ele conta a hist\u00f3ria de Ken Carter (Samuel L. Jackson), t\u00e9cnico de basquete que aceita treinar a equipe de um col\u00e9gio da periferia. No local, ele precisa enfrentar a desmotiva\u00e7\u00e3o de pais e alunos. Mesmo assim, ele consegue impor um r\u00edgido regime que, al\u00e9m de ajudar a melhorar as notas dos alunos, leva o time da escola a ganhar v\u00e1rios t\u00edtulos. Para o presidente, o filme fala sobre lideran\u00e7a e do papel do l\u00edder para o bom trabalho em equipe.<\/p>\n<p style=\"text-align: right\">\u00a0Sebasti\u00e3o Mello, Presidente do CFA.<\/p>\n<p>&nbsp;<\/p>\n<h4>6. O discurso do Rei (2010)<\/h4>\n<p><img loading=\"lazy\" decoding=\"async\" src=\"http:\/\/coral.ufsm.br\/adm\/images\/rei.jpg\" alt=\"\" width=\"109\" height=\"153\" \/><\/p>\n<p>Dire\u00e7\u00e3o: Tom Hooper<\/p>\n<p>Este \u00e9 um filme que conta a hist\u00f3ria real de o rei da Inglaterra George VI, pai da atual rainha Elizabeth II. Ele sofria de uma gagueira que o impedia de discursar para grandes p\u00fablicos, at\u00e9 conhecer o terapeuta Lionel Logue. Para Sebasti\u00e3o, esta rela\u00e7\u00e3o entre os dois traz grandes ensinamentos para a Administra\u00e7\u00e3o. \u201cUma delas \u00e9 a import\u00e2ncia dos l\u00edderes saberes se comunicar com efici\u00eancia e efic\u00e1cia. Outra li\u00e7\u00e3o deste filme \u00e9 a de que servir n\u00e3o significa dizer \u2018sim\u2019 a tudo. Apesar de estar atendendo ao Rei, Lionel mant\u00e9m uma postura firme e exigente. Muitas vezes, diante de uma situa\u00e7\u00e3o, um gestor precisa ser t\u00e3o firme quanto Lionel, mas sem perder a delicadeza e o bom humor\u201d.<\/p>\n<p align=\"right\">Sebasti\u00e3o Mello, Presidente do CFA.<\/p>\n<h4>7. A Rede Social (2010)<\/h4>\n<h4><img loading=\"lazy\" decoding=\"async\" src=\"http:\/\/coral.ufsm.br\/adm\/images\/face.jpg\" alt=\"\" width=\"108\" height=\"164\" \/><\/h4>\n<p>Dire\u00e7\u00e3o: David Fincher<\/p>\n<p>A hist\u00f3ria narra como o ainda estudante Mark Zuckerberg criou o Facebook e, ap\u00f3s seis anos, se tornou o mais jovem bilion\u00e1rio da hist\u00f3ria com o sucesso da rede social Facebook. O sucesso, no entanto, o leva a complica\u00e7\u00f5es em sua vida social e profissional. Al\u00e9m de mostrar todas as etapas de uma ideia, cria\u00e7\u00e3o e amadurecimento de uma empresa, Nakagawa ressalta que o filme chama a aten\u00e7\u00e3o sobre as dificuldades pessoais que um empreendedor pode enfrentar ap\u00f3s abrir seu neg\u00f3cio. \u201cO processo ca\u00f3tico de criar uma empresa do zero pode afetar a vida pessoal do empreendedor, que muitas vezes, acaba se distanciando da fam\u00edlia e desfazendo v\u00ednculos de amizade\u201d, diz o professor.\u00a0J\u00e1 Dana, professor da FGV, diz que o filme tamb\u00e9m mostra os desafios e os dilemas que o empreendedor pode passar. \u201cAl\u00e9m da pessoal, Zuckerberg passa por problemas judiciais\u201d, lembra.<\/p>\n<p align=\"right\">Marcelo Nakagawa Coordenador do Centro de Empreendedorismo do Insper e Samy Dana, professor da escola de Economia da FGV.<\/p>\n<h4>8. O Poderoso Chef\u00e3o (1972)<\/h4>\n<p><img loading=\"lazy\" decoding=\"async\" src=\"http:\/\/coral.ufsm.br\/adm\/images\/chefo.jpg\" alt=\"\" width=\"111\" height=\"167\" \/><\/p>\n<p>Dire\u00e7\u00e3o: Francis Ford Coppola<\/p>\n<p>Apesar da viol\u00eancia, o filme levanta quest\u00f5es de poder, lealdade e de la\u00e7os familiares. Na opini\u00e3o de Samy Dana, professor a escola de economia da FGV, o filme mostra as complexidades das organiza\u00e7\u00f5es e as dificuldades pol\u00edticas que um empreendedor enfrenta. \u201cAlegoricamente, o filme aborda diversas quest\u00f5es fiscais e de negocia\u00e7\u00f5es que s\u00e3o importantes para o conhecimento do empreendedor. Nunca ser\u00e1 do jeito mais f\u00e1cil, negocia\u00e7\u00e3o \u00e9 tudo\u201d, comenta Dana.<\/p>\n<p align=\"right\">Marcelo Nakagawa Coordenador do Centro de Empreendedorismo do Insper e Samy Dana, professor da escola de Economia da FGV.<\/p>\n","protected":false},"excerpt":{"rendered":"<p>1. Invictus (2009) Dire\u00e7\u00e3o: Clint Eastwood O filme conta a hist\u00f3ria a partir da elei\u00e7\u00e3o de Nelson Mandela (Morgan Freeman) para presidente da \u00c1frica do Sul, quando o pa\u00eds ainda mantinha resqu\u00edcios do apartheid. Para contornar a grave situa\u00e7\u00e3o social e econ\u00f4mica, Mandela se une ao time nacional de r\u00fagbi. \u201cEste filme \u00e9 interessante para [&hellip;]<\/p>\n","protected":false},"author":117,"featured_media":0,"parent":0,"menu_order":0,"comment_status":"closed","ping_status":"closed","template":"","meta":{"footnotes":""},"categories":[],"tags":[],"class_list":["post-212","page","type-page","status-publish","hentry"],"acf":[],"_links":{"self":[{"href":"https:\/\/www.ufsm.br\/cursos\/graduacao\/santa-maria\/administracao\/wp-json\/wp\/v2\/pages\/212","targetHints":{"allow":["GET"]}}],"collection":[{"href":"https:\/\/www.ufsm.br\/cursos\/graduacao\/santa-maria\/administracao\/wp-json\/wp\/v2\/pages"}],"about":[{"href":"https:\/\/www.ufsm.br\/cursos\/graduacao\/santa-maria\/administracao\/wp-json\/wp\/v2\/types\/page"}],"author":[{"embeddable":true,"href":"https:\/\/www.ufsm.br\/cursos\/graduacao\/santa-maria\/administracao\/wp-json\/wp\/v2\/users\/117"}],"replies":[{"embeddable":true,"href":"https:\/\/www.ufsm.br\/cursos\/graduacao\/santa-maria\/administracao\/wp-json\/wp\/v2\/comments?post=212"}],"version-history":[{"count":0,"href":"https:\/\/www.ufsm.br\/cursos\/graduacao\/santa-maria\/administracao\/wp-json\/wp\/v2\/pages\/212\/revisions"}],"wp:attachment":[{"href":"https:\/\/www.ufsm.br\/cursos\/graduacao\/santa-maria\/administracao\/wp-json\/wp\/v2\/media?parent=212"}],"wp:term":[{"taxonomy":"category","embeddable":true,"href":"https:\/\/www.ufsm.br\/cursos\/graduacao\/santa-maria\/administracao\/wp-json\/wp\/v2\/categories?post=212"},{"taxonomy":"post_tag","embeddable":true,"href":"https:\/\/www.ufsm.br\/cursos\/graduacao\/santa-maria\/administracao\/wp-json\/wp\/v2\/tags?post=212"}],"curies":[{"name":"wp","href":"https:\/\/api.w.org\/{rel}","templated":true}]}}