{"id":214,"date":"2018-11-28T15:22:51","date_gmt":"2018-11-28T17:22:51","guid":{"rendered":"https:\/\/www.ufsm.br\/cursos\/graduacao\/santa-maria\/administracao\/?page_id=214"},"modified":"2018-11-28T15:22:52","modified_gmt":"2018-11-28T17:22:52","slug":"dica-3-5-sites-sobre-administracao","status":"publish","type":"page","link":"https:\/\/www.ufsm.br\/cursos\/graduacao\/santa-maria\/administracao\/dica-3-5-sites-sobre-administracao","title":{"rendered":"Dica 3\u00a0&#8211; 5 Sites\u00a0sobre administra\u00e7\u00e3o"},"content":{"rendered":"<h4><a href=\"http:\/\/www.sobreadministracao.com\/\">Sobre Administra\u00e7\u00e3o.com<\/a><\/h4>\n<p><a href=\"http:\/\/www.sobreadministracao.com\/\"><strong><img decoding=\"async\" src=\"http:\/\/coral.ufsm.br\/adm\/images\/sobad.jpg\" alt=\"\" \/><\/strong><\/a><\/p>\n<p>O site re\u00fane o que h\u00e1 de mais atual em Administra\u00e7\u00e3o de Empresas, com foco em not\u00edcias e dados.<\/p>\n<p>Fonte:\u00a0<a href=\"http:\/\/blog.ambracollege.com\/sites-para-estudantes-de-administracao\/\">http:\/\/blog.ambracollege.com\/sites-para-estudantes-de-administracao\/<\/a><\/p>\n<h4><a href=\"http:\/\/www.administradores.com.br\/\">Administradores.com.br<\/a><\/h4>\n<h4><img decoding=\"async\" src=\"http:\/\/coral.ufsm.br\/adm\/images\/arq.jpg\" alt=\"\" \/><\/h4>\n<p>O site mais popular da \u00e1rea possui conte\u00fado variado (diferenciado em categorias como Marketing, RH, Finan\u00e7as e Oportunidades) al\u00e9m de contar com diversos colunistas. O Administradores conta com mais de\u00a0100 mil f\u00e3s no Facebook.<\/p>\n<p>Fonte:\u00a0<a href=\"http:\/\/blog.ambracollege.com\/sites-para-estudantes-de-administracao\/\">http:\/\/blog.ambracollege.com\/sites-para-estudantes-de-administracao\/<\/a><\/p>\n<h4><a href=\"http:\/\/www.historiadaadministracao.com.br\/\">Hist\u00f3ria da Administra\u00e7\u00e3o<\/a><\/h4>\n<h4><a href=\"http:\/\/www.historiadaadministracao.com.br\/\"><img decoding=\"async\" src=\"http:\/\/coral.ufsm.br\/adm\/images\/hist.jpg\" alt=\"\" width=\"300\" height=\"89\" \/><\/a><\/h4>\n<p>Mais voltado \u00e0 estudantes, o portal conta com artigos acad\u00eamicos e conte\u00fado denso sobre Administra\u00e7\u00e3o de Empresas. Vale a pena notar a se\u00e7\u00e3o que indica<a href=\"http:\/\/www.historiadaadministracao.com.br\/jl\/index.php?option=com_content&amp;view=category&amp;layout=blog&amp;id=3&amp;Itemid=2\">\u00a0publica\u00e7\u00f5es cient\u00edficas<\/a>.<\/p>\n<p>Fonte:\u00a0<a href=\"http:\/\/blog.ambracollege.com\/sites-para-estudantes-de-administracao\/\">http:\/\/blog.ambracollege.com\/sites-para-estudantes-de-administracao\/<\/a><\/p>\n<h4>\u00a0Estudantes de ADM<\/h4>\n<h4><ins><br \/>\n<img decoding=\"async\" src=\"http:\/\/coral.ufsm.br\/adm\/images\/est.png\" alt=\"\" width=\"300\" height=\"89\" \/><\/ins><\/h4>\n<p>O site possui f\u00f3runs, artigos, dicas de livros, al\u00e9m de contar com dicion\u00e1rio de gest\u00e3o em portugu\u00eas e ingl\u00eas.<\/p>\n<p>Fonte:\u00a0<a href=\"http:\/\/www.estudantesdeadm.com\/\">http:\/\/www.estudantesdeadm.com\/<\/a><\/p>\n<h4>\u00a0Exame.com<\/h4>\n<p><img decoding=\"async\" src=\"http:\/\/coral.ufsm.br\/adm\/images\/exame.png\" alt=\"\" width=\"390\" height=\"89\" \/><\/p>\n<p>Al\u00e9m de informa\u00e7\u00f5es sobre administra\u00e7\u00e3o, economia, neg\u00f3cios e tecnologia o site conta com not\u00edcias atulizadas sobre o Brasil e o mundo.<\/p>\n<p>Fonte: exame.abril.com.br<\/p>\n","protected":false},"excerpt":{"rendered":"<p>Sobre Administra\u00e7\u00e3o.com O site re\u00fane o que h\u00e1 de mais atual em Administra\u00e7\u00e3o de Empresas, com foco em not\u00edcias e dados. Fonte:\u00a0http:\/\/blog.ambracollege.com\/sites-para-estudantes-de-administracao\/ Administradores.com.br O site mais popular da \u00e1rea possui conte\u00fado variado (diferenciado em categorias como Marketing, RH, Finan\u00e7as e Oportunidades) al\u00e9m de contar com diversos colunistas. O Administradores conta com mais de\u00a0100 mil f\u00e3s [&hellip;]<\/p>\n","protected":false},"author":117,"featured_media":0,"parent":0,"menu_order":0,"comment_status":"closed","ping_status":"closed","template":"","meta":{"footnotes":""},"categories":[],"tags":[],"class_list":["post-214","page","type-page","status-publish","hentry"],"acf":[],"_links":{"self":[{"href":"https:\/\/www.ufsm.br\/cursos\/graduacao\/santa-maria\/administracao\/wp-json\/wp\/v2\/pages\/214","targetHints":{"allow":["GET"]}}],"collection":[{"href":"https:\/\/www.ufsm.br\/cursos\/graduacao\/santa-maria\/administracao\/wp-json\/wp\/v2\/pages"}],"about":[{"href":"https:\/\/www.ufsm.br\/cursos\/graduacao\/santa-maria\/administracao\/wp-json\/wp\/v2\/types\/page"}],"author":[{"embeddable":true,"href":"https:\/\/www.ufsm.br\/cursos\/graduacao\/santa-maria\/administracao\/wp-json\/wp\/v2\/users\/117"}],"replies":[{"embeddable":true,"href":"https:\/\/www.ufsm.br\/cursos\/graduacao\/santa-maria\/administracao\/wp-json\/wp\/v2\/comments?post=214"}],"version-history":[{"count":0,"href":"https:\/\/www.ufsm.br\/cursos\/graduacao\/santa-maria\/administracao\/wp-json\/wp\/v2\/pages\/214\/revisions"}],"wp:attachment":[{"href":"https:\/\/www.ufsm.br\/cursos\/graduacao\/santa-maria\/administracao\/wp-json\/wp\/v2\/media?parent=214"}],"wp:term":[{"taxonomy":"category","embeddable":true,"href":"https:\/\/www.ufsm.br\/cursos\/graduacao\/santa-maria\/administracao\/wp-json\/wp\/v2\/categories?post=214"},{"taxonomy":"post_tag","embeddable":true,"href":"https:\/\/www.ufsm.br\/cursos\/graduacao\/santa-maria\/administracao\/wp-json\/wp\/v2\/tags?post=214"}],"curies":[{"name":"wp","href":"https:\/\/api.w.org\/{rel}","templated":true}]}}