{"id":217,"date":"2018-11-28T15:26:37","date_gmt":"2018-11-28T17:26:37","guid":{"rendered":"https:\/\/www.ufsm.br\/cursos\/graduacao\/santa-maria\/administracao\/?page_id=217"},"modified":"2018-11-28T15:26:38","modified_gmt":"2018-11-28T17:26:38","slug":"dica-4-4-series-com-licoes-sobre-administracao","status":"publish","type":"page","link":"https:\/\/www.ufsm.br\/cursos\/graduacao\/santa-maria\/administracao\/dica-4-4-series-com-licoes-sobre-administracao","title":{"rendered":"Dica 4\u00a0&#8211; 4 S\u00e9ries\u00a0com li\u00e7\u00f5es sobre administra\u00e7\u00e3o"},"content":{"rendered":"<h4>The Office<\/h4>\n<p><img decoding=\"async\" src=\"http:\/\/coral.ufsm.br\/adm\/images\/the%20%20o.jpg\" alt=\"\" width=\"124\" height=\"142\" \/><\/p>\n<p>A com\u00e9dia produzida pela emissora americana NBC \u00e9 uma adapta\u00e7\u00e3o da s\u00e9rie hom\u00f4nima da BBC. Em formato de falso document\u00e1rio, a produ\u00e7\u00e3o retrata o cotidiano dos funcion\u00e1rios de um escrit\u00f3rio em Scranton, Pensilv\u00e2nia, filial da empresa fict\u00edcia Dunder Mifflin Paper Company. Estreou em 24 de mar\u00e7o de 2005 e encerrou em maio de 2013, ap\u00f3s nove temporadas. Vale a pena assistir. Talvez voc\u00ea se identifique em v\u00e1rias situa\u00e7\u00f5es.<\/p>\n<p><strong>House of Cards<\/strong><\/p>\n<p><img decoding=\"async\" src=\"http:\/\/coral.ufsm.br\/adm\/images\/hoc.jpg\" alt=\"\" width=\"124\" height=\"142\" \/><\/p>\n<p>Produzida pelo site Netflix, House of Cards foi aclamada pela cr\u00edtica, tornando-se um sucesso. Criada por Beau Willimon, narra a trajet\u00f3ria de Frank Underwood (Kevin Spacey), um deputado que resolve sabotar a gest\u00e3o do presidente eleito dos Estados Unidos ap\u00f3s n\u00e3o ser nomeado Secret\u00e1rio de Estado. Possui duas temporadas e oferece ao administrador uma vis\u00e3o bem interessante sobre a rela\u00e7\u00e3o entre pol\u00edtica e lideran\u00e7a.<\/p>\n<h4><strong>Mad Men<\/strong><\/h4>\n<p><img decoding=\"async\" src=\"http:\/\/coral.ufsm.br\/adm\/images\/mm.png\" alt=\"\" width=\"124\" height=\"142\" \/><\/p>\n<p>Na sexta temporada e produzida pela AMC, Mad Men \u00e9 uma s\u00e9rie que se tornou essencial para publicit\u00e1rios e tamb\u00e9m administradores. A hist\u00f3ria do diretor de cria\u00e7\u00e3o Don Draper (Jon Hamm) se passa em uma ag\u00eancia de publicidade na Nova York da d\u00e9cada de 1960. Al\u00e9m das quest\u00f5es de marketing, a s\u00e9rie oferece uma vis\u00e3o sobre lideran\u00e7a, din\u00e2micas do ambiente interno de uma empresa e a rela\u00e7\u00e3o entre s\u00f3cios de uma mesma companhia. Elogiada pelo seu rigor hist\u00f3rico, a s\u00e9rie possui um visual impec\u00e1vel e uma narrativa excitante.<\/p>\n<h4>Game of Thrones<\/h4>\n<p><img loading=\"lazy\" decoding=\"async\" src=\"http:\/\/coral.ufsm.br\/adm\/images\/got.jpg\" alt=\"\" width=\"124\" height=\"142\" \/><\/p>\n<p>Baseada na s\u00e9rie de livros escritos por George R. R. Martin, Game of Thrones se passa nos Sete Reinos de Westeros, onde os personagens disputam o controle do Trono de Ferro. Criada por David Benioff e D. B. Weiss para a HBO, a s\u00e9rie est\u00e1 na 5\u00aa temporada e se tornou essencial para os administradores que buscam aprender mais sobre estrat\u00e9gia e lideran\u00e7a.<\/p>\n<p>Fonte:\u00a0Portal do Administrador<\/p>\n","protected":false},"excerpt":{"rendered":"<p>The Office A com\u00e9dia produzida pela emissora americana NBC \u00e9 uma adapta\u00e7\u00e3o da s\u00e9rie hom\u00f4nima da BBC. Em formato de falso document\u00e1rio, a produ\u00e7\u00e3o retrata o cotidiano dos funcion\u00e1rios de um escrit\u00f3rio em Scranton, Pensilv\u00e2nia, filial da empresa fict\u00edcia Dunder Mifflin Paper Company. Estreou em 24 de mar\u00e7o de 2005 e encerrou em maio de [&hellip;]<\/p>\n","protected":false},"author":117,"featured_media":0,"parent":0,"menu_order":0,"comment_status":"closed","ping_status":"closed","template":"","meta":{"footnotes":""},"categories":[],"tags":[],"class_list":["post-217","page","type-page","status-publish","hentry"],"acf":[],"_links":{"self":[{"href":"https:\/\/www.ufsm.br\/cursos\/graduacao\/santa-maria\/administracao\/wp-json\/wp\/v2\/pages\/217","targetHints":{"allow":["GET"]}}],"collection":[{"href":"https:\/\/www.ufsm.br\/cursos\/graduacao\/santa-maria\/administracao\/wp-json\/wp\/v2\/pages"}],"about":[{"href":"https:\/\/www.ufsm.br\/cursos\/graduacao\/santa-maria\/administracao\/wp-json\/wp\/v2\/types\/page"}],"author":[{"embeddable":true,"href":"https:\/\/www.ufsm.br\/cursos\/graduacao\/santa-maria\/administracao\/wp-json\/wp\/v2\/users\/117"}],"replies":[{"embeddable":true,"href":"https:\/\/www.ufsm.br\/cursos\/graduacao\/santa-maria\/administracao\/wp-json\/wp\/v2\/comments?post=217"}],"version-history":[{"count":0,"href":"https:\/\/www.ufsm.br\/cursos\/graduacao\/santa-maria\/administracao\/wp-json\/wp\/v2\/pages\/217\/revisions"}],"wp:attachment":[{"href":"https:\/\/www.ufsm.br\/cursos\/graduacao\/santa-maria\/administracao\/wp-json\/wp\/v2\/media?parent=217"}],"wp:term":[{"taxonomy":"category","embeddable":true,"href":"https:\/\/www.ufsm.br\/cursos\/graduacao\/santa-maria\/administracao\/wp-json\/wp\/v2\/categories?post=217"},{"taxonomy":"post_tag","embeddable":true,"href":"https:\/\/www.ufsm.br\/cursos\/graduacao\/santa-maria\/administracao\/wp-json\/wp\/v2\/tags?post=217"}],"curies":[{"name":"wp","href":"https:\/\/api.w.org\/{rel}","templated":true}]}}