{"id":221,"date":"2018-11-28T15:33:11","date_gmt":"2018-11-28T17:33:11","guid":{"rendered":"https:\/\/www.ufsm.br\/cursos\/graduacao\/santa-maria\/administracao\/?page_id=221"},"modified":"2018-11-28T15:33:12","modified_gmt":"2018-11-28T17:33:12","slug":"dica-7-ideias-de-negocio-para-quem-quer-empreender-na-crise","status":"publish","type":"page","link":"https:\/\/www.ufsm.br\/cursos\/graduacao\/santa-maria\/administracao\/dica-7-ideias-de-negocio-para-quem-quer-empreender-na-crise","title":{"rendered":"Dica 7\u00a0&#8211; Ideias de neg\u00f3cio para quem quer empreender na crise"},"content":{"rendered":"<h4>Venda de cosm\u00e9ticos no varejo<\/h4>\n<p><img decoding=\"async\" class=\"alignleft\" src=\"http:\/\/coral.ufsm.br\/adm\/images\/cosmticos.jpg\" alt=\"\" width=\"177\" height=\"154\" \/>A vaidade \u00e9 a\u00a0quarta maior economia do mundo, movimentando uma quantia maior que o PIB da Alemanha. No Brasil, \u00e9 um mercado consolidado.<\/p>\n<p>Na crise, \u00a0muitas pessoas optam por trocar o sal\u00e3o de beleza pelos cuidados em casa. Sendo assim, uma boa ideia de neg\u00f3cio \u00e9 apostar em produtos de beleza voltados ao consumidor final, oferecendo uma solu\u00e7\u00e3o mais barata para quem n\u00e3o pode ou n\u00e3o quer se descuidar da apar\u00eancia.<\/p>\n<p>&nbsp;<\/p>\n<h4>Comida pr\u00e1tica<\/h4>\n<p><img decoding=\"async\" class=\"alignleft\" src=\"http:\/\/coral.ufsm.br\/adm\/images\/salada-dietetica-capa.jpg\" alt=\"\" width=\"177\" height=\"154\" \/>Com crise ou sem crise, o setor de alimenta\u00e7\u00e3o continua faturando. Mas os consumidores podem poupar idas a restaurantes em prol de op\u00e7\u00f5es mais modestas.<\/p>\n<p>Por isso, \u00e9 recomendado buscar algum neg\u00f3cio no setor que facilite a vida do cliente (e que seja financeiramente mais vi\u00e1vel). Por exemplo, ao inv\u00e9s de ele ir a restaurante para comer uma salada, o que envolve deslocamento e um pre\u00e7o alto, ofere\u00e7a uma salada pronta, vendida em supermercados.<\/p>\n<h4>Empreendimentos sobre rodas<\/h4>\n<p><img decoding=\"async\" class=\"alignleft\" src=\"http:\/\/coral.ufsm.br\/adm\/images\/food.jpg\" alt=\"\" width=\"177\" height=\"154\" \/>Muitas pessoas demitidas pegam seu Fundo de Garantia do Tempo de Servi\u00e7o (FGTS) e usam o valor para transformar vans e caminh\u00f5es em um neg\u00f3cio.<\/p>\n<p>Mas, para que a tend\u00eancia n\u00e3o vire fracasso, deve-se especializar em poucos produtos, mas inovadores. O ideal \u00e9 que os produtos sejam baratos, atraentes e diferenciados.<\/p>\n<p>Para regi\u00f5es que tenham um apelo de &#8220;gera\u00e7\u00e3o sa\u00fade&#8221;, por exemplo, uma ideia \u00e9 investir em sucos diferenciados, voltados para uma alimenta\u00e7\u00e3o saud\u00e1vel.<\/p>\n<h4>Conserto de produtos<\/h4>\n<p><img loading=\"lazy\" decoding=\"async\" class=\"alignleft\" src=\"http:\/\/coral.ufsm.br\/adm\/images\/conserto.jpg\" alt=\"\" width=\"177\" height=\"154\" \/>As roupas descosturam e o smartphone quebra. Quem geralmente iria direto comprar um substituto se depara com um or\u00e7amento apertado durante a crise econ\u00f4mica. A alternativa? Procurar um servi\u00e7o de reparos.<\/p>\n<p>Na crise as pessoas tendem a conservar mais o que elas j\u00e1 t\u00eam. Por isso, servi\u00e7os como costura, carpintaria e assist\u00eancia t\u00e9cnica, em geral, s\u00e3o mais requisitados nesse momento.<\/p>\n<p>&nbsp;<\/p>\n<h4>M\u00f3veis mont\u00e1veis<\/h4>\n<p><img loading=\"lazy\" decoding=\"async\" class=\"alignleft\" src=\"http:\/\/coral.ufsm.br\/adm\/images\/mveis.jpg\" alt=\"\" width=\"177\" height=\"154\" \/>Comprar um m\u00f3vel para a casa j\u00e1 implica um grande custo, em especial \u00e9pocas de crise. Por isso, quem realmente precisa gastar com esses itens ir\u00e1 procurar uma maneira de poupar em gastos adicionais.<\/p>\n<p>Nessas horas, oferecer m\u00f3veis mont\u00e1veis surge como uma alternativa, j\u00e1 que n\u00e3o h\u00e1 o valor de montagem inclu\u00eddo. A pioneira no servi\u00e7o \u00e9 a loja sueca Ikea, mas alguns empreendedores est\u00e3o criando neg\u00f3cios inovadores com a mesma possibilidade, como\u00a0os blocos de Lego da vida real.<\/p>\n<h4>Treinamento em vendas e relacionamento com cliente<\/h4>\n<p><img loading=\"lazy\" decoding=\"async\" class=\"alignleft\" src=\"http:\/\/coral.ufsm.br\/adm\/images\/relacionamento-cliente.jpg\" alt=\"\" width=\"177\" height=\"154\" \/>Todo neg\u00f3cio procura vender mais durante a recess\u00e3o. Nessa empreitada, alguns percebem que talvez precisam aprender a arte da negocia\u00e7\u00e3o comercial.<\/p>\n<p>Mas n\u00e3o se trata somente de vender mais, e sim vender melhor. Por isso, um empreendedor que ensine n\u00e3o s\u00f3 a vender, mas tamb\u00e9m a fazer o p\u00f3s-venda, encontra boas oportunidades.<\/p>\n<p>&nbsp;<\/p>\n<p>&nbsp;<\/p>\n<h4>Divulga\u00e7\u00e3o e conte\u00fado para pequenas e m\u00e9dias empresas<\/h4>\n<p><img loading=\"lazy\" decoding=\"async\" class=\"alignleft\" src=\"http:\/\/coral.ufsm.br\/adm\/images\/divulgaao.png\" alt=\"\" width=\"177\" height=\"154\" \/>Um ponto de defici\u00eancia em muitos empreendimentos iniciais \u00e9 a falta de uma divulga\u00e7\u00e3o eficiente. Por isso empreendedores com experi\u00eancia em comunica\u00e7\u00e3o podem encontrar um mercado ainda pouco desenvolvido: o de assessoria especializada no setor das PMEs.<\/p>\n<p>O trabalho de marketing se relaciona com o da produ\u00e7\u00e3o de conte\u00fado, algo muito requisitado pelos consumidores de um neg\u00f3cio. N\u00e3o se trata apenas de realizar an\u00fancios publicit\u00e1rios de um produto de beleza, por exemplo, mas tamb\u00e9m gerar informa\u00e7\u00e3o que ajude o cliente no seu dia a dia, como os benef\u00edcios de cuidar da est\u00e9tica.<\/p>\n<p>&nbsp;<\/p>\n<h4>Franqueamento<\/h4>\n<p><img loading=\"lazy\" decoding=\"async\" class=\"alignleft\" src=\"http:\/\/coral.ufsm.br\/adm\/images\/Franquia.jpg\" alt=\"\" width=\"177\" height=\"154\" \/>Em compara\u00e7\u00e3o com um neg\u00f3cio pr\u00f3prio, o franqueamento costuma ser mais seguro, uma vez que o franqueador j\u00e1 possui o\u00a0know-how\u00a0sobre a \u00e1rea de atua\u00e7\u00e3o da franquia, por\u00e9m o investimento \u00e9 alto e \u00e0s vezes \u00e9 necess\u00e1rio ter um s\u00f3cio.<\/p>\n<p>Ter uma marca conhecida do p\u00fablico tamb\u00e9m pode ajudar em \u00e9pocas de crise.<\/p>\n<p>&nbsp;<\/p>\n<p>&nbsp;<\/p>\n<p>Fonte:\u00a0<a href=\"http:\/\/exame.abril.com.br\/pme\/noticias\/11-ideias-de-negocio-para-quem-quer-empreender-na-crise\">http:\/\/exame.abril.com.br\/pme\/noticias\/11-ideias-de-negocio-para-quem-quer-empreender-na-crise<\/a><\/p>\n","protected":false},"excerpt":{"rendered":"<p>Venda de cosm\u00e9ticos no varejo A vaidade \u00e9 a\u00a0quarta maior economia do mundo, movimentando uma quantia maior que o PIB da Alemanha. No Brasil, \u00e9 um mercado consolidado. Na crise, \u00a0muitas pessoas optam por trocar o sal\u00e3o de beleza pelos cuidados em casa. Sendo assim, uma boa ideia de neg\u00f3cio \u00e9 apostar em produtos de [&hellip;]<\/p>\n","protected":false},"author":117,"featured_media":0,"parent":0,"menu_order":0,"comment_status":"closed","ping_status":"closed","template":"","meta":{"footnotes":""},"categories":[],"tags":[],"class_list":["post-221","page","type-page","status-publish","hentry"],"acf":[],"_links":{"self":[{"href":"https:\/\/www.ufsm.br\/cursos\/graduacao\/santa-maria\/administracao\/wp-json\/wp\/v2\/pages\/221","targetHints":{"allow":["GET"]}}],"collection":[{"href":"https:\/\/www.ufsm.br\/cursos\/graduacao\/santa-maria\/administracao\/wp-json\/wp\/v2\/pages"}],"about":[{"href":"https:\/\/www.ufsm.br\/cursos\/graduacao\/santa-maria\/administracao\/wp-json\/wp\/v2\/types\/page"}],"author":[{"embeddable":true,"href":"https:\/\/www.ufsm.br\/cursos\/graduacao\/santa-maria\/administracao\/wp-json\/wp\/v2\/users\/117"}],"replies":[{"embeddable":true,"href":"https:\/\/www.ufsm.br\/cursos\/graduacao\/santa-maria\/administracao\/wp-json\/wp\/v2\/comments?post=221"}],"version-history":[{"count":0,"href":"https:\/\/www.ufsm.br\/cursos\/graduacao\/santa-maria\/administracao\/wp-json\/wp\/v2\/pages\/221\/revisions"}],"wp:attachment":[{"href":"https:\/\/www.ufsm.br\/cursos\/graduacao\/santa-maria\/administracao\/wp-json\/wp\/v2\/media?parent=221"}],"wp:term":[{"taxonomy":"category","embeddable":true,"href":"https:\/\/www.ufsm.br\/cursos\/graduacao\/santa-maria\/administracao\/wp-json\/wp\/v2\/categories?post=221"},{"taxonomy":"post_tag","embeddable":true,"href":"https:\/\/www.ufsm.br\/cursos\/graduacao\/santa-maria\/administracao\/wp-json\/wp\/v2\/tags?post=221"}],"curies":[{"name":"wp","href":"https:\/\/api.w.org\/{rel}","templated":true}]}}