{"id":232,"date":"2018-11-28T16:05:39","date_gmt":"2018-11-28T18:05:39","guid":{"rendered":"https:\/\/www.ufsm.br\/cursos\/graduacao\/santa-maria\/administracao\/?page_id=232"},"modified":"2018-11-28T16:06:29","modified_gmt":"2018-11-28T18:06:29","slug":"infraestrutura","status":"publish","type":"page","link":"https:\/\/www.ufsm.br\/cursos\/graduacao\/santa-maria\/administracao\/infraestrutura","title":{"rendered":"Infraestrutura"},"content":{"rendered":"<p style=\"font-weight: 400\">Em rela\u00e7\u00e3o \u00e0 infraestrutura, o curso de Administra\u00e7\u00e3o conta com seis salas para atividades pr\u00e1ticas, que est\u00e3o distribu\u00eddas da seguinte forma: uma para OBJETIVA Jr., uma para o Diret\u00f3rio Acad\u00eamico, uma para o N\u00facleo de Pesquisas em Administra\u00e7\u00e3o (NUPEAD) e as outras tr\u00eas salas est\u00e3o destinadas para os laborat\u00f3rios de inform\u00e1tica.<\/p>\n<p style=\"font-weight: 400\">Cabe destacar que contamos com mais doze salas de aula, todas com multim\u00eddia e ar-condicionado e com mobili\u00e1rio em perfeito estado de conserva\u00e7\u00e3o. Al\u00e9m disso, o curso tem ao seu dispor duas salas de reuni\u00f5es para pequenos grupos, ambiente de estudo individual ou em grupo e quatro salas para atividades administrativas da secretaria e da coordena\u00e7\u00e3o do curso. Todos os docentes est\u00e3o alocados em salas individuais ou em dupla para que possam estar presentes no dia a dia das atividades acad\u00eamicas e atuar junto aos seus grupos de pesquisa, ensino e extens\u00e3o, \u00e1reas que t\u00eam forte envolvimento dos alunos da gradua\u00e7\u00e3o e da p\u00f3s-gradua\u00e7\u00e3o. Dispomos ainda de dois audit\u00f3rios no nosso Centro (CCSH), com capacidade para aproximadamente 150 pessoas. Esse audit\u00f3rio possui uma completa infraestrutura para eventos e outras atividades complementares na forma\u00e7\u00e3o dos acad\u00eamicos. Tamb\u00e9m utilizamos o\u00a0<em>hall<\/em>\u00a0do pr\u00e9dio 74C, onde o curso est\u00e1 instalado, para a realiza\u00e7\u00e3o de apresenta\u00e7\u00f5es de eventos cient\u00edficos, art\u00edsticos e mostras de neg\u00f3cios desenvolvidos em parceria com os docentes, acad\u00eamicos, comunidade empresarial e egressos. Destaca-se que o pr\u00e9dio 74C foi entregue ao curso de Administra\u00e7\u00e3o em 2012 e \u00e9 uma sede nova, com todas as instala\u00e7\u00f5es adaptadas \u00e0s exig\u00eancias de acessibilidade para os nossos alunos cadeirantes e surdos.<\/p>\n<p style=\"font-weight: 400\">Tamb\u00e9m contamos com a Biblioteca de Humanidades, inaugurada em abril de 2017, como um diferencial do curso pela sua modernidade e pelo seu acervo, que tem cerca de 20.000 volumes dispon\u00edveis \u00e0 comunidade acad\u00eamica, incluindo acesso aos portais de peri\u00f3dicos cient\u00edficos, com 266.276 t\u00edtulos dispon\u00edveis.<\/p>\n<p style=\"font-weight: 400\"><b><strong>LABORAT\u00d3RIOS<\/strong><\/b><\/p>\n<p style=\"font-weight: 400\">Nos laborat\u00f3rios de inform\u00e1tica do curso de Administra\u00e7\u00e3o, s\u00e3o disponibilizados cerca de cem computadores com acesso durante a manh\u00e3, tarde e noite, dispondo de\u00a0<em>softwares<\/em>\u00a0para pesquisas quantitativas e qualitativas, acesso \u00e0 biblioteca virtual, bases de dados e Internet.<\/p>\n<p style=\"font-weight: 400\"><b><strong>OBJETIVA Jr.<\/strong><\/b><\/p>\n<p style=\"font-weight: 400\">Empresa J\u00fanior criada em 1994, cujo foco \u00e9 a qualifica\u00e7\u00e3o profissional e pessoal dos acad\u00eamicos por meio da realiza\u00e7\u00e3o de consultorias, assessorias administrativas, projetos de pesquisa e tamb\u00e9m de atividades de organiza\u00e7\u00e3o interna da pr\u00f3pria OBJETIVA Jr. Nessas atividades, os membros da empresa t\u00eam a possibilidade de fazer a gest\u00e3o administrativa, abrangendo, principalmente, as \u00e1reas de Marketing e Vendas, Gest\u00e3o de Pessoas, Financeira e Geral.<\/p>\n<p style=\"font-weight: 400\"><b><strong>NUPEAD<\/strong><\/b><\/p>\n<p style=\"font-weight: 400\">No N\u00facleo de Pesquisas em Administra\u00e7\u00e3o, s\u00e3o realizadas pesquisas acad\u00eamicas e projetos de extens\u00e3o, como o Projeto Neg\u00f3cio a Neg\u00f3cio, que est\u00e1 na sua sexta edi\u00e7\u00e3o e que \u00e9 uma parceria entre a UFSM e o SEBRAE. Esse projeto conta com a participa\u00e7\u00e3o de, em m\u00e9dia, 65 acad\u00eamicos, e realiza diagn\u00f3sticos e orienta\u00e7\u00e3o empresarial nas micro e pequenas empresas de Santa Maria e regi\u00e3o. Nesse N\u00facleo, verifica-se tamb\u00e9m a integra\u00e7\u00e3o entre gradua\u00e7\u00e3o e p\u00f3s-gradua\u00e7\u00e3o.<\/p>\n<p style=\"font-weight: 400\"><b><strong>DIRET\u00d3RIO ACADEMICO<\/strong><\/b><\/p>\n<p style=\"font-weight: 400\">O Diret\u00f3rio Acad\u00eamico \u00e9 respons\u00e1vel por diversas atividades, mas, principalmente, por promover a integra\u00e7\u00e3o dos alunos do curso por meio de atividades culturais, esportivas, art\u00edsticas e acad\u00eamicas, e tamb\u00e9m por representar os estudantes perante o Diret\u00f3rio Central dos Estudantes, a Reitoria e toda as IES.<\/p>\n","protected":false},"excerpt":{"rendered":"<p>Em rela\u00e7\u00e3o \u00e0 infraestrutura, o curso de Administra\u00e7\u00e3o conta com seis salas para atividades pr\u00e1ticas, que est\u00e3o distribu\u00eddas da seguinte forma: uma para OBJETIVA Jr., uma para o Diret\u00f3rio Acad\u00eamico, uma para o N\u00facleo de Pesquisas em Administra\u00e7\u00e3o (NUPEAD) e as outras tr\u00eas salas est\u00e3o destinadas para os laborat\u00f3rios de inform\u00e1tica. Cabe destacar que contamos [&hellip;]<\/p>\n","protected":false},"author":117,"featured_media":0,"parent":0,"menu_order":0,"comment_status":"closed","ping_status":"closed","template":"","meta":{"footnotes":""},"categories":[],"tags":[],"class_list":["post-232","page","type-page","status-publish","hentry"],"acf":[],"_links":{"self":[{"href":"https:\/\/www.ufsm.br\/cursos\/graduacao\/santa-maria\/administracao\/wp-json\/wp\/v2\/pages\/232","targetHints":{"allow":["GET"]}}],"collection":[{"href":"https:\/\/www.ufsm.br\/cursos\/graduacao\/santa-maria\/administracao\/wp-json\/wp\/v2\/pages"}],"about":[{"href":"https:\/\/www.ufsm.br\/cursos\/graduacao\/santa-maria\/administracao\/wp-json\/wp\/v2\/types\/page"}],"author":[{"embeddable":true,"href":"https:\/\/www.ufsm.br\/cursos\/graduacao\/santa-maria\/administracao\/wp-json\/wp\/v2\/users\/117"}],"replies":[{"embeddable":true,"href":"https:\/\/www.ufsm.br\/cursos\/graduacao\/santa-maria\/administracao\/wp-json\/wp\/v2\/comments?post=232"}],"version-history":[{"count":0,"href":"https:\/\/www.ufsm.br\/cursos\/graduacao\/santa-maria\/administracao\/wp-json\/wp\/v2\/pages\/232\/revisions"}],"wp:attachment":[{"href":"https:\/\/www.ufsm.br\/cursos\/graduacao\/santa-maria\/administracao\/wp-json\/wp\/v2\/media?parent=232"}],"wp:term":[{"taxonomy":"category","embeddable":true,"href":"https:\/\/www.ufsm.br\/cursos\/graduacao\/santa-maria\/administracao\/wp-json\/wp\/v2\/categories?post=232"},{"taxonomy":"post_tag","embeddable":true,"href":"https:\/\/www.ufsm.br\/cursos\/graduacao\/santa-maria\/administracao\/wp-json\/wp\/v2\/tags?post=232"}],"curies":[{"name":"wp","href":"https:\/\/api.w.org\/{rel}","templated":true}]}}