{"id":3125,"date":"2023-12-21T16:17:21","date_gmt":"2023-12-21T19:17:21","guid":{"rendered":"https:\/\/www.ufsm.br\/cursos\/graduacao\/santa-maria\/administracao\/?page_id=3125"},"modified":"2023-12-21T16:25:36","modified_gmt":"2023-12-21T19:25:36","slug":"revisao-de-avaliacoes","status":"publish","type":"page","link":"https:\/\/www.ufsm.br\/cursos\/graduacao\/santa-maria\/administracao\/revisao-de-avaliacoes","title":{"rendered":"Revis\u00e3o de Avalia\u00e7\u00f5es"},"content":{"rendered":"\n<p>Os alunos poder\u00e3o recorrer aos departamentos did\u00e1ticos para solicitar a revis\u00e3o da nota atribu\u00edda em uma avalia\u00e7\u00e3o, apresentando a fundamenta\u00e7\u00e3o do recurso no\u00a0<strong>prazo de tr\u00eas dias \u00fateis<\/strong>\u00a0contados da divulga\u00e7\u00e3o do resultado.<\/p>\n<p>A solicita\u00e7\u00e3o de revis\u00e3o de avalia\u00e7\u00e3o deve ser feita por meio de processo eletr\u00f4nico a ser aberto no PEN SIE, seguindo os passos abaixo:<\/p>\n<ul>\n<li>Acessar o\u00a0<strong>Portal de Documentos<\/strong>\u00a0da UFSM atrav\u00e9s do link:\u00a0<a href=\"https:\/\/portal.ufsm.br\/documentos\/login.html\">https:\/\/portal.ufsm.br\/documentos\/login.html<\/a><\/li>\n<li>Inserir mesmo login e senha do Portal do Aluno (matr\u00edcula e senha), clicar em\u00a0<strong>ENTRAR<\/strong><\/li>\n<li>Clicar no menu <strong>NOVO<\/strong>\u00a0e, ap\u00f3s, em\u00a0<strong>PROCESSO<\/strong>, conforme figura<\/li>\n<\/ul>\n\n\n<div class=\"wp-block-image\">\n<figure class=\"aligncenter size-full\"><img fetchpriority=\"high\" decoding=\"async\" width=\"360\" height=\"205\" src=\"https:\/\/www.ufsm.br\/app\/uploads\/sites\/421\/2023\/12\/figura01.jpg\" alt=\"\" class=\"wp-image-3126\" srcset=\"https:\/\/www.ufsm.br\/app\/uploads\/sites\/421\/2023\/12\/figura01.jpg 360w, https:\/\/www.ufsm.br\/app\/uploads\/sites\/421\/2023\/12\/figura01-300x171.jpg 300w\" sizes=\"(max-width: 360px) 100vw, 360px\" \/><\/figure>\n<\/div>\n\n\n<ul>\n<li>Selecione o tipo documental \u201c<strong>Processo de revis\u00e3o e reconsidera\u00e7\u00e3o de avalia\u00e7\u00e3o de gradua\u00e7\u00e3o (125.31)<\/strong>\u201d<\/li>\n<li>Insira o\u00a0<strong><a href=\"https:\/\/www.ufsm.br\/app\/uploads\/sites\/478\/2023\/12\/Processo-de-revisao-e-reconsideracao-de-avaliacao-de-graduacao.docx\">Requerimento para revis\u00e3o de avalia\u00e7\u00e3o<\/a><\/strong>\u00a0no processo, devidamente preenchido e em formato PDF.<\/li>\n<li>Salvar e assinar digitalmente o requerimento. O passo-a-passo para cadastrar a assinatura digital pode ser encontrado em:\u00a0<a href=\"https:\/\/www.ufsm.br\/app\/uploads\/sites\/416\/2020\/04\/Passo-a-passo-termo-assinatura-eletronica-PEN-SIE.pdf\">https:\/\/www.ufsm.br\/app\/uploads\/sites\/416\/2020\/04\/Passo-a-passo-termo-assinatura-eletronica-PEN-SIE.pdf<\/a><\/li>\n<li>Clicar em TRAMITAR e selecionar como destino a \u201cDIVIS\u00c3O DE PROTOCOLO \u2013 DP\u201d. **\u00a0<strong>Importante:<\/strong>\u00a0No despacho do processo, informar que deve ser tramitado para a unidade administrativa SECRETARIA INTEGRADA DE DEPARTAMENTOS DO CCSH \u2013 06.14.05.00.0.0 para provid\u00eancias cab\u00edveis.<\/li>\n<\/ul>\n<p>Para acompanhar o processo, caso j\u00e1 tenha em m\u00e3os o NUP (N\u00famero \u00danico de Protocolo), basta acessar o Portal Documentos \u00a0e digitar o respectivo NUP ou pesquisar pelos campos dispon\u00edveis na consulta, como nome do interessado, tipo documental, etc. O aluno pode acompanhar o processo fazendo login no Portal Documentos, indo na aba \u2018Meus Documentos\u2019, \u2018Interessado\u2019.<\/p>\n","protected":false},"excerpt":{"rendered":"<p>Os alunos poder\u00e3o recorrer aos departamentos did\u00e1ticos para solicitar a revis\u00e3o da nota atribu\u00edda em uma avalia\u00e7\u00e3o, apresentando a fundamenta\u00e7\u00e3o do recurso no\u00a0prazo de tr\u00eas dias \u00fateis\u00a0contados da divulga\u00e7\u00e3o do resultado. A solicita\u00e7\u00e3o de revis\u00e3o de avalia\u00e7\u00e3o deve ser feita por meio de processo eletr\u00f4nico a ser aberto no PEN SIE, seguindo os passos abaixo: [&hellip;]<\/p>\n","protected":false},"author":2252,"featured_media":0,"parent":0,"menu_order":0,"comment_status":"closed","ping_status":"closed","template":"","meta":{"footnotes":""},"categories":[],"tags":[],"class_list":["post-3125","page","type-page","status-publish","hentry"],"acf":[],"_links":{"self":[{"href":"https:\/\/www.ufsm.br\/cursos\/graduacao\/santa-maria\/administracao\/wp-json\/wp\/v2\/pages\/3125","targetHints":{"allow":["GET"]}}],"collection":[{"href":"https:\/\/www.ufsm.br\/cursos\/graduacao\/santa-maria\/administracao\/wp-json\/wp\/v2\/pages"}],"about":[{"href":"https:\/\/www.ufsm.br\/cursos\/graduacao\/santa-maria\/administracao\/wp-json\/wp\/v2\/types\/page"}],"author":[{"embeddable":true,"href":"https:\/\/www.ufsm.br\/cursos\/graduacao\/santa-maria\/administracao\/wp-json\/wp\/v2\/users\/2252"}],"replies":[{"embeddable":true,"href":"https:\/\/www.ufsm.br\/cursos\/graduacao\/santa-maria\/administracao\/wp-json\/wp\/v2\/comments?post=3125"}],"version-history":[{"count":0,"href":"https:\/\/www.ufsm.br\/cursos\/graduacao\/santa-maria\/administracao\/wp-json\/wp\/v2\/pages\/3125\/revisions"}],"wp:attachment":[{"href":"https:\/\/www.ufsm.br\/cursos\/graduacao\/santa-maria\/administracao\/wp-json\/wp\/v2\/media?parent=3125"}],"wp:term":[{"taxonomy":"category","embeddable":true,"href":"https:\/\/www.ufsm.br\/cursos\/graduacao\/santa-maria\/administracao\/wp-json\/wp\/v2\/categories?post=3125"},{"taxonomy":"post_tag","embeddable":true,"href":"https:\/\/www.ufsm.br\/cursos\/graduacao\/santa-maria\/administracao\/wp-json\/wp\/v2\/tags?post=3125"}],"curies":[{"name":"wp","href":"https:\/\/api.w.org\/{rel}","templated":true}]}}