{"id":137,"date":"2018-11-26T10:31:47","date_gmt":"2018-11-26T12:31:47","guid":{"rendered":"https:\/\/www.ufsm.br\/cursos\/graduacao\/santa-maria\/agronomia\/?page_id=137"},"modified":"2026-04-02T11:38:05","modified_gmt":"2026-04-02T14:38:05","slug":"estagio-curricular","status":"publish","type":"page","link":"https:\/\/www.ufsm.br\/cursos\/graduacao\/santa-maria\/agronomia\/estagio-curricular","title":{"rendered":"Est\u00e1gio Curricular obrigat\u00f3rio"},"content":{"rendered":"\t\t<div data-elementor-type=\"wp-page\" data-elementor-id=\"137\" class=\"elementor elementor-137\">\n\t\t\t\t\t\t<section class=\"elementor-section elementor-top-section elementor-element elementor-element-5bad69d3 elementor-section-boxed elementor-section-height-default elementor-section-height-default\" data-id=\"5bad69d3\" data-element_type=\"section\">\n\t\t\t\t\t\t<div class=\"elementor-container elementor-column-gap-default\">\n\t\t\t\t\t<div class=\"elementor-column elementor-col-100 elementor-top-column elementor-element elementor-element-68ab5c39\" data-id=\"68ab5c39\" data-element_type=\"column\">\n\t\t\t<div class=\"elementor-widget-wrap elementor-element-populated\">\n\t\t\t\t\t\t<div class=\"elementor-element elementor-element-6f08f759 elementor-widget elementor-widget-text-editor\" data-id=\"6f08f759\" data-element_type=\"widget\" data-widget_type=\"text-editor.default\">\n\t\t\t\t<div class=\"elementor-widget-container\">\n\t\t\t\t\t\t\t<p>\u00a0Regulamentado pela Resolu\u00e7\u00e3o UFSM n\u00b0 157\/2024;<\/p>\n<ul>\n<li><span style=\"color: #000000;font-size: 1rem\">Conhe\u00e7a as <\/span><strong style=\"color: #000000;font-size: 1rem\"><a href=\"https:\/\/www.ufsm.br\/app\/uploads\/sites\/379\/2021\/11\/Normas-de-Estagios-Agronomia-2021.pdf\"><span style=\"font-size: 14pt;color: #0000ff\">normas de est\u00e1gios vigentes<\/span><\/a> <\/strong><span style=\"color: #000000;font-size: 1rem\">para o Curso de Agronomia;<\/span><\/li>\n<\/ul>\n<hr \/>\n<p><!-- \/wp:paragraph --><!-- wp:paragraph --><\/p>\n<p><!-- \/wp:paragraph --><!-- wp:paragraph {\"align\":\"center\",\"style\":{\"color\":{\"background\":\"#e2f2ff\"}}} --><\/p>\n<p>\u00a0<\/p>\n<p style=\"background-color: #e2f2ff\"><span style=\"color: #000080;font-size: 14pt\"><strong>PASSOS PARA INICIAR O EST\u00c1GIO<\/strong><\/span><\/p>\n<p><!-- \/wp:paragraph --><!-- wp:paragraph --><\/p>\n<p><strong>1\u00ba)<\/strong>\u00a0<strong><u><a href=\"https:\/\/www.ufsm.br\/app\/uploads\/sites\/379\/2025\/06\/DECLARACAO-ESTAGIO-OBRIGATORIO.docx\" data-type=\"link\" data-id=\"https:\/\/www.ufsm.br\/app\/uploads\/sites\/379\/2025\/06\/DECLARACAO-ESTAGIO-OBRIGATORIO.docx\">Declara\u00e7\u00e3o de orienta\u00e7\u00e3o<\/a><\/u><\/strong>\u00a0<\/p>\n<p>\u2192 Enviar por email para:\u00a0<strong>sigccr.afa@ufsm.br<\/strong><\/p>\n<p>\u00a0<span style=\"color: #000000;font-size: 16px\">\u2192Prazo:\u00a0<\/span><span style=\"color: #000000;font-size: 1rem\">at\u00e9 o fim do semestre anterior ao est\u00e1gio<\/span><\/p>\n<p><span style=\"color: #000000;font-size: 16px\">\u2192\u00a0<\/span><strong style=\"color: #000000;font-size: 1rem\">A secretaria realizar\u00e1 a matr\u00edcula na disciplina de est\u00e1gio<\/strong><\/p>\n<p><strong style=\"color: #000000;font-size: 1rem\">\u00a0<\/strong><\/p>\n<p>\u00a0<\/p>\n<p><!-- \/wp:paragraph --><!-- wp:paragraph --><\/p>\n<p><strong>2\u00ba)<\/strong><span style=\"color: #000000;font-size: 1rem\"><strong>\u00a0Preencher o Termo de Compromisso de Est\u00e1gio (TCE)<\/strong><br \/><\/span><\/p>\n<p><span style=\"color: #000000;font-size: 16px\">\u2192 Ap\u00f3s estar matriculado: ACESSAR O PORTAL ESTUDANTIL\u00a0<\/span><span style=\"color: #000000;font-size: 16px;font-weight: var( --e-global-typography-text-font-weight );text-align: var(--bs-body-text-align);background-color: #e8f0fe\">(assista ao\u00a0<\/span><a style=\"font-size: 16px;font-weight: var( --e-global-typography-text-font-weight );text-align: var(--bs-body-text-align);color: #204c90;background-color: #e8f0fe\" href=\"https:\/\/ntetube.nte.ufsm.br\/v\/1759941155\" target=\"_blank\" rel=\"noopener\" data-saferedirecturl=\"https:\/\/www.google.com\/url?q=https:\/\/ntetube.nte.ufsm.br\/v\/1759941155&amp;source=gmail&amp;ust=1762604994708000&amp;usg=AOvVaw2cDoSC9tOgOZ4VNTEgJTXT\">v\u00eddeo\/tutorial<\/a><span style=\"color: #000000;font-size: 16px;font-weight: var( --e-global-typography-text-font-weight );text-align: var(--bs-body-text-align);background-color: #e8f0fe\">);<\/span><\/p>\n<p><span style=\"color: #000000;font-size: 16px\">\u2192Preencher os dados para elabora\u00e7\u00e3o do TCE;<\/span><\/p>\n<p><span style=\"color: #000000;font-size: 16px\">\u00a0<\/span><\/p>\n<p>\u00a0<\/p>\n<p><strong>3\u00ba)\u00a0Assinaturas do TCE<\/strong><\/p>\n<p><span style=\"color: #000000;font-size: 16px\">\u2192 Ap\u00f3s preenchimento TRAMITAR para o protocolo\/orientador\/empresa\/coordena\u00e7\u00e3o<\/span><\/p>\n<p><span style=\"color: #000000;font-size: 16px\">\u2192FLUXO DE ASSINATURAS:<\/span><\/p>\n<ul>\n<li><span style=\"color: #000000;font-size: 16px\">\u00a0 Orientador<\/span><\/li>\n<li>Empresa<\/li>\n<li>Coordena\u00e7\u00e3o (\u00faltima assinatura)<\/li>\n<\/ul>\n<p><strong style=\"color: #000000;font-size: 1rem\">\u00a0<\/strong><\/p>\n<p><strong><span style=\"color: #000000;font-size: 16px\">Assinatura eletr\u00f4nica:<\/span><\/strong><\/p>\n<p style=\"color: #000000;font-size: 16px\"><span style=\"font-weight: bolder\"><a style=\"color: #204c90\" href=\"https:\/\/www.ufsm.br\/app\/uploads\/sites\/379\/2023\/10\/Passo-a-passo-termo-assinatura-eletronica-PEN-SIE-1.pdf\">Tutorial para habilitar a\u00a0<\/a><\/span><span style=\"font-weight: bolder\"><a style=\"color: #204c90\" href=\"https:\/\/www.ufsm.br\/app\/uploads\/sites\/379\/2023\/10\/Passo-a-passo-termo-assinatura-eletronica-PEN-SIE-1.pdf\">assinatura eletr\u00f4nica no PEN-SIE<\/a><\/span><\/p>\n<p style=\"color: #000000;font-size: 16px\"><strong><a href=\"https:\/\/www.ufsm.br\/orgaos-suplementares\/dag\/pen\/servicos\/cadastro-de-usuarios-externos\" target=\"_blank\" rel=\"noopener\">Assinatura eletr\u00f4nica usu\u00e1rio externo \u00e0 UFSM<\/a><\/strong><\/p>\n<p style=\"color: #000000;font-size: 16px\"><a href=\"https:\/\/www.ufsm.br\/orgaos-suplementares\/dag\/pen\/servicos\/cadastro-de-usuarios-externos\" target=\"_blank\" rel=\"noopener\">\u00a0 \u00a0 \u00a0<\/a><\/p>\n<p><strong style=\"color: #000000;font-size: 1rem\">4\u00ba) Finaliza\u00e7\u00e3o da Etapa Inicial<\/strong><\/p>\n<p><span style=\"color: #000000;font-size: 1rem\">\u2192 Ap\u00f3s assinatura da Coordena\u00e7\u00e3o:<\/span><\/p>\n<ul>\n<li><span style=\"color: #000000;font-size: 1rem\">o TCE \u00e9 arquivado e o est\u00e1gio pode iniciar;<\/span><\/li>\n<\/ul>\n<p><span style=\"color: #000000;font-size: 1rem\">\u2192 O estudante n\u00e3o recebe nenhum aviso, podendo acompanhar os tr\u00e2mites pelo <\/span><a style=\"font-size: 1rem\" href=\"https:\/\/portal.ufsm.br\/documentos\/mainMenu.html\">portal de processos<\/a><span style=\"color: #000000;font-size: 1rem\">;<\/span><\/p>\n<hr \/>\n<p><span style=\"color: #000080;font-size: 14pt\"><strong>PASSOS PARA ENCERRAR O EST\u00c1GIO<\/strong><\/span><\/p>\n<p>\u00a0<\/p>\n<p><strong>1\u00b0) PASSO A PASSO<\/strong><\/p>\n<p><!-- \/wp:paragraph --><!-- wp:paragraph --><\/p>\n<p><strong>\u2192Solicitar o <a href=\"https:\/\/www.ufsm.br\/orgaos-suplementares\/dag\/pen\/apoio-ao-usuario\/novas-funcionalidades\/botao-solicitar-desarquivamento\">desarquivamento<\/a> do processo de Est\u00e1gio<\/strong><\/p>\n<p><strong>\u2192Inserir os documentos obrigat\u00f3rios<\/strong><\/p>\n<p><strong>\u2192 Tramitar\u00a0 via PEN-SIE para o Curso de Agronomia<\/strong><\/p>\n<p><!-- \/wp:paragraph --><!-- wp:paragraph --><\/p>\n<p><a href=\"https:\/\/www.ufsm.br\/app\/uploads\/sites\/379\/2023\/07\/Tutorial-de-Inclusao-da-Documentacao-de-Estagio-Obrigatorio-no-Processo-ja-aberto-Final.pdf\">Clique Aqui para Acessar o Tutorial de Inclus\u00e3o de Documentos de <mark><strong>Est\u00e1gio Obrigat\u00f3rio<\/strong><\/mark> no Processo j\u00e1 Aberto.<\/a><\/p>\n<p>\u00a0<\/p>\n<p><strong>2\u00b0) DOCUMENTOS OBRIGAT\u00d3RIOS\u00a0<\/strong><\/p>\n<p><!-- \/wp:paragraph --><!-- wp:paragraph --><\/p>\n<p>1- <a href=\"https:\/\/www.ufsm.br\/app\/uploads\/sites\/379\/2024\/11\/Modelo-de-relatorio-de-estagio-AGRONOMIA.docx\">Relat\u00f3rio de est\u00e1gio ASSINADO;<\/a><br \/>2-<a href=\"https:\/\/www.ufsm.br\/app\/uploads\/sites\/379\/2022\/06\/AUTORIZACAO-DE-ACESSO-AO-RELATORIO-DE-ESTAGIO.doc\"> Autoriza\u00e7\u00e3o de disponibilidade p\u00fablica do trabalho;<\/a><br \/>3-<a href=\"https:\/\/www.ufsm.br\/app\/uploads\/sites\/379\/2021\/11\/Modelo-Declaracao-de-correcoes-finais.docx\"> Declara\u00e7\u00e3o de corre\u00e7\u00f5es finais;<\/a><br \/>4- <a href=\"https:\/\/www.ufsm.br\/app\/uploads\/sites\/379\/2021\/11\/Modelo-Ata-avaliacao-estagio.docx\">Ata de avalia\u00e7\u00e3o.<\/a><\/p>\n<p><!-- \/wp:paragraph --><!-- wp:paragraph --><\/p>\n<p><!-- \/wp:paragraph --><!-- wp:paragraph --><\/p>\n<p>\u00a0<\/p>\n<p><strong>3\u00b0) OUTROS DOCUMENTOS (APOIO):<\/strong><\/p>\n<p><!-- \/wp:paragraph --><!-- wp:paragraph --><\/p>\n<p><a href=\"https:\/\/www.ufsm.br\/app\/uploads\/sites\/379\/2021\/11\/Modelo-ficha-de-avaliacao-de-estagio_supervisor.docx\"><strong>Modelo de ficha de avalia\u00e7\u00e3o do supervisor (N\u00c3O INCLUIR NO PROCESSO)<\/strong><\/a><\/p>\n<p><!-- \/wp:paragraph --><!-- wp:paragraph --><\/p>\n<p><a href=\"https:\/\/www.ufsm.br\/app\/uploads\/sites\/379\/2021\/11\/Modelo-ficha-de-avaliacao-estagio_banca.docx\"><strong>Modelo de Ficha de avalia\u00e7\u00e3o do est\u00e1gio (banca) (N\u00c3O INCLUIR NO PROCESSO)<\/strong><\/a><\/p>\n<p><a href=\"https:\/\/www.ufsm.br\/app\/uploads\/sites\/269\/2022\/06\/Termo-de-Aditamento.doc\"><strong>TERMO ADITIVO DE EST\u00c1GIO\u00a0<\/strong><\/a><\/p>\n<p><a href=\"https:\/\/www.ufsm.br\/app\/uploads\/sites\/474\/2025\/04\/Termo-de-Rescisao-1.doc\"><strong>TERMO DE RESCIS\u00c3O DE EST\u00c1GIO<\/strong><\/a><\/p>\n<hr \/>\n<p><!-- \/wp:paragraph --><!-- wp:paragraph --><\/p>\n<p><!-- \/wp:paragraph --><!-- wp:paragraph {\"style\":{\"color\":{\"background\":\"#e2f2ff\"}}} --><\/p>\n<p style=\"background-color: #e2f2ff\"><strong>\u2192 Ficou com d\u00favida?<\/strong> Entre em contato com Coordenador de est\u00e1gios Prof. J\u00falio (DFS) pelo email (<a href=\"mailto:agronomia@ufsm.br\" target=\"_blank\" rel=\"noreferrer noopener\">com.est.agronomia@ufsm.br<\/a>)<\/p>\n<p><!-- \/wp:paragraph --><!-- wp:paragraph --><\/p>\n<p><!-- \/wp:paragraph --><!-- wp:paragraph --><\/p>\n<p><!-- \/wp:paragraph --><\/p>\t\t\t\t\t\t<\/div>\n\t\t\t\t<\/div>\n\t\t\t\t\t<\/div>\n\t\t<\/div>\n\t\t\t\t\t<\/div>\n\t\t<\/section>\n\t\t\t\t<section class=\"elementor-section elementor-top-section elementor-element elementor-element-e06187f elementor-section-boxed elementor-section-height-default elementor-section-height-default\" data-id=\"e06187f\" data-element_type=\"section\">\n\t\t\t\t\t\t<div class=\"elementor-container elementor-column-gap-default\">\n\t\t\t\t\t<div class=\"elementor-column elementor-col-100 elementor-top-column elementor-element elementor-element-a6eff99\" data-id=\"a6eff99\" data-element_type=\"column\">\n\t\t\t<div class=\"elementor-widget-wrap elementor-element-populated\">\n\t\t\t\t\t\t<div class=\"elementor-element elementor-element-7b4bf45 elementor-widget elementor-widget-image\" data-id=\"7b4bf45\" data-element_type=\"widget\" data-widget_type=\"image.default\">\n\t\t\t\t<div class=\"elementor-widget-container\">\n\t\t\t\t\t\t\t\t\t\t\t\t\t<img fetchpriority=\"high\" decoding=\"async\" width=\"768\" height=\"960\" src=\"https:\/\/www.ufsm.br\/app\/uploads\/sites\/379\/2025\/11\/unnamed-1-768x960.jpg\" class=\"attachment-medium_large size-medium_large wp-image-1087\" alt=\"\" srcset=\"https:\/\/www.ufsm.br\/app\/uploads\/sites\/379\/2025\/11\/unnamed-1-768x960.jpg 768w, https:\/\/www.ufsm.br\/app\/uploads\/sites\/379\/2025\/11\/unnamed-1-240x300.jpg 240w, https:\/\/www.ufsm.br\/app\/uploads\/sites\/379\/2025\/11\/unnamed-1-819x1024.jpg 819w, https:\/\/www.ufsm.br\/app\/uploads\/sites\/379\/2025\/11\/unnamed-1.jpg 1080w\" sizes=\"(max-width: 768px) 100vw, 768px\" \/>\t\t\t\t\t\t\t\t\t\t\t\t\t<\/div>\n\t\t\t\t<\/div>\n\t\t\t\t\t<\/div>\n\t\t<\/div>\n\t\t\t\t\t<\/div>\n\t\t<\/section>\n\t\t\t\t<section class=\"elementor-section elementor-top-section elementor-element elementor-element-d49b5df elementor-section-boxed elementor-section-height-default elementor-section-height-default\" data-id=\"d49b5df\" data-element_type=\"section\">\n\t\t\t\t\t\t<div class=\"elementor-container elementor-column-gap-default\">\n\t\t\t\t\t<div class=\"elementor-column elementor-col-100 elementor-top-column elementor-element elementor-element-8ac22cb\" data-id=\"8ac22cb\" data-element_type=\"column\">\n\t\t\t<div class=\"elementor-widget-wrap elementor-element-populated\">\n\t\t\t\t\t\t<div class=\"elementor-element elementor-element-5e91972 elementor-widget elementor-widget-text-editor\" data-id=\"5e91972\" data-element_type=\"widget\" data-widget_type=\"text-editor.default\">\n\t\t\t\t<div class=\"elementor-widget-container\">\n\t\t\t\t\t\t\t<p>Comunicamos que a partir de 15 de outubro de 2025 estar\u00e1 sendo implementado um\u00a0<strong>novo sistema de solicita\u00e7\u00f5es de est\u00e1gios de gradua\u00e7\u00e3o<\/strong>, desenvolvido pela PROGRAD em parceria com o Centro de Processamento de Dados (CPD) e o Departamento de Arquivo Geral (DAG).<br \/><br \/>A partir desta data, o(a) estudante far\u00e1 a solicita\u00e7\u00e3o diretamente no Portal Estudantil. Logado(a) no Portal, o(a) estudante indicar\u00e1 o tipo e o campo de est\u00e1gio, e a partir destas defini\u00e7\u00f5es, passar\u00e1 ao preenchimento de informa\u00e7\u00f5es que subsidiar\u00e3o a elabora\u00e7\u00e3o do Termo de Compromisso de Est\u00e1gio (TCE) (assista ao\u00a0<a href=\"https:\/\/ntetube.nte.ufsm.br\/v\/1759941155\" target=\"_blank\" rel=\"noopener\" data-saferedirecturl=\"https:\/\/www.google.com\/url?q=https:\/\/ntetube.nte.ufsm.br\/v\/1759941155&amp;source=gmail&amp;ust=1762604994708000&amp;usg=AOvVaw2cDoSC9tOgOZ4VNTEgJTXT\">v\u00eddeo\/tutorial<\/a>).<br \/><br \/>Cabe destacar que fica mantido o papel central de cada curso e dos setores administrativos envolvidos na organiza\u00e7\u00e3o e delibera\u00e7\u00e3o das solicita\u00e7\u00f5es de est\u00e1gio. Da mesma forma, mant\u00e9m-se a responsabilidade do(a) orientador(a) na an\u00e1lise e assinatura do TCE, conforme estabelecido na Resolu\u00e7\u00e3o UFSM n. 157\/2024.<br \/><br \/><strong>Observa\u00e7\u00e3o:<\/strong>\u00a0os processos de est\u00e1gio em tramita\u00e7\u00e3o at\u00e9 o momento seguir\u00e3o o fluxo estabelecido anteriormente, mantendo-se a necessidade de encaminhar para registro na aplica\u00e7\u00e3o SIE 1.1.5.18 para garantir os encargos did\u00e1ticos ao(a) professor(a) orientador(a) de est\u00e1gio n\u00e3o obrigat\u00f3rio.<br \/><br \/>Maiores informa\u00e7\u00f5es ser\u00e3o encaminhadas por e-mail para os cursos e constam na P\u00e1gina de Est\u00e1gios.<\/p>\t\t\t\t\t\t<\/div>\n\t\t\t\t<\/div>\n\t\t\t\t\t<\/div>\n\t\t<\/div>\n\t\t\t\t\t<\/div>\n\t\t<\/section>\n\t\t\t\t<\/div>\n\t\t","protected":false},"excerpt":{"rendered":"<p>\u00a0Regulamentado pela Resolu\u00e7\u00e3o UFSM n\u00b0 157\/2024; Conhe\u00e7a as normas de est\u00e1gios vigentes para o Curso de Agronomia; \u00a0 PASSOS PARA INICIAR O EST\u00c1GIO 1\u00ba)\u00a0Declara\u00e7\u00e3o de orienta\u00e7\u00e3o\u00a0 \u2192 Enviar por email para:\u00a0sigccr.afa@ufsm.br \u00a0\u2192Prazo:\u00a0at\u00e9 o fim do semestre anterior ao est\u00e1gio \u2192\u00a0A secretaria realizar\u00e1 a matr\u00edcula na disciplina de est\u00e1gio \u00a0 \u00a0 2\u00ba)\u00a0Preencher o Termo de Compromisso [&hellip;]<\/p>\n","protected":false},"author":115,"featured_media":0,"parent":0,"menu_order":0,"comment_status":"closed","ping_status":"closed","template":"","meta":{"footnotes":""},"categories":[],"tags":[],"class_list":["post-137","page","type-page","status-publish","hentry"],"acf":[],"_links":{"self":[{"href":"https:\/\/www.ufsm.br\/cursos\/graduacao\/santa-maria\/agronomia\/wp-json\/wp\/v2\/pages\/137","targetHints":{"allow":["GET"]}}],"collection":[{"href":"https:\/\/www.ufsm.br\/cursos\/graduacao\/santa-maria\/agronomia\/wp-json\/wp\/v2\/pages"}],"about":[{"href":"https:\/\/www.ufsm.br\/cursos\/graduacao\/santa-maria\/agronomia\/wp-json\/wp\/v2\/types\/page"}],"author":[{"embeddable":true,"href":"https:\/\/www.ufsm.br\/cursos\/graduacao\/santa-maria\/agronomia\/wp-json\/wp\/v2\/users\/115"}],"replies":[{"embeddable":true,"href":"https:\/\/www.ufsm.br\/cursos\/graduacao\/santa-maria\/agronomia\/wp-json\/wp\/v2\/comments?post=137"}],"version-history":[{"count":0,"href":"https:\/\/www.ufsm.br\/cursos\/graduacao\/santa-maria\/agronomia\/wp-json\/wp\/v2\/pages\/137\/revisions"}],"wp:attachment":[{"href":"https:\/\/www.ufsm.br\/cursos\/graduacao\/santa-maria\/agronomia\/wp-json\/wp\/v2\/media?parent=137"}],"wp:term":[{"taxonomy":"category","embeddable":true,"href":"https:\/\/www.ufsm.br\/cursos\/graduacao\/santa-maria\/agronomia\/wp-json\/wp\/v2\/categories?post=137"},{"taxonomy":"post_tag","embeddable":true,"href":"https:\/\/www.ufsm.br\/cursos\/graduacao\/santa-maria\/agronomia\/wp-json\/wp\/v2\/tags?post=137"}],"curies":[{"name":"wp","href":"https:\/\/api.w.org\/{rel}","templated":true}]}}