{"id":153,"date":"2018-11-26T11:16:17","date_gmt":"2018-11-26T13:16:17","guid":{"rendered":"https:\/\/www.ufsm.br\/cursos\/graduacao\/santa-maria\/agronomia\/?page_id=153"},"modified":"2024-12-17T17:27:54","modified_gmt":"2024-12-17T20:27:54","slug":"trabalho-de-conclusao-de-curso-tcc","status":"publish","type":"page","link":"https:\/\/www.ufsm.br\/cursos\/graduacao\/santa-maria\/agronomia\/trabalho-de-conclusao-de-curso-tcc","title":{"rendered":"Trabalho de Conclus\u00e3o de Curso (TCC)"},"content":{"rendered":"<div class=\"col-md-8\">\n<div class=\"item-page\">\n<table style=\"width: 100%;height: 535px\" border=\"1\" cellspacing=\"0\" cellpadding=\"0\">\n<tbody>\n<tr style=\"height: 86px\">\n<td style=\"height: 86px;width: 49.2181%\" width=\"288\">\n<p style=\"text-align: center\" align=\"center\"><strong>DOCUMENTOS\/LINKS<\/strong><\/p>\n<\/td>\n<td style=\"height: 86px;width: 50.6173%\" width=\"296\">\n<p align=\"center\"><strong>INFORMA\u00c7\u00d5ES IMPORTANTES<\/strong><\/p>\n<\/td>\n<\/tr>\n<tr style=\"height: 22px\">\n<td style=\"height: 22px;text-align: center;width: 49.2181%\" valign=\"top\" width=\"288\">Escolha do orientador<\/td>\n<td style=\"height: 22px;width: 50.6173%\" valign=\"top\" width=\"296\">Solicitar a orienta\u00e7\u00e3o de um professor do curso<\/td>\n<\/tr>\n<tr style=\"height: 22px\">\n<td style=\"height: 22px;text-align: center;width: 49.2181%\" valign=\"top\" width=\"288\"><a href=\"https:\/\/www.ufsm.br\/cursos\/graduacao\/santa-maria\/agronomia\/wp-content\/uploads\/sites\/379\/2018\/11\/Manual_de_Dissertacoes_e_Teses-2015.pdf\">Modelo de TCC<\/a>\u00a0 \u00a0 \u00a0 \u00a0\u00a0<a href=\"https:\/\/www.ufsm.br\/cursos\/graduacao\/santa-maria\/agronomia\/wp-content\/uploads\/sites\/379\/2018\/11\/Normas_TCC.pdf\">Normas<\/a><\/td>\n<td style=\"height: 22px;width: 50.6173%\" valign=\"top\" width=\"296\">Conforme determina\u00e7\u00e3o do orientador<\/td>\n<\/tr>\n<tr style=\"height: 62px\">\n<td style=\"height: 62px;text-align: center;width: 49.2181%\" valign=\"top\" width=\"288\">Matr\u00edcula de TCC via portal do aluno<\/td>\n<td style=\"height: 62px;width: 50.6173%\" valign=\"top\" width=\"296\">A matr\u00edcula do TCC s\u00f3 pode ser realizada no 10\u00ba semestre do curso. O acad\u00eamico pode dar in\u00edcio ao TCC a partir do 6\u00ba semestre<\/td>\n<\/tr>\n<tr style=\"height: 42px\">\n<td style=\"height: 42px;width: 49.2181%\" valign=\"top\" width=\"288\">\n<p style=\"text-align: center\"><a href=\"https:\/\/www.ufsm.br\/app\/uploads\/sites\/379\/2023\/11\/Modelo-Declaracao-orientacao-TCC-novo.docx\">Declara\u00e7\u00e3o de Orienta\u00e7\u00e3o de TCC WORD<\/a><\/p>\n<\/td>\n<td style=\"height: 42px;width: 50.6173%\" valign=\"top\" width=\"296\">Deve ser preenchida pelo orientador e pelo acad\u00eamico e entregue na coordena\u00e7\u00e3o<\/td>\n<\/tr>\n<tr style=\"height: 62px\">\n<td style=\"height: 62px;width: 49.2181%\" valign=\"top\" width=\"288\">\n<p style=\"text-align: center\">Comiss\u00e3o de avalia\u00e7\u00e3o de TCC: Orientador e mais dois membros\u00b7<\/p>\n<p style=\"text-align: center\"><a href=\"https:\/\/www.ufsm.br\/cursos\/graduacao\/santa-maria\/agronomia\/wp-content\/uploads\/sites\/379\/2018\/11\/planilha_de_avalia\u00e7\u00e3o.docx\">Modelo da planilha de avalia\u00e7\u00e3o\u00a0<\/a><\/p>\n<\/td>\n<td style=\"height: 62px;width: 50.6173%\" valign=\"top\" width=\"296\">A planilha de avalia\u00e7\u00e3o deve ser entregue a cada membro da banca. Ser\u00e1 avaliada a estrutura, o conte\u00fado e a apresenta\u00e7\u00e3o somando peso 10<\/td>\n<\/tr>\n<tr style=\"height: 62px\">\n<td style=\"height: 62px;width: 49.2181%\" valign=\"top\" width=\"288\">\n<p style=\"text-align: center\">Memorando\u00b7<\/p>\n<p style=\"text-align: center\"><a href=\"https:\/\/www.ufsm.br\/cursos\/graduacao\/santa-maria\/agronomia\/wp-content\/uploads\/sites\/379\/2018\/11\/memorando.docx\">Modelo do memorando <\/a><\/p>\n<\/td>\n<td style=\"height: 62px;width: 50.6173%\" valign=\"top\" width=\"296\">O orientador deve enviar um memorando \u00e0 coordena\u00e7\u00e3o informando a m\u00e9dia final, t\u00edtulo e banca do TCC<\/td>\n<\/tr>\n<tr style=\"height: 62px\">\n<td style=\"height: 109px;width: 49.2181%\" valign=\"top\" width=\"288\">\n<p style=\"text-align: center\">Entrega do TCC gravado em PDF\u00b7<\/p>\n<p style=\"text-align: center\"><a href=\"https:\/\/www.ufsm.br\/cursos\/graduacao\/santa-maria\/agronomia\/wp-content\/uploads\/sites\/379\/2018\/11\/capa_tcc.doc\">Modelo da capa do TCC <\/a><\/p>\n<\/td>\n<td style=\"height: 109px;width: 50.6173%\" valign=\"top\" width=\"296\">O acad\u00eamico deve entregar na coordena\u00e7\u00e3o a vers\u00e3o final do TCC em um ARQUIVO PDF adotando o modelo padr\u00e3o de capa<\/td>\n<\/tr>\n<tr style=\"height: 68px\">\n<td style=\"width: 49.2181%;height: 68px\">\n<p style=\"text-align: center\">\u00a0<a href=\"https:\/\/www.ufsm.br\/app\/uploads\/sites\/379\/2019\/10\/AUTORIZA\u00c7\u00c3O-DE-ACESSO-AO-TCC.doc\">Modelo Autoriza\u00e7\u00e3o para a disponibilidade p\u00fablica do trabalho<\/a><\/p>\n<\/td>\n<td style=\"width: 50.6173%;height: 68px\">\u00a0<\/td>\n<\/tr>\n<\/tbody>\n<\/table>\n<\/div>\n<\/div>\n<div class=\"col-md-3\">\n<div class=\"moduletable\">\n<div class=\"custom\">\u00a0<\/div>\n<\/div>\n<\/div>\n\n\n<p><strong>DOCUMENTOS NECESS\u00c1RIOS PARA O ENCERRAMENTO DO TCC (enviar para tcc.agronomia@ufsm.br<\/strong>)<\/p>\n\n\n\n<p>Autoriza\u00e7\u00e3o para a disponibilidade p\u00fablica do trabalho;<br>Memorando do orientador;<br>C\u00f3pia do TCC.<\/p>\n","protected":false},"excerpt":{"rendered":"<p>DOCUMENTOS\/LINKS INFORMA\u00c7\u00d5ES IMPORTANTES Escolha do orientador Solicitar a orienta\u00e7\u00e3o de um professor do curso Modelo de TCC\u00a0 \u00a0 \u00a0 \u00a0\u00a0Normas Conforme determina\u00e7\u00e3o do orientador Matr\u00edcula de TCC via portal do aluno A matr\u00edcula do TCC s\u00f3 pode ser realizada no 10\u00ba semestre do curso. O acad\u00eamico pode dar in\u00edcio ao TCC a partir do 6\u00ba [&hellip;]<\/p>\n","protected":false},"author":115,"featured_media":0,"parent":0,"menu_order":0,"comment_status":"closed","ping_status":"closed","template":"","meta":{"footnotes":""},"categories":[],"tags":[],"class_list":["post-153","page","type-page","status-publish","hentry"],"acf":[],"_links":{"self":[{"href":"https:\/\/www.ufsm.br\/cursos\/graduacao\/santa-maria\/agronomia\/wp-json\/wp\/v2\/pages\/153","targetHints":{"allow":["GET"]}}],"collection":[{"href":"https:\/\/www.ufsm.br\/cursos\/graduacao\/santa-maria\/agronomia\/wp-json\/wp\/v2\/pages"}],"about":[{"href":"https:\/\/www.ufsm.br\/cursos\/graduacao\/santa-maria\/agronomia\/wp-json\/wp\/v2\/types\/page"}],"author":[{"embeddable":true,"href":"https:\/\/www.ufsm.br\/cursos\/graduacao\/santa-maria\/agronomia\/wp-json\/wp\/v2\/users\/115"}],"replies":[{"embeddable":true,"href":"https:\/\/www.ufsm.br\/cursos\/graduacao\/santa-maria\/agronomia\/wp-json\/wp\/v2\/comments?post=153"}],"version-history":[{"count":0,"href":"https:\/\/www.ufsm.br\/cursos\/graduacao\/santa-maria\/agronomia\/wp-json\/wp\/v2\/pages\/153\/revisions"}],"wp:attachment":[{"href":"https:\/\/www.ufsm.br\/cursos\/graduacao\/santa-maria\/agronomia\/wp-json\/wp\/v2\/media?parent=153"}],"wp:term":[{"taxonomy":"category","embeddable":true,"href":"https:\/\/www.ufsm.br\/cursos\/graduacao\/santa-maria\/agronomia\/wp-json\/wp\/v2\/categories?post=153"},{"taxonomy":"post_tag","embeddable":true,"href":"https:\/\/www.ufsm.br\/cursos\/graduacao\/santa-maria\/agronomia\/wp-json\/wp\/v2\/tags?post=153"}],"curies":[{"name":"wp","href":"https:\/\/api.w.org\/{rel}","templated":true}]}}