{"id":170,"date":"2018-11-26T11:43:03","date_gmt":"2018-11-26T13:43:03","guid":{"rendered":"https:\/\/www.ufsm.br\/cursos\/graduacao\/santa-maria\/agronomia\/?page_id=170"},"modified":"2025-02-07T08:14:59","modified_gmt":"2025-02-07T11:14:59","slug":"pre-requisitos","status":"publish","type":"page","link":"https:\/\/www.ufsm.br\/cursos\/graduacao\/santa-maria\/agronomia\/pre-requisitos","title":{"rendered":"Pr\u00e9-requisitos e Avan\u00e7o Semestral"},"content":{"rendered":"<p><strong>Lista de Pr\u00e9-requisitos do PPC Antigo (2008):<\/strong><\/p>\n<p><a href=\"https:\/\/www.ufsm.br\/cursos\/graduacao\/santa-maria\/agronomia\/wp-content\/uploads\/sites\/379\/2018\/11\/pr\u00e9-requisitos.pdf\">Pr\u00e9-requisitos PPC 2008<\/a><\/p>\n\n\n<p><strong>Regras de Avan\u00e7o Semestral no Curr\u00edculo Seriado &#8211; PPC Novo (2023)<\/strong><\/p>\n\n\n\n<p>Diferente do PPC antigo, o novo PPC n\u00e3o possui pr\u00e9-requisitos de disciplinas, ele possui <strong>regras de avan\u00e7o semestral<\/strong>.<\/p>\n\n\n\n<p>Visando promover o bom desempenho acad\u00eamico, a fluidez no curr\u00edculo seriado e o m\u00ednimo de reten\u00e7\u00e3o ao longo do curso foi estabelecida a seguinte regra:<\/p>\n\n\n\n<p>1. Para o discente matricular-se nas disciplinas do seu semestre regular, deve integralizar todas as disciplinas dos semestres anteriores, com toler\u00e2ncia de at\u00e9 3 (tr\u00eas) pend\u00eancias no semestre imediatamente anterior (disciplinas que o aluno n\u00e3o precisa integralizar no semestre anterior). Caso a toler\u00e2ncia de pend\u00eancias for ultrapassada, o discente, obrigatoriamente, matricular-se-\u00e1 apenas nas pend\u00eancias.<\/p>\n\n\n\n<p>Exemplos:<\/p>\n\n\n\n<p>1- Para o discente matricular-se em disciplinas do 3\u00b0 semestre deve ter integralizado todas as disciplinas do 1\u00b0 semestre e pode ficar com at\u00e9 3 (tr\u00eas) pend\u00eancias do 2\u00ba semestre.<\/p>\n\n\n\n<p>2- Se o discente tiver, pelo menos, 4 (quatro) pend\u00eancias no 2\u00ba semestre, n\u00e3o poder\u00e1 avan\u00e7ar para o 3\u00b0 semestre, podendo matricular-se apenas nas disciplinas pendentes. Nesse caso, ele pode completar sua carga hor\u00e1ria com Atividades Complementares de Gradua\u00e7\u00e3o (ACG), Atividades Complementares de Extens\u00e3o (ACEx) e Disciplinas Complementares de Gradua\u00e7\u00e3o (DCG), conforme os crit\u00e9rios normativos estabelecidos.<\/p>\n\n\n\n<figure class=\"wp-block-image size-full\"><img fetchpriority=\"high\" decoding=\"async\" width=\"635\" height=\"282\" src=\"https:\/\/www.ufsm.br\/app\/uploads\/sites\/379\/2025\/02\/image.png\" alt=\"\" class=\"wp-image-961\" srcset=\"https:\/\/www.ufsm.br\/app\/uploads\/sites\/379\/2025\/02\/image.png 635w, https:\/\/www.ufsm.br\/app\/uploads\/sites\/379\/2025\/02\/image-300x133.png 300w\" sizes=\"(max-width: 635px) 100vw, 635px\" \/><\/figure>\n","protected":false},"excerpt":{"rendered":"<p>Lista de Pr\u00e9-requisitos do PPC Antigo (2008): Pr\u00e9-requisitos PPC 2008 Regras de Avan\u00e7o Semestral no Curr\u00edculo Seriado &#8211; PPC Novo (2023) Diferente do PPC antigo, o novo PPC n\u00e3o possui pr\u00e9-requisitos de disciplinas, ele possui regras de avan\u00e7o semestral. Visando promover o bom desempenho acad\u00eamico, a fluidez no curr\u00edculo seriado e o m\u00ednimo de reten\u00e7\u00e3o [&hellip;]<\/p>\n","protected":false},"author":115,"featured_media":0,"parent":0,"menu_order":0,"comment_status":"closed","ping_status":"closed","template":"","meta":{"footnotes":""},"categories":[],"tags":[],"class_list":["post-170","page","type-page","status-publish","hentry"],"acf":[],"_links":{"self":[{"href":"https:\/\/www.ufsm.br\/cursos\/graduacao\/santa-maria\/agronomia\/wp-json\/wp\/v2\/pages\/170","targetHints":{"allow":["GET"]}}],"collection":[{"href":"https:\/\/www.ufsm.br\/cursos\/graduacao\/santa-maria\/agronomia\/wp-json\/wp\/v2\/pages"}],"about":[{"href":"https:\/\/www.ufsm.br\/cursos\/graduacao\/santa-maria\/agronomia\/wp-json\/wp\/v2\/types\/page"}],"author":[{"embeddable":true,"href":"https:\/\/www.ufsm.br\/cursos\/graduacao\/santa-maria\/agronomia\/wp-json\/wp\/v2\/users\/115"}],"replies":[{"embeddable":true,"href":"https:\/\/www.ufsm.br\/cursos\/graduacao\/santa-maria\/agronomia\/wp-json\/wp\/v2\/comments?post=170"}],"version-history":[{"count":0,"href":"https:\/\/www.ufsm.br\/cursos\/graduacao\/santa-maria\/agronomia\/wp-json\/wp\/v2\/pages\/170\/revisions"}],"wp:attachment":[{"href":"https:\/\/www.ufsm.br\/cursos\/graduacao\/santa-maria\/agronomia\/wp-json\/wp\/v2\/media?parent=170"}],"wp:term":[{"taxonomy":"category","embeddable":true,"href":"https:\/\/www.ufsm.br\/cursos\/graduacao\/santa-maria\/agronomia\/wp-json\/wp\/v2\/categories?post=170"},{"taxonomy":"post_tag","embeddable":true,"href":"https:\/\/www.ufsm.br\/cursos\/graduacao\/santa-maria\/agronomia\/wp-json\/wp\/v2\/tags?post=170"}],"curies":[{"name":"wp","href":"https:\/\/api.w.org\/{rel}","templated":true}]}}