{"id":176,"date":"2018-11-26T12:30:53","date_gmt":"2018-11-26T14:30:53","guid":{"rendered":"https:\/\/www.ufsm.br\/cursos\/graduacao\/santa-maria\/agronomia\/?page_id=176"},"modified":"2018-11-26T12:30:54","modified_gmt":"2018-11-26T14:30:54","slug":"trancamentos","status":"publish","type":"page","link":"https:\/\/www.ufsm.br\/cursos\/graduacao\/santa-maria\/agronomia\/trancamentos","title":{"rendered":"Trancamentos"},"content":{"rendered":"<p><strong>TRANCAMENTOS DE MATR\u00cdCULA<\/strong><\/p>\n<p><strong>TRANCAMENTO TOTAL<\/strong><br \/>\na) Trancamento Total de matr\u00edcula \u00e9 o instrumento acad\u00eamico\u00a0que a Universidade oferece ao aluno regular, com a finalidade de\u00a0permitir a manuten\u00e7\u00e3o do v\u00ednculo com seu curso, pelo per\u00edodo de umsemestre letivo, nos casos de impossibilidade comprovada de\u00a0acompanhamento \u00e0 totalidade das atividades escolares;<br \/>\nb) O n\u00famero de trancamentos totais de matr\u00edcula permitidos \u00e9\u00a0determinado no Projeto Pedag\u00f3gico do respectivo Curso, no curso de Agronomia poder\u00e1 ser realizado durante 5 semestre, sendo 3 consequtivamente;<br \/>\nc) N\u00e3o ser\u00e1 concedido trancamento total de matr\u00edcula ao aluno\u00a0que estiver submetido a inqu\u00e9rito disciplinar;<br \/>\nd) O trancamento total de matr\u00edcula tem validade somente por\u00a0um semestre letivo;<br \/>\ne) Os per\u00edodos durante os quais o aluno obtiver trancamento\u00a0total de matr\u00edcula n\u00e3o ser\u00e3o computados para o tempo de integraliza\u00e7\u00e3o\u00a0curricular do curso.<br \/>\n&nbsp;<\/p>\n<p><strong>TRANCAMENTO PARCIAL<\/strong><br \/>\na) Trancamento parcial de matr\u00edcula \u00e9 o instrumento acad\u00eamico\u00a0que a Universidade oferece ao aluno regular, com a finalidade de\u00a0permitir o abandono de disciplinas, apenas no semestre letivo da\u00a0respectiva efetiva\u00e7\u00e3o de matr\u00edcula, nos casos de impossibilidade\u00a0comprovada de cumprimento do plano de estudos original do semestre.<br \/>\nb) O n\u00famero limite de trancamentos parciais de matr\u00edcula consta\u00a0no Projeto Pedag\u00f3gico do Curso;<br \/>\nc) O n\u00famero m\u00e1ximo de trancamentos parciais de matr\u00edcula\u00a0dispon\u00edveis para o aluno \u00e9 igual a 1\/5 (um quinto) do n\u00famero total de\u00a0disciplinas que integralizarem o seu curr\u00edculo de vincula\u00e7\u00e3o;<br \/>\nd) N\u00e3o ser\u00e1 concedido trancamento parcial de matr\u00edcula quando\u00a0resultar em carga hor\u00e1ria matriculada inferior a 165 (cento e sessenta e\u00a0cinco) horas-aula semestrais, no curr\u00edculo de vincula\u00e7\u00e3o;<br \/>\ne) O trancamento parcial de matr\u00edcula tem validade somente por\u00a0um semestre letivo;<br \/>\nf) O trancamento parcial de matr\u00edcula n\u00e3o assegura posterior\u00a0direito \u00e0 vaga na disciplina objeto de trancamento.<\/p>\n","protected":false},"excerpt":{"rendered":"<p>TRANCAMENTOS DE MATR\u00cdCULA TRANCAMENTO TOTAL a) Trancamento Total de matr\u00edcula \u00e9 o instrumento acad\u00eamico\u00a0que a Universidade oferece ao aluno regular, com a finalidade de\u00a0permitir a manuten\u00e7\u00e3o do v\u00ednculo com seu curso, pelo per\u00edodo de umsemestre letivo, nos casos de impossibilidade comprovada de\u00a0acompanhamento \u00e0 totalidade das atividades escolares; b) O n\u00famero de trancamentos totais de matr\u00edcula [&hellip;]<\/p>\n","protected":false},"author":115,"featured_media":0,"parent":0,"menu_order":0,"comment_status":"closed","ping_status":"closed","template":"","meta":{"footnotes":""},"categories":[],"tags":[],"class_list":["post-176","page","type-page","status-publish","hentry"],"acf":[],"_links":{"self":[{"href":"https:\/\/www.ufsm.br\/cursos\/graduacao\/santa-maria\/agronomia\/wp-json\/wp\/v2\/pages\/176","targetHints":{"allow":["GET"]}}],"collection":[{"href":"https:\/\/www.ufsm.br\/cursos\/graduacao\/santa-maria\/agronomia\/wp-json\/wp\/v2\/pages"}],"about":[{"href":"https:\/\/www.ufsm.br\/cursos\/graduacao\/santa-maria\/agronomia\/wp-json\/wp\/v2\/types\/page"}],"author":[{"embeddable":true,"href":"https:\/\/www.ufsm.br\/cursos\/graduacao\/santa-maria\/agronomia\/wp-json\/wp\/v2\/users\/115"}],"replies":[{"embeddable":true,"href":"https:\/\/www.ufsm.br\/cursos\/graduacao\/santa-maria\/agronomia\/wp-json\/wp\/v2\/comments?post=176"}],"version-history":[{"count":0,"href":"https:\/\/www.ufsm.br\/cursos\/graduacao\/santa-maria\/agronomia\/wp-json\/wp\/v2\/pages\/176\/revisions"}],"wp:attachment":[{"href":"https:\/\/www.ufsm.br\/cursos\/graduacao\/santa-maria\/agronomia\/wp-json\/wp\/v2\/media?parent=176"}],"wp:term":[{"taxonomy":"category","embeddable":true,"href":"https:\/\/www.ufsm.br\/cursos\/graduacao\/santa-maria\/agronomia\/wp-json\/wp\/v2\/categories?post=176"},{"taxonomy":"post_tag","embeddable":true,"href":"https:\/\/www.ufsm.br\/cursos\/graduacao\/santa-maria\/agronomia\/wp-json\/wp\/v2\/tags?post=176"}],"curies":[{"name":"wp","href":"https:\/\/api.w.org\/{rel}","templated":true}]}}