{"id":178,"date":"2018-11-26T12:40:24","date_gmt":"2018-11-26T14:40:24","guid":{"rendered":"https:\/\/www.ufsm.br\/cursos\/graduacao\/santa-maria\/agronomia\/?page_id=178"},"modified":"2023-07-13T09:45:53","modified_gmt":"2023-07-13T12:45:53","slug":"dispensa-de-disciplinas","status":"publish","type":"page","link":"https:\/\/www.ufsm.br\/cursos\/graduacao\/santa-maria\/agronomia\/dispensa-de-disciplinas","title":{"rendered":"Dispensa de Disciplinas"},"content":{"rendered":"\t\t<div data-elementor-type=\"wp-page\" data-elementor-id=\"178\" class=\"elementor elementor-178\">\n\t\t\t\t\t\t<section class=\"elementor-section elementor-top-section elementor-element elementor-element-237218f2 elementor-section-boxed elementor-section-height-default elementor-section-height-default\" data-id=\"237218f2\" data-element_type=\"section\">\n\t\t\t\t\t\t<div class=\"elementor-container elementor-column-gap-default\">\n\t\t\t\t\t<div class=\"elementor-column elementor-col-100 elementor-top-column elementor-element elementor-element-270afc35\" data-id=\"270afc35\" data-element_type=\"column\">\n\t\t\t<div class=\"elementor-widget-wrap elementor-element-populated\">\n\t\t\t\t\t\t<div class=\"elementor-element elementor-element-32607ed elementor-widget elementor-widget-text-editor\" data-id=\"32607ed\" data-element_type=\"widget\" data-widget_type=\"text-editor.default\">\n\t\t\t\t<div class=\"elementor-widget-container\">\n\t\t\t\t\t\t\t<p>A Coordenadoria de Planejamento Acad\u00eamico (Copa), \u00f3rg\u00e3o vinculado \u00e0 Pr\u00f3-Reitoria de Gradua\u00e7\u00e3o (Prograd). informa que o sistema virtual de Dispensa de Disciplinas j\u00e1 est\u00e1 dispon\u00edvel no\u00a0Portal do Aluno.<\/p><p>O sistema on-line pode ser usado por acad\u00eamicos interessados em solicitar a dispensa de disciplinas cursadas em cursos de mesmo n\u00edvel ou de n\u00edvel superior, internos ou externos \u00e0 UFSM.<\/p><p><a href=\"https:\/\/drive.google.com\/file\/d\/1U9-OvQ_ZMO_876R6DckAK7TkhMO-UQGs\/view?usp=sharing\">Acessar o tutorial para dispensa de DCG<\/a><\/p><p><a href=\"https:\/\/drive.google.com\/file\/d\/1kPJ-LK77W655K2rhow42d1nH8D4YqH_j\/view?usp=sharing\">Acessar o tutorial para dispensa de obrigat\u00f3ria<\/a><\/p><p>\u00a0<\/p>\t\t\t\t\t\t<\/div>\n\t\t\t\t<\/div>\n\t\t\t\t\t<\/div>\n\t\t<\/div>\n\t\t\t\t\t<\/div>\n\t\t<\/section>\n\t\t\t\t<\/div>\n\t\t","protected":false},"excerpt":{"rendered":"<p>A Coordenadoria de Planejamento Acad\u00eamico (Copa), \u00f3rg\u00e3o vinculado \u00e0 Pr\u00f3-Reitoria de Gradua\u00e7\u00e3o (Prograd). informa que o sistema virtual de Dispensa de Disciplinas j\u00e1 est\u00e1 dispon\u00edvel no\u00a0Portal do Aluno. O sistema on-line pode ser usado por acad\u00eamicos interessados em solicitar a dispensa de disciplinas cursadas em cursos de mesmo n\u00edvel ou de n\u00edvel superior, internos ou [&hellip;]<\/p>\n","protected":false},"author":115,"featured_media":0,"parent":0,"menu_order":0,"comment_status":"closed","ping_status":"closed","template":"","meta":{"footnotes":""},"categories":[],"tags":[],"class_list":["post-178","page","type-page","status-publish","hentry"],"acf":[],"_links":{"self":[{"href":"https:\/\/www.ufsm.br\/cursos\/graduacao\/santa-maria\/agronomia\/wp-json\/wp\/v2\/pages\/178","targetHints":{"allow":["GET"]}}],"collection":[{"href":"https:\/\/www.ufsm.br\/cursos\/graduacao\/santa-maria\/agronomia\/wp-json\/wp\/v2\/pages"}],"about":[{"href":"https:\/\/www.ufsm.br\/cursos\/graduacao\/santa-maria\/agronomia\/wp-json\/wp\/v2\/types\/page"}],"author":[{"embeddable":true,"href":"https:\/\/www.ufsm.br\/cursos\/graduacao\/santa-maria\/agronomia\/wp-json\/wp\/v2\/users\/115"}],"replies":[{"embeddable":true,"href":"https:\/\/www.ufsm.br\/cursos\/graduacao\/santa-maria\/agronomia\/wp-json\/wp\/v2\/comments?post=178"}],"version-history":[{"count":0,"href":"https:\/\/www.ufsm.br\/cursos\/graduacao\/santa-maria\/agronomia\/wp-json\/wp\/v2\/pages\/178\/revisions"}],"wp:attachment":[{"href":"https:\/\/www.ufsm.br\/cursos\/graduacao\/santa-maria\/agronomia\/wp-json\/wp\/v2\/media?parent=178"}],"wp:term":[{"taxonomy":"category","embeddable":true,"href":"https:\/\/www.ufsm.br\/cursos\/graduacao\/santa-maria\/agronomia\/wp-json\/wp\/v2\/categories?post=178"},{"taxonomy":"post_tag","embeddable":true,"href":"https:\/\/www.ufsm.br\/cursos\/graduacao\/santa-maria\/agronomia\/wp-json\/wp\/v2\/tags?post=178"}],"curies":[{"name":"wp","href":"https:\/\/api.w.org\/{rel}","templated":true}]}}