{"id":193,"date":"2018-12-10T10:02:32","date_gmt":"2018-12-10T12:02:32","guid":{"rendered":"https:\/\/www.ufsm.br\/cursos\/graduacao\/santa-maria\/agronomia\/?page_id=193"},"modified":"2025-12-16T05:45:19","modified_gmt":"2025-12-16T08:45:19","slug":"colegiado","status":"publish","type":"page","link":"https:\/\/www.ufsm.br\/cursos\/graduacao\/santa-maria\/agronomia\/colegiado","title":{"rendered":"Colegiado"},"content":{"rendered":"<p>O Colegiado \u00e9 o \u00f3rg\u00e3o de inst\u00e2ncia m\u00e1xima dentro de nosso curso.<\/p>\n<p><strong>Composi\u00e7\u00e3o<\/strong><\/p>\n<p>O Colegiado de Curso de Gradua\u00e7\u00e3o comp\u00f5em-se:<\/p>\n<p>a) do Coordenador de Curso, como seu presidente:<br \/>\nb) do Coordenador substituto;<br \/>\nc) de um representante do CREA;<br \/>\nd) de uma representa\u00e7\u00e3o docente pertencente, preferencialmente, a profiss\u00e3o objeto do Curso;<br \/>\ne) 3 discentes do curso;<br \/>\nf) docentes de departamentos vinculados ao Curso de Agronomia.<\/p>\n<p>O CEPE baixar\u00e1 normas complementares \u00e0 organiza\u00e7\u00e3o e funcionamento dos Colegiados de Curso de Gradua\u00e7\u00e3o e P\u00f3s-Gradua\u00e7\u00e3o.<\/p>\n<p><span class=\"fontstyle0\">\u00a0<\/span><\/p>\n<p><span class=\"fontstyle0\">PORTARIA DE PESSOAL CCR\/UFSM No 208\/2025, DE 10 NOVEMBRO DE 2025:<\/span><\/p>\n<p><span class=\"fontstyle0\">Representantes da Coordena\u00e7\u00e3o do Curso em Agronomia:<br \/>\nProfa. Francine damian da Silva \u2013 Presidente<br \/>\nProf. Jonas<\/span><span style=\"color: initial\"> Andr\u00e9 Arnemann &#8211; Coordenador Substituto<\/span><\/p>\n<div class=\"HdbW6 MjUjnf VM6qJ Mefd0c\">\n<div class=\"hHq9Z m0pBqd\">\n<div data-hveid=\"CB0QAA\" data-ved=\"2ahUKEwjqptHF28GRAxVbA7kGHRH2NmEQlcAGegQIHRAA\">\n<div class=\"KsRP6 yniSnf\">\n<div class=\"MDY31c Sb9BPb\">\n<div class=\"QpPSMb\">\n<div class=\"r2VLS\">\n<div data-ias=\"false\">\n<div class=\"y1yadf\">\n<div class=\"CcNe6e v4Zpbe\" role=\"button\" aria-expanded=\"false\"><\/div>\n<\/div>\n<\/div>\n<\/div>\n<\/div>\n<\/div>\n<\/div>\n<\/div>\n<\/div>\n<div>\n<div class=\"kJSB8\" data-sd-cp=\"kJSB8\"><\/div>\n<\/div>\n<div class=\"GRl5yb a8pxAe\"><\/div>\n<\/div>\n<p><span class=\"fontstyle0\"><br \/>\nRepresentantes do Departamento de Engenharia Rural:<br \/>\nProf. Valmir Werner \u2013\u00a0 Titular<br \/>\nProfa. Marcia Xavier Peiter &#8211;\u00a0 Suplente<\/span><\/p>\n<p><span class=\"fontstyle0\"><br \/>\nRepresentantes do Departamento de Tecnologia em Alimentos:<br \/>\nProfa. Marianna Pozzatti Martins de Siqueira \u2013 Titular<br \/>\nProfa. Patr\u00edcia Medianeira Grigoletto Londero &#8211;\u00a0 Suplente<br \/>\n<\/span><\/p>\n<p><span class=\"fontstyle0\"><br \/>\nRepresentantes do Departamento de Solos:<br \/>\nProf. Fabricio de Araujo Pedron &#8211; Titular<br \/>\nProf. Ricardo Bergamo Schenato \u2013 Suplente<\/span><\/p>\n<p><span class=\"fontstyle0\"><br \/>\nRepresentantes do departamento de Ci\u00eancias Florestais:<br \/>\nProfa. Maristela Machado Araujo &#8211; Titular<br \/>\nProf. Luciano Denardi \u2013\u00a0 Suplente<\/span><\/p>\n<p><span class=\"fontstyle0\"><br \/>\nRepresentantes do Departamento de Fitotecnia:<br \/>\nProf. Rogerio Luiz Backes \u2013 Titular<br \/>\nProfa. Isabel Lago \u2013 Suplente<\/span><\/p>\n<p><span class=\"fontstyle0\"><br \/>\nRepresentantes do Departamento de Zootecnia:<br \/>\nProf. Arlei Rodrigues Bonet de Quadros &#8211;\u00a0 Titular<br \/>\nProf. Dari Celestino Alves Filho &#8211;\u00a0 Suplente<\/span><\/p>\n<p><span class=\"fontstyle0\"><br \/>\nRepresentante do Departamento de Defesa Fitossanit\u00e1ria:<br \/>\nProf. J\u00falio Carlos Pereira da Silva \u2013 Titular<br \/>\nProf. Adriano Arru\u00e9 Melo \u2013\u00a0 Suplente<\/span><\/p>\n<p>Representante do Departamento de Educa\u00e7\u00e3o Agr\u00edcola e Extens\u00e3o Rural:<br \/>\nProf. Alisson Vicente Zarnott \u2013 Titular<br \/>\nProf. Vanderlei Franck Thies \u2013 Suplente<\/p>\n<p>Representantes dos N\u00facleos B\u00e1sicos \u2013 CCNE:<br \/>\nProf \u00c2nderson C\u00e9sar Ramos Marques \u2013\u00a0 Titular<br \/>\nProf. Ivanor M\u00fcller \u2013\u00a0 Suplente<\/p>\n<p>Representantes da SASM:<br \/>\nEngo. Agr\u00f4nomo Vandro Rog\u00e9rio Vizzotto \u2013 Titular<br \/>\nEngo. Agr\u00f4nomo Irineu Savegnago \u2013 Suplente<\/p>\n<p>Representante do CREA:<br \/>\nEngo. Agr\u00f4nomo Juarez Morbini Lopes \u2013 Titular<br \/>\nEngo. Agr\u00f4nomo Valmor Christmann \u2013 Suplente<\/p>\n<p>Representantes do PET:<br \/>\nAcad. Natalia Sornberger Adam \u2013\u00a0 Titular<br \/>\nAcad. Amanda Guzzo Marim \u2013 Suplente<\/p>\n<p>Representantes do DAON:<br \/>\nAcad. Jo\u00e3o Pedro Dowich Decian \u2013\u00a0 Titular<br \/>\nAcad. Renan Saggin de Bortoli \u2013 Suplente<\/p>\n<p><strong>Atribui\u00e7\u00f5es<\/strong><\/p>\n<p>Aos Colegiados de Gradua\u00e7\u00e3o compete:<\/p>\n<p>I &#8211; propor ao CEPE, atrav\u00e9s do Conselho do respectivo Centro, os Curr\u00edculos plenos e suas altera\u00e7\u00f5es;<br \/>\nII &#8211; estabelecer a oferta de disciplina de cada per\u00edodo letivo;<br \/>\nIII &#8211; fixar e propor ao CEPE, atrav\u00e9s do Conselho do respectivo Centro, a carga hor\u00e1ria e os crit\u00e9rios de cada disciplina do curr\u00edculo;<br \/>\nIV &#8211; fixar e propor ao CEPE, atrav\u00e9s do Conselho do respectivo Centro, o termo m\u00e9dio de integraliza\u00e7\u00e3o curricular, dentro dos prazos m\u00ednimos e m\u00e1ximos estabelecidos pelo CFE;<br \/>\nV &#8211; orientar, fiscalizar e coordenar a realiza\u00e7\u00e3o do Curso respectivo;<br \/>\nVI &#8211; avaliar os curr\u00edculos e estabelecer o controle did\u00e1tico-pedag\u00f3gico, propondo aos Departamentos competentes as modifica\u00e7\u00f5es necess\u00e1rias;<br \/>\nVII &#8211; tra\u00e7ar as diretrizes gerais dos programas e estabelecer os objetivos das disciplinas e do Curso respectivo:<br \/>\nVIII &#8211; estabelecer o perfil do profissional a ser formado;<br \/>\nIX &#8211; harmonizar os programas a serem submetidos a aprecia\u00e7\u00e3o do CEPE atrav\u00e9s do Conselho do Centro respectivo;<br \/>\nX &#8211; propor a substitui\u00e7\u00e3o ou treinamento de professores ou outras provid\u00eancias necess\u00e1rias \u00e0 melhoria do ensino ministrado;<br \/>\nXI &#8211; representar aos \u00f3rg\u00e3os competentes em caso de infra\u00e7\u00e3o disciplinar;<br \/>\nXII &#8211; deliberar sobre aproveitamento de estudos, ouvindo o Departamento respectivo, se necess\u00e1rio;<br \/>\nXIII &#8211; estabelecer, semestralmente, os crit\u00e9rios de sele\u00e7\u00e3o para preenchimento de vagas destinadas a reingresso, transfer\u00eancias, mudan\u00e7as de curso e graduados;<br \/>\nXIV &#8211; decidir sobre todos os aspectos da vida acad\u00eamica do grupo discente, tais como: adapta\u00e7\u00e3o curricular, matr\u00edcula, trancamento, op\u00e7\u00f5es, dispensas e cancelamento de matr\u00edcula, bem como estabelecer o controle da respectiva integra\u00e7\u00e3o curricular;<br \/>\nXV &#8211; zelar para que os hor\u00e1rios das disciplinas sejam adequados \u00e0 natureza das mesmas e do Curso;<br \/>\nXVI &#8211; definir e propor no CEPE normas e crit\u00e9rios para a realiza\u00e7\u00e3o de est\u00e1gios curriculares;<br \/>\nXVII &#8211; exercer as demais atribui\u00e7\u00f5es que lhe sejam previstas em lei ou estabelecidas pelo CEPE.<\/p>\n<p>Par\u00e1grafo \u00fanico \u2013 Das decis\u00f5es do Colegiado de Curso cabe recurso ao Conselho do Centro respectivo.<\/p>\n<p>O Colegiado de Curso reunir-se-\u00e1, ordinariamente, duas vezes por semestre ou, extraordinariamente, sempre que convocado pelo presidente ou maioria de seus membros.<br \/>\nPar\u00e1grafo \u00fanico \u2013 O Colegiado de Curso deliberar\u00e1 somente com a maioria de seus membros.<\/p>\n<p>Toda e qualquer manifesta\u00e7\u00e3o de recep\u00e7\u00e3o aos novos estudantes, dever\u00e1 obrigatoriamente, estar inserida na programa\u00e7\u00e3o do Curso, aprovada pelo seu Colegiado.<\/p>\n<p>[texto adaptado do Regimento Geral da Universidade]<\/p>\n","protected":false},"excerpt":{"rendered":"<p>O Colegiado \u00e9 o \u00f3rg\u00e3o de inst\u00e2ncia m\u00e1xima dentro de nosso curso. Composi\u00e7\u00e3o O Colegiado de Curso de Gradua\u00e7\u00e3o comp\u00f5em-se: a) do Coordenador de Curso, como seu presidente: b) do Coordenador substituto; c) de um representante do CREA; d) de uma representa\u00e7\u00e3o docente pertencente, preferencialmente, a profiss\u00e3o objeto do Curso; e) 3 discentes do curso; [&hellip;]<\/p>\n","protected":false},"author":194,"featured_media":0,"parent":0,"menu_order":0,"comment_status":"closed","ping_status":"closed","template":"","meta":{"footnotes":""},"categories":[],"tags":[],"class_list":["post-193","page","type-page","status-publish","hentry"],"acf":[],"_links":{"self":[{"href":"https:\/\/www.ufsm.br\/cursos\/graduacao\/santa-maria\/agronomia\/wp-json\/wp\/v2\/pages\/193","targetHints":{"allow":["GET"]}}],"collection":[{"href":"https:\/\/www.ufsm.br\/cursos\/graduacao\/santa-maria\/agronomia\/wp-json\/wp\/v2\/pages"}],"about":[{"href":"https:\/\/www.ufsm.br\/cursos\/graduacao\/santa-maria\/agronomia\/wp-json\/wp\/v2\/types\/page"}],"author":[{"embeddable":true,"href":"https:\/\/www.ufsm.br\/cursos\/graduacao\/santa-maria\/agronomia\/wp-json\/wp\/v2\/users\/194"}],"replies":[{"embeddable":true,"href":"https:\/\/www.ufsm.br\/cursos\/graduacao\/santa-maria\/agronomia\/wp-json\/wp\/v2\/comments?post=193"}],"version-history":[{"count":0,"href":"https:\/\/www.ufsm.br\/cursos\/graduacao\/santa-maria\/agronomia\/wp-json\/wp\/v2\/pages\/193\/revisions"}],"wp:attachment":[{"href":"https:\/\/www.ufsm.br\/cursos\/graduacao\/santa-maria\/agronomia\/wp-json\/wp\/v2\/media?parent=193"}],"wp:term":[{"taxonomy":"category","embeddable":true,"href":"https:\/\/www.ufsm.br\/cursos\/graduacao\/santa-maria\/agronomia\/wp-json\/wp\/v2\/categories?post=193"},{"taxonomy":"post_tag","embeddable":true,"href":"https:\/\/www.ufsm.br\/cursos\/graduacao\/santa-maria\/agronomia\/wp-json\/wp\/v2\/tags?post=193"}],"curies":[{"name":"wp","href":"https:\/\/api.w.org\/{rel}","templated":true}]}}