{"id":196,"date":"2018-12-10T10:06:40","date_gmt":"2018-12-10T12:06:40","guid":{"rendered":"https:\/\/www.ufsm.br\/cursos\/graduacao\/santa-maria\/agronomia\/?page_id=196"},"modified":"2025-03-15T09:58:18","modified_gmt":"2025-03-15T12:58:18","slug":"links-uteis","status":"publish","type":"page","link":"https:\/\/www.ufsm.br\/cursos\/graduacao\/santa-maria\/agronomia\/links-uteis","title":{"rendered":"Links \u00dateis"},"content":{"rendered":"<p style=\"text-align: center\"><a href=\"https:\/\/www.ufsm.br\/calendario\/\">Calend\u00e1rio Letivo<\/a><\/p>\n<p style=\"text-align: center\"><a href=\"http:\/\/www.climatempo.com.br\/previsao-do-tempo\/cidade\/366\/santamaria-rs\">Previs\u00e3o do Tempo<\/a><br \/><a href=\"https:\/\/www.ufsm.br\/orgaos-suplementares\/biblioteca\">Bibliotecas UFSM<\/a><br \/><a href=\"http:\/\/site.ufsm.br\/onibus\/\">Hor\u00e1rios de \u00d4nibus<\/a><br \/><a href=\"http:\/\/lattes.cnpq.br\/\">Curr\u00edculo Lattes<\/a><\/p>\n<p style=\"text-align: center\"><a href=\"https:\/\/www.facebook.com\/profile.php?id=100007580688273&amp;fref=ts\">Facebook<\/a><\/p>\n\n\n<p><\/p>\n","protected":false},"excerpt":{"rendered":"<p>Calend\u00e1rio Letivo Previs\u00e3o do TempoBibliotecas UFSMHor\u00e1rios de \u00d4nibusCurr\u00edculo Lattes Facebook<\/p>\n","protected":false},"author":194,"featured_media":0,"parent":0,"menu_order":0,"comment_status":"closed","ping_status":"closed","template":"","meta":{"footnotes":""},"categories":[],"tags":[],"class_list":["post-196","page","type-page","status-publish","hentry"],"acf":[],"_links":{"self":[{"href":"https:\/\/www.ufsm.br\/cursos\/graduacao\/santa-maria\/agronomia\/wp-json\/wp\/v2\/pages\/196","targetHints":{"allow":["GET"]}}],"collection":[{"href":"https:\/\/www.ufsm.br\/cursos\/graduacao\/santa-maria\/agronomia\/wp-json\/wp\/v2\/pages"}],"about":[{"href":"https:\/\/www.ufsm.br\/cursos\/graduacao\/santa-maria\/agronomia\/wp-json\/wp\/v2\/types\/page"}],"author":[{"embeddable":true,"href":"https:\/\/www.ufsm.br\/cursos\/graduacao\/santa-maria\/agronomia\/wp-json\/wp\/v2\/users\/194"}],"replies":[{"embeddable":true,"href":"https:\/\/www.ufsm.br\/cursos\/graduacao\/santa-maria\/agronomia\/wp-json\/wp\/v2\/comments?post=196"}],"version-history":[{"count":0,"href":"https:\/\/www.ufsm.br\/cursos\/graduacao\/santa-maria\/agronomia\/wp-json\/wp\/v2\/pages\/196\/revisions"}],"wp:attachment":[{"href":"https:\/\/www.ufsm.br\/cursos\/graduacao\/santa-maria\/agronomia\/wp-json\/wp\/v2\/media?parent=196"}],"wp:term":[{"taxonomy":"category","embeddable":true,"href":"https:\/\/www.ufsm.br\/cursos\/graduacao\/santa-maria\/agronomia\/wp-json\/wp\/v2\/categories?post=196"},{"taxonomy":"post_tag","embeddable":true,"href":"https:\/\/www.ufsm.br\/cursos\/graduacao\/santa-maria\/agronomia\/wp-json\/wp\/v2\/tags?post=196"}],"curies":[{"name":"wp","href":"https:\/\/api.w.org\/{rel}","templated":true}]}}