{"id":788,"date":"2023-04-04T11:53:52","date_gmt":"2023-04-04T14:53:52","guid":{"rendered":"https:\/\/www.ufsm.br\/cursos\/graduacao\/santa-maria\/agronomia\/?page_id=788"},"modified":"2025-12-10T16:10:11","modified_gmt":"2025-12-10T19:10:11","slug":"normas-para-validacao-da-carga-horaria-em-acg-no-curso-de-agronomia","status":"publish","type":"page","link":"https:\/\/www.ufsm.br\/cursos\/graduacao\/santa-maria\/agronomia\/normas-para-validacao-da-carga-horaria-em-acg-no-curso-de-agronomia","title":{"rendered":"<strong>Normas para valida\u00e7\u00e3o da carga hor\u00e1ria em ACG no Curso de Agronomia<\/strong>"},"content":{"rendered":"\t\t<div data-elementor-type=\"wp-page\" data-elementor-id=\"788\" class=\"elementor elementor-788\">\n\t\t\t\t\t\t<section class=\"elementor-section elementor-top-section elementor-element elementor-element-70d77637 elementor-section-boxed elementor-section-height-default elementor-section-height-default\" data-id=\"70d77637\" data-element_type=\"section\">\n\t\t\t\t\t\t<div class=\"elementor-container elementor-column-gap-default\">\n\t\t\t\t\t<div class=\"elementor-column elementor-col-100 elementor-top-column elementor-element elementor-element-661835cc\" data-id=\"661835cc\" data-element_type=\"column\">\n\t\t\t<div class=\"elementor-widget-wrap elementor-element-populated\">\n\t\t\t\t\t\t\t<\/div>\n\t\t<\/div>\n\t\t\t\t\t<\/div>\n\t\t<\/section>\n\t\t\t\t<section class=\"elementor-section elementor-top-section elementor-element elementor-element-7de358d elementor-section-boxed elementor-section-height-default elementor-section-height-default\" data-id=\"7de358d\" data-element_type=\"section\">\n\t\t\t\t\t\t<div class=\"elementor-container elementor-column-gap-default\">\n\t\t\t\t\t<div class=\"elementor-column elementor-col-100 elementor-top-column elementor-element elementor-element-7c14df2\" data-id=\"7c14df2\" data-element_type=\"column\">\n\t\t\t<div class=\"elementor-widget-wrap elementor-element-populated\">\n\t\t\t\t\t\t<div class=\"elementor-element elementor-element-3d6bc6f elementor-widget elementor-widget-text-editor\" data-id=\"3d6bc6f\" data-element_type=\"widget\" data-widget_type=\"text-editor.default\">\n\t\t\t\t<div class=\"elementor-widget-container\">\n\t\t\t\t\t\t\t<p><a href=\"https:\/\/www.ufsm.br\/app\/uploads\/sites\/379\/2025\/12\/Manual-ACGs-Coor.Agronomia.pdf\">GUIA DE ENVIO DE ATIVIDADES COMPLEMENTARES DE GRADUA\u00c7\u00c3O (ACGs)<\/a><\/p><p><a href=\"https:\/\/www.ufsm.br\/app\/uploads\/sites\/379\/2025\/12\/NORMAS-DE-ATIVIDADES-COMPLEMENTARES-DE-GRADUACAO-DO-CURSO-DE-AGRONOMIA-1.pdf\">NORMAS DE ATIVIDADES COMPLEMENTARES DE GRADUA\u00c7\u00c3O DO CURSO DE AGRONOMIA<\/a><\/p>\t\t\t\t\t\t<\/div>\n\t\t\t\t<\/div>\n\t\t\t\t\t<\/div>\n\t\t<\/div>\n\t\t\t\t\t<\/div>\n\t\t<\/section>\n\t\t\t\t<\/div>\n\t\t","protected":false},"excerpt":{"rendered":"<p>GUIA DE ENVIO DE ATIVIDADES COMPLEMENTARES DE GRADUA\u00c7\u00c3O (ACGs) NORMAS DE ATIVIDADES COMPLEMENTARES DE GRADUA\u00c7\u00c3O DO CURSO DE AGRONOMIA<\/p>\n","protected":false},"author":469,"featured_media":0,"parent":0,"menu_order":0,"comment_status":"closed","ping_status":"closed","template":"","meta":{"footnotes":""},"categories":[],"tags":[],"class_list":["post-788","page","type-page","status-publish","hentry"],"acf":[],"_links":{"self":[{"href":"https:\/\/www.ufsm.br\/cursos\/graduacao\/santa-maria\/agronomia\/wp-json\/wp\/v2\/pages\/788","targetHints":{"allow":["GET"]}}],"collection":[{"href":"https:\/\/www.ufsm.br\/cursos\/graduacao\/santa-maria\/agronomia\/wp-json\/wp\/v2\/pages"}],"about":[{"href":"https:\/\/www.ufsm.br\/cursos\/graduacao\/santa-maria\/agronomia\/wp-json\/wp\/v2\/types\/page"}],"author":[{"embeddable":true,"href":"https:\/\/www.ufsm.br\/cursos\/graduacao\/santa-maria\/agronomia\/wp-json\/wp\/v2\/users\/469"}],"replies":[{"embeddable":true,"href":"https:\/\/www.ufsm.br\/cursos\/graduacao\/santa-maria\/agronomia\/wp-json\/wp\/v2\/comments?post=788"}],"version-history":[{"count":0,"href":"https:\/\/www.ufsm.br\/cursos\/graduacao\/santa-maria\/agronomia\/wp-json\/wp\/v2\/pages\/788\/revisions"}],"wp:attachment":[{"href":"https:\/\/www.ufsm.br\/cursos\/graduacao\/santa-maria\/agronomia\/wp-json\/wp\/v2\/media?parent=788"}],"wp:term":[{"taxonomy":"category","embeddable":true,"href":"https:\/\/www.ufsm.br\/cursos\/graduacao\/santa-maria\/agronomia\/wp-json\/wp\/v2\/categories?post=788"},{"taxonomy":"post_tag","embeddable":true,"href":"https:\/\/www.ufsm.br\/cursos\/graduacao\/santa-maria\/agronomia\/wp-json\/wp\/v2\/tags?post=788"}],"curies":[{"name":"wp","href":"https:\/\/api.w.org\/{rel}","templated":true}]}}