{"id":789,"date":"2023-04-04T11:59:38","date_gmt":"2023-04-04T14:59:38","guid":{"rendered":"https:\/\/www.ufsm.br\/cursos\/graduacao\/santa-maria\/agronomia\/?page_id=789"},"modified":"2025-12-10T16:12:20","modified_gmt":"2025-12-10T19:12:20","slug":"normas-para-validacao-da-carga-horaria-emacex-no-curso-de-agronomia","status":"publish","type":"page","link":"https:\/\/www.ufsm.br\/cursos\/graduacao\/santa-maria\/agronomia\/normas-para-validacao-da-carga-horaria-emacex-no-curso-de-agronomia","title":{"rendered":"Normas para valida\u00e7\u00e3o da carga hor\u00e1ria em ACEx no Curso de Agronomia"},"content":{"rendered":"\t\t<div data-elementor-type=\"wp-page\" data-elementor-id=\"789\" class=\"elementor elementor-789\">\n\t\t\t\t\t\t<section class=\"elementor-section elementor-top-section elementor-element elementor-element-78f90c4c elementor-section-boxed elementor-section-height-default elementor-section-height-default\" data-id=\"78f90c4c\" data-element_type=\"section\">\n\t\t\t\t\t\t<div class=\"elementor-container elementor-column-gap-default\">\n\t\t\t\t\t<div class=\"elementor-column elementor-col-100 elementor-top-column elementor-element elementor-element-36cb7665\" data-id=\"36cb7665\" data-element_type=\"column\">\n\t\t\t<div class=\"elementor-widget-wrap elementor-element-populated\">\n\t\t\t\t\t\t<div class=\"elementor-element elementor-element-22ecfc8d elementor-widget elementor-widget-text-editor\" data-id=\"22ecfc8d\" data-element_type=\"widget\" data-widget_type=\"text-editor.default\">\n\t\t\t\t<div class=\"elementor-widget-container\">\n\t\t\t\t\t\t\t<p>Para obten\u00e7\u00e3o do grau de <strong>Engenheiro Agr\u00f4nomo<\/strong>, o acad\u00eamico dever\u00e1 comprovar <strong>415 horas<\/strong> em A\u00e7\u00f5es de Extens\u00e3o Universit\u00e1ria, conforme a Resolu\u00e7\u00e3o do Conselho Nacional de Educa\u00e7\u00e3o n\u00b07 de 2018, regulamentada pela resolu\u00e7\u00e3o 003\/2019 da UFSM. Por delibera\u00e7\u00e3o do Colegiado do Curso, 120 horas dever\u00e3o ser cumpridas em Disciplinas obrigat\u00f3rias (Extens\u00e3o Agron\u00f4mica 1 e Extens\u00e3o Agron\u00f4mica 2), e o restante, 295 horas em Atividades Complementares de Extens\u00e3o (ACExs)<\/p>\n<p><a href=\"https:\/\/www.ufsm.br\/app\/uploads\/sites\/379\/2025\/11\/NORMAS-DE-ACEX_09092025-2-1.pdf\">NORMAS PARA VALIDA\u00c7\u00c3O DE CARGA HOR\u00c1RIA EM ACEX NO CURSO DE AGRONOMIA<\/a><\/p>\n<p><a href=\"https:\/\/www.ufsm.br\/app\/uploads\/sites\/379\/2025\/12\/Manual-ACEx-Coord-Agro.pdf\">GUIA DE ENVIO DE ATIVIDADES COMPLEMENTARES DE EXTENS\u00c3O (ACEx)<\/a><\/p>\n<p><!-- \/wp:paragraph --><!-- wp:paragraph --><\/p>\n<p><!-- \/wp:paragraph --><!-- wp:paragraph --><\/p>\n<p><!-- \/wp:paragraph --><\/p>\t\t\t\t\t\t<\/div>\n\t\t\t\t<\/div>\n\t\t\t\t\t<\/div>\n\t\t<\/div>\n\t\t\t\t\t<\/div>\n\t\t<\/section>\n\t\t\t\t<\/div>\n\t\t","protected":false},"excerpt":{"rendered":"<p>Para obten\u00e7\u00e3o do grau de Engenheiro Agr\u00f4nomo, o acad\u00eamico dever\u00e1 comprovar 415 horas em A\u00e7\u00f5es de Extens\u00e3o Universit\u00e1ria, conforme a Resolu\u00e7\u00e3o do Conselho Nacional de Educa\u00e7\u00e3o n\u00b07 de 2018, regulamentada pela resolu\u00e7\u00e3o 003\/2019 da UFSM. Por delibera\u00e7\u00e3o do Colegiado do Curso, 120 horas dever\u00e3o ser cumpridas em Disciplinas obrigat\u00f3rias (Extens\u00e3o Agron\u00f4mica 1 e Extens\u00e3o Agron\u00f4mica [&hellip;]<\/p>\n","protected":false},"author":469,"featured_media":0,"parent":0,"menu_order":0,"comment_status":"closed","ping_status":"closed","template":"","meta":{"footnotes":""},"categories":[],"tags":[],"class_list":["post-789","page","type-page","status-publish","hentry"],"acf":[],"_links":{"self":[{"href":"https:\/\/www.ufsm.br\/cursos\/graduacao\/santa-maria\/agronomia\/wp-json\/wp\/v2\/pages\/789","targetHints":{"allow":["GET"]}}],"collection":[{"href":"https:\/\/www.ufsm.br\/cursos\/graduacao\/santa-maria\/agronomia\/wp-json\/wp\/v2\/pages"}],"about":[{"href":"https:\/\/www.ufsm.br\/cursos\/graduacao\/santa-maria\/agronomia\/wp-json\/wp\/v2\/types\/page"}],"author":[{"embeddable":true,"href":"https:\/\/www.ufsm.br\/cursos\/graduacao\/santa-maria\/agronomia\/wp-json\/wp\/v2\/users\/469"}],"replies":[{"embeddable":true,"href":"https:\/\/www.ufsm.br\/cursos\/graduacao\/santa-maria\/agronomia\/wp-json\/wp\/v2\/comments?post=789"}],"version-history":[{"count":0,"href":"https:\/\/www.ufsm.br\/cursos\/graduacao\/santa-maria\/agronomia\/wp-json\/wp\/v2\/pages\/789\/revisions"}],"wp:attachment":[{"href":"https:\/\/www.ufsm.br\/cursos\/graduacao\/santa-maria\/agronomia\/wp-json\/wp\/v2\/media?parent=789"}],"wp:term":[{"taxonomy":"category","embeddable":true,"href":"https:\/\/www.ufsm.br\/cursos\/graduacao\/santa-maria\/agronomia\/wp-json\/wp\/v2\/categories?post=789"},{"taxonomy":"post_tag","embeddable":true,"href":"https:\/\/www.ufsm.br\/cursos\/graduacao\/santa-maria\/agronomia\/wp-json\/wp\/v2\/tags?post=789"}],"curies":[{"name":"wp","href":"https:\/\/api.w.org\/{rel}","templated":true}]}}