{"id":833,"date":"2023-12-11T10:09:54","date_gmt":"2023-12-11T13:09:54","guid":{"rendered":"https:\/\/www.ufsm.br\/cursos\/graduacao\/santa-maria\/agronomia\/?page_id=833"},"modified":"2023-12-11T10:09:55","modified_gmt":"2023-12-11T13:09:55","slug":"tutorial-processo-de-recuperacao-de-avaliacao","status":"publish","type":"page","link":"https:\/\/www.ufsm.br\/cursos\/graduacao\/santa-maria\/agronomia\/tutorial-processo-de-recuperacao-de-avaliacao","title":{"rendered":"Tutorial &#8211; Processo de Recupera\u00e7\u00e3o de Avalia\u00e7\u00e3o"},"content":{"rendered":"\n<p>O processo de recupera\u00e7\u00e3o de avalia\u00e7\u00e3o para alunos de gradua\u00e7\u00e3o deve ser feito via PEN-SIE, fique atento aos documentos necess\u00e1rios no processo bem como aos prazos para realizar esse procedimento! <\/p>\n\n\n\n<p><\/p>\n\n\n\n<p>N\u00e3o sabe como abrir um processo no PEN-SIE? Acesse: <a href=\"https:\/\/www.ufsm.br\/app\/uploads\/sites\/416\/2020\/05\/tutorial-de-abertura-pensie.pdf\">Tutorial de como abrir um processo no PEN-SIE<\/a><\/p>\n\n\n\n<p><\/p>\n\n\n\n<p><strong>Deve constar no processo: <\/strong><\/p>\n\n\n\n<p>Atestado que comprove o motivo da aus\u00eancia;<\/p>\n\n\n\n<p><a href=\"https:\/\/www.ufsm.br\/app\/uploads\/sites\/379\/2023\/12\/Requerimento-de-JUSTIFICATIVA-DE-FALTAS-E-RECUPERACAO-DE-AVALIACAO-AGRONOMIA.pdf\">Requerimento de justificativa (modelo do CCR)<\/a><\/p>\n\n\n\n<p><\/p>\n\n\n\n<p>D\u00favidas? Entre em contato via email: sigccr.afa@ufsm.br<\/p>\n","protected":false},"excerpt":{"rendered":"<p>O processo de recupera\u00e7\u00e3o de avalia\u00e7\u00e3o para alunos de gradua\u00e7\u00e3o deve ser feito via PEN-SIE, fique atento aos documentos necess\u00e1rios no processo bem como aos prazos para realizar esse procedimento! N\u00e3o sabe como abrir um processo no PEN-SIE? Acesse: Tutorial de como abrir um processo no PEN-SIE Deve constar no processo: Atestado que comprove o [&hellip;]<\/p>\n","protected":false},"author":7019,"featured_media":0,"parent":0,"menu_order":0,"comment_status":"closed","ping_status":"closed","template":"","meta":{"footnotes":""},"categories":[],"tags":[],"class_list":["post-833","page","type-page","status-publish","hentry"],"acf":[],"_links":{"self":[{"href":"https:\/\/www.ufsm.br\/cursos\/graduacao\/santa-maria\/agronomia\/wp-json\/wp\/v2\/pages\/833","targetHints":{"allow":["GET"]}}],"collection":[{"href":"https:\/\/www.ufsm.br\/cursos\/graduacao\/santa-maria\/agronomia\/wp-json\/wp\/v2\/pages"}],"about":[{"href":"https:\/\/www.ufsm.br\/cursos\/graduacao\/santa-maria\/agronomia\/wp-json\/wp\/v2\/types\/page"}],"author":[{"embeddable":true,"href":"https:\/\/www.ufsm.br\/cursos\/graduacao\/santa-maria\/agronomia\/wp-json\/wp\/v2\/users\/7019"}],"replies":[{"embeddable":true,"href":"https:\/\/www.ufsm.br\/cursos\/graduacao\/santa-maria\/agronomia\/wp-json\/wp\/v2\/comments?post=833"}],"version-history":[{"count":0,"href":"https:\/\/www.ufsm.br\/cursos\/graduacao\/santa-maria\/agronomia\/wp-json\/wp\/v2\/pages\/833\/revisions"}],"wp:attachment":[{"href":"https:\/\/www.ufsm.br\/cursos\/graduacao\/santa-maria\/agronomia\/wp-json\/wp\/v2\/media?parent=833"}],"wp:term":[{"taxonomy":"category","embeddable":true,"href":"https:\/\/www.ufsm.br\/cursos\/graduacao\/santa-maria\/agronomia\/wp-json\/wp\/v2\/categories?post=833"},{"taxonomy":"post_tag","embeddable":true,"href":"https:\/\/www.ufsm.br\/cursos\/graduacao\/santa-maria\/agronomia\/wp-json\/wp\/v2\/tags?post=833"}],"curies":[{"name":"wp","href":"https:\/\/api.w.org\/{rel}","templated":true}]}}