{"id":141,"date":"2018-11-27T13:54:40","date_gmt":"2018-11-27T15:54:40","guid":{"rendered":"https:\/\/www.ufsm.br\/cursos\/graduacao\/santa-maria\/arquitetura-e-urbanismo\/?page_id=141"},"modified":"2018-11-27T13:54:41","modified_gmt":"2018-11-27T15:54:41","slug":"historico-do-curso","status":"publish","type":"page","link":"https:\/\/www.ufsm.br\/cursos\/graduacao\/santa-maria\/arquitetura-e-urbanismo\/historico-do-curso","title":{"rendered":"Hist\u00f3rico do Curso"},"content":{"rendered":"<p>O Curso de Arquitetura e Urbanismo da Universidade Federal de Santa Maria, cujas atividades tiveram in\u00edcio no primeiro semestre de 1993, teve seu projeto reavaliado em 1995 a fim de atender a portaria n\u00ba 1.770 de 1 de dezembro de 1994 do MEC, a qual visa a fixa\u00e7\u00e3o de diretrizes curriculares e o conte\u00fado m\u00ednimo do curso.<\/p>\n<p>O curso atualmente tem dura\u00e7\u00e3o m\u00ednima de 10 semestres, perfazendo 4.680 horas entre disciplinas obrigat\u00f3rias e atividades complementares. Atualmente o ingresso ocorre com periodicidade anual mediante vestibular (18 vagas) e Programa de Ingresso ao Ensino Superior (4 vagas).<\/p>\n<p>Ap\u00f3s 9 anos da sua implanta\u00e7\u00e3o e da realiza\u00e7\u00e3o de semin\u00e1rios de avalia\u00e7\u00e3o, constatou-se a necessidade de reestruturar o curso, resultando no desenvolvimento de um novo projeto pol\u00edtico pedag\u00f3gico.<\/p>\n<p>O desenvolvimento deste Projeto Pol\u00edtico Pedag\u00f3gico ficou sob a responsabilidade de comiss\u00e3o formada por todos os membros do colegiado do curso que se subdividiu em subcomiss\u00f5es.<\/p>\n<p>As propostas foram discutidas em semin\u00e1rios de avalia\u00e7\u00e3o, sistematizadas e articuladas segundo objetivos e diretrizes espec\u00edficas para forma\u00e7\u00e3o profissional.<\/p>\n<p>Este projeto atende a diretrizes curriculares \u2013 portaria n\u00ba1770 de 21\/12\/94 do MEC e Parecer CNE\/CES n\u00b0112\/2005 de 06 de Abril de 2005, \u00e0 legisla\u00e7\u00e3o que regulamenta a profiss\u00e3o &#8211; lei federal n\u00ba 5.194\/66, resolu\u00e7\u00e3o n\u00ba 218\/73 e decis\u00e3o PL 2087\/2004 do Conselho Federal de Engenharia, Arquitetura e Agronomia \u2013 CONFEA e ao Projeto Pol\u00edtico Pedag\u00f3gico da UFSM de 12\/12\/2000.<\/p>\n","protected":false},"excerpt":{"rendered":"<p>O Curso de Arquitetura e Urbanismo da Universidade Federal de Santa Maria, cujas atividades tiveram in\u00edcio no primeiro semestre de 1993, teve seu projeto reavaliado em 1995 a fim de atender a portaria n\u00ba 1.770 de 1 de dezembro de 1994 do MEC, a qual visa a fixa\u00e7\u00e3o de diretrizes curriculares e o conte\u00fado m\u00ednimo [&hellip;]<\/p>\n","protected":false},"author":194,"featured_media":0,"parent":0,"menu_order":0,"comment_status":"closed","ping_status":"closed","template":"","meta":{"footnotes":""},"categories":[],"tags":[],"class_list":["post-141","page","type-page","status-publish","hentry"],"acf":[],"_links":{"self":[{"href":"https:\/\/www.ufsm.br\/cursos\/graduacao\/santa-maria\/arquitetura-e-urbanismo\/wp-json\/wp\/v2\/pages\/141","targetHints":{"allow":["GET"]}}],"collection":[{"href":"https:\/\/www.ufsm.br\/cursos\/graduacao\/santa-maria\/arquitetura-e-urbanismo\/wp-json\/wp\/v2\/pages"}],"about":[{"href":"https:\/\/www.ufsm.br\/cursos\/graduacao\/santa-maria\/arquitetura-e-urbanismo\/wp-json\/wp\/v2\/types\/page"}],"author":[{"embeddable":true,"href":"https:\/\/www.ufsm.br\/cursos\/graduacao\/santa-maria\/arquitetura-e-urbanismo\/wp-json\/wp\/v2\/users\/194"}],"replies":[{"embeddable":true,"href":"https:\/\/www.ufsm.br\/cursos\/graduacao\/santa-maria\/arquitetura-e-urbanismo\/wp-json\/wp\/v2\/comments?post=141"}],"version-history":[{"count":0,"href":"https:\/\/www.ufsm.br\/cursos\/graduacao\/santa-maria\/arquitetura-e-urbanismo\/wp-json\/wp\/v2\/pages\/141\/revisions"}],"wp:attachment":[{"href":"https:\/\/www.ufsm.br\/cursos\/graduacao\/santa-maria\/arquitetura-e-urbanismo\/wp-json\/wp\/v2\/media?parent=141"}],"wp:term":[{"taxonomy":"category","embeddable":true,"href":"https:\/\/www.ufsm.br\/cursos\/graduacao\/santa-maria\/arquitetura-e-urbanismo\/wp-json\/wp\/v2\/categories?post=141"},{"taxonomy":"post_tag","embeddable":true,"href":"https:\/\/www.ufsm.br\/cursos\/graduacao\/santa-maria\/arquitetura-e-urbanismo\/wp-json\/wp\/v2\/tags?post=141"}],"curies":[{"name":"wp","href":"https:\/\/api.w.org\/{rel}","templated":true}]}}