{"id":184,"date":"2018-11-27T14:38:08","date_gmt":"2018-11-27T16:38:08","guid":{"rendered":"https:\/\/www.ufsm.br\/cursos\/graduacao\/santa-maria\/arquitetura-e-urbanismo\/?page_id=184"},"modified":"2024-06-07T15:01:07","modified_gmt":"2024-06-07T18:01:07","slug":"acgs-e-dcgs","status":"publish","type":"page","link":"https:\/\/www.ufsm.br\/cursos\/graduacao\/santa-maria\/arquitetura-e-urbanismo\/acgs-e-dcgs","title":{"rendered":"ACGs e DCGs"},"content":{"rendered":"<p><a href=\"https:\/\/www.ufsm.br\/cursos\/graduacao\/santa-maria\/arquitetura-e-urbanismo\/wp-content\/uploads\/sites\/220\/2020\/03\/Edital_01_Avaliacao_da_Integralizacao_ACGs.pdf\" target=\"_blank\" rel=\"noopener noreferrer\">Edital N. 01\/2020 &#8211; Avalia\u00e7\u00e3o da Integraliza\u00e7\u00e3o de Atividades Complementares de Gradua\u00e7\u00e3o &#8211; ACGs<\/a><\/p>\n<p><a href=\"https:\/\/www.ufsm.br\/app\/uploads\/sites\/220\/2024\/06\/Regulamento_de_ACG_CAU_2024.pdf\" target=\"_blank\" rel=\"noopener noreferrer\">Regulamento Atividades Complementares de Gradua\u00e7\u00e3o<\/a><\/p>\n<p><a href=\"https:\/\/www.ufsm.br\/cursos\/graduacao\/santa-maria\/arquitetura-e-urbanismo\/wp-content\/uploads\/sites\/220\/2018\/11\/Requerimento_ACG.pdf\" target=\"_blank\" rel=\"noopener noreferrer\">Formul\u00e1rio &#8211; Atividades Complementares de Gradua\u00e7\u00e3o<\/a><\/p>\n<p><a href=\"https:\/\/www.ufsm.br\/cursos\/graduacao\/santa-maria\/arquitetura-e-urbanismo\/wp-content\/uploads\/sites\/220\/2018\/11\/Requerimento_DCG.pdf\" target=\"_blank\" rel=\"noopener noreferrer\">Formul\u00e1rio &#8211; Disciplina Complementar de Gradua\u00e7\u00e3o (DCG)<\/a><\/p>\n","protected":false},"excerpt":{"rendered":"<p>Edital N. 01\/2020 &#8211; Avalia\u00e7\u00e3o da Integraliza\u00e7\u00e3o de Atividades Complementares de Gradua\u00e7\u00e3o &#8211; ACGs Regulamento Atividades Complementares de Gradua\u00e7\u00e3o Formul\u00e1rio &#8211; Atividades Complementares de Gradua\u00e7\u00e3o Formul\u00e1rio &#8211; Disciplina Complementar de Gradua\u00e7\u00e3o (DCG)<\/p>\n","protected":false},"author":194,"featured_media":0,"parent":0,"menu_order":0,"comment_status":"closed","ping_status":"closed","template":"","meta":{"footnotes":""},"categories":[],"tags":[],"class_list":["post-184","page","type-page","status-publish","hentry"],"acf":[],"_links":{"self":[{"href":"https:\/\/www.ufsm.br\/cursos\/graduacao\/santa-maria\/arquitetura-e-urbanismo\/wp-json\/wp\/v2\/pages\/184","targetHints":{"allow":["GET"]}}],"collection":[{"href":"https:\/\/www.ufsm.br\/cursos\/graduacao\/santa-maria\/arquitetura-e-urbanismo\/wp-json\/wp\/v2\/pages"}],"about":[{"href":"https:\/\/www.ufsm.br\/cursos\/graduacao\/santa-maria\/arquitetura-e-urbanismo\/wp-json\/wp\/v2\/types\/page"}],"author":[{"embeddable":true,"href":"https:\/\/www.ufsm.br\/cursos\/graduacao\/santa-maria\/arquitetura-e-urbanismo\/wp-json\/wp\/v2\/users\/194"}],"replies":[{"embeddable":true,"href":"https:\/\/www.ufsm.br\/cursos\/graduacao\/santa-maria\/arquitetura-e-urbanismo\/wp-json\/wp\/v2\/comments?post=184"}],"version-history":[{"count":0,"href":"https:\/\/www.ufsm.br\/cursos\/graduacao\/santa-maria\/arquitetura-e-urbanismo\/wp-json\/wp\/v2\/pages\/184\/revisions"}],"wp:attachment":[{"href":"https:\/\/www.ufsm.br\/cursos\/graduacao\/santa-maria\/arquitetura-e-urbanismo\/wp-json\/wp\/v2\/media?parent=184"}],"wp:term":[{"taxonomy":"category","embeddable":true,"href":"https:\/\/www.ufsm.br\/cursos\/graduacao\/santa-maria\/arquitetura-e-urbanismo\/wp-json\/wp\/v2\/categories?post=184"},{"taxonomy":"post_tag","embeddable":true,"href":"https:\/\/www.ufsm.br\/cursos\/graduacao\/santa-maria\/arquitetura-e-urbanismo\/wp-json\/wp\/v2\/tags?post=184"}],"curies":[{"name":"wp","href":"https:\/\/api.w.org\/{rel}","templated":true}]}}