{"id":204,"date":"2018-11-27T15:43:29","date_gmt":"2018-11-27T17:43:29","guid":{"rendered":"https:\/\/www.ufsm.br\/cursos\/graduacao\/santa-maria\/arquitetura-e-urbanismo\/?page_id=204"},"modified":"2019-03-15T15:58:36","modified_gmt":"2019-03-15T18:58:36","slug":"legislacao-do-curriculo-do-curso","status":"publish","type":"page","link":"https:\/\/www.ufsm.br\/cursos\/graduacao\/santa-maria\/arquitetura-e-urbanismo\/legislacao-do-curriculo-do-curso","title":{"rendered":"Legisla\u00e7\u00e3o do curr\u00edculo do curso"},"content":{"rendered":"<ul>\n<li>Diretriz Curricular:\n<ul>\n<li>Resolu\u00e7\u00f5es:\n<ul>\n<li><a href=\"https:\/\/www.ufsm.br\/cursos\/graduacao\/santa-maria\/arquitetura-e-urbanismo\/wp-content\/uploads\/sites\/220\/2018\/11\/RESOLUcAO_N.02_2007_CNE_-_carga_horAria.pdf\" target=\"_blank\" rel=\"noopener noreferrer\">Resolu\u00e7\u00e3o N\u00ba 2, de 18 de junho de 2007<\/a><\/li>\n<li><a href=\"https:\/\/www.ufsm.br\/cursos\/graduacao\/santa-maria\/arquitetura-e-urbanismo\/wp-content\/uploads\/sites\/220\/2018\/11\/RESOLUcAO_N.02_2010_CNE_-_diretrizes.pdf\" target=\"_blank\" rel=\"noopener noreferrer\">Resolu\u00e7\u00e3o N\u00ba 2, de 17 de junho de 2010<\/a><\/li>\n<\/ul>\n<\/li>\n<\/ul>\n<\/li>\n<li>Lei do Exerc\u00edcio Profissional:\n<ul>\n<li><a href=\"https:\/\/www.ufsm.br\/cursos\/graduacao\/santa-maria\/arquitetura-e-urbanismo\/wp-content\/uploads\/sites\/220\/2018\/11\/L12378.pdf\" target=\"_blank\" rel=\"noopener noreferrer\">Lei N\u00ba 12.378, de 31 de dezembro de 2010<\/a><\/li>\n<li><a href=\"https:\/\/www.ufsm.br\/cursos\/graduacao\/santa-maria\/arquitetura-e-urbanismo\/wp-content\/uploads\/sites\/220\/2018\/11\/RES-21_CAUBR_16_2012.pdf\" target=\"_blank\" rel=\"noopener noreferrer\">Resolu\u00e7\u00e3o N\u00b0 21, de 5 de abril de 2012 &#8211; CAU\/BR<\/a><\/li>\n<\/ul>\n<\/li>\n<li><a href=\"https:\/\/www.ufsm.br\/cursos\/graduacao\/santa-maria\/arquitetura-e-urbanismo\/wp-content\/uploads\/sites\/220\/2018\/11\/NORMA_ESTAGIO_1.pdf\" target=\"_blank\" rel=\"noopener noreferrer\">Normas de Est\u00e1gio<\/a><\/li>\n<li><a href=\"https:\/\/www.ufsm.br\/cursos\/graduacao\/santa-maria\/arquitetura-e-urbanismo\/wp-content\/uploads\/sites\/220\/2018\/11\/NORMAS_TFG.pdf\" target=\"_blank\" rel=\"noopener noreferrer\">Normas de Trabalho Final de Gradua\u00e7\u00e3o<\/a><\/li>\n<li><a href=\"http:\/\/w3.ufsm.br\/arquitetura\/images\/quadro_de_horarios\/Regulamento_ACG_CAU_2018.pdf\" target=\"_blank\" rel=\"noopener noreferrer\">Regulamento das Atividades Complementares de Gradua\u00e7\u00e3o &#8211; ACG&#8217;s<\/a><\/li>\n<\/ul>\n","protected":false},"excerpt":{"rendered":"<p>Diretriz Curricular: Resolu\u00e7\u00f5es: Resolu\u00e7\u00e3o N\u00ba 2, de 18 de junho de 2007 Resolu\u00e7\u00e3o N\u00ba 2, de 17 de junho de 2010 Lei do Exerc\u00edcio Profissional: Lei N\u00ba 12.378, de 31 de dezembro de 2010 Resolu\u00e7\u00e3o N\u00b0 21, de 5 de abril de 2012 &#8211; CAU\/BR Normas de Est\u00e1gio Normas de Trabalho Final de Gradua\u00e7\u00e3o Regulamento [&hellip;]<\/p>\n","protected":false},"author":194,"featured_media":0,"parent":0,"menu_order":0,"comment_status":"closed","ping_status":"closed","template":"","meta":{"footnotes":""},"categories":[],"tags":[],"class_list":["post-204","page","type-page","status-publish","hentry"],"acf":[],"_links":{"self":[{"href":"https:\/\/www.ufsm.br\/cursos\/graduacao\/santa-maria\/arquitetura-e-urbanismo\/wp-json\/wp\/v2\/pages\/204","targetHints":{"allow":["GET"]}}],"collection":[{"href":"https:\/\/www.ufsm.br\/cursos\/graduacao\/santa-maria\/arquitetura-e-urbanismo\/wp-json\/wp\/v2\/pages"}],"about":[{"href":"https:\/\/www.ufsm.br\/cursos\/graduacao\/santa-maria\/arquitetura-e-urbanismo\/wp-json\/wp\/v2\/types\/page"}],"author":[{"embeddable":true,"href":"https:\/\/www.ufsm.br\/cursos\/graduacao\/santa-maria\/arquitetura-e-urbanismo\/wp-json\/wp\/v2\/users\/194"}],"replies":[{"embeddable":true,"href":"https:\/\/www.ufsm.br\/cursos\/graduacao\/santa-maria\/arquitetura-e-urbanismo\/wp-json\/wp\/v2\/comments?post=204"}],"version-history":[{"count":0,"href":"https:\/\/www.ufsm.br\/cursos\/graduacao\/santa-maria\/arquitetura-e-urbanismo\/wp-json\/wp\/v2\/pages\/204\/revisions"}],"wp:attachment":[{"href":"https:\/\/www.ufsm.br\/cursos\/graduacao\/santa-maria\/arquitetura-e-urbanismo\/wp-json\/wp\/v2\/media?parent=204"}],"wp:term":[{"taxonomy":"category","embeddable":true,"href":"https:\/\/www.ufsm.br\/cursos\/graduacao\/santa-maria\/arquitetura-e-urbanismo\/wp-json\/wp\/v2\/categories?post=204"},{"taxonomy":"post_tag","embeddable":true,"href":"https:\/\/www.ufsm.br\/cursos\/graduacao\/santa-maria\/arquitetura-e-urbanismo\/wp-json\/wp\/v2\/tags?post=204"}],"curies":[{"name":"wp","href":"https:\/\/api.w.org\/{rel}","templated":true}]}}