{"id":728,"date":"2021-10-29T15:10:51","date_gmt":"2021-10-29T18:10:51","guid":{"rendered":"https:\/\/www.ufsm.br\/cursos\/graduacao\/santa-maria\/arquitetura-e-urbanismo\/?page_id=728"},"modified":"2021-11-03T21:09:02","modified_gmt":"2021-11-04T00:09:02","slug":"laboratorio-de-acervo-editoracao-e-divulgacao-ufsm-horario","status":"publish","type":"page","link":"https:\/\/www.ufsm.br\/cursos\/graduacao\/santa-maria\/arquitetura-e-urbanismo\/laboratorio-de-acervo-editoracao-e-divulgacao-ufsm-horario","title":{"rendered":"Laborat\u00f3rio de Acervo, Editora\u00e7\u00e3o e Divulga\u00e7\u00e3o UFSM &#8211; Hor\u00e1rio"},"content":{"rendered":"\n<p><a href=\"https:\/\/www.facebook.com\/laedpa\/?view_public_for=1914642605457048\" target=\"_blank\" rel=\"noreferrer noopener\"><strong>Hor\u00e1rios de atendimento por monitores no LAEDPA &#8211; Segundo Semestre de 2021<\/strong><\/a><\/p>\n\n\n\n<p>Coordena\u00e7\u00e3o:<\/p>\n\n\n\n<p>Prof. Caryl Eduardo Jovanovich Lopes &#8211; <a href=\"mailto:arqcaryl@gmail.com\"><\/a><a rel=\"noreferrer noopener\" href=\"mailto:caryl.lopes@ufsm.br\" target=\"_blank\">caryl.lopes@ufsm.br<\/a><\/p>\n\n\n\n<p>Prof\u00aa. Leonora Romano &#8211;&nbsp;<a href=\"mailto:leonora.romano@ufsm.br\" target=\"_blank\" rel=\"noreferrer noopener\">leonora.romano@ufsm.br<\/a><\/p>\n\n\n\n<p><strong>Contatos:<\/strong><\/p>\n\n\n\n<ul class=\"wp-block-list\"><li>Email :&nbsp;<a href=\"mailto:leadpaufsm@gmail.com\"><\/a><a rel=\"noreferrer noopener\" href=\"mailto:leadpaufsm@gmail.com\" target=\"_blank\">laedpa.cau@<\/a><a rel=\"noreferrer noopener\" href=\"http:\/\/ufsm.br\/\" target=\"_blank\">ufsm.br<\/a><\/li><li>Facebook: laedpa Ufsm<\/li><li>Link de acesso \u00e0 p\u00e1gina do laborat\u00f3rio &#8211;&nbsp;<a rel=\"noreferrer noopener\" href=\"https:\/\/www.facebook.com\/laedpa\/?view_public_for=1914642605457048\" target=\"_blank\">clique aqui<\/a><\/li><\/ul>\n\n\n\n<p>Monitores:<\/p>\n\n\n\n<ul class=\"wp-block-list\"><li>Camila Matheus Behenck<\/li><li>Gabriela Hennig Osmari<\/li><li>Julia Santos de Almeida<\/li><li>Vit\u00f3ria Marcela Johann Lobo<\/li><\/ul>\n","protected":false},"excerpt":{"rendered":"<p>Hor\u00e1rios de atendimento por monitores no LAEDPA &#8211; Segundo Semestre de 2021 Coordena\u00e7\u00e3o: Prof. Caryl Eduardo Jovanovich Lopes &#8211; caryl.lopes@ufsm.br Prof\u00aa. Leonora Romano &#8211;&nbsp;leonora.romano@ufsm.br Contatos: Email :&nbsp;laedpa.cau@ufsm.br Facebook: laedpa Ufsm Link de acesso \u00e0 p\u00e1gina do laborat\u00f3rio &#8211;&nbsp;clique aqui Monitores: Camila Matheus Behenck Gabriela Hennig Osmari Julia Santos de Almeida Vit\u00f3ria Marcela Johann Lobo<\/p>\n","protected":false},"author":376,"featured_media":0,"parent":0,"menu_order":0,"comment_status":"closed","ping_status":"closed","template":"","meta":{"footnotes":""},"categories":[35,2],"tags":[],"class_list":["post-728","page","type-page","status-publish","hentry","category-academico","category-noticias"],"acf":[],"_links":{"self":[{"href":"https:\/\/www.ufsm.br\/cursos\/graduacao\/santa-maria\/arquitetura-e-urbanismo\/wp-json\/wp\/v2\/pages\/728","targetHints":{"allow":["GET"]}}],"collection":[{"href":"https:\/\/www.ufsm.br\/cursos\/graduacao\/santa-maria\/arquitetura-e-urbanismo\/wp-json\/wp\/v2\/pages"}],"about":[{"href":"https:\/\/www.ufsm.br\/cursos\/graduacao\/santa-maria\/arquitetura-e-urbanismo\/wp-json\/wp\/v2\/types\/page"}],"author":[{"embeddable":true,"href":"https:\/\/www.ufsm.br\/cursos\/graduacao\/santa-maria\/arquitetura-e-urbanismo\/wp-json\/wp\/v2\/users\/376"}],"replies":[{"embeddable":true,"href":"https:\/\/www.ufsm.br\/cursos\/graduacao\/santa-maria\/arquitetura-e-urbanismo\/wp-json\/wp\/v2\/comments?post=728"}],"version-history":[{"count":0,"href":"https:\/\/www.ufsm.br\/cursos\/graduacao\/santa-maria\/arquitetura-e-urbanismo\/wp-json\/wp\/v2\/pages\/728\/revisions"}],"wp:attachment":[{"href":"https:\/\/www.ufsm.br\/cursos\/graduacao\/santa-maria\/arquitetura-e-urbanismo\/wp-json\/wp\/v2\/media?parent=728"}],"wp:term":[{"taxonomy":"category","embeddable":true,"href":"https:\/\/www.ufsm.br\/cursos\/graduacao\/santa-maria\/arquitetura-e-urbanismo\/wp-json\/wp\/v2\/categories?post=728"},{"taxonomy":"post_tag","embeddable":true,"href":"https:\/\/www.ufsm.br\/cursos\/graduacao\/santa-maria\/arquitetura-e-urbanismo\/wp-json\/wp\/v2\/tags?post=728"}],"curies":[{"name":"wp","href":"https:\/\/api.w.org\/{rel}","templated":true}]}}