{"id":827,"date":"2024-12-13T15:43:47","date_gmt":"2024-12-13T18:43:47","guid":{"rendered":"https:\/\/www.ufsm.br\/cursos\/graduacao\/santa-maria\/arquitetura-e-urbanismo\/?page_id=827"},"modified":"2025-10-13T17:31:28","modified_gmt":"2025-10-13T20:31:28","slug":"trabalho-final-de-graduacao","status":"publish","type":"page","link":"https:\/\/www.ufsm.br\/cursos\/graduacao\/santa-maria\/arquitetura-e-urbanismo\/trabalho-final-de-graduacao","title":{"rendered":"Trabalho Final de Gradua\u00e7\u00e3o"},"content":{"rendered":"<p><span style=\"background-color: #ffff00\"><strong>SOLICITA\u00c7\u00c3O DE MATRICULA NAS DISCIPLINAS DE TFG I e II:<\/strong><\/span><\/p>\n<p>Somente poder\u00e3o se matricular na disciplina de Trabalho Final de Gradua\u00e7\u00e3o I e II os alunos que estiverem com os devidos pr\u00e9-requisitos cursados de acordo com o PPC do curso.<\/p>\n<p>Os alunos devem tamb\u00e9m seguir as seguintes regras:<\/p>\n<p><span style=\"background-color: #00ffff\">1)<\/span>\u00a0Aguardar e-mail com as datas referentes a entrega da documenta\u00e7\u00e3o necess\u00e1ria por parte da Secretaria Integrada III.<\/p>\n<p><span style=\"background-color: #00ffff\">2)<\/span>\u00a0Entregar por e-mail a\u00a0<strong>DECLARA\u00c7\u00c3O DE ORIENTA\u00c7\u00c3O<\/strong>, contendo todas as informa\u00e7\u00f5es necess\u00e1rias para abertura da turma e matr\u00edcula.<\/p>\n<p><span style=\"background-color: #00ffff\">3)<\/span> O lan\u00e7amento das disciplinas e a matr\u00edcula ser\u00e3o realizados de modo manual pela Secretaria Integrada III com base nas informa\u00e7\u00f5es recebidas.<\/p>\n<p><span style=\"background-color: #ffff00\"><strong>PROCESSO DE DEFESA \u2013 ORIENTA\u00c7\u00d5ES:<\/strong><\/span><\/p>\n<p>Os alunos dever\u00e3o aguardar informa\u00e7\u00f5es que devem ser enviadas pela <strong>comiss\u00e3o de TFG do curso<\/strong>.<\/p>\n<p>Juntamente ao final da entrega do material, deve ser entregue tamb\u00e9m a autoriza\u00e7\u00e3o de publica\u00e7\u00e3o das pranchas enviadas para a disciplina de TFG2.<\/p>\n<p>Este material deve ser enviado ao manancial da UFSM para futuras refer\u00eancias.<\/p>\n\n\n<p><\/p>\n","protected":false},"excerpt":{"rendered":"<p>SOLICITA\u00c7\u00c3O DE MATRICULA NAS DISCIPLINAS DE TFG I e II: Somente poder\u00e3o se matricular na disciplina de Trabalho Final de Gradua\u00e7\u00e3o I e II os alunos que estiverem com os devidos pr\u00e9-requisitos cursados de acordo com o PPC do curso. Os alunos devem tamb\u00e9m seguir as seguintes regras: 1)\u00a0Aguardar e-mail com as datas referentes a [&hellip;]<\/p>\n","protected":false},"author":445,"featured_media":0,"parent":0,"menu_order":0,"comment_status":"closed","ping_status":"closed","template":"","meta":{"footnotes":""},"categories":[],"tags":[],"class_list":["post-827","page","type-page","status-publish","hentry"],"acf":[],"_links":{"self":[{"href":"https:\/\/www.ufsm.br\/cursos\/graduacao\/santa-maria\/arquitetura-e-urbanismo\/wp-json\/wp\/v2\/pages\/827","targetHints":{"allow":["GET"]}}],"collection":[{"href":"https:\/\/www.ufsm.br\/cursos\/graduacao\/santa-maria\/arquitetura-e-urbanismo\/wp-json\/wp\/v2\/pages"}],"about":[{"href":"https:\/\/www.ufsm.br\/cursos\/graduacao\/santa-maria\/arquitetura-e-urbanismo\/wp-json\/wp\/v2\/types\/page"}],"author":[{"embeddable":true,"href":"https:\/\/www.ufsm.br\/cursos\/graduacao\/santa-maria\/arquitetura-e-urbanismo\/wp-json\/wp\/v2\/users\/445"}],"replies":[{"embeddable":true,"href":"https:\/\/www.ufsm.br\/cursos\/graduacao\/santa-maria\/arquitetura-e-urbanismo\/wp-json\/wp\/v2\/comments?post=827"}],"version-history":[{"count":0,"href":"https:\/\/www.ufsm.br\/cursos\/graduacao\/santa-maria\/arquitetura-e-urbanismo\/wp-json\/wp\/v2\/pages\/827\/revisions"}],"wp:attachment":[{"href":"https:\/\/www.ufsm.br\/cursos\/graduacao\/santa-maria\/arquitetura-e-urbanismo\/wp-json\/wp\/v2\/media?parent=827"}],"wp:term":[{"taxonomy":"category","embeddable":true,"href":"https:\/\/www.ufsm.br\/cursos\/graduacao\/santa-maria\/arquitetura-e-urbanismo\/wp-json\/wp\/v2\/categories?post=827"},{"taxonomy":"post_tag","embeddable":true,"href":"https:\/\/www.ufsm.br\/cursos\/graduacao\/santa-maria\/arquitetura-e-urbanismo\/wp-json\/wp\/v2\/tags?post=827"}],"curies":[{"name":"wp","href":"https:\/\/api.w.org\/{rel}","templated":true}]}}