{"id":1051,"date":"2021-04-15T07:40:22","date_gmt":"2021-04-15T10:40:22","guid":{"rendered":"https:\/\/www.ufsm.br\/cursos\/graduacao\/santa-maria\/arquivologia\/?page_id=1051"},"modified":"2023-01-16T14:34:39","modified_gmt":"2023-01-16T17:34:39","slug":"relatorios-tecnicos-do-departamento-de-arquivologia","status":"publish","type":"page","link":"https:\/\/www.ufsm.br\/cursos\/graduacao\/santa-maria\/arquivologia\/relatorios-tecnicos-do-departamento-de-arquivologia","title":{"rendered":"Relat\u00f3rios T\u00e9cnicos do Departamento de Arquivologia"},"content":{"rendered":"\t\t<div data-elementor-type=\"wp-page\" data-elementor-id=\"1051\" class=\"elementor elementor-1051\">\n\t\t\t\t\t\t<section class=\"elementor-section elementor-top-section elementor-element elementor-element-b565b3b elementor-section-boxed elementor-section-height-default elementor-section-height-default\" data-id=\"b565b3b\" data-element_type=\"section\">\n\t\t\t\t\t\t<div class=\"elementor-container elementor-column-gap-default\">\n\t\t\t\t\t<div class=\"elementor-column elementor-col-100 elementor-top-column elementor-element elementor-element-13e5ac5\" data-id=\"13e5ac5\" data-element_type=\"column\">\n\t\t\t<div class=\"elementor-widget-wrap elementor-element-populated\">\n\t\t\t\t\t\t<div class=\"elementor-element elementor-element-75c3a7a elementor-tabs-view-horizontal elementor-widget elementor-widget-tabs\" data-id=\"75c3a7a\" data-element_type=\"widget\" data-widget_type=\"tabs.default\">\n\t\t\t\t<div class=\"elementor-widget-container\">\n\t\t\t\t\t<div class=\"elementor-tabs\">\n\t\t\t<div class=\"elementor-tabs-wrapper\" role=\"tablist\" >\n\t\t\t\t\t\t\t\t\t<div id=\"elementor-tab-title-1231\" class=\"elementor-tab-title elementor-tab-desktop-title\" aria-selected=\"true\" data-tab=\"1\" role=\"tab\" tabindex=\"0\" aria-controls=\"elementor-tab-content-1231\" aria-expanded=\"false\">Apresenta\u00e7\u00e3o<\/div>\n\t\t\t\t\t\t\t\t\t<div id=\"elementor-tab-title-1232\" class=\"elementor-tab-title elementor-tab-desktop-title\" aria-selected=\"false\" data-tab=\"2\" role=\"tab\" tabindex=\"-1\" aria-controls=\"elementor-tab-content-1232\" aria-expanded=\"false\">Expediente<\/div>\n\t\t\t\t\t\t\t\t\t<div id=\"elementor-tab-title-1233\" class=\"elementor-tab-title elementor-tab-desktop-title\" aria-selected=\"false\" data-tab=\"3\" role=\"tab\" tabindex=\"-1\" aria-controls=\"elementor-tab-content-1233\" aria-expanded=\"false\">Edi\u00e7\u00e3o Atual<\/div>\n\t\t\t\t\t\t\t\t\t<div id=\"elementor-tab-title-1234\" class=\"elementor-tab-title elementor-tab-desktop-title\" aria-selected=\"false\" data-tab=\"4\" role=\"tab\" tabindex=\"-1\" aria-controls=\"elementor-tab-content-1234\" aria-expanded=\"false\">Edi\u00e7\u00f5es Anteriores<\/div>\n\t\t\t\t\t\t\t\t\t<div id=\"elementor-tab-title-1235\" class=\"elementor-tab-title elementor-tab-desktop-title\" aria-selected=\"false\" data-tab=\"5\" role=\"tab\" tabindex=\"-1\" aria-controls=\"elementor-tab-content-1235\" aria-expanded=\"false\">Diretrizes<\/div>\n\t\t\t\t\t\t\t<\/div>\n\t\t\t<div class=\"elementor-tabs-content-wrapper\" role=\"tablist\" aria-orientation=\"vertical\">\n\t\t\t\t\t\t\t\t\t<div class=\"elementor-tab-title elementor-tab-mobile-title\" aria-selected=\"true\" data-tab=\"1\" role=\"tab\" tabindex=\"0\" aria-controls=\"elementor-tab-content-1231\" aria-expanded=\"false\">Apresenta\u00e7\u00e3o<\/div>\n\t\t\t\t\t<div id=\"elementor-tab-content-1231\" class=\"elementor-tab-content elementor-clearfix\" data-tab=\"1\" role=\"tabpanel\" aria-labelledby=\"elementor-tab-title-1231\" tabindex=\"0\" hidden=\"false\"><p style=\"text-align: right\"><strong>ISSN&nbsp;<\/strong><b style=\"font-family: arial, helvetica, sans-serif;font-size: 16px;text-align: left\">2763-745X<\/b><\/p>\n<p>Um relat\u00f3rio t\u00e9cnico \u00e9 um documento que relata os resultados obtidos em investiga\u00e7\u00e3o de pesquisa, ou que descreve a situa\u00e7\u00e3o de uma quest\u00e3o t\u00e9cnica ou cientifica. Um relat\u00f3rio te\u0301cnico-cienti\u0301fico apresenta sistematicamente informa\u00e7\u00e3o suficiente para um leitor qualificado, tra\u00e7a conclus\u00f5es e faz recomenda\u00e7\u00f5es.&nbsp; A publica\u00e7\u00e3o de relat\u00f3rios t\u00e9cnicos \u00e9 fomentada pelos \u00f3rg\u00e3os de pesquisa brasileiros como o Conselho Nacional de Desenvolvimento Cient\u00edfico e Tecnol\u00f3gico (CNPq) e a Coordena\u00e7\u00e3o de Aperfei\u00e7oamento de Pessoal de N\u00edvel Superior (CAPES).<\/p>\n<p>Dentro do \u00e2mbito do Departamento de Arquivologia (DArq), os professores e alunos s\u00e3o estimulados a publicar relat\u00f3rios t\u00e9cnicos relativos \u00e0s suas pesquisas em andamento ou finais, como forma de estimular a produ\u00e7\u00e3o cient\u00edfica e t\u00e9cnica, al\u00e9m de auxiliar na difus\u00e3o do Departamento de Arquivologia e da Universidade Federal de Santa Maria (UFSM) frente \u00e0 sociedade em geral. A publica\u00e7\u00e3o dos relat\u00f3rios t\u00e9cnicos \u00e9 de responsabilidade da Editoria T\u00e9cnica do Departamento de Arquivologia (EdTEC\/DArq) e seu conte\u00fado \u00e9 de inteira responsabilidade dos autores.<\/p>\n<p style=\"text-align: justify;background: white;margin: 0cm 0cm 11.25pt 0cm\"><span style=\"font-family: 'Arial',sans-serif;color: black\">No que diz respeito \u00e0 import\u00e2ncia da publica\u00e7\u00e3o de relat\u00f3rios t\u00e9cnicos para o campo da Arquivologia, salienta-se que, em virtude das pr\u00f3prias caracter\u00edsticas da \u00e1rea \u2013 muitas vezes marcada pela aus\u00eancia de textos did\u00e1ticos em determinadas tem\u00e1ticas ou ainda pelo relativamente reduzido n\u00famero de oportunidades de oportunidades para divulga\u00e7\u00e3o cient\u00edfica \u2013, os RTs representam um avan\u00e7o no sentido da produ\u00e7\u00e3o e dissemina\u00e7\u00e3o do conhecimento arquiv\u00edstico. Por suas caracter\u00edsticas, eles configuram-se em instrumentos mais \u00e1geis e din\u00e2micos \u2013 ainda que dotados de todos os crit\u00e9rios cient\u00edficos b\u00e1sicos \u2013 para a democratiza\u00e7\u00e3o dos avan\u00e7os t\u00e9cnicos e cient\u00edficos da Arquivologia.<\/span><\/p><\/div>\n\t\t\t\t\t\t\t\t\t<div class=\"elementor-tab-title elementor-tab-mobile-title\" aria-selected=\"false\" data-tab=\"2\" role=\"tab\" tabindex=\"-1\" aria-controls=\"elementor-tab-content-1232\" aria-expanded=\"false\">Expediente<\/div>\n\t\t\t\t\t<div id=\"elementor-tab-content-1232\" class=\"elementor-tab-content elementor-clearfix\" data-tab=\"2\" role=\"tabpanel\" aria-labelledby=\"elementor-tab-title-1232\" tabindex=\"0\" hidden=\"hidden\"><p><strong>Editor<\/strong>: Prof. Dr. Andre Zanki Cordenonsi\u00a0<\/p><p><strong>Corpo editorial:<\/strong><\/p><p>Prof. Dr. Andre Zanki Cordenonsi<\/p><p>Prof. Msc. S\u00e9rgio Renato Lampert<\/p><p>Prof. Dr. Francisco Alcides Cougo Junior<\/p><p><strong>Periodicidade da publica\u00e7\u00e3o<\/strong>: anual.<\/p><p><strong>Idiomas:\u00a0<\/strong>ser\u00e3o aceitos relat\u00f3rios em portugu\u00eas, ingl\u00eas ou espanhol.<\/p><p><strong>Institui\u00e7\u00e3o respons\u00e1vel<\/strong>: Departamento de Arquivologia, Centro de Ci\u00eancias Sociais e Humanas, UFSM.<\/p><p><strong>Endere\u00e7o<\/strong>: Av. Roraima n\u00ba 1000, Centro de Ci\u00eancias Sociais e Humanas, pr\u00e9dio 7A A, 1\u00b0 Andar, sala 2147. CEP: 97105-900. Santa Maria \u2013 RS.<\/p><\/div>\n\t\t\t\t\t\t\t\t\t<div class=\"elementor-tab-title elementor-tab-mobile-title\" aria-selected=\"false\" data-tab=\"3\" role=\"tab\" tabindex=\"-1\" aria-controls=\"elementor-tab-content-1233\" aria-expanded=\"false\">Edi\u00e7\u00e3o Atual<\/div>\n\t\t\t\t\t<div id=\"elementor-tab-content-1233\" class=\"elementor-tab-content elementor-clearfix\" data-tab=\"3\" role=\"tabpanel\" aria-labelledby=\"elementor-tab-title-1233\" tabindex=\"0\" hidden=\"hidden\"><p><strong>Volume 3, N\u00famero 1 (2022)<\/strong><\/p><hr \/><p><span style=\"font-weight: bolder;color: #1c1c1c;font-size: 16px\">Manual de Trabalho de Conclus\u00e3o de Curso.\u00a0<\/span><span style=\"color: #1c1c1c;font-size: 16px\">Autor: <\/span>Francisco Alcides Cougo Junior<span style=\"color: #1c1c1c;font-size: 16px\">. DArq\/Tec.01.2022.MAN. Agosto de 2022. [ <a href=\"https:\/\/www.ufsm.br\/app\/uploads\/sites\/463\/2022\/08\/DARQ.Tec_.01.2022.Man_.pdf\">Arquivo PDF<\/a><\/span><span style=\"color: #1c1c1c;font-size: 16px\">\u00a0]<\/span><\/p><p><strong>Escola Estadual de Ensino Fundamental Francisco Manuel: Cat\u00e1logo Fotogr\u00e1fico 1937-2001. <\/strong>Autores: Daniele de Vargas Michelotti e Andre Zanki Cordenonsi. DArq\/FundArq.02.2022.CAT. Julho de 2022. [ <a href=\"https:\/\/www.ufsm.br\/app\/uploads\/sites\/463\/2023\/01\/DARQ.FundArq.02.2022.CAT_.pdf\">Arquivo PDF<\/a> ]<\/p><\/div>\n\t\t\t\t\t\t\t\t\t<div class=\"elementor-tab-title elementor-tab-mobile-title\" aria-selected=\"false\" data-tab=\"4\" role=\"tab\" tabindex=\"-1\" aria-controls=\"elementor-tab-content-1234\" aria-expanded=\"false\">Edi\u00e7\u00f5es Anteriores<\/div>\n\t\t\t\t\t<div id=\"elementor-tab-content-1234\" class=\"elementor-tab-content elementor-clearfix\" data-tab=\"4\" role=\"tabpanel\" aria-labelledby=\"elementor-tab-title-1234\" tabindex=\"0\" hidden=\"hidden\"><p><strong>Volume 2, N\u00famero 1 (2021)<\/strong><\/p><hr \/><p><b>Observat\u00f3rio dos Arquivos do Rio Grande do Sul<\/b><span style=\"font-weight: bolder;color: #1c1c1c;font-size: 16px\">.\u00a0<\/span><span style=\"color: #1c1c1c;font-size: 16px\">Autores:\u00a0<\/span>Val\u00e9ria Raquel Bertotti, Francisco Alcides Cougo Junior, Ana Paula Diedrich, \u00c2ngela Hendler Mota,\u00a0Doralino F\u00e1bio Matos de Souza, Francisco Weliton Oliveira Araujo Souza, Luana Oliveira Mello, M\u00e1rcia Rodrigues de Sena<span style=\"color: #1c1c1c;font-size: 16px\">. DArq\/ArqSoc.06.2021.ANS. Junho de 2021. [\u00a0<\/span><a style=\"font-size: 16px;color: #204c90;background-color: #ffffff\" href=\"https:\/\/www.ufsm.br\/app\/uploads\/sites\/463\/2021\/06\/DARQ.ArqSoc.06.2021.ANS_.pdf\">Arquivo PDF<\/a><span style=\"color: #1c1c1c;font-size: 16px\">\u00a0]<\/span><\/p><p><strong>Pesquisa Nacional sobre a Ocupa\u00e7\u00e3o em Arquivologia (Ano de refer\u00eancia: 2016). <\/strong>Autores: Francisco Alcides Cougo Junior, Antonio Henrique Santos de Brito, Glenio Vincenzo Baumhardt Varaschini, Helvio Spode da Silva, Katia Teresinha Paloschi, Leticia de Freitas Gaiardo e Thais Becker Vertura. DArq\/ArqSoc.05.2021.ANS. Maio de 2021. [ <a href=\"https:\/\/www.ufsm.br\/app\/uploads\/sites\/463\/2021\/06\/DARQ.ArqSoc.05.2021.ANS_-1.pdf\">Arquivo PDF<\/a> ]<\/p><p><strong>Manual de Medidas de Conserva\u00e7\u00e3o Preventiva para o Setor Cultural da EASA. <\/strong>Autores: Gislaine Nunes dos Santos e Andre Zanki Cordenonsi. DArq\/FundArq.04.2021.MAT. Maio de 2021. [ <a href=\"https:\/\/www.ufsm.br\/app\/uploads\/sites\/463\/2021\/06\/DARQ.FundArq.04.2021.MAN_.pdf\">Arquivo PDF<\/a> ]<\/p><p><strong>Orquestra Sinf\u00f4nica de Santa Maria: Cartilha do Plano de Conserva\u00e7\u00e3o e Preserva\u00e7\u00e3o dos Documentos Sonoros e Audiovisuais. <\/strong>Autores: Betina Jost e Andre Zanki Cordenonsi. DArq\/FundArq.03.2021.MAT. Maio de 2021.\u00a0 [ <a href=\"https:\/\/www.ufsm.br\/app\/uploads\/sites\/463\/2021\/06\/DARQ.FundArq.03.2021.Mat_.pdf\">Arquivo PDF<\/a> ]<\/p><hr style=\"height: 2px;border-width: 0;color: gray;background-color: gray\" \/><p><strong>Volume 1, N\u00famero 1 (2020)<\/strong><\/p><p><strong>Simple Computer: Manual de Opera\u00e7\u00e3o.\u00a0<\/strong>Autor: Andre Zanki Cordenonsi. DArq\/ArqDig.02.2020.MAN. Dezembro de 2020. [ <a href=\"https:\/\/www.ufsm.br\/app\/uploads\/sites\/463\/2021\/06\/DARQ.ArqDig.02.2020.MAN_.pdf\">Arquivo PDF<\/a> ] [ <a href=\"https:\/\/www.ufsm.br\/app\/uploads\/sites\/463\/2021\/05\/SimpleComputer.zip\">SimpleComputer.zip<\/a> ]<\/p><p><strong>Diretrizes para Submiss\u00e3o de Relat\u00f3rios T\u00e9cnicos \u00e0 Editoria T\u00e9cnica do Departamento de Arquivologia \/ UFSM. <\/strong>Autores: Andre Zanki Cordenonsi, Augusto C\u00e9sar Luiz Britto, Danilo Ribas Barbiero, Fernanda Kieling Pedrazzi, Francisco Alcides Cougo Junior, Glaucia Vieira Ramos Konrad, Jorge Alberto Soares Cruz, Rafael Chaves Ferreira, Rosani Beatriz Pivetta da Silva, S\u00e9rgio Renato Lampert, S\u00f4nia Elisabete Constante. DArq\/TEC.01.2020.DIR. Julho de 2020. [ <a href=\"https:\/\/www.ufsm.br\/app\/uploads\/sites\/463\/2021\/06\/DARQ.TEC_.01.2020.DIR_.pdf\">Arquivo PDF<\/a> ]<\/p><\/div>\n\t\t\t\t\t\t\t\t\t<div class=\"elementor-tab-title elementor-tab-mobile-title\" aria-selected=\"false\" data-tab=\"5\" role=\"tab\" tabindex=\"-1\" aria-controls=\"elementor-tab-content-1235\" aria-expanded=\"false\">Diretrizes<\/div>\n\t\t\t\t\t<div id=\"elementor-tab-content-1235\" class=\"elementor-tab-content elementor-clearfix\" data-tab=\"5\" role=\"tabpanel\" aria-labelledby=\"elementor-tab-title-1235\" tabindex=\"0\" hidden=\"hidden\"><p>Os textos a serem publicados devem ser enviados por correio eletr\u00f4nico (<a href=\"mailto:edtec.darq@ufsm.br\">edtec.darq@ufsm.br<\/a>), seguindo as normas e recomenda\u00e7\u00f5es publicadas nas <em>Diretrizes para Submiss\u00e3o de Relat\u00f3rios T\u00e9cnicos \u00e0 Editoria T\u00e9cnica do Departamento de Arquivologia \/UFSM<\/em>.\u00a0<\/p><p><strong>Arquivos:<\/strong><\/p><ul><li>Diretrizes para Submiss\u00e3o de Relat\u00f3rios T\u00e9cnicos \u00e0 Editoria T\u00e9cnica do Departamento de Arquivologia \/UFSM (<a href=\"https:\/\/www.ufsm.br\/app\/uploads\/sites\/463\/2021\/06\/DARQ.TEC_.01.2020.DIR_.pdf\">DArq\/TEC.01.2020.DIR<\/a>)\u00a0<\/li><li>Modelo do Relat\u00f3rio (<a href=\"https:\/\/www.ufsm.br\/app\/uploads\/sites\/463\/2020\/05\/modelo_relatorio_tecnico_darq.docx\">DOCX<\/a>)<\/li><li>Modelo do Relat\u00f3rio (<a href=\"https:\/\/www.ufsm.br\/app\/uploads\/sites\/463\/2020\/05\/modelo_relatorio_tecnico_darq.odt\">ODT<\/a>)<\/li><\/ul><\/div>\n\t\t\t\t\t\t\t<\/div>\n\t\t<\/div>\n\t\t\t\t<\/div>\n\t\t\t\t<\/div>\n\t\t\t\t\t<\/div>\n\t\t<\/div>\n\t\t\t\t\t<\/div>\n\t\t<\/section>\n\t\t\t\t<\/div>\n\t\t","protected":false},"excerpt":{"rendered":"<p>Apresenta\u00e7\u00e3o Expediente Edi\u00e7\u00e3o Atual Edi\u00e7\u00f5es Anteriores Diretrizes Apresenta\u00e7\u00e3o ISSN&nbsp;2763-745X Um relat\u00f3rio t\u00e9cnico \u00e9 um documento que relata os resultados obtidos em investiga\u00e7\u00e3o de pesquisa, ou que descreve a situa\u00e7\u00e3o de uma quest\u00e3o t\u00e9cnica ou cientifica. Um relat\u00f3rio te\u0301cnico-cienti\u0301fico apresenta sistematicamente informa\u00e7\u00e3o suficiente para um leitor qualificado, tra\u00e7a conclus\u00f5es e faz recomenda\u00e7\u00f5es.&nbsp; A publica\u00e7\u00e3o de relat\u00f3rios [&hellip;]<\/p>\n","protected":false},"author":2175,"featured_media":0,"parent":0,"menu_order":0,"comment_status":"closed","ping_status":"closed","template":"","meta":{"footnotes":""},"categories":[],"tags":[],"class_list":["post-1051","page","type-page","status-publish","hentry"],"acf":[],"_links":{"self":[{"href":"https:\/\/www.ufsm.br\/cursos\/graduacao\/santa-maria\/arquivologia\/wp-json\/wp\/v2\/pages\/1051","targetHints":{"allow":["GET"]}}],"collection":[{"href":"https:\/\/www.ufsm.br\/cursos\/graduacao\/santa-maria\/arquivologia\/wp-json\/wp\/v2\/pages"}],"about":[{"href":"https:\/\/www.ufsm.br\/cursos\/graduacao\/santa-maria\/arquivologia\/wp-json\/wp\/v2\/types\/page"}],"author":[{"embeddable":true,"href":"https:\/\/www.ufsm.br\/cursos\/graduacao\/santa-maria\/arquivologia\/wp-json\/wp\/v2\/users\/2175"}],"replies":[{"embeddable":true,"href":"https:\/\/www.ufsm.br\/cursos\/graduacao\/santa-maria\/arquivologia\/wp-json\/wp\/v2\/comments?post=1051"}],"version-history":[{"count":0,"href":"https:\/\/www.ufsm.br\/cursos\/graduacao\/santa-maria\/arquivologia\/wp-json\/wp\/v2\/pages\/1051\/revisions"}],"wp:attachment":[{"href":"https:\/\/www.ufsm.br\/cursos\/graduacao\/santa-maria\/arquivologia\/wp-json\/wp\/v2\/media?parent=1051"}],"wp:term":[{"taxonomy":"category","embeddable":true,"href":"https:\/\/www.ufsm.br\/cursos\/graduacao\/santa-maria\/arquivologia\/wp-json\/wp\/v2\/categories?post=1051"},{"taxonomy":"post_tag","embeddable":true,"href":"https:\/\/www.ufsm.br\/cursos\/graduacao\/santa-maria\/arquivologia\/wp-json\/wp\/v2\/tags?post=1051"}],"curies":[{"name":"wp","href":"https:\/\/api.w.org\/{rel}","templated":true}]}}