{"id":1260,"date":"2023-01-31T12:22:52","date_gmt":"2023-01-31T15:22:52","guid":{"rendered":"https:\/\/www.ufsm.br\/cursos\/graduacao\/santa-maria\/arquivologia\/?page_id=1260"},"modified":"2026-03-04T16:43:05","modified_gmt":"2026-03-04T19:43:05","slug":"tutorial-de-solicitacao-de-matricula-com-quebra-de-pre-requisitos","status":"publish","type":"page","link":"https:\/\/www.ufsm.br\/cursos\/graduacao\/santa-maria\/arquivologia\/tutorial-de-solicitacao-de-matricula-com-quebra-de-pre-requisitos","title":{"rendered":"Tutorial de solicita\u00e7\u00e3o de matr\u00edcula com quebra de pr\u00e9-requisitos"},"content":{"rendered":"\t\t<div data-elementor-type=\"wp-page\" data-elementor-id=\"1260\" class=\"elementor elementor-1260\">\n\t\t\t\t\t\t<section class=\"elementor-section elementor-top-section elementor-element elementor-element-644df031 elementor-section-boxed elementor-section-height-default elementor-section-height-default\" data-id=\"644df031\" data-element_type=\"section\">\n\t\t\t\t\t\t<div class=\"elementor-container elementor-column-gap-default\">\n\t\t\t\t\t<div class=\"elementor-column elementor-col-100 elementor-top-column elementor-element elementor-element-9fd576b\" data-id=\"9fd576b\" data-element_type=\"column\">\n\t\t\t<div class=\"elementor-widget-wrap elementor-element-populated\">\n\t\t\t\t\t\t<div class=\"elementor-element elementor-element-47c69528 elementor-widget elementor-widget-text-editor\" data-id=\"47c69528\" data-element_type=\"widget\" data-widget_type=\"text-editor.default\">\n\t\t\t\t<div class=\"elementor-widget-container\">\n\t\t\t\t\t\t\t<p>Como o nome pressup\u00f5e, os pr\u00e9-requisitos s\u00e3o as disciplinas cursadas obrigatoriamente antes de outras, por envolver conhecimentos pr\u00e9vios necess\u00e1rios ao estudo das demais.\u00a0<\/p>\n<p>Confira quais disciplinas possuem pr\u00e9-requisito e quais\u00a0 s\u00e3o as disciplinas necess\u00e1rias nas Informa\u00e7\u00f5es Curriculares do seu curso <a href=\"https:\/\/www.ufsm.br\/cursos\/graduacao\/santa-maria\/arquivologia\/informacoes-do-curriculo\" target=\"_blank\" rel=\"noopener\">AQUI<\/a>.<\/p>\n<p><!-- wp:paragraph --><\/p>\n<h4><strong>Tutorial para Solicita\u00e7\u00e3o de Matr\u00edcula com Quebra de Pr\u00e9-Requisitos<\/strong><\/h4>\n<p><!-- \/wp:paragraph --><!-- wp:paragraph --><\/p>\n<p><a href=\"https:\/\/www.ufsm.br\/app\/uploads\/sites\/463\/2026\/03\/FORMULARIO-Solicitacao-de-matricula-com-quebra-de-pre-requisitos.doc\">Acesse aqui o Formul\u00e1rio de Solicita\u00e7\u00e3o de matr\u00edcula com quebra de pr\u00e9-requisitos<\/a><\/p>\n<p><!-- \/wp:paragraph --><!-- wp:paragraph --><\/p>\n<p><a href=\"https:\/\/www.ufsm.br\/app\/uploads\/sites\/463\/2023\/01\/TUTORIAL-Orientacoes-Quebra-de-Pre-Requisitos-SIG1-1.pdf\" target=\"_blank\" rel=\"noreferrer noopener\">Acesse aqui o Tutorial de Solicita\u00e7\u00e3o de matr\u00edcula com quebra de pr\u00e9-requisitos.<\/a><\/p>\n<p><strong>Se deseja o tutorial em v\u00eddeo,\u00a0<a href=\"https:\/\/youtu.be\/bROap4AQD7I\" target=\"_blank\" rel=\"noopener\">clique aqui.<\/a><\/strong><\/p>\n<p>\u00a0<\/p>\n<p><!-- \/wp:paragraph --><\/p>\t\t\t\t\t\t<\/div>\n\t\t\t\t<\/div>\n\t\t\t\t\t<\/div>\n\t\t<\/div>\n\t\t\t\t\t<\/div>\n\t\t<\/section>\n\t\t\t\t<section class=\"elementor-section elementor-top-section elementor-element elementor-element-e65cf95 elementor-section-boxed elementor-section-height-default elementor-section-height-default\" data-id=\"e65cf95\" data-element_type=\"section\">\n\t\t\t\t\t\t<div class=\"elementor-container elementor-column-gap-default\">\n\t\t\t\t\t<div class=\"elementor-column elementor-col-100 elementor-top-column elementor-element elementor-element-b8088b7\" data-id=\"b8088b7\" data-element_type=\"column\">\n\t\t\t<div class=\"elementor-widget-wrap\">\n\t\t\t\t\t\t\t<\/div>\n\t\t<\/div>\n\t\t\t\t\t<\/div>\n\t\t<\/section>\n\t\t\t\t<section class=\"elementor-section elementor-top-section elementor-element elementor-element-7db2479 elementor-section-boxed elementor-section-height-default elementor-section-height-default\" data-id=\"7db2479\" data-element_type=\"section\">\n\t\t\t\t\t\t<div class=\"elementor-container elementor-column-gap-default\">\n\t\t\t\t\t<div class=\"elementor-column elementor-col-100 elementor-top-column elementor-element elementor-element-7499dab\" data-id=\"7499dab\" data-element_type=\"column\">\n\t\t\t<div class=\"elementor-widget-wrap elementor-element-populated\">\n\t\t\t\t\t\t<div class=\"elementor-element elementor-element-d59235d elementor-widget elementor-widget-image\" data-id=\"d59235d\" data-element_type=\"widget\" data-widget_type=\"image.default\">\n\t\t\t\t<div class=\"elementor-widget-container\">\n\t\t\t\t\t\t\t\t\t\t\t\t\t<img fetchpriority=\"high\" decoding=\"async\" width=\"1024\" height=\"454\" src=\"https:\/\/www.ufsm.br\/app\/uploads\/sites\/463\/2023\/06\/Captura-de-tela-2023-06-26-091149-1024x454.png\" class=\"attachment-large size-large wp-image-1351\" alt=\"\" srcset=\"https:\/\/www.ufsm.br\/app\/uploads\/sites\/463\/2023\/06\/Captura-de-tela-2023-06-26-091149-1024x454.png 1024w, https:\/\/www.ufsm.br\/app\/uploads\/sites\/463\/2023\/06\/Captura-de-tela-2023-06-26-091149-300x133.png 300w, https:\/\/www.ufsm.br\/app\/uploads\/sites\/463\/2023\/06\/Captura-de-tela-2023-06-26-091149-768x341.png 768w, https:\/\/www.ufsm.br\/app\/uploads\/sites\/463\/2023\/06\/Captura-de-tela-2023-06-26-091149.png 1138w\" sizes=\"(max-width: 1024px) 100vw, 1024px\" \/>\t\t\t\t\t\t\t\t\t\t\t\t\t<\/div>\n\t\t\t\t<\/div>\n\t\t\t\t<div class=\"elementor-element elementor-element-9fc4f26 elementor-widget elementor-widget-image\" data-id=\"9fc4f26\" data-element_type=\"widget\" data-widget_type=\"image.default\">\n\t\t\t\t<div class=\"elementor-widget-container\">\n\t\t\t\t\t\t\t\t\t\t\t\t\t\t<a href=\"https:\/\/www.ufsm.br\/cursos\/graduacao\/santa-maria\/arquivologia\/informacoes-do-curriculo\" target=\"_blank\">\n\t\t\t\t\t\t\t<img decoding=\"async\" width=\"1024\" height=\"294\" src=\"https:\/\/www.ufsm.br\/app\/uploads\/sites\/463\/2023\/06\/Captura-de-tela-2023-06-26-090902-1024x294.png\" class=\"attachment-large size-large wp-image-1350\" alt=\"\" srcset=\"https:\/\/www.ufsm.br\/app\/uploads\/sites\/463\/2023\/06\/Captura-de-tela-2023-06-26-090902-1024x294.png 1024w, https:\/\/www.ufsm.br\/app\/uploads\/sites\/463\/2023\/06\/Captura-de-tela-2023-06-26-090902-300x86.png 300w, https:\/\/www.ufsm.br\/app\/uploads\/sites\/463\/2023\/06\/Captura-de-tela-2023-06-26-090902-768x220.png 768w, https:\/\/www.ufsm.br\/app\/uploads\/sites\/463\/2023\/06\/Captura-de-tela-2023-06-26-090902.png 1206w\" sizes=\"(max-width: 1024px) 100vw, 1024px\" \/>\t\t\t\t\t\t\t\t<\/a>\n\t\t\t\t\t\t\t\t\t\t\t\t\t<\/div>\n\t\t\t\t<\/div>\n\t\t\t\t\t<\/div>\n\t\t<\/div>\n\t\t\t\t\t<\/div>\n\t\t<\/section>\n\t\t\t\t<\/div>\n\t\t","protected":false},"excerpt":{"rendered":"<p>Como o nome pressup\u00f5e, os pr\u00e9-requisitos s\u00e3o as disciplinas cursadas obrigatoriamente antes de outras, por envolver conhecimentos pr\u00e9vios necess\u00e1rios ao estudo das demais.\u00a0 Confira quais disciplinas possuem pr\u00e9-requisito e quais\u00a0 s\u00e3o as disciplinas necess\u00e1rias nas Informa\u00e7\u00f5es Curriculares do seu curso AQUI. Tutorial para Solicita\u00e7\u00e3o de Matr\u00edcula com Quebra de Pr\u00e9-Requisitos Acesse aqui o Formul\u00e1rio de [&hellip;]<\/p>\n","protected":false},"author":4916,"featured_media":0,"parent":0,"menu_order":0,"comment_status":"closed","ping_status":"closed","template":"","meta":{"footnotes":""},"categories":[],"tags":[],"class_list":["post-1260","page","type-page","status-publish","hentry"],"acf":[],"_links":{"self":[{"href":"https:\/\/www.ufsm.br\/cursos\/graduacao\/santa-maria\/arquivologia\/wp-json\/wp\/v2\/pages\/1260","targetHints":{"allow":["GET"]}}],"collection":[{"href":"https:\/\/www.ufsm.br\/cursos\/graduacao\/santa-maria\/arquivologia\/wp-json\/wp\/v2\/pages"}],"about":[{"href":"https:\/\/www.ufsm.br\/cursos\/graduacao\/santa-maria\/arquivologia\/wp-json\/wp\/v2\/types\/page"}],"author":[{"embeddable":true,"href":"https:\/\/www.ufsm.br\/cursos\/graduacao\/santa-maria\/arquivologia\/wp-json\/wp\/v2\/users\/4916"}],"replies":[{"embeddable":true,"href":"https:\/\/www.ufsm.br\/cursos\/graduacao\/santa-maria\/arquivologia\/wp-json\/wp\/v2\/comments?post=1260"}],"version-history":[{"count":0,"href":"https:\/\/www.ufsm.br\/cursos\/graduacao\/santa-maria\/arquivologia\/wp-json\/wp\/v2\/pages\/1260\/revisions"}],"wp:attachment":[{"href":"https:\/\/www.ufsm.br\/cursos\/graduacao\/santa-maria\/arquivologia\/wp-json\/wp\/v2\/media?parent=1260"}],"wp:term":[{"taxonomy":"category","embeddable":true,"href":"https:\/\/www.ufsm.br\/cursos\/graduacao\/santa-maria\/arquivologia\/wp-json\/wp\/v2\/categories?post=1260"},{"taxonomy":"post_tag","embeddable":true,"href":"https:\/\/www.ufsm.br\/cursos\/graduacao\/santa-maria\/arquivologia\/wp-json\/wp\/v2\/tags?post=1260"}],"curies":[{"name":"wp","href":"https:\/\/api.w.org\/{rel}","templated":true}]}}