{"id":1261,"date":"2023-01-31T15:37:07","date_gmt":"2023-01-31T18:37:07","guid":{"rendered":"https:\/\/www.ufsm.br\/cursos\/graduacao\/santa-maria\/arquivologia\/?page_id=1261"},"modified":"2023-06-26T16:31:53","modified_gmt":"2023-06-26T19:31:53","slug":"processo-de-recuperacao-de-avaliacao-solicitacao-de-prova-atrasada","status":"publish","type":"page","link":"https:\/\/www.ufsm.br\/cursos\/graduacao\/santa-maria\/arquivologia\/processo-de-recuperacao-de-avaliacao-solicitacao-de-prova-atrasada","title":{"rendered":"Processo de Recupera\u00e7\u00e3o de Avalia\u00e7\u00e3o (solicita\u00e7\u00e3o de prova atrasada)"},"content":{"rendered":"\t\t<div data-elementor-type=\"wp-page\" data-elementor-id=\"1261\" class=\"elementor elementor-1261\">\n\t\t\t\t\t\t<section class=\"elementor-section elementor-top-section elementor-element elementor-element-41ee7021 elementor-section-boxed elementor-section-height-default elementor-section-height-default\" data-id=\"41ee7021\" data-element_type=\"section\">\n\t\t\t\t\t\t<div class=\"elementor-container elementor-column-gap-default\">\n\t\t\t\t\t<div class=\"elementor-column elementor-col-100 elementor-top-column elementor-element elementor-element-569cc63f\" data-id=\"569cc63f\" data-element_type=\"column\">\n\t\t\t<div class=\"elementor-widget-wrap elementor-element-populated\">\n\t\t\t\t\t\t<div class=\"elementor-element elementor-element-610df79d elementor-widget elementor-widget-text-editor\" data-id=\"610df79d\" data-element_type=\"widget\" data-widget_type=\"text-editor.default\">\n\t\t\t\t<div class=\"elementor-widget-container\">\n\t\t\t\t\t\t\t<!-- wp:paragraph -->\n<p>Quando o aluno n\u00e3o puder comparecer em alguma avalia\u00e7\u00e3o, ele deve realizar a abertura de \u201c<strong>Processo de Recupera\u00e7\u00e3o de Avalia\u00e7\u00e3o<\/strong>\u201d no Portal de Documentos da UFSM.<\/p>\n<!-- \/wp:paragraph --><!-- wp:paragraph -->\n<p>Voc\u00ea pode seguir os passos abaixo ou seguir os tutoriais:<\/p>\n<ul>\n<li><strong><a href=\"https:\/\/www.ufsm.br\/app\/uploads\/sites\/463\/2023\/01\/TUTORIAL-DE-APOIO-PROCESSO-DE-RECUPERACAO-DE-AVALIACAO-DE-ALUNO-DE-GRADUACAO-1.pdf\" target=\"_blank\" rel=\"noreferrer noopener\">TUTORIAL PDF<\/a><\/strong><\/li>\n<li><strong><a href=\"https:\/\/youtu.be\/VD7GoLKKOI4\" target=\"_blank\" rel=\"noopener\">TUTORIAL EM V\u00cdDEO<\/a><\/strong><\/li>\n<\/ul>\n<!-- \/wp:paragraph --><!-- wp:paragraph -->\n<p>Preencha o\u00a0<a href=\"https:\/\/www.ufsm.br\/app\/uploads\/sites\/463\/2023\/01\/Requerimentos-de-prova-atrasada-atualizacao-SIG-I.doc\" target=\"_blank\" rel=\"noreferrer noopener\">Requerimento de prova atrasada<\/a>\u00a0e adicione no processo, juntamente com o\u00a0Atestado. Este \u00e9 um documento em word, que depois de preenchido e assinado, deve ser salvo em pdf para poder incluir no processo.<\/p>\n<!-- \/wp:paragraph --><!-- wp:paragraph -->\n<p>Link do Portal:\u00a0<a href=\"https:\/\/portal.ufsm.br\/documentos\" target=\"_blank\" rel=\"noreferrer noopener\">https:\/\/portal.ufsm.br\/documentos<\/a><\/p>\n<!-- \/wp:paragraph --><!-- wp:paragraph -->\n<p>Link Tutorial para abertura de processo:\u00a0<a href=\"https:\/\/www.ufsm.br\/orgaos-suplementares\/dag\/pen\/apoio-ao-usuario\/passo-a-passo-para-abertura-assinatura-e-tramite\/\" target=\"_blank\" rel=\"noreferrer noopener\">Passo a passo para: Abertura, Assinatura e Tramite<\/a><\/p>\n<!-- \/wp:paragraph --><!-- wp:paragraph -->\n<p>Para o Processo online, a classifica\u00e7\u00e3o \u00e9 \u201c<em>125.31 \u2013 Processo de recupera\u00e7\u00e3o de avalia\u00e7\u00e3o de aluno de gradua\u00e7\u00e3o<\/em>\u201c.<\/p>\n<!-- \/wp:paragraph --><!-- wp:paragraph -->\n<p>Ap\u00f3s inserir os documentos mencionados no processo eletr\u00f4nico, clicar em \u201cTramitar\u201d para que o mesmo tenha andamento.<\/p>\n<!-- \/wp:paragraph --><!-- wp:paragraph -->\n<p>Feito isso, comunicar o(a) docente da disciplina para que j\u00e1 fique ciente da solicita\u00e7\u00e3o.<\/p>\n<!-- \/wp:paragraph --><!-- wp:paragraph -->\n<p>\u26a0 IMPORTANTE \u26a0<\/p>\n<!-- \/wp:paragraph --><!-- wp:paragraph -->\n<p><strong>** Em caso de recupera\u00e7\u00e3o de avalia\u00e7\u00e3o em mais de uma disciplina, o aluno dever\u00e1 abrir processos individuais, um para cada disciplina.<\/strong><\/p>\n<!-- \/wp:paragraph --><!-- wp:paragraph -->\n<p>S\u00e3o considerados motivos devidamente justificados:<\/p>\n<!-- \/wp:paragraph --><!-- wp:paragraph -->\n<p>1. Doen\u00e7a que impossibilite o aluno de realizar avalia\u00e7\u00e3o, devidamente comprovada por Atestado M\u00e9dico com CID, assinatura, CRM e data<\/p>\n<!-- \/wp:paragraph --><!-- wp:paragraph -->\n<p>2. Acompanhamento de familiar de primeiro grau (pais ou filhos) para tratamento de sa\u00fade, devidamente comprovado por Atestado M\u00e9dico com CID, assinatura, CRM e data<\/p>\n<!-- \/wp:paragraph --><!-- wp:paragraph -->\n<p>3. \u00d3bito de familiar de primeiro grau (pais ou filhos)\u00a0<\/p>\n<!-- \/wp:paragraph --><!-- wp:paragraph -->\n<p>4. Participa\u00e7\u00e3o em eventos acad\u00eamicos com apresenta\u00e7\u00e3o de trabalho, desde que avisado com anteced\u00eancia m\u00ednima de 48h ao departamento did\u00e1tico do professor da disciplina e comprovado por atestado ou certificado de participa\u00e7\u00e3o.<\/p>\n<!-- \/wp:paragraph -->\t\t\t\t\t\t<\/div>\n\t\t\t\t<\/div>\n\t\t\t\t\t<\/div>\n\t\t<\/div>\n\t\t\t\t\t<\/div>\n\t\t<\/section>\n\t\t\t\t<\/div>\n\t\t","protected":false},"excerpt":{"rendered":"<p>Quando o aluno n\u00e3o puder comparecer em alguma avalia\u00e7\u00e3o, ele deve realizar a abertura de \u201cProcesso de Recupera\u00e7\u00e3o de Avalia\u00e7\u00e3o\u201d no Portal de Documentos da UFSM. Voc\u00ea pode seguir os passos abaixo ou seguir os tutoriais: TUTORIAL PDF TUTORIAL EM V\u00cdDEO Preencha o\u00a0Requerimento de prova atrasada\u00a0e adicione no processo, juntamente com o\u00a0Atestado. Este \u00e9 um [&hellip;]<\/p>\n","protected":false},"author":4916,"featured_media":0,"parent":0,"menu_order":0,"comment_status":"closed","ping_status":"closed","template":"","meta":{"footnotes":""},"categories":[],"tags":[],"class_list":["post-1261","page","type-page","status-publish","hentry"],"acf":[],"_links":{"self":[{"href":"https:\/\/www.ufsm.br\/cursos\/graduacao\/santa-maria\/arquivologia\/wp-json\/wp\/v2\/pages\/1261","targetHints":{"allow":["GET"]}}],"collection":[{"href":"https:\/\/www.ufsm.br\/cursos\/graduacao\/santa-maria\/arquivologia\/wp-json\/wp\/v2\/pages"}],"about":[{"href":"https:\/\/www.ufsm.br\/cursos\/graduacao\/santa-maria\/arquivologia\/wp-json\/wp\/v2\/types\/page"}],"author":[{"embeddable":true,"href":"https:\/\/www.ufsm.br\/cursos\/graduacao\/santa-maria\/arquivologia\/wp-json\/wp\/v2\/users\/4916"}],"replies":[{"embeddable":true,"href":"https:\/\/www.ufsm.br\/cursos\/graduacao\/santa-maria\/arquivologia\/wp-json\/wp\/v2\/comments?post=1261"}],"version-history":[{"count":0,"href":"https:\/\/www.ufsm.br\/cursos\/graduacao\/santa-maria\/arquivologia\/wp-json\/wp\/v2\/pages\/1261\/revisions"}],"wp:attachment":[{"href":"https:\/\/www.ufsm.br\/cursos\/graduacao\/santa-maria\/arquivologia\/wp-json\/wp\/v2\/media?parent=1261"}],"wp:term":[{"taxonomy":"category","embeddable":true,"href":"https:\/\/www.ufsm.br\/cursos\/graduacao\/santa-maria\/arquivologia\/wp-json\/wp\/v2\/categories?post=1261"},{"taxonomy":"post_tag","embeddable":true,"href":"https:\/\/www.ufsm.br\/cursos\/graduacao\/santa-maria\/arquivologia\/wp-json\/wp\/v2\/tags?post=1261"}],"curies":[{"name":"wp","href":"https:\/\/api.w.org\/{rel}","templated":true}]}}