{"id":1299,"date":"2023-03-17T11:04:24","date_gmt":"2023-03-17T14:04:24","guid":{"rendered":"https:\/\/www.ufsm.br\/cursos\/graduacao\/santa-maria\/arquivologia\/?page_id=1299"},"modified":"2025-12-11T16:04:20","modified_gmt":"2025-12-11T19:04:20","slug":"tutoriais","status":"publish","type":"page","link":"https:\/\/www.ufsm.br\/cursos\/graduacao\/santa-maria\/arquivologia\/tutoriais","title":{"rendered":"Tutoriais"},"content":{"rendered":"\t\t<div data-elementor-type=\"wp-page\" data-elementor-id=\"1299\" class=\"elementor elementor-1299\">\n\t\t\t\t\t\t<section class=\"elementor-section elementor-top-section elementor-element elementor-element-a8f2e47 elementor-section-boxed elementor-section-height-default elementor-section-height-default\" data-id=\"a8f2e47\" data-element_type=\"section\">\n\t\t\t\t\t\t<div class=\"elementor-container elementor-column-gap-default\">\n\t\t\t\t\t<div class=\"elementor-column elementor-col-100 elementor-top-column elementor-element elementor-element-b3e2cd3\" data-id=\"b3e2cd3\" data-element_type=\"column\">\n\t\t\t<div class=\"elementor-widget-wrap elementor-element-populated\">\n\t\t\t\t\t\t<div class=\"elementor-element elementor-element-90a1076 elementor-drop-cap-yes elementor-drop-cap-view-default elementor-widget elementor-widget-text-editor\" data-id=\"90a1076\" data-element_type=\"widget\" data-settings=\"{&quot;drop_cap&quot;:&quot;yes&quot;}\" data-widget_type=\"text-editor.default\">\n\t\t\t\t<div class=\"elementor-widget-container\">\n\t\t\t\t\t\t\t<ul><li><span style=\"font-size: 12pt;font-family: georgia, palatino, serif\"><a href=\"https:\/\/www.ufsm.br\/app\/uploads\/sites\/416\/2020\/05\/tutorial-de-abertura-pensie.pdf\" target=\"_blank\" rel=\"noopener\">Abertura de Processo Eletr\u00f4nico \u2013 PEN;<\/a><\/span><\/li><li><a href=\"https:\/\/www.ufsm.br\/cursos\/graduacao\/santa-maria\/arquivologia\/agendamento-das-bancas-de-tcc-ou-tcg\" target=\"_blank\" rel=\"noopener\">Agendamento da Banca de TCC;<\/a><\/li><li><span style=\"font-size: 12pt\"><a href=\"https:\/\/www.ufsm.br\/cursos\/graduacao\/santa-maria\/arquivologia\/ajuste-de-matricula-fora-do-prazo\">Ajuste de matr\u00edcula fora do prazo;<\/a><\/span><\/li><li><span style=\"font-size: 12pt;font-family: georgia, palatino, serif\"><a href=\"https:\/\/www.ufsm.br\/cursos\/graduacao\/santa-maria\/arquivologia\/tutorial-para-aproveitamento-e-dispensa-de-disciplinas\" target=\"_blank\" rel=\"noopener\">Aproveitamento e dispensa de disciplinas<\/a>;<\/span><\/li><li><span style=\"font-size: 12pt\"><a style=\"font-family: georgia, palatino, serif\" href=\"https:\/\/www.ufsm.br\/cursos\/graduacao\/santa-maria\/arquivologia\/2022\/12\/22\/atividades-complementares-de-graduacao-acg\" target=\"_blank\" rel=\"noopener\">Atividades Complementares de Gradua\u00e7\u00e3o \u2013 ACG<\/a><span style=\"font-family: georgia, palatino, serif\">;<\/span><\/span><\/li><li><a href=\"https:\/\/www.ufsm.br\/cursos\/graduacao\/santa-maria\/arquivologia\/atividades-complementares-de-extensao-acex\">Atividades Complementares de Extens\u00e3o \u2013 ACEx<\/a><\/li><li><a href=\"https:\/\/www.ufsm.br\/cursos\/graduacao\/santa-maria\/arquivologia\/orientacoes-sobre-estagio\"><span style=\"font-size: 12pt\"><span style=\"font-family: georgia, palatino, serif\">Orienta\u00e7\u00f5es para est\u00e1gios;<\/span><\/span><\/a><\/li><li><span style=\"font-family: georgia, palatino, serif;font-size: 12pt\"><a href=\"https:\/\/www.ufsm.br\/pro-reitorias\/prograd\/code\/estagios\/tutorial-de-processos-de-estagio-para-estudantes-de-graduacao\" target=\"_blank\" rel=\"noopener\">Processo de Homologa\u00e7\u00e3o de Est\u00e1gios;<\/a><\/span><\/li><li><span style=\"font-size: 12pt;font-family: georgia, palatino, serif\"><a href=\"https:\/\/www.ufsm.br\/cursos\/graduacao\/santa-maria\/arquivologia\/processo-de-recuperacao-de-avaliacao-solicitacao-de-prova-atrasada\" target=\"_blank\" rel=\"noopener\">Processo de Recupera\u00e7\u00e3o de Avalia\u00e7\u00e3o (solicita\u00e7\u00e3o de prova atrasada)<\/a>;<\/span><\/li><li><span style=\"font-size: 12pt;font-family: georgia, palatino, serif\"><a href=\"https:\/\/www.ufsm.br\/cursos\/graduacao\/santa-maria\/arquivologia\/abertura-de-processos-de-regime-de-exercicio-domiciliar-de-alunos-de-graduacao-via-pen\" target=\"_blank\" rel=\"noopener\">Processo de Regime de Exerc\u00edcio Domiciliar (para Atestados com per\u00edodo maior que 05 dias);<\/a><\/span><\/li><li><a href=\"https:\/\/www.ufsm.br\/cursos\/graduacao\/santa-maria\/arquivologia\/tutoriais\/revisao-e-reconsideracao-de-avaliacao\">Processo de Revis\u00e3o e Reconsidera\u00e7\u00e3o de avalia\u00e7\u00e3o;<\/a><\/li><li><span style=\"font-size: 12pt\"><a href=\"https:\/\/www.ufsm.br\/cursos\/graduacao\/santa-maria\/arquivologia\/solicitacao-de-bolsa-de-formacao-estudantil-custeio-de-participacao-em-eventos\" target=\"_blank\" rel=\"noopener\">Solicita\u00e7\u00e3o de Bolsa de Forma\u00e7\u00e3o Estudantil (custeio de participa\u00e7\u00e3o em eventos);<\/a><\/span><\/li><li><a href=\"https:\/\/www.ufsm.br\/cursos\/graduacao\/santa-maria\/arquivologia\/tutorial-para-solicitacao-de-dispensa-por-autodidatismo\">Solicita\u00e7\u00e3o de dispensa por Autodidatismo<\/a>;<\/li><li><span style=\"font-size: 12pt;font-family: georgia, palatino, serif\"><a href=\"https:\/\/www.ufsm.br\/cursos\/graduacao\/santa-maria\/arquivologia\/tutorial-de-solicitacao-de-matricula-com-quebra-de-pre-requisitos\" target=\"_blank\" rel=\"noopener\">Solicita\u00e7\u00e3o de matr\u00edcula com quebra de pr\u00e9-requisitos<\/a>;<\/span><\/li><li><span style=\"font-size: 12pt\"><a href=\"https:\/\/www.ufsm.br\/cursos\/graduacao\/santa-maria\/arquivologia?page_id=1372\" target=\"_blank\" rel=\"noopener\">Trancamento parcial de disciplinas (solicita\u00e7\u00e3o).<\/a><\/span><\/li><li><a href=\"https:\/\/www.ufsm.br\/cursos\/graduacao\/santa-maria\/arquivologia\/colacao-de-grau\">Cola\u00e7\u00e3o de Grau<\/a><\/li><\/ul>\t\t\t\t\t\t<\/div>\n\t\t\t\t<\/div>\n\t\t\t\t\t<\/div>\n\t\t<\/div>\n\t\t\t\t\t<\/div>\n\t\t<\/section>\n\t\t\t\t<\/div>\n\t\t","protected":false},"excerpt":{"rendered":"<p>Abertura de Processo Eletr\u00f4nico \u2013 PEN; Agendamento da Banca de TCC; Ajuste de matr\u00edcula fora do prazo; Aproveitamento e dispensa de disciplinas; Atividades Complementares de Gradua\u00e7\u00e3o \u2013 ACG; Atividades Complementares de Extens\u00e3o \u2013 ACEx Orienta\u00e7\u00f5es para est\u00e1gios; Processo de Homologa\u00e7\u00e3o de Est\u00e1gios; Processo de Recupera\u00e7\u00e3o de Avalia\u00e7\u00e3o (solicita\u00e7\u00e3o de prova atrasada); Processo de Regime de [&hellip;]<\/p>\n","protected":false},"author":4916,"featured_media":0,"parent":0,"menu_order":0,"comment_status":"closed","ping_status":"closed","template":"","meta":{"footnotes":""},"categories":[],"tags":[],"class_list":["post-1299","page","type-page","status-publish","hentry"],"acf":[],"_links":{"self":[{"href":"https:\/\/www.ufsm.br\/cursos\/graduacao\/santa-maria\/arquivologia\/wp-json\/wp\/v2\/pages\/1299","targetHints":{"allow":["GET"]}}],"collection":[{"href":"https:\/\/www.ufsm.br\/cursos\/graduacao\/santa-maria\/arquivologia\/wp-json\/wp\/v2\/pages"}],"about":[{"href":"https:\/\/www.ufsm.br\/cursos\/graduacao\/santa-maria\/arquivologia\/wp-json\/wp\/v2\/types\/page"}],"author":[{"embeddable":true,"href":"https:\/\/www.ufsm.br\/cursos\/graduacao\/santa-maria\/arquivologia\/wp-json\/wp\/v2\/users\/4916"}],"replies":[{"embeddable":true,"href":"https:\/\/www.ufsm.br\/cursos\/graduacao\/santa-maria\/arquivologia\/wp-json\/wp\/v2\/comments?post=1299"}],"version-history":[{"count":0,"href":"https:\/\/www.ufsm.br\/cursos\/graduacao\/santa-maria\/arquivologia\/wp-json\/wp\/v2\/pages\/1299\/revisions"}],"wp:attachment":[{"href":"https:\/\/www.ufsm.br\/cursos\/graduacao\/santa-maria\/arquivologia\/wp-json\/wp\/v2\/media?parent=1299"}],"wp:term":[{"taxonomy":"category","embeddable":true,"href":"https:\/\/www.ufsm.br\/cursos\/graduacao\/santa-maria\/arquivologia\/wp-json\/wp\/v2\/categories?post=1299"},{"taxonomy":"post_tag","embeddable":true,"href":"https:\/\/www.ufsm.br\/cursos\/graduacao\/santa-maria\/arquivologia\/wp-json\/wp\/v2\/tags?post=1299"}],"curies":[{"name":"wp","href":"https:\/\/api.w.org\/{rel}","templated":true}]}}