{"id":1352,"date":"2023-06-26T10:11:26","date_gmt":"2023-06-26T13:11:26","guid":{"rendered":"https:\/\/www.ufsm.br\/cursos\/graduacao\/santa-maria\/arquivologia\/?page_id=1352"},"modified":"2023-06-26T10:26:45","modified_gmt":"2023-06-26T13:26:45","slug":"processo-de-homologacao-de-estagios","status":"publish","type":"page","link":"https:\/\/www.ufsm.br\/cursos\/graduacao\/santa-maria\/arquivologia\/processo-de-homologacao-de-estagios","title":{"rendered":"Processo de Homologa\u00e7\u00e3o de Est\u00e1gios"},"content":{"rendered":"\t\t<div data-elementor-type=\"wp-page\" data-elementor-id=\"1352\" class=\"elementor elementor-1352\">\n\t\t\t\t\t\t<section class=\"elementor-section elementor-top-section elementor-element elementor-element-0f2bb85 elementor-section-boxed elementor-section-height-default elementor-section-height-default\" data-id=\"0f2bb85\" data-element_type=\"section\">\n\t\t\t\t\t\t<div class=\"elementor-container elementor-column-gap-default\">\n\t\t\t\t\t<div class=\"elementor-column elementor-col-100 elementor-top-column elementor-element elementor-element-ad9234b\" data-id=\"ad9234b\" data-element_type=\"column\">\n\t\t\t<div class=\"elementor-widget-wrap elementor-element-populated\">\n\t\t\t\t\t\t<div class=\"elementor-element elementor-element-71d57ea elementor-widget elementor-widget-text-editor\" data-id=\"71d57ea\" data-element_type=\"widget\" data-widget_type=\"text-editor.default\">\n\t\t\t\t<div class=\"elementor-widget-container\">\n\t\t\t\t\t\t\t<p><em>Est\u00e1gio \u00e9 um ato educativo escolar supervisionado desenvolvido no ambiente de trabalho, previsto no projeto pedag\u00f3gico de curso (PPC) como parte integrante do itiner\u00e1rio formativo do(a) estudante.\u00a0<\/em><\/p><ul><li><strong><a href=\"https:\/\/www.ufsm.br\/pro-reitorias\/prograd\/code\/estagios\/tutorial-de-processos-de-estagio-para-estudantes-de-graduacao\" target=\"_blank\" rel=\"noopener\">Acesse aqui as instru\u00e7\u00f5es sobre est\u00e1gio diretamente do site da PROGRAD<\/a>;<\/strong><\/li><li><a href=\"https:\/\/www.youtube.com\/watch?v=8gRAb8wNfnw\"><strong>Acesse aqui o<\/strong> <strong>Acesse aqui o TUTORIAL em v\u00eddeo.<\/strong><\/a><\/li><\/ul>\t\t\t\t\t\t<\/div>\n\t\t\t\t<\/div>\n\t\t\t\t\t<\/div>\n\t\t<\/div>\n\t\t\t\t\t<\/div>\n\t\t<\/section>\n\t\t\t\t<\/div>\n\t\t","protected":false},"excerpt":{"rendered":"<p>Est\u00e1gio \u00e9 um ato educativo escolar supervisionado desenvolvido no ambiente de trabalho, previsto no projeto pedag\u00f3gico de curso (PPC) como parte integrante do itiner\u00e1rio formativo do(a) estudante.\u00a0 Acesse aqui as instru\u00e7\u00f5es sobre est\u00e1gio diretamente do site da PROGRAD; Acesse aqui o Acesse aqui o TUTORIAL em v\u00eddeo.<\/p>\n","protected":false},"author":4916,"featured_media":0,"parent":0,"menu_order":0,"comment_status":"closed","ping_status":"closed","template":"","meta":{"footnotes":""},"categories":[],"tags":[],"class_list":["post-1352","page","type-page","status-publish","hentry"],"acf":[],"_links":{"self":[{"href":"https:\/\/www.ufsm.br\/cursos\/graduacao\/santa-maria\/arquivologia\/wp-json\/wp\/v2\/pages\/1352","targetHints":{"allow":["GET"]}}],"collection":[{"href":"https:\/\/www.ufsm.br\/cursos\/graduacao\/santa-maria\/arquivologia\/wp-json\/wp\/v2\/pages"}],"about":[{"href":"https:\/\/www.ufsm.br\/cursos\/graduacao\/santa-maria\/arquivologia\/wp-json\/wp\/v2\/types\/page"}],"author":[{"embeddable":true,"href":"https:\/\/www.ufsm.br\/cursos\/graduacao\/santa-maria\/arquivologia\/wp-json\/wp\/v2\/users\/4916"}],"replies":[{"embeddable":true,"href":"https:\/\/www.ufsm.br\/cursos\/graduacao\/santa-maria\/arquivologia\/wp-json\/wp\/v2\/comments?post=1352"}],"version-history":[{"count":0,"href":"https:\/\/www.ufsm.br\/cursos\/graduacao\/santa-maria\/arquivologia\/wp-json\/wp\/v2\/pages\/1352\/revisions"}],"wp:attachment":[{"href":"https:\/\/www.ufsm.br\/cursos\/graduacao\/santa-maria\/arquivologia\/wp-json\/wp\/v2\/media?parent=1352"}],"wp:term":[{"taxonomy":"category","embeddable":true,"href":"https:\/\/www.ufsm.br\/cursos\/graduacao\/santa-maria\/arquivologia\/wp-json\/wp\/v2\/categories?post=1352"},{"taxonomy":"post_tag","embeddable":true,"href":"https:\/\/www.ufsm.br\/cursos\/graduacao\/santa-maria\/arquivologia\/wp-json\/wp\/v2\/tags?post=1352"}],"curies":[{"name":"wp","href":"https:\/\/api.w.org\/{rel}","templated":true}]}}