{"id":1374,"date":"2023-08-21T09:40:58","date_gmt":"2023-08-21T12:40:58","guid":{"rendered":"https:\/\/www.ufsm.br\/cursos\/graduacao\/santa-maria\/arquivologia\/?page_id=1374"},"modified":"2023-09-06T16:20:54","modified_gmt":"2023-09-06T19:20:54","slug":"ajuste-de-matricula-fora-do-prazo","status":"publish","type":"page","link":"https:\/\/www.ufsm.br\/cursos\/graduacao\/santa-maria\/arquivologia\/ajuste-de-matricula-fora-do-prazo","title":{"rendered":"Ajuste de matr\u00edcula fora do prazo"},"content":{"rendered":"\t\t<div data-elementor-type=\"wp-page\" data-elementor-id=\"1374\" class=\"elementor elementor-1374\">\n\t\t\t\t\t\t<section class=\"elementor-section elementor-top-section elementor-element elementor-element-b67dedf elementor-section-boxed elementor-section-height-default elementor-section-height-default\" data-id=\"b67dedf\" data-element_type=\"section\">\n\t\t\t\t\t\t<div class=\"elementor-container elementor-column-gap-default\">\n\t\t\t\t\t<div class=\"elementor-column elementor-col-100 elementor-top-column elementor-element elementor-element-46c516f2\" data-id=\"46c516f2\" data-element_type=\"column\">\n\t\t\t<div class=\"elementor-widget-wrap elementor-element-populated\">\n\t\t\t\t\t\t<div class=\"elementor-element elementor-element-24ab2b43 elementor-widget elementor-widget-text-editor\" data-id=\"24ab2b43\" data-element_type=\"widget\" data-widget_type=\"text-editor.default\">\n\t\t\t\t<div class=\"elementor-widget-container\">\n\t\t\t\t\t\t\t<p style=\"text-align: justify\">O <strong>ajuste de matr\u00edcula fora de prazo<\/strong> \u00e9 uma solicita\u00e7\u00e3o que o(a) estudante pode realizar ap\u00f3s o t\u00e9rmino do prazo de ajustes de matr\u00edcula via Portal Estudantil ou na Secretaria Integrada de Gradua\u00e7\u00e3o. O prazo para realizar os ajustes na matr\u00edcula \u00e9 definido pelo <a href=\"https:\/\/www.ufsm.br\/calendario\" target=\"_blank\" rel=\"noopener\">Calend\u00e1rio Acad\u00eamico da UFSM<\/a>, e geralmente se esgota na sexta-feira da primeira semana de aulas de cada semestre letivo.<\/p>\n<p style=\"text-align: justify\">O <strong>prazo m\u00e1ximo<\/strong> para solicita\u00e7\u00e3o de ajuste de matr\u00edcula fora de prazo \u00e9 definido igualmente pelo <a href=\"https:\/\/www.ufsm.br\/calendario\" target=\"_blank\" rel=\"noopener\">Calend\u00e1rio Acad\u00eamico<\/a>, sendo que ap\u00f3s o fim desse per\u00edodo n\u00e3o ser\u00e1 poss\u00edvel realizar ajustes de qualquer natureza. A <strong>data final de ajustes<\/strong> \u00e9 concomitante com a data final prevista para trancamento total e trancamento parcial, que \u00e9 definida a cada semestre pela UFSM.<\/p>\n<p style=\"text-align: justify\">Sempre que o(a) estudante precisar realizar uma solicita\u00e7\u00e3o fora do prazo previsto em Calend\u00e1rio Acad\u00eamico, esta precisa, obrigatoriamente, ser analisada pela Coordena\u00e7\u00e3o do Curso.<\/p>\n<p><!-- \/wp:paragraph --><\/p>\n<p><!-- wp:paragraph --><\/p>\n<p style=\"text-align: justify\">Os ajustes de matr\u00edcula fora de prazo n\u00e3o s\u00e3o realizados para disciplinas de <strong>semestres anteriores<\/strong> <strong>ao vigente<\/strong>.<\/p>\n<p><!-- \/wp:paragraph --><\/p>\n<p><!-- wp:paragraph --><\/p>\n<p style=\"text-align: justify;padding-left: 40px\"><strong>\u21d2 PASSO A PASSO DO PROCESSO DE AJUSTE DE MATR\u00cdCULA FORA DO PRAZO:<\/strong><\/p>\n<p><!-- \/wp:paragraph --><\/p>\n<p><!-- wp:list {\"ordered\":true,\"type\":\"1\",\"start\":1} --><\/p>\n<ol start=\"1\" type=\"1\">\n<li style=\"list-style-type: none\">\n<ol start=\"1\" type=\"1\"><!-- wp:list-item --><\/ol>\n<\/li>\n<\/ol>\n<ol>\n<li style=\"list-style-type: none\">\n<ol>\n<li style=\"list-style-type: none\">\n<ol start=\"1\" type=\"1\">\n<li>O(a) estudante deve fazer o download e preenchimento do <strong><a href=\"https:\/\/www.ufsm.br\/app\/uploads\/sites\/463\/2023\/08\/Formulario-de-Ajuste-de-Matricula-Fora-de-Prazo-SIGI-74A-CCSH.docx\">Formul\u00e1rio de Ajuste de Matr\u00edcula Fora de Prazo<\/a><\/strong>, onde dever\u00e1 indicar as disciplinas a serem inclu\u00eddas ou exclu\u00eddas (preencher o documento em Word e <strong>transformar em PDF<\/strong>);<\/li>\n<li style=\"text-align: justify\">Em seguida, o(a) estudante deve abrir um Processo Eletr\u00f4nico (PEN-SIE) no <a href=\"https:\/\/portal.ufsm.br\/documentos\/index.html\">Portal Documentos da UFSM<\/a>\u00a0(fazer o login como estudante);<\/li>\n<li style=\"text-align: justify\">Uma vez que o(a) estudante estiver logado(a) no <a href=\"https:\/\/portal.ufsm.br\/documentos\/mainMenu.html\">Portal de Documentos da UFSM<\/a>, seguir os seguintes passos:\n<ol style=\"list-style-type: lower-alpha\" start=\"1\" type=\"1\">\n<li style=\"text-align: justify\">Clicar em <strong>&#8220;Novo&#8221;<\/strong>;<\/li>\n<li style=\"text-align: justify\">Selecionar <strong>&#8220;Processo&#8221;<\/strong>;<\/li>\n<li style=\"text-align: justify\">No campo &#8220;Tipo Documental&#8221;, digitar <strong>\u201cProcesso de ajuste de matr\u00edcula de gradua\u00e7\u00e3o fora do prazo (125.22)\u201d<\/strong>;<\/li>\n<li style=\"text-align: justify\">Clicar no bot\u00e3o azul <strong>&#8220;Salvar&#8221;<\/strong>, no canto inferior direito.<\/li>\n<\/ol>\n<\/li>\n<li style=\"text-align: justify\">Na p\u00e1gina seguinte, anexar o <strong><a href=\"https:\/\/www.ufsm.br\/app\/uploads\/sites\/463\/2023\/08\/Formulario-de-Ajuste-de-Matricula-Fora-de-Prazo-SIGI-74A-CCSH.docx\">Formul\u00e1rio de Ajuste de Matr\u00edcula Fora de Prazo<\/a><\/strong>\u00a0(sempre em<strong> formato PDF para conseguir anexar<\/strong>);<\/li>\n<li style=\"text-align: justify\">Uma vez anexado o PDF do formul\u00e1rio ao processo, \u00e9 necess\u00e1rio assinar eletronicamente o formul\u00e1rio (clicar no s\u00edmbolo de &#8220;chave&#8221;, na mesma linha do formul\u00e1rio anexado);<\/li>\n<li style=\"text-align: justify\">Por fim, clicar no bot\u00e3o azul <strong>&#8220;Tramitar&#8221;<\/strong> para enviar o processo para a Divis\u00e3o de Protocolo, que o remeter\u00e1 \u00e0 Coordena\u00e7\u00e3o de Curso.<\/li>\n<\/ol>\n<\/li>\n<\/ol>\n<\/li>\n<\/ol>\n<p style=\"text-align: justify\">A solicita\u00e7\u00e3o de ajuste fora de prazo ser\u00e1 analisada pela Coordena\u00e7\u00e3o, e, sendo procedente o pedido, a Secretaria Integrada de Gradua\u00e7\u00e3o realizar\u00e1 a inclus\u00e3o e\/ou exclus\u00e3o de disciplinas.<\/p>\t\t\t\t\t\t<\/div>\n\t\t\t\t<\/div>\n\t\t\t\t\t<\/div>\n\t\t<\/div>\n\t\t\t\t\t<\/div>\n\t\t<\/section>\n\t\t\t\t<\/div>\n\t\t","protected":false},"excerpt":{"rendered":"<p>O ajuste de matr\u00edcula fora de prazo \u00e9 uma solicita\u00e7\u00e3o que o(a) estudante pode realizar ap\u00f3s o t\u00e9rmino do prazo de ajustes de matr\u00edcula via Portal Estudantil ou na Secretaria Integrada de Gradua\u00e7\u00e3o. O prazo para realizar os ajustes na matr\u00edcula \u00e9 definido pelo Calend\u00e1rio Acad\u00eamico da UFSM, e geralmente se esgota na sexta-feira da [&hellip;]<\/p>\n","protected":false},"author":4916,"featured_media":0,"parent":0,"menu_order":0,"comment_status":"closed","ping_status":"closed","template":"","meta":{"footnotes":""},"categories":[],"tags":[],"class_list":["post-1374","page","type-page","status-publish","hentry"],"acf":[],"_links":{"self":[{"href":"https:\/\/www.ufsm.br\/cursos\/graduacao\/santa-maria\/arquivologia\/wp-json\/wp\/v2\/pages\/1374","targetHints":{"allow":["GET"]}}],"collection":[{"href":"https:\/\/www.ufsm.br\/cursos\/graduacao\/santa-maria\/arquivologia\/wp-json\/wp\/v2\/pages"}],"about":[{"href":"https:\/\/www.ufsm.br\/cursos\/graduacao\/santa-maria\/arquivologia\/wp-json\/wp\/v2\/types\/page"}],"author":[{"embeddable":true,"href":"https:\/\/www.ufsm.br\/cursos\/graduacao\/santa-maria\/arquivologia\/wp-json\/wp\/v2\/users\/4916"}],"replies":[{"embeddable":true,"href":"https:\/\/www.ufsm.br\/cursos\/graduacao\/santa-maria\/arquivologia\/wp-json\/wp\/v2\/comments?post=1374"}],"version-history":[{"count":0,"href":"https:\/\/www.ufsm.br\/cursos\/graduacao\/santa-maria\/arquivologia\/wp-json\/wp\/v2\/pages\/1374\/revisions"}],"wp:attachment":[{"href":"https:\/\/www.ufsm.br\/cursos\/graduacao\/santa-maria\/arquivologia\/wp-json\/wp\/v2\/media?parent=1374"}],"wp:term":[{"taxonomy":"category","embeddable":true,"href":"https:\/\/www.ufsm.br\/cursos\/graduacao\/santa-maria\/arquivologia\/wp-json\/wp\/v2\/categories?post=1374"},{"taxonomy":"post_tag","embeddable":true,"href":"https:\/\/www.ufsm.br\/cursos\/graduacao\/santa-maria\/arquivologia\/wp-json\/wp\/v2\/tags?post=1374"}],"curies":[{"name":"wp","href":"https:\/\/api.w.org\/{rel}","templated":true}]}}