{"id":1438,"date":"2023-11-24T18:45:42","date_gmt":"2023-11-24T21:45:42","guid":{"rendered":"https:\/\/www.ufsm.br\/cursos\/graduacao\/santa-maria\/arquivologia\/?page_id=1438"},"modified":"2025-11-03T18:24:09","modified_gmt":"2025-11-03T21:24:09","slug":"estagio-brigatorio","status":"publish","type":"page","link":"https:\/\/www.ufsm.br\/cursos\/graduacao\/santa-maria\/arquivologia\/estagio-brigatorio","title":{"rendered":"Orienta\u00e7\u00f5es sobre est\u00e1gio"},"content":{"rendered":"\t\t<div data-elementor-type=\"wp-page\" data-elementor-id=\"1438\" class=\"elementor elementor-1438\">\n\t\t\t\t\t\t<section class=\"elementor-section elementor-top-section elementor-element elementor-element-9ed3bbc elementor-section-boxed elementor-section-height-default elementor-section-height-default\" data-id=\"9ed3bbc\" data-element_type=\"section\">\n\t\t\t\t\t\t<div class=\"elementor-container elementor-column-gap-default\">\n\t\t\t\t\t<div class=\"elementor-column elementor-col-100 elementor-top-column elementor-element elementor-element-9f13360\" data-id=\"9f13360\" data-element_type=\"column\">\n\t\t\t<div class=\"elementor-widget-wrap elementor-element-populated\">\n\t\t\t\t\t\t<div class=\"elementor-element elementor-element-fb61c5f elementor-widget elementor-widget-text-editor\" data-id=\"fb61c5f\" data-element_type=\"widget\" data-widget_type=\"text-editor.default\">\n\t\t\t\t<div class=\"elementor-widget-container\">\n\t\t\t\t\t\t\t<section data-id=\"965c9fc\" data-element_type=\"section\"><div><div><div data-id=\"e2e1f6e\" data-element_type=\"column\"><div><div><div data-id=\"dcea8f5\" data-element_type=\"widget\" data-widget_type=\"text-editor.default\"><div><div style=\"text-align: justify\">\u00c9 aquele definido pelos projetos pedag\u00f3gicos de curso e cuja carga hor\u00e1ria \u00e9 um dos requisitos para a integraliza\u00e7\u00e3o curricular. O est\u00e1gio obrigat\u00f3rio constitui disciplina do n\u00facleo r\u00edgido do projeto pedag\u00f3gico dos cursos (PPC).<\/div><div>\u00a0<\/div><\/div><div><p><strong><span style=\"color: #ff0000\">ATEN\u00c7\u00c3O:<\/span> Procedimentos de abertura de processos alterados.<\/strong> Agora, o in\u00edcio se dar\u00e1 pelo Portal Estudantil.<\/p><p>Os processos que j\u00e1 tinham sido abertos at\u00e9 <strong>15\/10\/2025<\/strong> continuar\u00e3o no mesmo fluxo. Os que forem abertos em data posterior come\u00e7ar\u00e3o no novo.\u00a0<\/p><p><strong>TUTORIAL: <a href=\"https:\/\/ntetube.nte.ufsm.br\/v\/1759941155\">Solicita\u00e7\u00e3o de Est\u00e1gio no Portal Estudantil<\/a><\/strong><\/p><\/div><\/div><\/div><\/div><\/div><\/div><\/div><\/section>\t\t\t\t\t\t<\/div>\n\t\t\t\t<\/div>\n\t\t\t\t<div class=\"elementor-element elementor-element-c596f74 elementor-widget__width-initial elementor-widget elementor-widget-toggle\" data-id=\"c596f74\" data-element_type=\"widget\" data-widget_type=\"toggle.default\">\n\t\t\t\t<div class=\"elementor-widget-container\">\n\t\t\t\t\t<div class=\"elementor-toggle\">\n\t\t\t\t\t\t\t<div class=\"elementor-toggle-item\">\n\t\t\t\t\t<div id=\"elementor-tab-title-2071\" class=\"elementor-tab-title\" data-tab=\"1\" role=\"button\" aria-controls=\"elementor-tab-content-2071\" aria-expanded=\"false\">\n\t\t\t\t\t\t\t\t\t\t\t\t<span class=\"elementor-toggle-icon elementor-toggle-icon-left\" aria-hidden=\"true\">\n\t\t\t\t\t\t\t\t\t\t\t\t\t\t\t<span class=\"elementor-toggle-icon-closed\"><i class=\"fas fa-caret-right\"><\/i><\/span>\n\t\t\t\t\t\t\t\t<span class=\"elementor-toggle-icon-opened\"><i class=\"elementor-toggle-icon-opened fas fa-caret-up\"><\/i><\/span>\n\t\t\t\t\t\t\t\t\t\t\t\t\t<\/span>\n\t\t\t\t\t\t\t\t\t\t\t\t<a class=\"elementor-toggle-title\" tabindex=\"0\">Orienta\u00e7\u00f5es para a homologa\u00e7\u00e3o de Est\u00e1gio Obrigat\u00f3rio<\/a>\n\t\t\t\t\t<\/div>\n\n\t\t\t\t\t<div id=\"elementor-tab-content-2071\" class=\"elementor-tab-content elementor-clearfix\" data-tab=\"1\" role=\"region\" aria-labelledby=\"elementor-tab-title-2071\"><h5><b>ESTAGI\u00c1RIO(A)<\/b>\u00a0<\/h5><ul><li style=\"font-weight: 400;text-align: justify\">O <b>ESTUDANTE<\/b><span style=\"font-weight: 400\"> abre o processo, insere documentos e <strong>assina pelo PEN-SIE<\/strong>, encaminhando para<\/span> Professor(a) Orientador(a) da UFSM.\u00a0<span style=\"font-family: Arial, sans-serif;color: #000000;font-size: 12pt;background-color: transparent;vertical-align: baseline\">(<a style=\"color: #204c90\" href=\"https:\/\/ntetube.nte.ufsm.br\/v\/1759941155\"><strong>ACESSE O NOVO TUTORIAL<\/strong><\/a>)<\/span><\/li><\/ul><p style=\"text-align: justify\"><b>Documentos requisitados:<\/b><\/p><ol style=\"text-align: justify\"><li style=\"font-weight: 400\"><span style=\"font-weight: 400\"><a href=\"https:\/\/www.ufsm.br\/pro-reitorias\/prograd\/code\/estagios\/estagio-obrigatorio\"><strong>Termo de Compromisso<\/strong><\/a> \u2013 <\/span><b>ASSINADO PELO ALUNO <\/b>(Escolher qual arquivo de acordo com o local de est\u00e1gio: Est\u00e1gio Obrigat\u00f3rio <span style=\"text-decoration: underline\">na UFSM<\/span> ou <span style=\"text-decoration: underline\">em demais locais)<\/span>;<\/li><li style=\"font-weight: 400\"><strong><a href=\"https:\/\/www.ufsm.br\/cursos\/graduacao\/santa-maria\/arquivologia\/plano-atividades-arquivologia-2\" rel=\"attachment wp-att-1560\">Plano de Atividades<\/a> <\/strong>\u2013 <strong>ASSINADO PELO ALUNO<\/strong> <span style=\"font-weight: 400;color: #000000\">(Conferir antes se o supervisor assinar\u00e1 pelo sistema. Se n\u00e3o, solicitar assinatura manual e inserir o documento escaneado);<\/span><\/li><li style=\"font-weight: 400\"><strong><a href=\"https:\/\/www.ufsm.br\/app\/uploads\/sites\/463\/2023\/12\/Anexo-I-Declaracao-de-adequacao-das-instalacoes.docx\">Declara\u00e7\u00e3o de Adequa\u00e7\u00e3o das Instala\u00e7\u00f5es<\/a><\/strong> &#8211; <strong>ASSINADO PELA PARTE CONCEDENTE<\/strong>;<\/li><li style=\"font-weight: 400\"><strong><a href=\"https:\/\/www.ufsm.br\/cursos\/graduacao\/santa-maria\/arquivologia\/apolice-01-82-003090-1\" rel=\"attachment wp-att-1838\">Ap\u00f3lice do Seguro &#8211; atualizada em 12.02.2025<\/a><\/strong><\/li><\/ol><ul><li style=\"list-style-type: none\"><ul style=\"list-style-type: circle\"><li><b>Conferir<\/b><span style=\"font-weight: 400\"> se as informa\u00e7\u00f5es est\u00e3o corretas em todos os documentos (datas, carga hor\u00e1ria, etc.);<\/span><\/li><li><span style=\"font-weight: 400\">Se os documentos tiverem sido <\/span><b>assinados fisicamente<\/b><span style=\"font-weight: 400\">, <\/span><b>inserir documentos escaneados<\/b><span style=\"font-weight: 400\"> e <\/span><b>informar<\/b><span style=\"font-weight: 400\"> na hora de tramitar o processo.<\/span><\/li><\/ul><\/li><\/ul><h5><b>PROFESSOR(A) ORIENTADOR(A)<\/b><\/h5><ul style=\"list-style-type: disc\"><li style=\"font-weight: 400\"><b>PROFESSOR(A) ORIENTADOR(A<\/b><b>) confere<\/b> <b>os documentos inseridos e assinaturas da\/do estudante<\/b><span style=\"font-weight: 400\">. Se precisar de corre\u00e7\u00e3o, devolve \u00e0\/ao estudante. Se estiver correto, <\/span><b>assina <\/b><span style=\"font-weight: 400\">documentos e <\/span><b>encaminha ao Protocolo.<\/b><br \/><ul style=\"list-style-type: circle\"><li style=\"font-weight: 400\"><b>Assinar: <\/b><span style=\"font-weight: 400\">1. <span style=\"text-decoration: underline\">Termo de Compromisso<\/span> e\u00a02. <span style=\"text-decoration: underline\">Plano de Atividades<\/span>.<\/span><\/li><\/ul><\/li><\/ul><h5><strong>PROTOCOLO<\/strong><\/h5><ul style=\"text-align: justify\"><li style=\"font-weight: 400\"><span style=\"color: #ff0000\"><span style=\"color: #000000\"><b style=\"font-weight: 400\">PROTOCOLO<\/b><span style=\"font-weight: 400\"> encaminhar\u00e1 \u00e0 <\/span><b>concedente<\/b><\/span><span style=\"font-weight: 400\">.\u00a0<\/span><\/span><\/li><\/ul><h5><b>COORDENA\u00c7\u00c3O DO CURSO<\/b><\/h5><ul><li style=\"font-weight: 400\"><span style=\"font-weight: 400\">Ap\u00f3s assinatura da concedente, o processo ser\u00e1 enviado \u00e0 <\/span><b>COORDENA\u00c7\u00c3O DO CURSO<\/b><span style=\"font-weight: 400\">, que <\/span><b>assina <\/b><span style=\"font-weight: 400\">documentos e envia \u00e0 <\/span><b>Secretaria Integrada para registro no SIE<\/b><span style=\"font-weight: 400\">.<\/span><ul><li style=\"text-align: justify\"><b>Assinar: <\/b><span style=\"font-weight: 400\">1. <span style=\"text-decoration: underline\">Termo de Compromisso<\/span>, 2.\u00a0<span style=\"text-decoration: underline\">Plano de Atividades<\/span>.<\/span><\/li><\/ul><\/li><\/ul><div style=\"color: #000000;font-size: 16px;text-align: justify\"><p style=\"text-align: justify\">Para mais informa\u00e7\u00f5es sobre Est\u00e1gio Obrigat\u00f3rio, acesse: <a href=\"https:\/\/www.ufsm.br\/pro-reitorias\/prograd\/code\/estagios\/estagio-obrigatorio\">https:\/\/www.ufsm.br\/pro-reitorias\/prograd\/code\/estagios\/estagio-obrigatorio<\/a><\/p><\/div><\/div>\n\t\t\t\t<\/div>\n\t\t\t\t\t\t\t<div class=\"elementor-toggle-item\">\n\t\t\t\t\t<div id=\"elementor-tab-title-2072\" class=\"elementor-tab-title\" data-tab=\"2\" role=\"button\" aria-controls=\"elementor-tab-content-2072\" aria-expanded=\"false\">\n\t\t\t\t\t\t\t\t\t\t\t\t<span class=\"elementor-toggle-icon elementor-toggle-icon-left\" aria-hidden=\"true\">\n\t\t\t\t\t\t\t\t\t\t\t\t\t\t\t<span class=\"elementor-toggle-icon-closed\"><i class=\"fas fa-caret-right\"><\/i><\/span>\n\t\t\t\t\t\t\t\t<span class=\"elementor-toggle-icon-opened\"><i class=\"elementor-toggle-icon-opened fas fa-caret-up\"><\/i><\/span>\n\t\t\t\t\t\t\t\t\t\t\t\t\t<\/span>\n\t\t\t\t\t\t\t\t\t\t\t\t<a class=\"elementor-toggle-title\" tabindex=\"0\">Informa\u00e7\u00f5es para conferir no Termo de Compromisso de Est\u00e1gio Obrigat\u00f3rio<\/a>\n\t\t\t\t\t<\/div>\n\n\t\t\t\t\t<div id=\"elementor-tab-content-2072\" class=\"elementor-tab-content elementor-clearfix\" data-tab=\"2\" role=\"region\" aria-labelledby=\"elementor-tab-title-2072\"><p>Al\u00e9m de conferir se o Termo de Compromisso indica corretamente o tipo de est\u00e1gio, \u00e9 preciso prestar aten\u00e7\u00e3o nas seguintes informa\u00e7\u00f5es:<\/p><table style=\"height: 336px;width: 100%;border-collapse: collapse;border-style: solid;border-color: #000000\"><tbody><tr style=\"height: 24px\"><td style=\"width: 274.5px;height: 24px;background-color: #02abed;text-align: center\"><strong>INFORMA\u00c7\u00c3O<\/strong><\/td><td style=\"width: 274.5px;height: 24px;background-color: #02abed;text-align: center\"><strong> A INFORMA\u00c7\u00c3O DEVE CONSTAR NO TCE?<\/strong><\/td><\/tr><tr style=\"height: 24px\"><td style=\"width: 274.5px;height: 24px\">Curso do estudante<\/td><td style=\"width: 274.5px;height: 24px\"><strong><span style=\"color: #000000\">\u2713 <\/span><\/strong>SIM<\/td><\/tr><tr style=\"height: 24px\"><td style=\"width: 274.5px;height: 24px\">O(A) Orientador(a) do est\u00e1gio<\/td><td style=\"width: 274.5px;height: 24px\"><span style=\"font-weight: bolder;color: #1c1c1c;font-size: 16px\"><span style=\"color: #000000\">\u2713\u00a0<\/span><\/span>SIM<\/td><\/tr><tr style=\"height: 24px\"><td style=\"width: 274.5px;height: 24px\">O(A) Supervisor(a)\/Preceptor(a) do est\u00e1gio<\/td><td style=\"width: 274.5px;height: 24px\"><span style=\"font-weight: bolder;color: #1c1c1c;font-size: 16px\"><span style=\"color: #000000\">\u2713 <\/span><\/span>SIM<\/td><\/tr><tr style=\"height: 24px\"><td style=\"width: 274.5px;height: 24px\">A Forma\u00e7\u00e3o e\/ou experi\u00eancia do(a) supervisor(a)<\/td><td style=\"width: 274.5px;height: 24px\"><span style=\"font-weight: bolder;color: #1c1c1c;font-size: 16px\"><span style=\"color: #000000\">\u2713 <\/span><\/span>SIM<\/td><\/tr><tr style=\"height: 24px\"><td style=\"width: 274.5px;height: 24px\">Ap\u00f3lice de seguro contra acidentes pessoais<\/td><td style=\"width: 274.5px;height: 24px\"><span style=\"font-weight: bolder;color: #1c1c1c;font-size: 16px\"><span style=\"color: #000000\">\u2713 <\/span><\/span>SIM<\/td><\/tr><tr style=\"height: 24px\"><td style=\"width: 274.5px;height: 24px\">Bolsa ou outra<\/td><td style=\"width: 274.5px;height: 24px\"><strong><span style=\"color: #1c1c1c;font-size: 16px\"><span style=\"color: #000000\">\u2297\u2713 <\/span><\/span>FACULTATIVO<\/strong><\/td><\/tr><tr style=\"height: 24px\"><td style=\"width: 274.5px;height: 24px\">Aux\u00edlio transporte<\/td><td style=\"width: 274.5px;height: 24px\"><strong><span style=\"color: #1c1c1c;font-size: 16px\"><span style=\"color: #000000\">\u2297\u2713 <\/span><\/span>FACULTATIVO<\/strong><\/td><\/tr><tr style=\"height: 24px\"><td style=\"width: 274.5px;height: 24px\">Previs\u00e3o de recesso\/F\u00e9rias<\/td><td style=\"width: 274.5px;height: 24px\"><span style=\"font-weight: bolder;color: #1c1c1c;font-size: 16px\"><span style=\"color: #000000\">\u2713 <\/span><\/span>SIM (30 dias para cada ano de atividade; proporcional se per\u00edodo menor que 1 ano; remunerado proporcionalmente quando tiver bolsa)<\/td><\/tr><tr style=\"height: 24px\"><td style=\"width: 274.5px;height: 24px\">Previs\u00e3o de redu\u00e7\u00e3o da jornada de trabalho<\/td><td style=\"width: 274.5px;height: 24px\"><span style=\"font-weight: bolder;color: #1c1c1c;font-size: 16px\"><span style=\"color: #000000\">\u2713 <\/span><\/span>SIM (nos per\u00edodos de avalia\u00e7\u00e3o, conforme calend\u00e1rio)<\/td><\/tr><tr style=\"height: 96px\"><td style=\"width: 274.5px;height: 96px\">Descri\u00e7\u00e3o do Plano de Atividades (no pr\u00f3prio termo de compromisso ou anexado)<\/td><td style=\"width: 274.5px;height: 96px\"><span style=\"font-weight: bolder;color: #1c1c1c;font-size: 16px\"><span style=\"color: #000000\">\u2713 <\/span><\/span>SIM<\/td><\/tr><\/tbody><\/table><\/div>\n\t\t\t\t<\/div>\n\t\t\t\t\t\t\t<div class=\"elementor-toggle-item\">\n\t\t\t\t\t<div id=\"elementor-tab-title-2073\" class=\"elementor-tab-title\" data-tab=\"3\" role=\"button\" aria-controls=\"elementor-tab-content-2073\" aria-expanded=\"false\">\n\t\t\t\t\t\t\t\t\t\t\t\t<span class=\"elementor-toggle-icon elementor-toggle-icon-left\" aria-hidden=\"true\">\n\t\t\t\t\t\t\t\t\t\t\t\t\t\t\t<span class=\"elementor-toggle-icon-closed\"><i class=\"fas fa-caret-right\"><\/i><\/span>\n\t\t\t\t\t\t\t\t<span class=\"elementor-toggle-icon-opened\"><i class=\"elementor-toggle-icon-opened fas fa-caret-up\"><\/i><\/span>\n\t\t\t\t\t\t\t\t\t\t\t\t\t<\/span>\n\t\t\t\t\t\t\t\t\t\t\t\t<a class=\"elementor-toggle-title\" tabindex=\"0\">Informa\u00e7\u00f5es necess\u00e1rias para preenchimento da documenta\u00e7\u00e3o de est\u00e1gio<\/a>\n\t\t\t\t\t<\/div>\n\n\t\t\t\t\t<div id=\"elementor-tab-content-2073\" class=\"elementor-tab-content elementor-clearfix\" data-tab=\"3\" role=\"region\" aria-labelledby=\"elementor-tab-title-2073\"><p>Para o correto preenchimento dos documentos exigidos no processo de est\u00e1gio, cabe ao discente obter as seguintes informa\u00e7\u00f5es:<\/p><p><span style=\"text-decoration: underline;color: #000000\"><strong>DA CONCEDENTE:<\/strong><\/span><\/p><ul><li>Nome da institui\u00e7\u00e3o\/local do est\u00e1gio;<\/li><li>Endere\u00e7o;<\/li><li>Cidade;<\/li><li>CEP;<\/li><li>CNPJ;<\/li><li>Telefone;<\/li><li>Nome do(a) representante da institui\u00e7\u00e3o;<\/li><li><span style=\"color: #000000\"><strong>Nome Supervisor(a);<\/strong><\/span><\/li><li>Telefone;<\/li><li>E-mail.<\/li><\/ul><p><span style=\"text-decoration: underline\"><strong>DA UFSM:<\/strong><\/span><\/p><ul><li>Nome Professor (a) Orientador (a) (UFSM);<\/li><li>Matr\u00edcula (SIAPE);<\/li><li>Telefone;<\/li><li>E-mail.<\/li><\/ul><\/div>\n\t\t\t\t<\/div>\n\t\t\t\t\t\t\t<div class=\"elementor-toggle-item\">\n\t\t\t\t\t<div id=\"elementor-tab-title-2074\" class=\"elementor-tab-title\" data-tab=\"4\" role=\"button\" aria-controls=\"elementor-tab-content-2074\" aria-expanded=\"false\">\n\t\t\t\t\t\t\t\t\t\t\t\t<span class=\"elementor-toggle-icon elementor-toggle-icon-left\" aria-hidden=\"true\">\n\t\t\t\t\t\t\t\t\t\t\t\t\t\t\t<span class=\"elementor-toggle-icon-closed\"><i class=\"fas fa-caret-right\"><\/i><\/span>\n\t\t\t\t\t\t\t\t<span class=\"elementor-toggle-icon-opened\"><i class=\"elementor-toggle-icon-opened fas fa-caret-up\"><\/i><\/span>\n\t\t\t\t\t\t\t\t\t\t\t\t\t<\/span>\n\t\t\t\t\t\t\t\t\t\t\t\t<a class=\"elementor-toggle-title\" tabindex=\"0\">Relat\u00f3rio de Est\u00e1gio<\/a>\n\t\t\t\t\t<\/div>\n\n\t\t\t\t\t<div id=\"elementor-tab-content-2074\" class=\"elementor-tab-content elementor-clearfix\" data-tab=\"4\" role=\"region\" aria-labelledby=\"elementor-tab-title-2074\"><p style=\"text-align: justify\">O relat\u00f3rio de est\u00e1gio \u00e9 um documento no qual o aluno relata o conte\u00fado que foi trabalhado em seu est\u00e1gio, descrevendo as atividades realizadas, os desafios e solu\u00e7\u00f5es propostos e comprovando sua efetiva\u00e7\u00e3o.\u00a0<\/p><div><span style=\"text-decoration: underline\">A cada uma das partes envolvidas no processo, compete:<\/span><\/div><div>\u00a0<\/div><h5><b>ESTAGI\u00c1RIO(A)<\/b>\u00a0<\/h5><p>a) Desarquivar o processo de est\u00e1gio\u00a0[se for processo eletr\u00f4nico (usar o NUP)];<\/p><p>b) Anexar o Relat\u00f3rio de Atividades de Est\u00e1gio preenchido e assinado pelo supervisor, caso este n\u00e3o possua cadastro no PEN-SIE;<\/p><ul style=\"list-style-type: circle\"><li><strong><a href=\"https:\/\/www.ufsm.br\/cursos\/graduacao\/santa-maria\/arquivologia\/relatorio-arquivologia\" rel=\"attachment wp-att-1561\">Modelo de relat\u00f3rio<\/a><\/strong><\/li><\/ul><p>c) Anexar outros documentos, quando for o caso (ficha de avalia\u00e7\u00e3o\/frequ\u00eancia, etc);<\/p><p>d) Assinar eletronicamente;<\/p><p>e) Tramitar para o(a) professor(a) orientador(a) para assinatura.<\/p><h5><b>PROFESSOR(A) ORIENTADOR(A)<\/b><\/h5><p>a) Assinar eletronicamente o Relat\u00f3rio de Atividades de Est\u00e1gio;<\/p><p>b) Tramitar para a Coordena\u00e7\u00e3o de Curso para lan\u00e7ar a informa\u00e7\u00e3o no SIE.<\/p><h5><b>COORDENA\u00c7\u00c3O DE CURSO<\/b><\/h5><p>a) Encaminha para lan\u00e7amento do registro de est\u00e1gio no SIE\u00a0[o destino pode ser o curso ou a secretaria].<\/p><h5><b>COORDENA\u00c7\u00c3O DE CURSO OU SECRETARIA DO CURSO\/SECRETARIA ACAD\u00caMICA\/SECRETARIA UNIFICADA<\/b><\/h5><p>a) Fazer\u00a0<i>download\u00a0<\/i>do processo eletr\u00f4nico e guardar c\u00f3pia para consulta;<\/p><p>b) No SIE, registrar as informa\u00e7\u00f5es na aplica\u00e7\u00e3o 1.1.5.18 \u2013Registro dos Est\u00e1gios dos Alunos;\u00a0<\/p><p>c) Encaminhar para Arquivamento \u2013 DAG<\/p><\/div>\n\t\t\t\t<\/div>\n\t\t\t\t\t\t\t<div class=\"elementor-toggle-item\">\n\t\t\t\t\t<div id=\"elementor-tab-title-2075\" class=\"elementor-tab-title\" data-tab=\"5\" role=\"button\" aria-controls=\"elementor-tab-content-2075\" aria-expanded=\"false\">\n\t\t\t\t\t\t\t\t\t\t\t\t<span class=\"elementor-toggle-icon elementor-toggle-icon-left\" aria-hidden=\"true\">\n\t\t\t\t\t\t\t\t\t\t\t\t\t\t\t<span class=\"elementor-toggle-icon-closed\"><i class=\"fas fa-caret-right\"><\/i><\/span>\n\t\t\t\t\t\t\t\t<span class=\"elementor-toggle-icon-opened\"><i class=\"elementor-toggle-icon-opened fas fa-caret-up\"><\/i><\/span>\n\t\t\t\t\t\t\t\t\t\t\t\t\t<\/span>\n\t\t\t\t\t\t\t\t\t\t\t\t<a class=\"elementor-toggle-title\" tabindex=\"0\">Termo de Aditamento<\/a>\n\t\t\t\t\t<\/div>\n\n\t\t\t\t\t<div id=\"elementor-tab-content-2075\" class=\"elementor-tab-content elementor-clearfix\" data-tab=\"5\" role=\"region\" aria-labelledby=\"elementor-tab-title-2075\"><p>Para download do termo, acessar o site da <a href=\"https:\/\/www.ufsm.br\/pro-reitorias\/prograd\/code\/estagios\">PROGRAD &#8211; Est\u00e1gios<\/a>, no item <strong>Depois de iniciado o est\u00e1gio \u2192 Para alterar (aditar) o TCE<\/strong>.<\/p><p>O termo de aditamento \u00e9 geralmente utilizado para:<\/p><ul style=\"list-style-type: disc\"><li>Prorrogar o Termo de Compromisso de Est\u00e1gio;<\/li><li>Suspender o est\u00e1gio por tempo determinado;<\/li><li>Alterar o valor da bolsa;<\/li><li>Alterar o valor do aux\u00edlio-transporte;<\/li><li>Alterar a carga hor\u00e1ria do est\u00e1gio.<\/li><\/ul><div><span style=\"text-decoration: underline\">A cada uma das partes envolvidas no processo, compete:<\/span><\/div><div>\u00a0<\/div><h5><b>ESTAGI\u00c1RIO(A)<\/b>\u00a0<\/h5><p>a) Desarquivar o processo de est\u00e1gio\u00a0[se for processo eletr\u00f4nico (usar o NUP)];<\/p><p>b) Anexar o Termo Aditivo preenchido e assinado pela parte concedente, se esta n\u00e3o possuir cadastro no PEN-SIE;<\/p><p>c) Assinar eletronicamente;<\/p><p>d) Tramitar para o(a) professor(a) orientador(a) para assinatura.<\/p><h5><b>PROFESSOR(A) ORIENTADOR(A)<\/b><\/h5><p>a) Assinar eletronicamente o Termo Aditivo;<\/p><p>b) Tramitar para a Coordena\u00e7\u00e3o de Curso para la\u00e7ar a informa\u00e7\u00e3o no SIE.<\/p><h5><b>COORDENA\u00c7\u00c3O DE CURSO<\/b><\/h5><p>a) Encaminha para lan\u00e7amento do registro de est\u00e1gio no SIE\u00a0[o destino pode ser o curso ou a secretaria].<\/p><h5><b>COORDENA\u00c7\u00c3O DE CURSO OU SECRETARIA DO CURSO\/SECRETARIA ACAD\u00caMICA\/SECRETARIA UNIFICADA<\/b><\/h5><p>a) Fazer\u00a0<i>download\u00a0<\/i>do processo eletr\u00f4nico e guardar c\u00f3pia para consulta;<\/p><p>b) No SIE, registrar as informa\u00e7\u00f5es na aplica\u00e7\u00e3o 1.1.5.18 \u2013 Registro dos Est\u00e1gios dos Alunos;\u00a0<\/p><p>c) Encaminhar para Arquivamento \u2013 DAG<\/p><\/div>\n\t\t\t\t<\/div>\n\t\t\t\t\t\t\t<div class=\"elementor-toggle-item\">\n\t\t\t\t\t<div id=\"elementor-tab-title-2076\" class=\"elementor-tab-title\" data-tab=\"6\" role=\"button\" aria-controls=\"elementor-tab-content-2076\" aria-expanded=\"false\">\n\t\t\t\t\t\t\t\t\t\t\t\t<span class=\"elementor-toggle-icon elementor-toggle-icon-left\" aria-hidden=\"true\">\n\t\t\t\t\t\t\t\t\t\t\t\t\t\t\t<span class=\"elementor-toggle-icon-closed\"><i class=\"fas fa-caret-right\"><\/i><\/span>\n\t\t\t\t\t\t\t\t<span class=\"elementor-toggle-icon-opened\"><i class=\"elementor-toggle-icon-opened fas fa-caret-up\"><\/i><\/span>\n\t\t\t\t\t\t\t\t\t\t\t\t\t<\/span>\n\t\t\t\t\t\t\t\t\t\t\t\t<a class=\"elementor-toggle-title\" tabindex=\"0\">Rescis\u00e3o de TCE<\/a>\n\t\t\t\t\t<\/div>\n\n\t\t\t\t\t<div id=\"elementor-tab-content-2076\" class=\"elementor-tab-content elementor-clearfix\" data-tab=\"6\" role=\"region\" aria-labelledby=\"elementor-tab-title-2076\"><p><b>Observa\u00e7\u00e3o:<\/b> n\u00e3o \u00e9 necess\u00e1rio fazer termo de rescis\u00e3o para est\u00e1gios que acabam conforme o per\u00edodo previsto no termo de compromisso.<\/p><p>Para download do termo, acessar o site da\u00a0<strong><a href=\"https:\/\/www.ufsm.br\/pro-reitorias\/prograd\/code\/estagios\">PROGRAD \u2013 Est\u00e1gios<\/a>,<\/strong>\u00a0no item\u00a0<strong>Depois de iniciado o est\u00e1gio\u2192 Para rescindir o TCE<\/strong>.<\/p><h5><b>ESTAGI\u00c1RIO(A)<\/b>\u00a0<\/h5><p>a) Desarquivar o processo de est\u00e1gio\u00a0[se for processo eletr\u00f4nico (usar o NUP)]<\/p><p>b) Anexar o Termo de Rescis\u00e3o preenchido e assinado pela parte concedente, caso esta n\u00e3o possua cadastro no PEN-SIE;<\/p><p>c) Assinar eletronicamente;<\/p><p>d) Tramitar para o(a) professor(a) orientador(a) para assinatura.<\/p><h5><b>PROFESSOR(A) ORIENTADOR(A)<\/b><\/h5><p>a) Assinar eletronicamente o Termo de Rescis\u00e3o;<\/p><p>b) Tramitar para a Coordena\u00e7\u00e3o de Curso para la\u00e7ar a informa\u00e7\u00e3o no SIE.<\/p><h5><b>COORDENA\u00c7\u00c3O DE CURSO<\/b><\/h5><p>a) Encaminha para lan\u00e7amento do registro de est\u00e1gio no SIE [o destino pode ser o curso ou a secretaria].<\/p><h5><b>COORDENA\u00c7\u00c3O DE CURSO OU SECRETARIA DO CURSO\/SECRETARIA ACAD\u00caMICA\/SECRETARIA UNIFICADA<\/b><\/h5><p>a) Fazer\u00a0<i>download\u00a0<\/i>do processo eletr\u00f4nico e guardar c\u00f3pia para consulta;<\/p><p>b) No SIE, registrar as informa\u00e7\u00f5es na aplica\u00e7\u00e3o 1.1.5.18 \u2013 Registro dos Est\u00e1gios dos Alunos;\u00a0<\/p><p>c) Encaminhar para Arquivamento \u2013 DAG<\/p><\/div>\n\t\t\t\t<\/div>\n\t\t\t\t\t\t\t<div class=\"elementor-toggle-item\">\n\t\t\t\t\t<div id=\"elementor-tab-title-2077\" class=\"elementor-tab-title\" data-tab=\"7\" role=\"button\" aria-controls=\"elementor-tab-content-2077\" aria-expanded=\"false\">\n\t\t\t\t\t\t\t\t\t\t\t\t<span class=\"elementor-toggle-icon elementor-toggle-icon-left\" aria-hidden=\"true\">\n\t\t\t\t\t\t\t\t\t\t\t\t\t\t\t<span class=\"elementor-toggle-icon-closed\"><i class=\"fas fa-caret-right\"><\/i><\/span>\n\t\t\t\t\t\t\t\t<span class=\"elementor-toggle-icon-opened\"><i class=\"elementor-toggle-icon-opened fas fa-caret-up\"><\/i><\/span>\n\t\t\t\t\t\t\t\t\t\t\t\t\t<\/span>\n\t\t\t\t\t\t\t\t\t\t\t\t<a class=\"elementor-toggle-title\" tabindex=\"0\">Orienta\u00e7\u00f5es para defesa<\/a>\n\t\t\t\t\t<\/div>\n\n\t\t\t\t\t<div id=\"elementor-tab-content-2077\" class=\"elementor-tab-content elementor-clearfix\" data-tab=\"7\" role=\"region\" aria-labelledby=\"elementor-tab-title-2077\"><p>Solicita-se que\u00a0<strong>O(A) ORIENTADOR(A)<\/strong>\u00a0realize o preenchimento do formul\u00e1rio\u00a0<a href=\"https:\/\/forms.gle\/pmdc8DVm9kCPvveNA\"><strong>AGENDAMENTO DE DEFESA DE EST\u00c1GIOS \u2013 SIG I<\/strong><\/a>\u00a0.<\/p><p>De modo a gerar as atas e atestados em tempo h\u00e1bil por parte da Secretaria Integrada de Gradua\u00e7\u00e3o I, pede-se que o <strong>preenchimento<\/strong>\u00a0se d\u00ea com\u00a0<strong>no m\u00ednimo 15 dias de anteced\u00eancia<\/strong>\u00a0\u00e0 data da defesa.<\/p><\/div>\n\t\t\t\t<\/div>\n\t\t\t\t\t\t\t\t<\/div>\n\t\t\t\t<\/div>\n\t\t\t\t<\/div>\n\t\t\t\t\t<\/div>\n\t\t<\/div>\n\t\t\t\t\t<\/div>\n\t\t<\/section>\n\t\t\t\t<\/div>\n\t\t","protected":false},"excerpt":{"rendered":"<p>\u00c9 aquele definido pelos projetos pedag\u00f3gicos de curso e cuja carga hor\u00e1ria \u00e9 um dos requisitos para a integraliza\u00e7\u00e3o curricular. O est\u00e1gio obrigat\u00f3rio constitui disciplina do n\u00facleo r\u00edgido do projeto pedag\u00f3gico dos cursos (PPC).\u00a0 ATEN\u00c7\u00c3O: Procedimentos de abertura de processos alterados. Agora, o in\u00edcio se dar\u00e1 pelo Portal Estudantil. Os processos que j\u00e1 tinham sido [&hellip;]<\/p>\n","protected":false},"author":7434,"featured_media":0,"parent":0,"menu_order":0,"comment_status":"closed","ping_status":"closed","template":"","meta":{"footnotes":""},"categories":[],"tags":[],"class_list":["post-1438","page","type-page","status-publish","hentry"],"acf":[],"_links":{"self":[{"href":"https:\/\/www.ufsm.br\/cursos\/graduacao\/santa-maria\/arquivologia\/wp-json\/wp\/v2\/pages\/1438","targetHints":{"allow":["GET"]}}],"collection":[{"href":"https:\/\/www.ufsm.br\/cursos\/graduacao\/santa-maria\/arquivologia\/wp-json\/wp\/v2\/pages"}],"about":[{"href":"https:\/\/www.ufsm.br\/cursos\/graduacao\/santa-maria\/arquivologia\/wp-json\/wp\/v2\/types\/page"}],"author":[{"embeddable":true,"href":"https:\/\/www.ufsm.br\/cursos\/graduacao\/santa-maria\/arquivologia\/wp-json\/wp\/v2\/users\/7434"}],"replies":[{"embeddable":true,"href":"https:\/\/www.ufsm.br\/cursos\/graduacao\/santa-maria\/arquivologia\/wp-json\/wp\/v2\/comments?post=1438"}],"version-history":[{"count":0,"href":"https:\/\/www.ufsm.br\/cursos\/graduacao\/santa-maria\/arquivologia\/wp-json\/wp\/v2\/pages\/1438\/revisions"}],"wp:attachment":[{"href":"https:\/\/www.ufsm.br\/cursos\/graduacao\/santa-maria\/arquivologia\/wp-json\/wp\/v2\/media?parent=1438"}],"wp:term":[{"taxonomy":"category","embeddable":true,"href":"https:\/\/www.ufsm.br\/cursos\/graduacao\/santa-maria\/arquivologia\/wp-json\/wp\/v2\/categories?post=1438"},{"taxonomy":"post_tag","embeddable":true,"href":"https:\/\/www.ufsm.br\/cursos\/graduacao\/santa-maria\/arquivologia\/wp-json\/wp\/v2\/tags?post=1438"}],"curies":[{"name":"wp","href":"https:\/\/api.w.org\/{rel}","templated":true}]}}