{"id":1485,"date":"2024-03-13T14:45:30","date_gmt":"2024-03-13T17:45:30","guid":{"rendered":"https:\/\/www.ufsm.br\/cursos\/graduacao\/santa-maria\/arquivologia\/?page_id=1485"},"modified":"2025-06-10T11:39:08","modified_gmt":"2025-06-10T14:39:08","slug":"tutorial-para-solicitacao-de-dispensa-por-autodidatismo","status":"publish","type":"page","link":"https:\/\/www.ufsm.br\/cursos\/graduacao\/santa-maria\/arquivologia\/tutorial-para-solicitacao-de-dispensa-por-autodidatismo","title":{"rendered":"Tutorial para solicita\u00e7\u00e3o de dispensa por Autodidatismo"},"content":{"rendered":"\t\t<div data-elementor-type=\"wp-page\" data-elementor-id=\"1485\" class=\"elementor elementor-1485\">\n\t\t\t\t\t\t<section class=\"elementor-section elementor-top-section elementor-element elementor-element-7968b878 elementor-section-boxed elementor-section-height-default elementor-section-height-default\" data-id=\"7968b878\" data-element_type=\"section\">\n\t\t\t\t\t\t<div class=\"elementor-container elementor-column-gap-default\">\n\t\t\t\t\t<div class=\"elementor-column elementor-col-100 elementor-top-column elementor-element elementor-element-7788e14\" data-id=\"7788e14\" data-element_type=\"column\">\n\t\t\t<div class=\"elementor-widget-wrap elementor-element-populated\">\n\t\t\t\t\t\t<div class=\"elementor-element elementor-element-188f6cdc elementor-widget elementor-widget-text-editor\" data-id=\"188f6cdc\" data-element_type=\"widget\" data-widget_type=\"text-editor.default\">\n\t\t\t\t<div class=\"elementor-widget-container\">\n\t\t\t\t\t\t\t<p>Conforme a <a href=\"https:\/\/portal.ufsm.br\/documentos\/download.html?action=arquivosIndexados&amp;id=15431105&amp;download=false\">Resolu\u00e7\u00e3o N. 209\/2025 \u2013 PROPLAN<\/a>, \u00e9 poss\u00edvel solicitar a dispensa de disciplinas por Autodidatismo.<\/p>\n<p>1) Preencha o <strong>*Requerimento<\/strong> &#8211; dispon\u00edvel no final desta p\u00e1gina &#8211;\u00a0 e salve em .PDF;\u00a0<\/p>\n<p>2) <a style=\"font-size: 1rem;font-weight: var( --e-global-typography-text-font-weight );text-align: var(--bs-body-text-align)\" href=\"https:\/\/www.ufsm.br\/orgaos-suplementares\/dag\/pen\/apoio-ao-usuario\/passo-a-passo-para-abertura-assinatura-e-tramite\" target=\"_blank\" rel=\"noopener\">Abra um processo eletr\u00f4nico<\/a> no Portal de Documentos (PEN-SIE);<\/p>\n<p><!-- \/wp:paragraph --><\/p>\n<p><!-- wp:paragraph --><\/p>\n<p>3) No <a href=\"https:\/\/portal.ufsm.br\/documentos\/mainMenu.html\" target=\"_blank\" rel=\"noreferrer noopener\">Portal de Documentos<\/a>, escolha a op\u00e7\u00e3o Processos, o tipo documental \u00e9 \u201c<strong>Processo de dispensa de disciplina de gradua\u00e7\u00e3o por autodidatismo<\/strong>\u201d;<\/p>\n<p><!-- \/wp:paragraph --><\/p>\n<p><!-- wp:paragraph --><\/p>\n<p><!-- \/wp:paragraph --><\/p>\n<p><!-- wp:paragraph --><\/p>\n<p>4) No processo, insira o requerimento preenchido em PDF.\u00a0<\/p>\n<p>O Requerimento precisa ser assinado pelo(a) aluno(a). Ao inserir o Requerimento selecione a op\u00e7\u00e3o &#8220;<b>Sim&#8221;<\/b>, na pergunta &#8220;<b>Assinar documento&#8221;<\/b>?<br \/>Dessa forma, o(a) aluno(a) poder\u00e1 inserir a sua\u00a0<a href=\"https:\/\/www.ufsm.br\/orgaos-suplementares\/cpd\/2020\/03\/31\/processo-digital-assinatura-eletronica\/\" target=\"_blank\" rel=\"noreferrer noopener\">assinatura eletr\u00f4nica;<\/a><\/p>\n<p><!-- \/wp:paragraph --><\/p>\n<p><!-- wp:paragraph --><\/p>\n<p><!-- \/wp:paragraph --><\/p>\n<p><!-- wp:paragraph --><\/p>\n<p><strong>*Aten\u00e7\u00e3o<\/strong>: <span style=\"color: #ff0000\"><u>deve ser inserido apenas uma disciplina por processo<\/u><\/span>, ou seja, para cada disciplina ser\u00e1 preciso fazer um novo processo.<\/p>\n<p>5) Ap\u00f3s inserir o requerimento, clique no bot\u00e3o <b>Tramitar. <\/b>Voc\u00ea deve tramitar para a coordena\u00e7\u00e3o do curso, por isso, ap\u00f3s clicar no bot\u00e3o Tramitar,\u00a0<strong>digite no campo Despacho:<\/strong><br \/>\u201c<strong>Por favor, encaminhar para a coordena\u00e7\u00e3o do curso de Arquivologia.<\/strong>\u201c<\/p>\n<p>Ap\u00f3s digitar essa informa\u00e7\u00e3o no campo Despacho, clique novamente no bot\u00e3o <b>Tramitar.<\/b><\/p>\n<p><!-- \/wp:paragraph --><\/p>\t\t\t\t\t\t<\/div>\n\t\t\t\t<\/div>\n\t\t\t\t\t<\/div>\n\t\t<\/div>\n\t\t\t\t\t<\/div>\n\t\t<\/section>\n\t\t\t\t<\/div>\n\t\t","protected":false},"excerpt":{"rendered":"<p>Conforme a Resolu\u00e7\u00e3o N. 209\/2025 \u2013 PROPLAN, \u00e9 poss\u00edvel solicitar a dispensa de disciplinas por Autodidatismo. 1) Preencha o *Requerimento &#8211; dispon\u00edvel no final desta p\u00e1gina &#8211;\u00a0 e salve em .PDF;\u00a0 2) Abra um processo eletr\u00f4nico no Portal de Documentos (PEN-SIE); 3) No Portal de Documentos, escolha a op\u00e7\u00e3o Processos, o tipo documental \u00e9 \u201cProcesso [&hellip;]<\/p>\n","protected":false},"author":7439,"featured_media":0,"parent":0,"menu_order":0,"comment_status":"closed","ping_status":"closed","template":"","meta":{"footnotes":""},"categories":[],"tags":[],"class_list":["post-1485","page","type-page","status-publish","hentry"],"acf":[],"_links":{"self":[{"href":"https:\/\/www.ufsm.br\/cursos\/graduacao\/santa-maria\/arquivologia\/wp-json\/wp\/v2\/pages\/1485","targetHints":{"allow":["GET"]}}],"collection":[{"href":"https:\/\/www.ufsm.br\/cursos\/graduacao\/santa-maria\/arquivologia\/wp-json\/wp\/v2\/pages"}],"about":[{"href":"https:\/\/www.ufsm.br\/cursos\/graduacao\/santa-maria\/arquivologia\/wp-json\/wp\/v2\/types\/page"}],"author":[{"embeddable":true,"href":"https:\/\/www.ufsm.br\/cursos\/graduacao\/santa-maria\/arquivologia\/wp-json\/wp\/v2\/users\/7439"}],"replies":[{"embeddable":true,"href":"https:\/\/www.ufsm.br\/cursos\/graduacao\/santa-maria\/arquivologia\/wp-json\/wp\/v2\/comments?post=1485"}],"version-history":[{"count":0,"href":"https:\/\/www.ufsm.br\/cursos\/graduacao\/santa-maria\/arquivologia\/wp-json\/wp\/v2\/pages\/1485\/revisions"}],"wp:attachment":[{"href":"https:\/\/www.ufsm.br\/cursos\/graduacao\/santa-maria\/arquivologia\/wp-json\/wp\/v2\/media?parent=1485"}],"wp:term":[{"taxonomy":"category","embeddable":true,"href":"https:\/\/www.ufsm.br\/cursos\/graduacao\/santa-maria\/arquivologia\/wp-json\/wp\/v2\/categories?post=1485"},{"taxonomy":"post_tag","embeddable":true,"href":"https:\/\/www.ufsm.br\/cursos\/graduacao\/santa-maria\/arquivologia\/wp-json\/wp\/v2\/tags?post=1485"}],"curies":[{"name":"wp","href":"https:\/\/api.w.org\/{rel}","templated":true}]}}