{"id":1725,"date":"2025-06-06T12:15:20","date_gmt":"2025-06-06T15:15:20","guid":{"rendered":"https:\/\/www.ufsm.br\/cursos\/graduacao\/santa-maria\/arquivologia\/?page_id=1725"},"modified":"2025-06-06T12:15:22","modified_gmt":"2025-06-06T15:15:22","slug":"atividades-complementares-de-extensao-acex","status":"publish","type":"page","link":"https:\/\/www.ufsm.br\/cursos\/graduacao\/santa-maria\/arquivologia\/atividades-complementares-de-extensao-acex","title":{"rendered":"Atividades Complementares de Extens\u00e3o &#8211; ACEx"},"content":{"rendered":"\n<p>As ACEx fazem parte do curr\u00edculo dos cursos e devem ser registradas pelos(as) estudantes.<\/p>\n\n\n\n<p>Para saber como fazer o registro, acesse o tutorial abaixo:<\/p>\n\n\n\n<div data-wp-interactive=\"core\/file\" class=\"wp-block-file\"><object data-wp-bind--hidden=\"!state.hasPdfPreview\" hidden class=\"wp-block-file__embed\" data=\"https:\/\/www.ufsm.br\/app\/uploads\/sites\/463\/2025\/06\/Solicitacao-de-ACEX-pelo-Portal-Estudantil-1.pdf\" type=\"application\/pdf\" style=\"width:100%;height:600px\" aria-label=\"Incorporado de Solicitacao-de-ACEX-pelo-Portal-Estudantil-1.\"><\/object><a id=\"wp-block-file--media-cc1a4d70-5ebf-497b-a39c-895704af8292\" href=\"https:\/\/www.ufsm.br\/app\/uploads\/sites\/463\/2025\/06\/Solicitacao-de-ACEX-pelo-Portal-Estudantil-1.pdf\">Solicitacao-de-ACEX-pelo-Portal-Estudantil-1<\/a><a href=\"https:\/\/www.ufsm.br\/app\/uploads\/sites\/463\/2025\/06\/Solicitacao-de-ACEX-pelo-Portal-Estudantil-1.pdf\" class=\"wp-block-file__button wp-element-button\" download aria-describedby=\"wp-block-file--media-cc1a4d70-5ebf-497b-a39c-895704af8292\">Baixar<\/a><\/div>\n\n\n\n<p>Em caso de d\u00favidas, entre em contato com a coordena\u00e7\u00e3o do curso.<\/p>\n","protected":false},"excerpt":{"rendered":"<p>As ACEx fazem parte do curr\u00edculo dos cursos e devem ser registradas pelos(as) estudantes. Para saber como fazer o registro, acesse o tutorial abaixo: Em caso de d\u00favidas, entre em contato com a coordena\u00e7\u00e3o do curso.<\/p>\n","protected":false},"author":8897,"featured_media":0,"parent":0,"menu_order":0,"comment_status":"closed","ping_status":"closed","template":"","meta":{"footnotes":""},"categories":[],"tags":[46,37,26],"class_list":["post-1725","page","type-page","status-publish","hentry","tag-arquivologia","tag-secretaria","tag-secretaria-integrada-de-cursos-de-graduacao-i"],"acf":[],"_links":{"self":[{"href":"https:\/\/www.ufsm.br\/cursos\/graduacao\/santa-maria\/arquivologia\/wp-json\/wp\/v2\/pages\/1725","targetHints":{"allow":["GET"]}}],"collection":[{"href":"https:\/\/www.ufsm.br\/cursos\/graduacao\/santa-maria\/arquivologia\/wp-json\/wp\/v2\/pages"}],"about":[{"href":"https:\/\/www.ufsm.br\/cursos\/graduacao\/santa-maria\/arquivologia\/wp-json\/wp\/v2\/types\/page"}],"author":[{"embeddable":true,"href":"https:\/\/www.ufsm.br\/cursos\/graduacao\/santa-maria\/arquivologia\/wp-json\/wp\/v2\/users\/8897"}],"replies":[{"embeddable":true,"href":"https:\/\/www.ufsm.br\/cursos\/graduacao\/santa-maria\/arquivologia\/wp-json\/wp\/v2\/comments?post=1725"}],"version-history":[{"count":0,"href":"https:\/\/www.ufsm.br\/cursos\/graduacao\/santa-maria\/arquivologia\/wp-json\/wp\/v2\/pages\/1725\/revisions"}],"wp:attachment":[{"href":"https:\/\/www.ufsm.br\/cursos\/graduacao\/santa-maria\/arquivologia\/wp-json\/wp\/v2\/media?parent=1725"}],"wp:term":[{"taxonomy":"category","embeddable":true,"href":"https:\/\/www.ufsm.br\/cursos\/graduacao\/santa-maria\/arquivologia\/wp-json\/wp\/v2\/categories?post=1725"},{"taxonomy":"post_tag","embeddable":true,"href":"https:\/\/www.ufsm.br\/cursos\/graduacao\/santa-maria\/arquivologia\/wp-json\/wp\/v2\/tags?post=1725"}],"curies":[{"name":"wp","href":"https:\/\/api.w.org\/{rel}","templated":true}]}}