{"id":1794,"date":"2025-08-13T09:05:37","date_gmt":"2025-08-13T12:05:37","guid":{"rendered":"https:\/\/www.ufsm.br\/cursos\/graduacao\/santa-maria\/arquivologia\/?page_id=1794"},"modified":"2025-08-15T10:33:49","modified_gmt":"2025-08-15T13:33:49","slug":"laboratorios","status":"publish","type":"page","link":"https:\/\/www.ufsm.br\/cursos\/graduacao\/santa-maria\/arquivologia\/laboratorios","title":{"rendered":"Laborat\u00f3rios"},"content":{"rendered":"\t\t<div data-elementor-type=\"wp-page\" data-elementor-id=\"1794\" class=\"elementor elementor-1794\">\n\t\t\t\t\t\t<section class=\"elementor-section elementor-top-section elementor-element elementor-element-debc641 elementor-section-boxed elementor-section-height-default elementor-section-height-default\" data-id=\"debc641\" data-element_type=\"section\">\n\t\t\t\t\t\t<div class=\"elementor-container elementor-column-gap-default\">\n\t\t\t\t\t<div class=\"elementor-column elementor-col-100 elementor-top-column elementor-element elementor-element-e2ba690\" data-id=\"e2ba690\" data-element_type=\"column\">\n\t\t\t<div class=\"elementor-widget-wrap elementor-element-populated\">\n\t\t\t\t\t\t<div class=\"elementor-element elementor-element-e1e3e8f elementor-widget elementor-widget-toggle\" data-id=\"e1e3e8f\" data-element_type=\"widget\" data-widget_type=\"toggle.default\">\n\t\t\t\t<div class=\"elementor-widget-container\">\n\t\t\t\t\t<div class=\"elementor-toggle\">\n\t\t\t\t\t\t\t<div class=\"elementor-toggle-item\">\n\t\t\t\t\t<div id=\"elementor-tab-title-2361\" class=\"elementor-tab-title\" data-tab=\"1\" role=\"button\" aria-controls=\"elementor-tab-content-2361\" aria-expanded=\"false\">\n\t\t\t\t\t\t\t\t\t\t\t\t<span class=\"elementor-toggle-icon elementor-toggle-icon-left\" aria-hidden=\"true\">\n\t\t\t\t\t\t\t\t\t\t\t\t\t\t\t<span class=\"elementor-toggle-icon-closed\"><i class=\"fas fa-caret-right\"><\/i><\/span>\n\t\t\t\t\t\t\t\t<span class=\"elementor-toggle-icon-opened\"><i class=\"elementor-toggle-icon-opened fas fa-caret-up\"><\/i><\/span>\n\t\t\t\t\t\t\t\t\t\t\t\t\t<\/span>\n\t\t\t\t\t\t\t\t\t\t\t\t<a class=\"elementor-toggle-title\" tabindex=\"0\">Laborat\u00f3rio de Arranjo, Descri\u00e7\u00e3o e Mem\u00f3ria<\/a>\n\t\t\t\t\t<\/div>\n\n\t\t\t\t\t<div id=\"elementor-tab-content-2361\" class=\"elementor-tab-content elementor-clearfix\" data-tab=\"1\" role=\"region\" aria-labelledby=\"elementor-tab-title-2361\"><p>Localizado na Sala 2134, Pr\u00e9dio 74A, objetiva a promo\u00e7\u00e3o do ensino, da pesquisa e da extens\u00e3o no que se refere ao tratamento de documentos de car\u00e1ter permanente. Tamb\u00e9m \u00e9 respons\u00e1vel pela cust\u00f3dia, tratamento e disponibiliza\u00e7\u00e3o dos arquivos permanentes do Departamento de Arquivologia, do Curso de Arquivologia e do Fundo Fechado Faculdade de Arquivologia. No acervo do Curso de Arquivologia al\u00e9m da documenta\u00e7\u00e3o relativa ao seu funcionamento, destaca-se o conjunto de Trabalhos de Conclus\u00e3o de Curso e os Relat\u00f3rios de Est\u00e1gio Supervisionado que s\u00e3o fontes de pesquisa dos acad\u00eamicos da gradua\u00e7\u00e3o do Curso.<\/p><\/div>\n\t\t\t\t<\/div>\n\t\t\t\t\t\t\t<div class=\"elementor-toggle-item\">\n\t\t\t\t\t<div id=\"elementor-tab-title-2362\" class=\"elementor-tab-title\" data-tab=\"2\" role=\"button\" aria-controls=\"elementor-tab-content-2362\" aria-expanded=\"false\">\n\t\t\t\t\t\t\t\t\t\t\t\t<span class=\"elementor-toggle-icon elementor-toggle-icon-left\" aria-hidden=\"true\">\n\t\t\t\t\t\t\t\t\t\t\t\t\t\t\t<span class=\"elementor-toggle-icon-closed\"><i class=\"fas fa-caret-right\"><\/i><\/span>\n\t\t\t\t\t\t\t\t<span class=\"elementor-toggle-icon-opened\"><i class=\"elementor-toggle-icon-opened fas fa-caret-up\"><\/i><\/span>\n\t\t\t\t\t\t\t\t\t\t\t\t\t<\/span>\n\t\t\t\t\t\t\t\t\t\t\t\t<a class=\"elementor-toggle-title\" tabindex=\"0\">Laborat\u00f3rio de Arquiv\u00edstica Anal\u00f3gica e Digital (LabAAD)<\/a>\n\t\t\t\t\t<\/div>\n\n\t\t\t\t\t<div id=\"elementor-tab-content-2362\" class=\"elementor-tab-content elementor-clearfix\" data-tab=\"2\" role=\"region\" aria-labelledby=\"elementor-tab-title-2362\"><p>Localizado na Salas 2250 e 2252, Pr\u00e9dio 74A, Campus Sede. Tem por objetivo apoiar as atividades de ensino relacionadas com documentos digitais e representantes digitais, com \u00eanfase em processos e pr\u00e1ticas de gest\u00e3o, preserva\u00e7\u00e3o, conserva\u00e7\u00e3o e acesso em ambiente digital. Tais atividades objetivam dar subs\u00eddios para o desenvolvimento de projetos de pesquisa e extens\u00e3o que tenham como enfoque a an\u00e1lise e aplica\u00e7\u00e3o de metodologias e sistemas destinados \u00e0 digitaliza\u00e7\u00e3o de documentos nos mais diferentes suportes e formatos, bem como a valida\u00e7\u00e3o e implementa\u00e7\u00e3o de softwares que contemplam os pressupostos do eixo tem\u00e1tico Arquivos Digitais, com \u00eanfase nas disciplinas de Introdu\u00e7\u00e3o \u00e0 Gest\u00e3o Eletr\u00f4nica de Documentos, Documentos Arquiv\u00edsticos Digitais, Sistemas Informatizados de Gest\u00e3o Arquiv\u00edstica de Documentos, Preserva\u00e7\u00e3o Digital A e Reposit\u00f3rios Digitais Confi\u00e1veis. O laborat\u00f3rio \u00e9 dividido em dois est\u00fadios, sendo um destinado para os processos de Captura e Digitaliza\u00e7\u00e3o (Sala 2252) e o outro para o Gerenciamento e Preserva\u00e7\u00e3o (Sala 2250). Os espa\u00e7os apresentam um conjunto de equipamentos, como computadores, esc\u00e2neres de mesa, esc\u00e2neres port\u00e1teis, esc\u00e2neres para negativos fotogr\u00e1ficos, placas de captura para documentos audiovisuais e sonoros, televisores, videocassetes e reprodutores de fitas k-7 e discos de vinil.<\/p><ul><li><a href=\"https:\/\/www.ufsm.br\/app\/uploads\/sites\/463\/2025\/08\/NORMAS_DE_USO_LabAAD.pdf\">Normas do Laborat\u00f3rio<\/a><\/li><\/ul><\/div>\n\t\t\t\t<\/div>\n\t\t\t\t\t\t\t<div class=\"elementor-toggle-item\">\n\t\t\t\t\t<div id=\"elementor-tab-title-2363\" class=\"elementor-tab-title\" data-tab=\"3\" role=\"button\" aria-controls=\"elementor-tab-content-2363\" aria-expanded=\"false\">\n\t\t\t\t\t\t\t\t\t\t\t\t<span class=\"elementor-toggle-icon elementor-toggle-icon-left\" aria-hidden=\"true\">\n\t\t\t\t\t\t\t\t\t\t\t\t\t\t\t<span class=\"elementor-toggle-icon-closed\"><i class=\"fas fa-caret-right\"><\/i><\/span>\n\t\t\t\t\t\t\t\t<span class=\"elementor-toggle-icon-opened\"><i class=\"elementor-toggle-icon-opened fas fa-caret-up\"><\/i><\/span>\n\t\t\t\t\t\t\t\t\t\t\t\t\t<\/span>\n\t\t\t\t\t\t\t\t\t\t\t\t<a class=\"elementor-toggle-title\" tabindex=\"0\">Laborat\u00f3rio de Fotografia Anal\u00f3gica (LAFA)<\/a>\n\t\t\t\t\t<\/div>\n\n\t\t\t\t\t<div id=\"elementor-tab-content-2363\" class=\"elementor-tab-content elementor-clearfix\" data-tab=\"3\" role=\"region\" aria-labelledby=\"elementor-tab-title-2363\"><p>Localizado na Sala 2154, Pr\u00e9dio 74A, Campus Sede. Tem por objetivo apoiar as atividades de ensino relacionadas com a fotografia anal\u00f3gica alicer\u00e7adas em pr\u00e1ticas que proporcionam a reprodu\u00e7\u00e3o e amplia\u00e7\u00e3o fotogr\u00e1ficas, assim como a revela\u00e7\u00e3o em P&amp;B. Tais atividades objetivam dar subs\u00eddios para o desenvolvimento de projetos de pesquisa e extens\u00e3o que tenham como enfoque reconhecer e compreender os diferentes tipos de processos fotogr\u00e1ficos, os quais vinculam-se \u00e0s disciplinas de Preserva\u00e7\u00e3o e Conserva\u00e7\u00e3o de Documentos e Reprodu\u00e7\u00e3o de Documentos. Quanto \u00e0 estrutura e mobili\u00e1rio, o laborat\u00f3rio apresenta um conjunto de equipamentos, como ampliadores fotogr\u00e1ficos e marginadores que permitem realizar processos de amplia\u00e7\u00e3o, duplica\u00e7\u00e3o e revela\u00e7\u00e3o fotogr\u00e1fica.<\/p><\/div>\n\t\t\t\t<\/div>\n\t\t\t\t\t\t\t<div class=\"elementor-toggle-item\">\n\t\t\t\t\t<div id=\"elementor-tab-title-2364\" class=\"elementor-tab-title\" data-tab=\"4\" role=\"button\" aria-controls=\"elementor-tab-content-2364\" aria-expanded=\"false\">\n\t\t\t\t\t\t\t\t\t\t\t\t<span class=\"elementor-toggle-icon elementor-toggle-icon-left\" aria-hidden=\"true\">\n\t\t\t\t\t\t\t\t\t\t\t\t\t\t\t<span class=\"elementor-toggle-icon-closed\"><i class=\"fas fa-caret-right\"><\/i><\/span>\n\t\t\t\t\t\t\t\t<span class=\"elementor-toggle-icon-opened\"><i class=\"elementor-toggle-icon-opened fas fa-caret-up\"><\/i><\/span>\n\t\t\t\t\t\t\t\t\t\t\t\t\t<\/span>\n\t\t\t\t\t\t\t\t\t\t\t\t<a class=\"elementor-toggle-title\" tabindex=\"0\">Laborat\u00f3rio de Restaura\u00e7\u00e3o de Documentos (LABREST)<\/a>\n\t\t\t\t\t<\/div>\n\n\t\t\t\t\t<div id=\"elementor-tab-content-2364\" class=\"elementor-tab-content elementor-clearfix\" data-tab=\"4\" role=\"region\" aria-labelledby=\"elementor-tab-title-2364\"><p>Localizado na Sala 2132, Pr\u00e9dio 74A, Campus Sede. Objetiva a promo\u00e7\u00e3o de atividades de ensino, pesquisa e extens\u00e3o na \u00e1rea de preserva\u00e7\u00e3o e conserva\u00e7\u00e3o de acervos, restaura\u00e7\u00e3o de livros e encaderna\u00e7\u00e3o. Quanto \u00e0 estrutura e mobili\u00e1rio, o laborat\u00f3rio \u00e9 equipado com mesas com tampo de vidro, secadora de documentos, desumidificador, guilhotina, dentre outros equipamentos especializados.<\/p><ul><li><a href=\"https:\/\/www.ufsm.br\/app\/uploads\/sites\/463\/2025\/08\/Regulamento_do_LABREST.pdf\">Regulamento do Laborat\u00f3rio<\/a><\/li><\/ul><\/div>\n\t\t\t\t<\/div>\n\t\t\t\t\t\t\t<div class=\"elementor-toggle-item\">\n\t\t\t\t\t<div id=\"elementor-tab-title-2365\" class=\"elementor-tab-title\" data-tab=\"5\" role=\"button\" aria-controls=\"elementor-tab-content-2365\" aria-expanded=\"false\">\n\t\t\t\t\t\t\t\t\t\t\t\t<span class=\"elementor-toggle-icon elementor-toggle-icon-left\" aria-hidden=\"true\">\n\t\t\t\t\t\t\t\t\t\t\t\t\t\t\t<span class=\"elementor-toggle-icon-closed\"><i class=\"fas fa-caret-right\"><\/i><\/span>\n\t\t\t\t\t\t\t\t<span class=\"elementor-toggle-icon-opened\"><i class=\"elementor-toggle-icon-opened fas fa-caret-up\"><\/i><\/span>\n\t\t\t\t\t\t\t\t\t\t\t\t\t<\/span>\n\t\t\t\t\t\t\t\t\t\t\t\t<a class=\"elementor-toggle-title\" tabindex=\"0\">Laborat\u00f3rio de Paleografia Professora Eneida Izabel Schirmer Richter (LaPPEI)<\/a>\n\t\t\t\t\t<\/div>\n\n\t\t\t\t\t<div id=\"elementor-tab-content-2365\" class=\"elementor-tab-content elementor-clearfix\" data-tab=\"5\" role=\"region\" aria-labelledby=\"elementor-tab-title-2365\"><p>Localizado na Sala 2125A, Pr\u00e9dio 74A, Campus Sede. Objetiva reunir iniciativas voltadas para a paleografia onde s\u00e3o ministradas atividades pr\u00e1ticas da disciplina de Paleografia e Pr\u00e1tica da Paleografia. \u00c9 espa\u00e7o de guarda de acervos bibliogr\u00e1ficos e documentais de ex-professores do Curso e de outros centros, tendo material relativo ao acervo do professor aposentado Carlos Blaya Perez, da falecida professora Eneida Izabel Schirmer Richter e do j\u00e1 falecido professor do Centro de Artes e Letras L\u00e9o Guerreiro. No espa\u00e7o tamb\u00e9m s\u00e3o desenvolvidos projetos de ensino, pesquisa e extens\u00e3o de tem\u00e1ticas afins, como o Grupo Informa\u00e7\u00e3o e Cemit\u00e9rio, o projeto do Museu do Imigrante Italiano, que prev\u00ea a preserva\u00e7\u00e3o e identifica\u00e7\u00e3o de negativos do Padre Marcuzzo, e o levantamento das inscri\u00e7\u00f5es e condi\u00e7\u00f5es de preserva\u00e7\u00e3o de monumentos de Santa Maria. Quanto \u00e0 estrutura e mobili\u00e1rio, o laborat\u00f3rio possui um quadro branco, uma mesa de luz, dois computadores de mesa em duas mesas de escrit\u00f3rio, um esc\u00e2ner, um notebook, um data show, uma impressora desativada, quatro prateleiras duplas de a\u00e7o, dois arm\u00e1rios de madeira, tr\u00eas mesas grandes, uma longarina de tr\u00eas lugares, cinco cadeiras fixas verdes, seis cadeiras fixas pretas, oito cadeiras fixas de madeira.<\/p><ul><li><a href=\"https:\/\/www.ufsm.br\/app\/uploads\/sites\/463\/2025\/08\/Regulamento_Lappei.pdf\">Regulamento do Laborat\u00f3rio<\/a><\/li><\/ul><\/div>\n\t\t\t\t<\/div>\n\t\t\t\t\t\t\t\t<\/div>\n\t\t\t\t<\/div>\n\t\t\t\t<\/div>\n\t\t\t\t\t<\/div>\n\t\t<\/div>\n\t\t\t\t\t<\/div>\n\t\t<\/section>\n\t\t\t\t<\/div>\n\t\t","protected":false},"excerpt":{"rendered":"<p>Laborat\u00f3rio de Arranjo, Descri\u00e7\u00e3o e Mem\u00f3ria Localizado na Sala 2134, Pr\u00e9dio 74A, objetiva a promo\u00e7\u00e3o do ensino, da pesquisa e da extens\u00e3o no que se refere ao tratamento de documentos de car\u00e1ter permanente. Tamb\u00e9m \u00e9 respons\u00e1vel pela cust\u00f3dia, tratamento e disponibiliza\u00e7\u00e3o dos arquivos permanentes do Departamento de Arquivologia, do Curso de Arquivologia e do Fundo [&hellip;]<\/p>\n","protected":false},"author":1999,"featured_media":0,"parent":0,"menu_order":0,"comment_status":"closed","ping_status":"closed","template":"","meta":{"footnotes":""},"categories":[],"tags":[],"class_list":["post-1794","page","type-page","status-publish","hentry"],"acf":[],"_links":{"self":[{"href":"https:\/\/www.ufsm.br\/cursos\/graduacao\/santa-maria\/arquivologia\/wp-json\/wp\/v2\/pages\/1794","targetHints":{"allow":["GET"]}}],"collection":[{"href":"https:\/\/www.ufsm.br\/cursos\/graduacao\/santa-maria\/arquivologia\/wp-json\/wp\/v2\/pages"}],"about":[{"href":"https:\/\/www.ufsm.br\/cursos\/graduacao\/santa-maria\/arquivologia\/wp-json\/wp\/v2\/types\/page"}],"author":[{"embeddable":true,"href":"https:\/\/www.ufsm.br\/cursos\/graduacao\/santa-maria\/arquivologia\/wp-json\/wp\/v2\/users\/1999"}],"replies":[{"embeddable":true,"href":"https:\/\/www.ufsm.br\/cursos\/graduacao\/santa-maria\/arquivologia\/wp-json\/wp\/v2\/comments?post=1794"}],"version-history":[{"count":0,"href":"https:\/\/www.ufsm.br\/cursos\/graduacao\/santa-maria\/arquivologia\/wp-json\/wp\/v2\/pages\/1794\/revisions"}],"wp:attachment":[{"href":"https:\/\/www.ufsm.br\/cursos\/graduacao\/santa-maria\/arquivologia\/wp-json\/wp\/v2\/media?parent=1794"}],"wp:term":[{"taxonomy":"category","embeddable":true,"href":"https:\/\/www.ufsm.br\/cursos\/graduacao\/santa-maria\/arquivologia\/wp-json\/wp\/v2\/categories?post=1794"},{"taxonomy":"post_tag","embeddable":true,"href":"https:\/\/www.ufsm.br\/cursos\/graduacao\/santa-maria\/arquivologia\/wp-json\/wp\/v2\/tags?post=1794"}],"curies":[{"name":"wp","href":"https:\/\/api.w.org\/{rel}","templated":true}]}}