{"id":192,"date":"2018-12-12T14:06:59","date_gmt":"2018-12-12T16:06:59","guid":{"rendered":"https:\/\/www.ufsm.br\/cursos\/graduacao\/santa-maria\/arquivologia\/?page_id=192"},"modified":"2018-12-12T15:25:35","modified_gmt":"2018-12-12T17:25:35","slug":"galeria","status":"publish","type":"page","link":"https:\/\/www.ufsm.br\/cursos\/graduacao\/santa-maria\/arquivologia\/galeria","title":{"rendered":"Galeria"},"content":{"rendered":"\t\t<div data-elementor-type=\"wp-post\" data-elementor-id=\"192\" class=\"elementor elementor-192 elementor-bc-flex-widget\">\n\t\t\t\t\t\t<section class=\"elementor-section elementor-top-section elementor-element elementor-element-daa0a4c elementor-section-boxed elementor-section-height-default elementor-section-height-default\" data-id=\"daa0a4c\" data-element_type=\"section\">\n\t\t\t\t\t\t<div class=\"elementor-container elementor-column-gap-default\">\n\t\t\t\t\t<div class=\"elementor-column elementor-col-33 elementor-top-column elementor-element elementor-element-de8224b\" data-id=\"de8224b\" data-element_type=\"column\">\n\t\t\t<div class=\"elementor-widget-wrap elementor-element-populated\">\n\t\t\t\t\t\t<div class=\"elementor-element elementor-element-7951d1f elementor-position-top elementor-widget elementor-widget-image-box\" data-id=\"7951d1f\" data-element_type=\"widget\" data-widget_type=\"image-box.default\">\n\t\t\t\t<div class=\"elementor-widget-container\">\n\t\t\t<div class=\"elementor-image-box-wrapper\"><figure class=\"elementor-image-box-img\"><a href=\"https:\/\/www.ufsm.br\/cursos\/graduacao\/santa-maria\/arquivologia\/fotos-gerais\/\" tabindex=\"-1\"><img fetchpriority=\"high\" decoding=\"async\" width=\"600\" height=\"600\" src=\"https:\/\/www.ufsm.br\/app\/uploads\/sites\/463\/2018\/12\/600x600-crop-90-images_fotos_logoarquivologia.jpg\" class=\"attachment-medium_large size-medium_large wp-image-194\" alt=\"\" srcset=\"https:\/\/www.ufsm.br\/app\/uploads\/sites\/463\/2018\/12\/600x600-crop-90-images_fotos_logoarquivologia.jpg 600w, https:\/\/www.ufsm.br\/app\/uploads\/sites\/463\/2018\/12\/600x600-crop-90-images_fotos_logoarquivologia-150x150.jpg 150w, https:\/\/www.ufsm.br\/app\/uploads\/sites\/463\/2018\/12\/600x600-crop-90-images_fotos_logoarquivologia-300x300.jpg 300w\" sizes=\"(max-width: 600px) 100vw, 600px\" \/><\/a><\/figure><div class=\"elementor-image-box-content\"><h3 class=\"elementor-image-box-title\"><a href=\"https:\/\/www.ufsm.br\/cursos\/graduacao\/santa-maria\/arquivologia\/fotos-gerais\/\">Fotos gerais<\/a><\/h3><\/div><\/div>\t\t<\/div>\n\t\t\t\t<\/div>\n\t\t\t\t\t<\/div>\n\t\t<\/div>\n\t\t\t\t<div class=\"elementor-column elementor-col-33 elementor-top-column elementor-element elementor-element-fc0d133\" data-id=\"fc0d133\" data-element_type=\"column\">\n\t\t\t<div class=\"elementor-widget-wrap elementor-element-populated\">\n\t\t\t\t\t\t<div class=\"elementor-element elementor-element-5f395bc elementor-position-top elementor-widget elementor-widget-image-box\" data-id=\"5f395bc\" data-element_type=\"widget\" data-widget_type=\"image-box.default\">\n\t\t\t\t<div class=\"elementor-widget-container\">\n\t\t\t<div class=\"elementor-image-box-wrapper\"><figure class=\"elementor-image-box-img\"><a href=\"https:\/\/www.ufsm.br\/cursos\/graduacao\/santa-maria\/arquivologia\/colecao-25-anos\/\" tabindex=\"-1\"><img decoding=\"async\" width=\"600\" height=\"450\" src=\"https:\/\/www.ufsm.br\/app\/uploads\/sites\/463\/2018\/12\/600x450-crop-90-images_fotos_colecao25anos_confraternizao_12-1.jpg\" class=\"attachment-medium_large size-medium_large wp-image-254\" alt=\"\" srcset=\"https:\/\/www.ufsm.br\/app\/uploads\/sites\/463\/2018\/12\/600x450-crop-90-images_fotos_colecao25anos_confraternizao_12-1.jpg 600w, https:\/\/www.ufsm.br\/app\/uploads\/sites\/463\/2018\/12\/600x450-crop-90-images_fotos_colecao25anos_confraternizao_12-1-300x225.jpg 300w\" sizes=\"(max-width: 600px) 100vw, 600px\" \/><\/a><\/figure><div class=\"elementor-image-box-content\"><h3 class=\"elementor-image-box-title\"><a href=\"https:\/\/www.ufsm.br\/cursos\/graduacao\/santa-maria\/arquivologia\/colecao-25-anos\/\">Cole\u00e7\u00e3o 25 anos <\/a><\/h3><\/div><\/div>\t\t<\/div>\n\t\t\t\t<\/div>\n\t\t\t\t\t<\/div>\n\t\t<\/div>\n\t\t\t\t<div class=\"elementor-column elementor-col-33 elementor-top-column elementor-element elementor-element-477962c\" data-id=\"477962c\" data-element_type=\"column\">\n\t\t\t<div class=\"elementor-widget-wrap elementor-element-populated\">\n\t\t\t\t\t\t<div class=\"elementor-element elementor-element-908a818 elementor-position-top elementor-widget elementor-widget-image-box\" data-id=\"908a818\" data-element_type=\"widget\" data-widget_type=\"image-box.default\">\n\t\t\t\t<div class=\"elementor-widget-container\">\n\t\t\t<div class=\"elementor-image-box-wrapper\"><figure class=\"elementor-image-box-img\"><a href=\"https:\/\/www.ufsm.br\/cursos\/graduacao\/santa-maria\/arquivologia\/eventos-sociais\/\" tabindex=\"-1\"><img decoding=\"async\" width=\"600\" height=\"450\" src=\"https:\/\/www.ufsm.br\/app\/uploads\/sites\/463\/2018\/12\/600x450-crop-90-images_fotos_eventossociais_30_anos_do_curso_1.jpg\" class=\"attachment-medium_large size-medium_large wp-image-277\" alt=\"\" srcset=\"https:\/\/www.ufsm.br\/app\/uploads\/sites\/463\/2018\/12\/600x450-crop-90-images_fotos_eventossociais_30_anos_do_curso_1.jpg 600w, https:\/\/www.ufsm.br\/app\/uploads\/sites\/463\/2018\/12\/600x450-crop-90-images_fotos_eventossociais_30_anos_do_curso_1-300x225.jpg 300w\" sizes=\"(max-width: 600px) 100vw, 600px\" \/><\/a><\/figure><div class=\"elementor-image-box-content\"><h3 class=\"elementor-image-box-title\"><a href=\"https:\/\/www.ufsm.br\/cursos\/graduacao\/santa-maria\/arquivologia\/eventos-sociais\/\">Eventos sociais <\/a><\/h3><\/div><\/div>\t\t<\/div>\n\t\t\t\t<\/div>\n\t\t\t\t\t<\/div>\n\t\t<\/div>\n\t\t\t\t\t<\/div>\n\t\t<\/section>\n\t\t\t\t<section class=\"elementor-section elementor-top-section elementor-element elementor-element-2793cf2 elementor-section-boxed elementor-section-height-default elementor-section-height-default\" data-id=\"2793cf2\" data-element_type=\"section\">\n\t\t\t\t\t\t<div class=\"elementor-container elementor-column-gap-default\">\n\t\t\t\t\t<div class=\"elementor-column elementor-col-33 elementor-top-column elementor-element elementor-element-ae33a46\" data-id=\"ae33a46\" data-element_type=\"column\">\n\t\t\t<div class=\"elementor-widget-wrap elementor-element-populated\">\n\t\t\t\t\t\t<div class=\"elementor-element elementor-element-34e9c7b elementor-position-top elementor-widget elementor-widget-image-box\" data-id=\"34e9c7b\" data-element_type=\"widget\" data-widget_type=\"image-box.default\">\n\t\t\t\t<div class=\"elementor-widget-container\">\n\t\t\t<div class=\"elementor-image-box-wrapper\"><figure class=\"elementor-image-box-img\"><a href=\"https:\/\/www.ufsm.br\/cursos\/graduacao\/santa-maria\/arquivologia\/galeria-das-turmas\/\" tabindex=\"-1\"><img loading=\"lazy\" decoding=\"async\" width=\"600\" height=\"450\" src=\"https:\/\/www.ufsm.br\/app\/uploads\/sites\/463\/2018\/12\/600x450-crop-90-images_fotos_galeriadasturmas_1a_turma.jpg\" class=\"attachment-large size-large wp-image-311\" alt=\"\" srcset=\"https:\/\/www.ufsm.br\/app\/uploads\/sites\/463\/2018\/12\/600x450-crop-90-images_fotos_galeriadasturmas_1a_turma.jpg 600w, https:\/\/www.ufsm.br\/app\/uploads\/sites\/463\/2018\/12\/600x450-crop-90-images_fotos_galeriadasturmas_1a_turma-300x225.jpg 300w\" sizes=\"(max-width: 600px) 100vw, 600px\" \/><\/a><\/figure><div class=\"elementor-image-box-content\"><h3 class=\"elementor-image-box-title\"><a href=\"https:\/\/www.ufsm.br\/cursos\/graduacao\/santa-maria\/arquivologia\/galeria-das-turmas\/\">Galeria das turmas <\/a><\/h3><\/div><\/div>\t\t<\/div>\n\t\t\t\t<\/div>\n\t\t\t\t\t<\/div>\n\t\t<\/div>\n\t\t\t\t<div class=\"elementor-column elementor-col-33 elementor-top-column elementor-element elementor-element-8ba8dbf\" data-id=\"8ba8dbf\" data-element_type=\"column\">\n\t\t\t<div class=\"elementor-widget-wrap elementor-element-populated\">\n\t\t\t\t\t\t<div class=\"elementor-element elementor-element-cb4b843 elementor-position-top elementor-widget elementor-widget-image-box\" data-id=\"cb4b843\" data-element_type=\"widget\" data-widget_type=\"image-box.default\">\n\t\t\t\t<div class=\"elementor-widget-container\">\n\t\t\t<div class=\"elementor-image-box-wrapper\"><figure class=\"elementor-image-box-img\"><a href=\"https:\/\/www.ufsm.br\/cursos\/graduacao\/santa-maria\/arquivologia\/galeria-dos-laboratorios\/\" tabindex=\"-1\"><img loading=\"lazy\" decoding=\"async\" width=\"600\" height=\"450\" src=\"https:\/\/www.ufsm.br\/app\/uploads\/sites\/463\/2018\/12\/600x450-crop-90-images_fotos_laboratorios_lab_de_restaurao_2-1.jpg\" class=\"attachment-large size-large wp-image-183\" alt=\"\" srcset=\"https:\/\/www.ufsm.br\/app\/uploads\/sites\/463\/2018\/12\/600x450-crop-90-images_fotos_laboratorios_lab_de_restaurao_2-1.jpg 600w, https:\/\/www.ufsm.br\/app\/uploads\/sites\/463\/2018\/12\/600x450-crop-90-images_fotos_laboratorios_lab_de_restaurao_2-1-300x225.jpg 300w\" sizes=\"(max-width: 600px) 100vw, 600px\" \/><\/a><\/figure><div class=\"elementor-image-box-content\"><h3 class=\"elementor-image-box-title\"><a href=\"https:\/\/www.ufsm.br\/cursos\/graduacao\/santa-maria\/arquivologia\/galeria-dos-laboratorios\/\">Laborat\u00f3rios <\/a><\/h3><\/div><\/div>\t\t<\/div>\n\t\t\t\t<\/div>\n\t\t\t\t\t<\/div>\n\t\t<\/div>\n\t\t\t\t<div class=\"elementor-column elementor-col-33 elementor-top-column elementor-element elementor-element-3812263\" data-id=\"3812263\" data-element_type=\"column\">\n\t\t\t<div class=\"elementor-widget-wrap elementor-element-populated\">\n\t\t\t\t\t\t<div class=\"elementor-element elementor-element-680e74c elementor-position-top elementor-widget elementor-widget-image-box\" data-id=\"680e74c\" data-element_type=\"widget\" data-widget_type=\"image-box.default\">\n\t\t\t\t<div class=\"elementor-widget-container\">\n\t\t\t<div class=\"elementor-image-box-wrapper\"><figure class=\"elementor-image-box-img\"><a href=\"https:\/\/www.ufsm.br\/cursos\/graduacao\/santa-maria\/arquivologia\/congressos\/\" tabindex=\"-1\"><img loading=\"lazy\" decoding=\"async\" width=\"600\" height=\"450\" src=\"https:\/\/www.ufsm.br\/app\/uploads\/sites\/463\/2018\/12\/600x450-crop-90-images_fotos_eveventosacademicos_congressos_cna_ii_2006_3-1.jpg\" class=\"attachment-large size-large wp-image-346\" alt=\"\" srcset=\"https:\/\/www.ufsm.br\/app\/uploads\/sites\/463\/2018\/12\/600x450-crop-90-images_fotos_eveventosacademicos_congressos_cna_ii_2006_3-1.jpg 600w, https:\/\/www.ufsm.br\/app\/uploads\/sites\/463\/2018\/12\/600x450-crop-90-images_fotos_eveventosacademicos_congressos_cna_ii_2006_3-1-300x225.jpg 300w\" sizes=\"(max-width: 600px) 100vw, 600px\" \/><\/a><\/figure><div class=\"elementor-image-box-content\"><h3 class=\"elementor-image-box-title\"><a href=\"https:\/\/www.ufsm.br\/cursos\/graduacao\/santa-maria\/arquivologia\/congressos\/\">Congressos <\/a><\/h3><\/div><\/div>\t\t<\/div>\n\t\t\t\t<\/div>\n\t\t\t\t\t<\/div>\n\t\t<\/div>\n\t\t\t\t\t<\/div>\n\t\t<\/section>\n\t\t\t\t<section class=\"elementor-section elementor-top-section elementor-element elementor-element-90af204 elementor-section-boxed elementor-section-height-default elementor-section-height-default\" data-id=\"90af204\" data-element_type=\"section\">\n\t\t\t\t\t\t<div class=\"elementor-container elementor-column-gap-default\">\n\t\t\t\t\t<div class=\"elementor-column elementor-col-33 elementor-top-column elementor-element elementor-element-ca7c4f1\" data-id=\"ca7c4f1\" data-element_type=\"column\">\n\t\t\t<div class=\"elementor-widget-wrap elementor-element-populated\">\n\t\t\t\t\t\t<div class=\"elementor-element elementor-element-8deea18 elementor-position-top elementor-widget elementor-widget-image-box\" data-id=\"8deea18\" data-element_type=\"widget\" data-widget_type=\"image-box.default\">\n\t\t\t\t<div class=\"elementor-widget-container\">\n\t\t\t<div class=\"elementor-image-box-wrapper\"><figure class=\"elementor-image-box-img\"><a href=\"https:\/\/www.ufsm.br\/cursos\/graduacao\/santa-maria\/arquivologia\/jai\/\" tabindex=\"-1\"><img loading=\"lazy\" decoding=\"async\" width=\"600\" height=\"450\" src=\"https:\/\/www.ufsm.br\/app\/uploads\/sites\/463\/2018\/12\/600x450-crop-90-images_fotos_eveventosacademicos_jai_jai_2013_8-1.jpg\" class=\"attachment-large size-large wp-image-351\" alt=\"\" srcset=\"https:\/\/www.ufsm.br\/app\/uploads\/sites\/463\/2018\/12\/600x450-crop-90-images_fotos_eveventosacademicos_jai_jai_2013_8-1.jpg 600w, https:\/\/www.ufsm.br\/app\/uploads\/sites\/463\/2018\/12\/600x450-crop-90-images_fotos_eveventosacademicos_jai_jai_2013_8-1-300x225.jpg 300w\" sizes=\"(max-width: 600px) 100vw, 600px\" \/><\/a><\/figure><div class=\"elementor-image-box-content\"><h3 class=\"elementor-image-box-title\"><a href=\"https:\/\/www.ufsm.br\/cursos\/graduacao\/santa-maria\/arquivologia\/jai\/\">JAI<\/a><\/h3><\/div><\/div>\t\t<\/div>\n\t\t\t\t<\/div>\n\t\t\t\t\t<\/div>\n\t\t<\/div>\n\t\t\t\t<div class=\"elementor-column elementor-col-33 elementor-top-column elementor-element elementor-element-a79a65b\" data-id=\"a79a65b\" data-element_type=\"column\">\n\t\t\t<div class=\"elementor-widget-wrap elementor-element-populated\">\n\t\t\t\t\t\t<div class=\"elementor-element elementor-element-9c4a6e1 elementor-position-top elementor-widget elementor-widget-image-box\" data-id=\"9c4a6e1\" data-element_type=\"widget\" data-widget_type=\"image-box.default\">\n\t\t\t\t<div class=\"elementor-widget-container\">\n\t\t\t<div class=\"elementor-image-box-wrapper\"><figure class=\"elementor-image-box-img\"><a href=\"https:\/\/www.ufsm.br\/cursos\/graduacao\/santa-maria\/arquivologia\/gerais\/\" tabindex=\"-1\"><img loading=\"lazy\" decoding=\"async\" width=\"600\" height=\"450\" src=\"https:\/\/www.ufsm.br\/app\/uploads\/sites\/463\/2018\/12\/600x450-crop-90-images_fotos_eveventosacademicos_gerais_iii_reparq_2013_12.jpg\" class=\"attachment-large size-large wp-image-358\" alt=\"\" srcset=\"https:\/\/www.ufsm.br\/app\/uploads\/sites\/463\/2018\/12\/600x450-crop-90-images_fotos_eveventosacademicos_gerais_iii_reparq_2013_12.jpg 600w, https:\/\/www.ufsm.br\/app\/uploads\/sites\/463\/2018\/12\/600x450-crop-90-images_fotos_eveventosacademicos_gerais_iii_reparq_2013_12-300x225.jpg 300w\" sizes=\"(max-width: 600px) 100vw, 600px\" \/><\/a><\/figure><div class=\"elementor-image-box-content\"><h3 class=\"elementor-image-box-title\"><a href=\"https:\/\/www.ufsm.br\/cursos\/graduacao\/santa-maria\/arquivologia\/gerais\/\">Gerais<\/a><\/h3><\/div><\/div>\t\t<\/div>\n\t\t\t\t<\/div>\n\t\t\t\t\t<\/div>\n\t\t<\/div>\n\t\t\t\t<div class=\"elementor-column elementor-col-33 elementor-top-column elementor-element elementor-element-10d7bcf\" data-id=\"10d7bcf\" data-element_type=\"column\">\n\t\t\t<div class=\"elementor-widget-wrap elementor-element-populated\">\n\t\t\t\t\t\t<div class=\"elementor-element elementor-element-6e6e9d2 elementor-position-top elementor-widget elementor-widget-image-box\" data-id=\"6e6e9d2\" data-element_type=\"widget\" data-widget_type=\"image-box.default\">\n\t\t\t\t<div class=\"elementor-widget-container\">\n\t\t\t<div class=\"elementor-image-box-wrapper\"><figure class=\"elementor-image-box-img\"><a href=\"https:\/\/www.ufsm.br\/cursos\/graduacao\/santa-maria\/arquivologia\/confraternizacao\u202640-anos-do-curso\/\" tabindex=\"-1\"><img loading=\"lazy\" decoding=\"async\" width=\"600\" height=\"450\" src=\"https:\/\/www.ufsm.br\/app\/uploads\/sites\/463\/2018\/12\/600x450-crop-90-images_fotos_confraternizacao40anos_confraternizacao_40_anos-1.jpg\" class=\"attachment-large size-large wp-image-420\" alt=\"\" srcset=\"https:\/\/www.ufsm.br\/app\/uploads\/sites\/463\/2018\/12\/600x450-crop-90-images_fotos_confraternizacao40anos_confraternizacao_40_anos-1.jpg 600w, https:\/\/www.ufsm.br\/app\/uploads\/sites\/463\/2018\/12\/600x450-crop-90-images_fotos_confraternizacao40anos_confraternizacao_40_anos-1-300x225.jpg 300w\" sizes=\"(max-width: 600px) 100vw, 600px\" \/><\/a><\/figure><div class=\"elementor-image-box-content\"><h3 class=\"elementor-image-box-title\"><a href=\"https:\/\/www.ufsm.br\/cursos\/graduacao\/santa-maria\/arquivologia\/confraternizacao\u202640-anos-do-curso\/\">Confraterniza\u00e7\u00e3o dos 40 anos do curso <\/a><\/h3><\/div><\/div>\t\t<\/div>\n\t\t\t\t<\/div>\n\t\t\t\t\t<\/div>\n\t\t<\/div>\n\t\t\t\t\t<\/div>\n\t\t<\/section>\n\t\t\t\t<\/div>\n\t\t","protected":false},"excerpt":{"rendered":"<p>Fotos gerais Cole\u00e7\u00e3o 25 anos Eventos sociais Galeria das turmas Laborat\u00f3rios Congressos JAI Gerais Confraterniza\u00e7\u00e3o dos 40 anos do curso<\/p>\n","protected":false},"author":201,"featured_media":0,"parent":0,"menu_order":0,"comment_status":"closed","ping_status":"closed","template":"","meta":{"footnotes":""},"categories":[],"tags":[],"class_list":["post-192","page","type-page","status-publish","hentry"],"acf":[],"_links":{"self":[{"href":"https:\/\/www.ufsm.br\/cursos\/graduacao\/santa-maria\/arquivologia\/wp-json\/wp\/v2\/pages\/192","targetHints":{"allow":["GET"]}}],"collection":[{"href":"https:\/\/www.ufsm.br\/cursos\/graduacao\/santa-maria\/arquivologia\/wp-json\/wp\/v2\/pages"}],"about":[{"href":"https:\/\/www.ufsm.br\/cursos\/graduacao\/santa-maria\/arquivologia\/wp-json\/wp\/v2\/types\/page"}],"author":[{"embeddable":true,"href":"https:\/\/www.ufsm.br\/cursos\/graduacao\/santa-maria\/arquivologia\/wp-json\/wp\/v2\/users\/201"}],"replies":[{"embeddable":true,"href":"https:\/\/www.ufsm.br\/cursos\/graduacao\/santa-maria\/arquivologia\/wp-json\/wp\/v2\/comments?post=192"}],"version-history":[{"count":0,"href":"https:\/\/www.ufsm.br\/cursos\/graduacao\/santa-maria\/arquivologia\/wp-json\/wp\/v2\/pages\/192\/revisions"}],"wp:attachment":[{"href":"https:\/\/www.ufsm.br\/cursos\/graduacao\/santa-maria\/arquivologia\/wp-json\/wp\/v2\/media?parent=192"}],"wp:term":[{"taxonomy":"category","embeddable":true,"href":"https:\/\/www.ufsm.br\/cursos\/graduacao\/santa-maria\/arquivologia\/wp-json\/wp\/v2\/categories?post=192"},{"taxonomy":"post_tag","embeddable":true,"href":"https:\/\/www.ufsm.br\/cursos\/graduacao\/santa-maria\/arquivologia\/wp-json\/wp\/v2\/tags?post=192"}],"curies":[{"name":"wp","href":"https:\/\/api.w.org\/{rel}","templated":true}]}}