{"id":1982,"date":"2025-12-11T15:58:57","date_gmt":"2025-12-11T18:58:57","guid":{"rendered":"https:\/\/www.ufsm.br\/cursos\/graduacao\/santa-maria\/arquivologia\/?page_id=1982"},"modified":"2026-03-06T11:11:39","modified_gmt":"2026-03-06T14:11:39","slug":"colacao-de-grau","status":"publish","type":"page","link":"https:\/\/www.ufsm.br\/cursos\/graduacao\/santa-maria\/arquivologia\/colacao-de-grau","title":{"rendered":"Cola\u00e7\u00e3o de Grau"},"content":{"rendered":"\n<p>Por meio da <a href=\"https:\/\/portal.ufsm.br\/documentos\/publico\/documento.html?id=9264022\">Resolu\u00e7\u00e3o N. 011\/2018<\/a>,\u00a0 a UFSM passou a assumir a organiza\u00e7\u00e3o e promo\u00e7\u00e3o das solenidades de cola\u00e7\u00e3o de grau, institucionalizando a cerim\u00f4nia e tornando-a acess\u00edvel a todos(as) os(as) estudantes. <strong>TODAS as formaturas ser\u00e3o realizadas na UFSM em sess\u00f5es solenes ou, excepcionalmente, em gabinete<\/strong>.\u00a0<\/p>\n\n\n\n<p>Al\u00e9m da Resolu\u00e7\u00e3o N. 011\/2018, a PROGRAD criou a <a href=\"https:\/\/portal.ufsm.br\/documentos\/publico\/documento.html?id=14285924\">Instru\u00e7\u00e3o Normativa 014\/2022<\/a> para organizar internamente o processo das cola\u00e7\u00f5es de grau.<\/p>\n\n\n\n<p>Mais recentemente, a <a href=\"https:\/\/www.ufsm.br\/pro-reitorias\/proplan\/resolucao-ufsm-n-182-2024\">Resolu\u00e7\u00e3o 182\/2024 <\/a>passou a normatizar as Cola\u00e7\u00f5es de Grau, solene e de gabinete, e revoga a Resolu\u00e7\u00e3o 011\/2018.<\/p>\n\n\n\n<p>Para mais informa\u00e7\u00f5es, acesse: <a href=\"https:\/\/www.ufsm.br\/pro-reitorias\/prograd\/colacao-de-grau\/\">Cola\u00e7\u00e3o de Grau na UFSM<\/a><\/p>\n\n\n\n<hr class=\"wp-block-separator has-alpha-channel-opacity\" \/>\n\n\n\n<p><strong>Formaturas Solenes&nbsp;<\/strong><\/p>\n\n\n\n<p>A turma de formandos dever\u00e1 constituir uma Comiss\u00e3o de Formatura e sinalizar para a Secretaria Integrada de Gradua\u00e7\u00e3o I (SIG I\/CCSH) quais alunos fazem parte desta Comiss\u00e3o.<br>Ap\u00f3s definida a data da Cola\u00e7\u00e3o de Grau Solene, os prov\u00e1veis formandos ser\u00e3o notificados e a Comiss\u00e3o de Formatura ser\u00e1 respons\u00e1vel por fornecer as informa\u00e7\u00f5es sobre os alunos que ir\u00e3o colar grau, respeitando os prazos estabelecidos pela SIG I e Dire\u00e7\u00e3o do CCSH.<\/p>\n\n\n\n<p><strong>Formaturas de Gabinete<\/strong><\/p>\n\n\n\n<p>As Cola\u00e7\u00f5es de Grau de Gabinete somente acontecer\u00e3o em car\u00e1ter de exce\u00e7\u00e3o, mediante justificativa.<\/p>\n\n\n\n<p>Os alunos que necessitarem colar grau de gabinete dever\u00e3o encaminhar o <a href=\"https:\/\/www.ufsm.br\/app\/uploads\/sites\/463\/2026\/03\/Solicitacao-de-Formatura-de-Gabinete.docx\">Formul\u00e1rio de Solicita\u00e7\u00e3o de Cola\u00e7\u00e3o de Grau de Gabinete<\/a> no PEN, por meio de um Processo de realiza\u00e7\u00e3o de formatura em gabinete de curso gradua\u00e7\u00e3o (124). Dever\u00e1 ser anexado, junto com o formul\u00e1rio, documentos que comprovem a justificativa. Ap\u00f3s anexar o formul\u00e1rio, o processo dever\u00e1 ser encaminhado \u00e0 Coordena\u00e7\u00e3o do Curso para an\u00e1lise.<\/p>\n\n\n\n<p>A coordena\u00e7\u00e3o do curso definir\u00e1 uma data limite para receber essas solicita\u00e7\u00f5es. Consulte a SIGI (graduacao74a.ccsh@ufsm.br) e\/ou a coordena\u00e7\u00e3o do seu curso para mais informa\u00e7\u00f5es sobre os prazos.<\/p>\n\n\n\n<p><strong>Como solicitar a formatura de gabinete<\/strong><\/p>\n\n\n\n<figure class=\"wp-block-image size-large\"><img fetchpriority=\"high\" decoding=\"async\" width=\"1024\" height=\"471\" src=\"https:\/\/www.ufsm.br\/app\/uploads\/sites\/463\/2025\/12\/print-1-1-1024x471.jpg\" alt=\"\" class=\"wp-image-1986\" srcset=\"https:\/\/www.ufsm.br\/app\/uploads\/sites\/463\/2025\/12\/print-1-1-1024x471.jpg 1024w, https:\/\/www.ufsm.br\/app\/uploads\/sites\/463\/2025\/12\/print-1-1-300x138.jpg 300w, https:\/\/www.ufsm.br\/app\/uploads\/sites\/463\/2025\/12\/print-1-1-768x353.jpg 768w, https:\/\/www.ufsm.br\/app\/uploads\/sites\/463\/2025\/12\/print-1-1.jpg 1103w\" sizes=\"(max-width: 1024px) 100vw, 1024px\" \/><\/figure>\n\n\n\n<figure class=\"wp-block-image size-large\"><img decoding=\"async\" width=\"1024\" height=\"245\" src=\"https:\/\/www.ufsm.br\/app\/uploads\/sites\/463\/2025\/12\/print-2-1-1024x245.png\" alt=\"\" class=\"wp-image-1987\" srcset=\"https:\/\/www.ufsm.br\/app\/uploads\/sites\/463\/2025\/12\/print-2-1-1024x245.png 1024w, https:\/\/www.ufsm.br\/app\/uploads\/sites\/463\/2025\/12\/print-2-1-300x72.png 300w, https:\/\/www.ufsm.br\/app\/uploads\/sites\/463\/2025\/12\/print-2-1-768x184.png 768w, https:\/\/www.ufsm.br\/app\/uploads\/sites\/463\/2025\/12\/print-2-1.png 1112w\" sizes=\"(max-width: 1024px) 100vw, 1024px\" \/><\/figure>\n\n\n\n<figure class=\"wp-block-image size-large\"><img decoding=\"async\" width=\"1024\" height=\"374\" src=\"https:\/\/www.ufsm.br\/app\/uploads\/sites\/463\/2025\/12\/print-3-1-1024x374.png\" alt=\"\" class=\"wp-image-1988\" srcset=\"https:\/\/www.ufsm.br\/app\/uploads\/sites\/463\/2025\/12\/print-3-1-1024x374.png 1024w, https:\/\/www.ufsm.br\/app\/uploads\/sites\/463\/2025\/12\/print-3-1-300x110.png 300w, https:\/\/www.ufsm.br\/app\/uploads\/sites\/463\/2025\/12\/print-3-1-768x281.png 768w, https:\/\/www.ufsm.br\/app\/uploads\/sites\/463\/2025\/12\/print-3-1.png 1105w\" sizes=\"(max-width: 1024px) 100vw, 1024px\" \/><\/figure>\n","protected":false},"excerpt":{"rendered":"<p>Por meio da Resolu\u00e7\u00e3o N. 011\/2018,\u00a0 a UFSM passou a assumir a organiza\u00e7\u00e3o e promo\u00e7\u00e3o das solenidades de cola\u00e7\u00e3o de grau, institucionalizando a cerim\u00f4nia e tornando-a acess\u00edvel a todos(as) os(as) estudantes. TODAS as formaturas ser\u00e3o realizadas na UFSM em sess\u00f5es solenes ou, excepcionalmente, em gabinete.\u00a0 Al\u00e9m da Resolu\u00e7\u00e3o N. 011\/2018, a PROGRAD criou a Instru\u00e7\u00e3o [&hellip;]<\/p>\n","protected":false},"author":8897,"featured_media":0,"parent":0,"menu_order":0,"comment_status":"closed","ping_status":"closed","template":"","meta":{"footnotes":""},"categories":[9,2],"tags":[46,26],"class_list":["post-1982","page","type-page","status-publish","hentry","category-destaques","category-noticias","tag-arquivologia","tag-secretaria-integrada-de-cursos-de-graduacao-i"],"acf":[],"_links":{"self":[{"href":"https:\/\/www.ufsm.br\/cursos\/graduacao\/santa-maria\/arquivologia\/wp-json\/wp\/v2\/pages\/1982","targetHints":{"allow":["GET"]}}],"collection":[{"href":"https:\/\/www.ufsm.br\/cursos\/graduacao\/santa-maria\/arquivologia\/wp-json\/wp\/v2\/pages"}],"about":[{"href":"https:\/\/www.ufsm.br\/cursos\/graduacao\/santa-maria\/arquivologia\/wp-json\/wp\/v2\/types\/page"}],"author":[{"embeddable":true,"href":"https:\/\/www.ufsm.br\/cursos\/graduacao\/santa-maria\/arquivologia\/wp-json\/wp\/v2\/users\/8897"}],"replies":[{"embeddable":true,"href":"https:\/\/www.ufsm.br\/cursos\/graduacao\/santa-maria\/arquivologia\/wp-json\/wp\/v2\/comments?post=1982"}],"version-history":[{"count":0,"href":"https:\/\/www.ufsm.br\/cursos\/graduacao\/santa-maria\/arquivologia\/wp-json\/wp\/v2\/pages\/1982\/revisions"}],"wp:attachment":[{"href":"https:\/\/www.ufsm.br\/cursos\/graduacao\/santa-maria\/arquivologia\/wp-json\/wp\/v2\/media?parent=1982"}],"wp:term":[{"taxonomy":"category","embeddable":true,"href":"https:\/\/www.ufsm.br\/cursos\/graduacao\/santa-maria\/arquivologia\/wp-json\/wp\/v2\/categories?post=1982"},{"taxonomy":"post_tag","embeddable":true,"href":"https:\/\/www.ufsm.br\/cursos\/graduacao\/santa-maria\/arquivologia\/wp-json\/wp\/v2\/tags?post=1982"}],"curies":[{"name":"wp","href":"https:\/\/api.w.org\/{rel}","templated":true}]}}