{"id":306,"date":"2018-12-12T14:49:09","date_gmt":"2018-12-12T16:49:09","guid":{"rendered":"https:\/\/www.ufsm.br\/cursos\/graduacao\/santa-maria\/arquivologia\/?page_id=306"},"modified":"2018-12-12T14:49:09","modified_gmt":"2018-12-12T16:49:09","slug":"sobre-o-curso","status":"publish","type":"page","link":"https:\/\/www.ufsm.br\/cursos\/graduacao\/santa-maria\/arquivologia\/sobre-o-curso","title":{"rendered":"Sobre o Curso"},"content":{"rendered":"<p>Nivel de Ensino: Gradua\u00e7\u00e3o<\/p>\n<p>Grau Acad\u00eamico: Bacharel(a) em Arquivologia<\/p>\n<p>Turno: Diurno<\/p>\n<p>Dura\u00e7\u00e3o do Curso: 7 Semestres<\/p>\n<p>Carga hor\u00e1ria fixa: 2.070 horas<\/p>\n<p>Carga hor\u00e1ria DCG: 300 horas<\/p>\n<p>Cara hor\u00e1ria ACG: 180 horas<\/p>\n<p>Carga hor\u00e1ria m\u00ednima, a ser realizada em um Semestre: 225 horas<br \/>\nCarga hor\u00e1ria m\u00e1xima, a ser realizada em um Semestre: 540 horas<\/p>\n<p>M\u00e1ximo de trancamentos poss\u00edveis, durante o Curso:<\/p>\n<p>Totais: 4<\/p>\n<p>Parciais: 7<\/p>\n","protected":false},"excerpt":{"rendered":"<p>Nivel de Ensino: Gradua\u00e7\u00e3o Grau Acad\u00eamico: Bacharel(a) em Arquivologia Turno: Diurno Dura\u00e7\u00e3o do Curso: 7 Semestres Carga hor\u00e1ria fixa: 2.070 horas Carga hor\u00e1ria DCG: 300 horas Cara hor\u00e1ria ACG: 180 horas Carga hor\u00e1ria m\u00ednima, a ser realizada em um Semestre: 225 horas Carga hor\u00e1ria m\u00e1xima, a ser realizada em um Semestre: 540 horas M\u00e1ximo de [&hellip;]<\/p>\n","protected":false},"author":117,"featured_media":0,"parent":0,"menu_order":0,"comment_status":"closed","ping_status":"closed","template":"","meta":{"footnotes":""},"categories":[],"tags":[],"class_list":["post-306","page","type-page","status-publish","hentry"],"acf":[],"_links":{"self":[{"href":"https:\/\/www.ufsm.br\/cursos\/graduacao\/santa-maria\/arquivologia\/wp-json\/wp\/v2\/pages\/306","targetHints":{"allow":["GET"]}}],"collection":[{"href":"https:\/\/www.ufsm.br\/cursos\/graduacao\/santa-maria\/arquivologia\/wp-json\/wp\/v2\/pages"}],"about":[{"href":"https:\/\/www.ufsm.br\/cursos\/graduacao\/santa-maria\/arquivologia\/wp-json\/wp\/v2\/types\/page"}],"author":[{"embeddable":true,"href":"https:\/\/www.ufsm.br\/cursos\/graduacao\/santa-maria\/arquivologia\/wp-json\/wp\/v2\/users\/117"}],"replies":[{"embeddable":true,"href":"https:\/\/www.ufsm.br\/cursos\/graduacao\/santa-maria\/arquivologia\/wp-json\/wp\/v2\/comments?post=306"}],"version-history":[{"count":0,"href":"https:\/\/www.ufsm.br\/cursos\/graduacao\/santa-maria\/arquivologia\/wp-json\/wp\/v2\/pages\/306\/revisions"}],"wp:attachment":[{"href":"https:\/\/www.ufsm.br\/cursos\/graduacao\/santa-maria\/arquivologia\/wp-json\/wp\/v2\/media?parent=306"}],"wp:term":[{"taxonomy":"category","embeddable":true,"href":"https:\/\/www.ufsm.br\/cursos\/graduacao\/santa-maria\/arquivologia\/wp-json\/wp\/v2\/categories?post=306"},{"taxonomy":"post_tag","embeddable":true,"href":"https:\/\/www.ufsm.br\/cursos\/graduacao\/santa-maria\/arquivologia\/wp-json\/wp\/v2\/tags?post=306"}],"curies":[{"name":"wp","href":"https:\/\/api.w.org\/{rel}","templated":true}]}}