{"id":423,"date":"2018-12-12T15:27:30","date_gmt":"2018-12-12T17:27:30","guid":{"rendered":"https:\/\/www.ufsm.br\/cursos\/graduacao\/santa-maria\/arquivologia\/?page_id=423"},"modified":"2018-12-12T15:27:30","modified_gmt":"2018-12-12T17:27:30","slug":"links-uteis","status":"publish","type":"page","link":"https:\/\/www.ufsm.br\/cursos\/graduacao\/santa-maria\/arquivologia\/links-uteis","title":{"rendered":"Links \u00fateis"},"content":{"rendered":"<p><a href=\"http:\/\/www.arquivonacional.gov.br\/cgi\/cgilua.exe\/sys\/start.htm?tpl=home\">Arquivo Nacional (Brasil)<\/a><\/p>\n<p><a href=\"http:\/\/www.conarq.arquivonacional.gov.br\/cgi\/cgilua.exe\/sys\/start.htm\">Conselho Nacional de Arquivos<\/a><\/p>\n<p><a href=\"http:\/\/www.ica.org\/\">Conselho Internacional de Arquivos<\/a><\/p>\n<p><a href=\"http:\/\/aargs.com.br\/index.php\">Associa\u00e7\u00e3o dos Arquivistas do Estado do Rio Grande do Sul &#8211; AARS<\/a><\/p>\n<p><a href=\"http:\/\/ahmsm.blogspot.com.br\/p\/associacao.html\">Associa\u00e7\u00e3o dos Amigos do Arquivo Hist\u00f3rioco Municipal de Santa Maria &#8211; AMARQHIST<\/a><\/p>\n<p><a href=\"http:\/\/www.apers.rs.gov.br\/portal\/index.php\">Arquivo P\u00fablico do Estado do Rio Grande do Sul &#8211; APERS<\/a><\/p>\n<p><a href=\"http:\/\/www.arquivoestado.sp.gov.br\/\">Arquivo P\u00fablico do Estado de S\u00e3o Paulo<\/a><\/p>\n<p><a href=\"http:\/\/www.aperj.rj.gov.br\/\">Arquivo P\u00fablico do Estado do Rio de Janeiro &#8211; APERJ<\/a><\/p>\n","protected":false},"excerpt":{"rendered":"<p>Arquivo Nacional (Brasil) Conselho Nacional de Arquivos Conselho Internacional de Arquivos Associa\u00e7\u00e3o dos Arquivistas do Estado do Rio Grande do Sul &#8211; AARS Associa\u00e7\u00e3o dos Amigos do Arquivo Hist\u00f3rioco Municipal de Santa Maria &#8211; AMARQHIST Arquivo P\u00fablico do Estado do Rio Grande do Sul &#8211; APERS Arquivo P\u00fablico do Estado de S\u00e3o Paulo Arquivo P\u00fablico [&hellip;]<\/p>\n","protected":false},"author":201,"featured_media":0,"parent":0,"menu_order":0,"comment_status":"closed","ping_status":"closed","template":"","meta":{"footnotes":""},"categories":[],"tags":[],"class_list":["post-423","page","type-page","status-publish","hentry"],"acf":[],"_links":{"self":[{"href":"https:\/\/www.ufsm.br\/cursos\/graduacao\/santa-maria\/arquivologia\/wp-json\/wp\/v2\/pages\/423","targetHints":{"allow":["GET"]}}],"collection":[{"href":"https:\/\/www.ufsm.br\/cursos\/graduacao\/santa-maria\/arquivologia\/wp-json\/wp\/v2\/pages"}],"about":[{"href":"https:\/\/www.ufsm.br\/cursos\/graduacao\/santa-maria\/arquivologia\/wp-json\/wp\/v2\/types\/page"}],"author":[{"embeddable":true,"href":"https:\/\/www.ufsm.br\/cursos\/graduacao\/santa-maria\/arquivologia\/wp-json\/wp\/v2\/users\/201"}],"replies":[{"embeddable":true,"href":"https:\/\/www.ufsm.br\/cursos\/graduacao\/santa-maria\/arquivologia\/wp-json\/wp\/v2\/comments?post=423"}],"version-history":[{"count":0,"href":"https:\/\/www.ufsm.br\/cursos\/graduacao\/santa-maria\/arquivologia\/wp-json\/wp\/v2\/pages\/423\/revisions"}],"wp:attachment":[{"href":"https:\/\/www.ufsm.br\/cursos\/graduacao\/santa-maria\/arquivologia\/wp-json\/wp\/v2\/media?parent=423"}],"wp:term":[{"taxonomy":"category","embeddable":true,"href":"https:\/\/www.ufsm.br\/cursos\/graduacao\/santa-maria\/arquivologia\/wp-json\/wp\/v2\/categories?post=423"},{"taxonomy":"post_tag","embeddable":true,"href":"https:\/\/www.ufsm.br\/cursos\/graduacao\/santa-maria\/arquivologia\/wp-json\/wp\/v2\/tags?post=423"}],"curies":[{"name":"wp","href":"https:\/\/api.w.org\/{rel}","templated":true}]}}