{"id":174,"date":"2018-12-18T12:16:10","date_gmt":"2018-12-18T14:16:10","guid":{"rendered":"https:\/\/www.ufsm.br\/cursos\/graduacao\/santa-maria\/ciencia-da-computacao\/?page_id=174"},"modified":"2025-05-28T11:01:41","modified_gmt":"2025-05-28T14:01:41","slug":"colegiado","status":"publish","type":"page","link":"https:\/\/www.ufsm.br\/cursos\/graduacao\/santa-maria\/ciencia-da-computacao\/colegiado","title":{"rendered":"Colegiado do curso"},"content":{"rendered":"\t\t<div data-elementor-type=\"wp-page\" data-elementor-id=\"174\" class=\"elementor elementor-174\">\n\t\t\t\t\t\t<section class=\"elementor-section elementor-top-section elementor-element elementor-element-7bcdb992 elementor-section-boxed elementor-section-height-default elementor-section-height-default\" data-id=\"7bcdb992\" data-element_type=\"section\">\n\t\t\t\t\t\t<div class=\"elementor-container elementor-column-gap-default\">\n\t\t\t\t\t<div class=\"elementor-column elementor-col-100 elementor-top-column elementor-element elementor-element-73d6324\" data-id=\"73d6324\" data-element_type=\"column\">\n\t\t\t<div class=\"elementor-widget-wrap elementor-element-populated\">\n\t\t\t\t\t\t<div class=\"elementor-element elementor-element-43f057 elementor-widget elementor-widget-text-editor\" data-id=\"43f057\" data-element_type=\"widget\" data-widget_type=\"text-editor.default\">\n\t\t\t\t<div class=\"elementor-widget-container\">\n\t\t\t\t\t\t\t<!-- wp:paragraph -->\n<p><strong>Composi\u00e7\u00e3o do Colegiado do curso conforme portaria 080 de 28 de abril de 2023 do Centro de Tecnologia:<\/strong><\/p>\n<!-- \/wp:paragraph --><!-- wp:paragraph -->\n<p>Joaquim Vinicius Carvalho Assun\u00e7\u00e3o 1361094 Docente Presidente<br \/>Juliana Kaizer Vizzotto 1333238 Docente Vice-Presidente<br \/>Jo\u00e3o Vicente Ferreira Lima 2139810 Docente Participante<br \/>Patricia Pitthan de Araujo Barcelos 1721794 Docente Participante<br \/>Giovani Rubert Librelotto 1684626 Docente Participante<br \/>Daniel Welfer 1805347 Docente Participante<br \/>Rafael Boufleuer 2181688 T\u00e9cnico Administrativo &#8211; Representante daComunidade<br \/>Gabriel Vin\u00edcius Heisler 202010476 Discente Participante<br \/>Bertrand Vagner Xaubet 201710015 Discente Suplente<\/p>\n<!-- \/wp:paragraph -->\t\t\t\t\t\t<\/div>\n\t\t\t\t<\/div>\n\t\t\t\t\t<\/div>\n\t\t<\/div>\n\t\t\t\t\t<\/div>\n\t\t<\/section>\n\t\t\t\t<section class=\"elementor-section elementor-top-section elementor-element elementor-element-a5e6617 elementor-section-boxed elementor-section-height-default elementor-section-height-default\" data-id=\"a5e6617\" data-element_type=\"section\">\n\t\t\t\t\t\t<div class=\"elementor-container elementor-column-gap-default\">\n\t\t\t\t\t<div class=\"elementor-column elementor-col-100 elementor-top-column elementor-element elementor-element-4b03a44\" data-id=\"4b03a44\" data-element_type=\"column\">\n\t\t\t<div class=\"elementor-widget-wrap elementor-element-populated\">\n\t\t\t\t\t\t<div class=\"elementor-element elementor-element-70e69c4 elementor-widget elementor-widget-text-editor\" data-id=\"70e69c4\" data-element_type=\"widget\" data-widget_type=\"text-editor.default\">\n\t\t\t\t<div class=\"elementor-widget-container\">\n\t\t\t\t\t\t\t<p><strong>Atas das reuni\u00f5es do colegiado:<\/strong><\/p>\n<p><strong>2025:<\/strong><\/p>\n<table style=\"border-collapse: collapse;width: 100%\">\n<tbody>\n<tr>\n<td style=\"width: 100%\"><a href=\"https:\/\/www.ufsm.br\/app\/uploads\/sites\/425\/2025\/04\/Ata_172_2025.pdf\" target=\"_blank\" rel=\"noopener\">Ata n\u00ba 172\/2025<\/a><\/td>\n<\/tr>\n<tr>\n<td style=\"width: 100%\"><a href=\"https:\/\/www.ufsm.br\/app\/uploads\/sites\/425\/2025\/05\/Ata-173_2025.pdf\" target=\"_blank\" rel=\"noopener\">Ata n\u00ba 173\/2025<\/a><\/td>\n<\/tr>\n<\/tbody>\n<\/table>\n<p>\u00a0<\/p>\n<p><strong>2023:<\/strong><\/p>\n<table style=\"border-collapse: collapse;width: 100%;height: 168px\">\n<tbody>\n<tr style=\"height: 24px\">\n<td style=\"width: 100%;height: 24px\"><a href=\"https:\/\/portal.ufsm.br\/documentos\/publico\/documento.html?id=14723219\" target=\"_blank\" rel=\"noopener\">Ata n\u00ba 155\/2023<\/a><\/td>\n<\/tr>\n<tr style=\"height: 24px\">\n<td style=\"width: 100%;height: 24px\"><a href=\"https:\/\/portal.ufsm.br\/documentos\/publico\/documento.html?id=14725378\" target=\"_blank\" rel=\"noopener\">Ata n\u00ba 156\/2023<\/a><\/td>\n<\/tr>\n<tr style=\"height: 24px\">\n<td style=\"width: 100%;height: 24px\"><a href=\"https:\/\/portal.ufsm.br\/documentos\/publico\/documento.html?id=14723175\" target=\"_blank\" rel=\"noopener\">Ata n\u00ba 157\/2023<\/a><\/td>\n<\/tr>\n<tr style=\"height: 24px\">\n<td style=\"width: 100%;height: 24px\"><a href=\"https:\/\/portal.ufsm.br\/documentos\/publico\/documento.html?id=14723209\" target=\"_blank\" rel=\"noopener\">Ata n\u00ba 158\/2023<\/a><\/td>\n<\/tr>\n<tr style=\"height: 24px\">\n<td style=\"width: 100%;height: 24px\"><a href=\"https:\/\/portal.ufsm.br\/documentos\/publico\/documento.html?id=14717826\" target=\"_blank\" rel=\"noopener\">Ata n\u00ba 159\/2023<\/a><\/td>\n<\/tr>\n<tr style=\"height: 24px\">\n<td style=\"width: 100%;height: 24px\"><a href=\"https:\/\/portal.ufsm.br\/documentos\/publico\/documento.html?id=14730233\" target=\"_blank\" rel=\"noopener\">Ata n\u00ba 160\/2023<\/a><\/td>\n<\/tr>\n<tr style=\"height: 24px\">\n<td style=\"width: 100%;height: 24px\"><a href=\"https:\/\/portal.ufsm.br\/documentos\/publico\/documento.html?id=14864960\" target=\"_blank\" rel=\"noopener\">Ata n\u00ba 161\/2023<\/a><\/td>\n<\/tr>\n<\/tbody>\n<\/table>\n<p>\u00a0<\/p>\n<p><strong>2022:<\/strong><\/p>\n<table style=\"border-collapse: collapse;width: 100%;height: 120px\">\n<tbody>\n<tr style=\"height: 24px\">\n<td style=\"width: 100%;height: 24px\"><a href=\"https:\/\/portal.ufsm.br\/documentos\/publico\/documento.html?id=14286659\" target=\"_blank\" rel=\"noopener\">Ata n\u00ba 150\/2022<\/a><\/td>\n<\/tr>\n<tr style=\"height: 24px\">\n<td style=\"width: 100%;height: 24px\"><a href=\"https:\/\/portal.ufsm.br\/documentos\/publico\/documento.html?id=14286266\" target=\"_blank\" rel=\"noopener\">Ata n\u00ba 151\/2022<\/a><\/td>\n<\/tr>\n<tr style=\"height: 24px\">\n<td style=\"width: 100%;height: 24px\"><a href=\"https:\/\/portal.ufsm.br\/documentos\/publico\/documento.html?id=14286622\" target=\"_blank\" rel=\"noopener\">Ata n\u00ba 152\/2022<\/a><\/td>\n<\/tr>\n<tr style=\"height: 24px\">\n<td style=\"width: 100%;height: 24px\"><a href=\"https:\/\/portal.ufsm.br\/documentos\/publico\/documento.html?id=14304012\" target=\"_blank\" rel=\"noopener\">Ata n\u00ba 153\/2022<\/a><\/td>\n<\/tr>\n<tr style=\"height: 24px\">\n<td style=\"width: 100%;height: 24px\"><a href=\"https:\/\/portal.ufsm.br\/documentos\/publico\/documento.html?id=14725367\" target=\"_blank\" rel=\"noopener\">Ata n\u00ba 154\/2022<\/a><\/td>\n<\/tr>\n<\/tbody>\n<\/table>\t\t\t\t\t\t<\/div>\n\t\t\t\t<\/div>\n\t\t\t\t\t<\/div>\n\t\t<\/div>\n\t\t\t\t\t<\/div>\n\t\t<\/section>\n\t\t\t\t<\/div>\n\t\t","protected":false},"excerpt":{"rendered":"<p>Composi\u00e7\u00e3o do Colegiado do curso conforme portaria 080 de 28 de abril de 2023 do Centro de Tecnologia: Joaquim Vinicius Carvalho Assun\u00e7\u00e3o 1361094 Docente PresidenteJuliana Kaizer Vizzotto 1333238 Docente Vice-PresidenteJo\u00e3o Vicente Ferreira Lima 2139810 Docente ParticipantePatricia Pitthan de Araujo Barcelos 1721794 Docente ParticipanteGiovani Rubert Librelotto 1684626 Docente ParticipanteDaniel Welfer 1805347 Docente ParticipanteRafael Boufleuer 2181688 T\u00e9cnico [&hellip;]<\/p>\n","protected":false},"author":194,"featured_media":0,"parent":0,"menu_order":0,"comment_status":"closed","ping_status":"closed","template":"","meta":{"footnotes":""},"categories":[],"tags":[],"class_list":["post-174","page","type-page","status-publish","hentry"],"acf":[],"_links":{"self":[{"href":"https:\/\/www.ufsm.br\/cursos\/graduacao\/santa-maria\/ciencia-da-computacao\/wp-json\/wp\/v2\/pages\/174","targetHints":{"allow":["GET"]}}],"collection":[{"href":"https:\/\/www.ufsm.br\/cursos\/graduacao\/santa-maria\/ciencia-da-computacao\/wp-json\/wp\/v2\/pages"}],"about":[{"href":"https:\/\/www.ufsm.br\/cursos\/graduacao\/santa-maria\/ciencia-da-computacao\/wp-json\/wp\/v2\/types\/page"}],"author":[{"embeddable":true,"href":"https:\/\/www.ufsm.br\/cursos\/graduacao\/santa-maria\/ciencia-da-computacao\/wp-json\/wp\/v2\/users\/194"}],"replies":[{"embeddable":true,"href":"https:\/\/www.ufsm.br\/cursos\/graduacao\/santa-maria\/ciencia-da-computacao\/wp-json\/wp\/v2\/comments?post=174"}],"version-history":[{"count":0,"href":"https:\/\/www.ufsm.br\/cursos\/graduacao\/santa-maria\/ciencia-da-computacao\/wp-json\/wp\/v2\/pages\/174\/revisions"}],"wp:attachment":[{"href":"https:\/\/www.ufsm.br\/cursos\/graduacao\/santa-maria\/ciencia-da-computacao\/wp-json\/wp\/v2\/media?parent=174"}],"wp:term":[{"taxonomy":"category","embeddable":true,"href":"https:\/\/www.ufsm.br\/cursos\/graduacao\/santa-maria\/ciencia-da-computacao\/wp-json\/wp\/v2\/categories?post=174"},{"taxonomy":"post_tag","embeddable":true,"href":"https:\/\/www.ufsm.br\/cursos\/graduacao\/santa-maria\/ciencia-da-computacao\/wp-json\/wp\/v2\/tags?post=174"}],"curies":[{"name":"wp","href":"https:\/\/api.w.org\/{rel}","templated":true}]}}