{"id":258,"date":"2019-09-04T14:12:51","date_gmt":"2019-09-04T17:12:51","guid":{"rendered":"https:\/\/www.ufsm.br\/cursos\/graduacao\/santa-maria\/ciencia-da-computacao\/?page_id=258"},"modified":"2019-09-04T14:29:41","modified_gmt":"2019-09-04T17:29:41","slug":"diretorio-academico-da-informatica-dainf","status":"publish","type":"page","link":"https:\/\/www.ufsm.br\/cursos\/graduacao\/santa-maria\/ciencia-da-computacao\/diretorio-academico-da-informatica-dainf","title":{"rendered":"Diret\u00f3rio Acad\u00eamico da Inform\u00e1tica (DAINF)"},"content":{"rendered":"\n<div class=\"wp-block-image\"><figure class=\"aligncenter\"><img decoding=\"async\" src=\"http:\/\/coral.ufsm.br\/bsi\/assets\/img\/logo-dainf.png\" alt=\"\" \/><\/figure><\/div>\n\n\n\n<p>O Diret\u00f3rio Acad\u00eamico da Inform\u00e1tica (DAINF) &#8211; \u00e9 um grupo de alunos eleito mediante elei\u00e7\u00f5es anuais para o desempenho das atividades acad\u00eamicas relacionadas ao movimento estudantil, bem como das a\u00e7\u00f5es de interesse geral dos acad\u00eamicos dos cursos de Ci\u00eancia da Computa\u00e7\u00e3o e Sistemas de Informa\u00e7\u00e3o da UFSM.<\/p>\n\n\n\n<p>O Diret\u00f3rio Acad\u00eamico da Inform\u00e1tica \u2013 DAINF \u2013 \u00e9 um grupo de alunos eleito mediante elei\u00e7\u00f5es anuais para o desempenho das atividades acad\u00eamicas relacionadas ao movimento estudantil, bem como das a\u00e7\u00f5es de interesse geral dos acad\u00eamicos dos cursos de Ci\u00eancia da Computa\u00e7\u00e3o e Sistemas de Informa\u00e7\u00e3o da UFSM.<\/p>\n\n\n\n<p>Dentre suas responsabilidades est\u00e3o o controle de caixa do DAINF, a organiza\u00e7\u00e3o de eventos de integra\u00e7\u00e3o entre os acad\u00eamicos, trabalhos de recep\u00e7\u00e3o dos calouros aos cursos, organiza\u00e7\u00e3o e confec\u00e7\u00e3o de produtos de uso com a identidade visual dos cursos (como camisetas, mochilas, adesivos, jaquetas e outros), projetos de extens\u00e3o ou ensino que tenham reflexo positivo na qualidade dos cursos e a representa\u00e7\u00e3o dos acad\u00eamicos dos cursos junto ao movimento estudantil na UFSM.<\/p>\n\n\n\n<p>O Diret\u00f3rio Acad\u00eamico da Inform\u00e1tica, representante, para assuntos diversos, dos alunos dos cursos de Ci\u00eancia da Computa\u00e7\u00e3o e Sistemas de Informa\u00e7\u00e3o encontra-se ao lado do bar do CT (Menezes), na antiga biblioteca setorial juntamente aos demais diret\u00f3rios do CT. Passando a porta de metal e vidro, na sala 103, a primeira porta \u00e0 esquerda. Nesta sala se encontram o DACTEC e o DAINF.<\/p>\n\n\n\n<p>O DA \u00e9 um dos respons\u00e1veis pela organiza\u00e7\u00e3o da SAINF (Semana Acad\u00eamica da Inform\u00e1tica), al\u00e9m disso, o diret\u00f3rio se disp\u00f5e a auxiliar os alunos com eventuais problemas com o curso.<\/p>\n\n\n\n<h3 class=\"wp-block-heading\">Solicita\u00e7\u00e3o de arm\u00e1rios<\/h3>\n\n\n\n<p>O DAINF tamb\u00e9m \u00e9 respons\u00e1vel pelo gerenciamento dos arm\u00e1rios que encontram-se no NCC. Para adquirir um deles, voc\u00ea precisas escolher um arm\u00e1rio que esteja dispon\u00edvel e enviar seu comprovante de matr\u00edcula para o DAINF.<\/p>\n\n\n\n<p>Se voc\u00ea for aluno de CC, ter\u00e1 a disposi\u00e7\u00e3o os arm\u00e1rios de 1 a 32.<\/p>\n\n\n\n<p>Se voc\u00ea for aluno de SI, ter\u00e1 a disposi\u00e7\u00e3o os arm\u00e1rios de 33 a 64.<\/p>\n\n\n\n<p>Depois de receber uma confirma\u00e7\u00e3o do DA de que o arm\u00e1rio est\u00e1 dispon\u00edvel, voc\u00ea dever\u00e1 deix\u00e1-lo CADEADO e ETIQUETADO, com nome e e-mail.<\/p>\n\n\n\n<p>Para maiores informa\u00e7\u00f5es conhe\u00e7a o&nbsp;<strong>site<\/strong>&nbsp;do DAINF e curta a Fanpage no&nbsp;<strong>Facebook<\/strong>!<\/p>\n\n\n\n<figure class=\"wp-block-image is-resized\"><a href=\"http:\/\/coral.ufsm.br\/dainf\" target=\"_blank\" rel=\"noreferrer noopener\"><img decoding=\"async\" src=\"http:\/\/coral.ufsm.br\/bsi\/assets\/img\/globe-square.ico\" alt=\"\" width=\"79\" height=\"79\" \/><\/a><\/figure>\n\n\n\n<figure class=\"wp-block-image is-resized\"><a href=\"https:\/\/www.facebook.com\/dainfufsm\" target=\"_blank\" rel=\"noreferrer noopener\"><img decoding=\"async\" src=\"http:\/\/coral.ufsm.br\/bsi\/assets\/img\/facebook-square.ico\" alt=\"\" width=\"76\" height=\"76\" \/><\/a><\/figure>\n\n\n\n<p><strong>Maiores informa\u00e7\u00f5es:&nbsp;<a href=\"http:\/\/coral.ufsm.br\/dainf\/\" target=\"_blank\" rel=\"noreferrer noopener\">http:\/\/coral.ufsm.br\/dainf\/<\/a><\/strong><\/p>\n\n\n\n<p>Dentre suas responsabilidades est\u00e3o o controle de caixa do DAINF, a organiza\u00e7\u00e3o de eventos de integra\u00e7\u00e3o entre os acad\u00eamicos, trabalhos de recep\u00e7\u00e3o dos calouros aos cursos, organiza\u00e7\u00e3o e confec\u00e7\u00e3o de produtos de uso com a identidade visual dos cursos (como camisetas, mochilas, adesivos, jaquetas e outros), projetos de extens\u00e3o ou ensino que tenham reflexo positivo na qualidade dos cursos e a representa\u00e7\u00e3o dos acad\u00eamicos dos cursos junto ao movimento estudantil na UFSM.<\/p>\n","protected":false},"excerpt":{"rendered":"<p>O Diret\u00f3rio Acad\u00eamico da Inform\u00e1tica (DAINF) &#8211; \u00e9 um grupo de alunos eleito mediante elei\u00e7\u00f5es anuais para o desempenho das atividades acad\u00eamicas relacionadas ao movimento estudantil, bem como das a\u00e7\u00f5es de interesse geral dos acad\u00eamicos dos cursos de Ci\u00eancia da Computa\u00e7\u00e3o e Sistemas de Informa\u00e7\u00e3o da UFSM. O Diret\u00f3rio Acad\u00eamico da Inform\u00e1tica \u2013 DAINF \u2013 [&hellip;]<\/p>\n","protected":false},"author":118,"featured_media":0,"parent":0,"menu_order":0,"comment_status":"closed","ping_status":"closed","template":"","meta":{"footnotes":""},"categories":[],"tags":[],"class_list":["post-258","page","type-page","status-publish","hentry"],"acf":[],"_links":{"self":[{"href":"https:\/\/www.ufsm.br\/cursos\/graduacao\/santa-maria\/ciencia-da-computacao\/wp-json\/wp\/v2\/pages\/258","targetHints":{"allow":["GET"]}}],"collection":[{"href":"https:\/\/www.ufsm.br\/cursos\/graduacao\/santa-maria\/ciencia-da-computacao\/wp-json\/wp\/v2\/pages"}],"about":[{"href":"https:\/\/www.ufsm.br\/cursos\/graduacao\/santa-maria\/ciencia-da-computacao\/wp-json\/wp\/v2\/types\/page"}],"author":[{"embeddable":true,"href":"https:\/\/www.ufsm.br\/cursos\/graduacao\/santa-maria\/ciencia-da-computacao\/wp-json\/wp\/v2\/users\/118"}],"replies":[{"embeddable":true,"href":"https:\/\/www.ufsm.br\/cursos\/graduacao\/santa-maria\/ciencia-da-computacao\/wp-json\/wp\/v2\/comments?post=258"}],"version-history":[{"count":0,"href":"https:\/\/www.ufsm.br\/cursos\/graduacao\/santa-maria\/ciencia-da-computacao\/wp-json\/wp\/v2\/pages\/258\/revisions"}],"wp:attachment":[{"href":"https:\/\/www.ufsm.br\/cursos\/graduacao\/santa-maria\/ciencia-da-computacao\/wp-json\/wp\/v2\/media?parent=258"}],"wp:term":[{"taxonomy":"category","embeddable":true,"href":"https:\/\/www.ufsm.br\/cursos\/graduacao\/santa-maria\/ciencia-da-computacao\/wp-json\/wp\/v2\/categories?post=258"},{"taxonomy":"post_tag","embeddable":true,"href":"https:\/\/www.ufsm.br\/cursos\/graduacao\/santa-maria\/ciencia-da-computacao\/wp-json\/wp\/v2\/tags?post=258"}],"curies":[{"name":"wp","href":"https:\/\/api.w.org\/{rel}","templated":true}]}}