{"id":160,"date":"2018-12-13T17:42:48","date_gmt":"2018-12-13T19:42:48","guid":{"rendered":"https:\/\/www.ufsm.br\/cursos\/graduacao\/santa-maria\/ciencias-biologicas\/?page_id=160"},"modified":"2019-01-15T10:36:54","modified_gmt":"2019-01-15T12:36:54","slug":"sobre-o-curso","status":"publish","type":"page","link":"https:\/\/www.ufsm.br\/cursos\/graduacao\/santa-maria\/ciencias-biologicas\/sobre-o-curso","title":{"rendered":"Sobre o curso"},"content":{"rendered":"<p>O curso de Ci\u00eancias Biol\u00f3gicas surgiu em 1979 com a reformula\u00e7\u00e3o do antigo curso de Hist\u00f3ria Natural. O curso oferece 44 vagas e o aluno opta por Bacharelado ou Licenciatura Plena at\u00e9 o final do terceiro semestre de faculdade.<br \/>\nO curso \u00e9 atendido por aproximadamente 50 professores, sendo todos os professores do quadro efetivo possuem a titula\u00e7\u00e3o de doutorado.<\/p>\n<p><strong>Bacharel em Ci\u00eancias Biol\u00f3gicas:<\/strong> profissional que poder\u00e1 atuar como respons\u00e1vel t\u00e9cnico em projetos que envolvam o meio ambiente ou qualquer esp\u00e9cie de ser vivo.<br \/>\n<strong>Licenciado em Ci\u00eancias Biol\u00f3gicas:<\/strong> faz parte do seu campo de atua\u00e7\u00e3o, a pesquisa cient\u00edfica e o magist\u00e9rio para Ensino Fundamental, M\u00e9dio e Superior.<\/p>\n","protected":false},"excerpt":{"rendered":"<p>O curso de Ci\u00eancias Biol\u00f3gicas surgiu em 1979 com a reformula\u00e7\u00e3o do antigo curso de Hist\u00f3ria Natural. O curso oferece 44 vagas e o aluno opta por Bacharelado ou Licenciatura Plena at\u00e9 o final do terceiro semestre de faculdade. O curso \u00e9 atendido por aproximadamente 50 professores, sendo todos os professores do quadro efetivo possuem [&hellip;]<\/p>\n","protected":false},"author":194,"featured_media":0,"parent":0,"menu_order":0,"comment_status":"closed","ping_status":"closed","template":"","meta":{"footnotes":""},"categories":[],"tags":[],"class_list":["post-160","page","type-page","status-publish","hentry"],"acf":[],"_links":{"self":[{"href":"https:\/\/www.ufsm.br\/cursos\/graduacao\/santa-maria\/ciencias-biologicas\/wp-json\/wp\/v2\/pages\/160","targetHints":{"allow":["GET"]}}],"collection":[{"href":"https:\/\/www.ufsm.br\/cursos\/graduacao\/santa-maria\/ciencias-biologicas\/wp-json\/wp\/v2\/pages"}],"about":[{"href":"https:\/\/www.ufsm.br\/cursos\/graduacao\/santa-maria\/ciencias-biologicas\/wp-json\/wp\/v2\/types\/page"}],"author":[{"embeddable":true,"href":"https:\/\/www.ufsm.br\/cursos\/graduacao\/santa-maria\/ciencias-biologicas\/wp-json\/wp\/v2\/users\/194"}],"replies":[{"embeddable":true,"href":"https:\/\/www.ufsm.br\/cursos\/graduacao\/santa-maria\/ciencias-biologicas\/wp-json\/wp\/v2\/comments?post=160"}],"version-history":[{"count":0,"href":"https:\/\/www.ufsm.br\/cursos\/graduacao\/santa-maria\/ciencias-biologicas\/wp-json\/wp\/v2\/pages\/160\/revisions"}],"wp:attachment":[{"href":"https:\/\/www.ufsm.br\/cursos\/graduacao\/santa-maria\/ciencias-biologicas\/wp-json\/wp\/v2\/media?parent=160"}],"wp:term":[{"taxonomy":"category","embeddable":true,"href":"https:\/\/www.ufsm.br\/cursos\/graduacao\/santa-maria\/ciencias-biologicas\/wp-json\/wp\/v2\/categories?post=160"},{"taxonomy":"post_tag","embeddable":true,"href":"https:\/\/www.ufsm.br\/cursos\/graduacao\/santa-maria\/ciencias-biologicas\/wp-json\/wp\/v2\/tags?post=160"}],"curies":[{"name":"wp","href":"https:\/\/api.w.org\/{rel}","templated":true}]}}