{"id":268,"date":"2019-06-18T13:36:35","date_gmt":"2019-06-18T16:36:35","guid":{"rendered":"https:\/\/www.ufsm.br\/cursos\/graduacao\/santa-maria\/ciencias-biologicas\/?page_id=268"},"modified":"2020-01-20T09:56:33","modified_gmt":"2020-01-20T12:56:33","slug":"projeto-politico-pedagogico-2005","status":"publish","type":"page","link":"https:\/\/www.ufsm.br\/cursos\/graduacao\/santa-maria\/ciencias-biologicas\/projeto-politico-pedagogico-2005","title":{"rendered":"Projeto Pol\u00edtico Pedag\u00f3gico 2005 e 2019"},"content":{"rendered":"\n<p>Nos links abaixo se encontram o Projetos Pol\u00edticos Pedag\u00f3gicos  (PPPs) vers\u00e3o 2005 e 2019 da Licenciatura e Bacharelado.<\/p>\n\n\n\n<p><\/p>\n\n\n\n<p>Os arquivos referente ao curr\u00edculo vers\u00e3o 2019 podem ser acessados em Menu&gt; Estrutura&gt;  <a href=\"http:\/\/www.ufsm.br\/cursos\/graduacao\/santa-maria\/ciencias-biologicas\/projeto-pedagogico\">Projeto Pedag\u00f3gico (PPC)<\/a> <\/p>\n\n\n\n<p><\/p>\n\n\n\n<p><\/p>\n","protected":false},"excerpt":{"rendered":"<p>Nos links abaixo se encontram o Projetos Pol\u00edticos Pedag\u00f3gicos (PPPs) vers\u00e3o 2005 e 2019 da Licenciatura e Bacharelado. Os arquivos referente ao curr\u00edculo vers\u00e3o 2019 podem ser acessados em Menu&gt; Estrutura&gt; Projeto Pedag\u00f3gico (PPC)<\/p>\n","protected":false},"author":401,"featured_media":0,"parent":0,"menu_order":0,"comment_status":"closed","ping_status":"closed","template":"","meta":{"footnotes":""},"categories":[],"tags":[],"class_list":["post-268","page","type-page","status-publish","hentry"],"acf":[],"_links":{"self":[{"href":"https:\/\/www.ufsm.br\/cursos\/graduacao\/santa-maria\/ciencias-biologicas\/wp-json\/wp\/v2\/pages\/268","targetHints":{"allow":["GET"]}}],"collection":[{"href":"https:\/\/www.ufsm.br\/cursos\/graduacao\/santa-maria\/ciencias-biologicas\/wp-json\/wp\/v2\/pages"}],"about":[{"href":"https:\/\/www.ufsm.br\/cursos\/graduacao\/santa-maria\/ciencias-biologicas\/wp-json\/wp\/v2\/types\/page"}],"author":[{"embeddable":true,"href":"https:\/\/www.ufsm.br\/cursos\/graduacao\/santa-maria\/ciencias-biologicas\/wp-json\/wp\/v2\/users\/401"}],"replies":[{"embeddable":true,"href":"https:\/\/www.ufsm.br\/cursos\/graduacao\/santa-maria\/ciencias-biologicas\/wp-json\/wp\/v2\/comments?post=268"}],"version-history":[{"count":0,"href":"https:\/\/www.ufsm.br\/cursos\/graduacao\/santa-maria\/ciencias-biologicas\/wp-json\/wp\/v2\/pages\/268\/revisions"}],"wp:attachment":[{"href":"https:\/\/www.ufsm.br\/cursos\/graduacao\/santa-maria\/ciencias-biologicas\/wp-json\/wp\/v2\/media?parent=268"}],"wp:term":[{"taxonomy":"category","embeddable":true,"href":"https:\/\/www.ufsm.br\/cursos\/graduacao\/santa-maria\/ciencias-biologicas\/wp-json\/wp\/v2\/categories?post=268"},{"taxonomy":"post_tag","embeddable":true,"href":"https:\/\/www.ufsm.br\/cursos\/graduacao\/santa-maria\/ciencias-biologicas\/wp-json\/wp\/v2\/tags?post=268"}],"curies":[{"name":"wp","href":"https:\/\/api.w.org\/{rel}","templated":true}]}}