{"id":332,"date":"2020-12-05T12:07:34","date_gmt":"2020-12-05T15:07:34","guid":{"rendered":"https:\/\/www.ufsm.br\/cursos\/graduacao\/santa-maria\/ciencias-biologicas\/?page_id=332"},"modified":"2024-07-29T14:21:39","modified_gmt":"2024-07-29T17:21:39","slug":"acgs","status":"publish","type":"page","link":"https:\/\/www.ufsm.br\/cursos\/graduacao\/santa-maria\/ciencias-biologicas\/acgs","title":{"rendered":"ACGs"},"content":{"rendered":"\t\t<div data-elementor-type=\"wp-page\" data-elementor-id=\"332\" class=\"elementor elementor-332\">\n\t\t\t\t\t\t<section class=\"elementor-section elementor-top-section elementor-element elementor-element-79a69b05 elementor-section-boxed elementor-section-height-default elementor-section-height-default\" data-id=\"79a69b05\" data-element_type=\"section\">\n\t\t\t\t\t\t<div class=\"elementor-container elementor-column-gap-default\">\n\t\t\t\t\t<div class=\"elementor-column elementor-col-100 elementor-top-column elementor-element elementor-element-6cdd1cd2\" data-id=\"6cdd1cd2\" data-element_type=\"column\">\n\t\t\t<div class=\"elementor-widget-wrap elementor-element-populated\">\n\t\t\t\t\t\t<div class=\"elementor-element elementor-element-4282cc87 elementor-widget elementor-widget-text-editor\" data-id=\"4282cc87\" data-element_type=\"widget\" data-widget_type=\"text-editor.default\">\n\t\t\t\t<div class=\"elementor-widget-container\">\n\t\t\t\t\t\t\t<p><!-- wp:paragraph --><\/p>\n<ul>\n<li>Ao longo dos Cursos de Ci\u00eancias Biol\u00f3gicas Bacharelado ou Licenciatura os acad\u00eamicos devem realizar diversas Atividades Complementares de Gradua\u00e7\u00e3o (ACGs), obtendo um m\u00ednimo de carga hor\u00e1ria que \u00e9 especifico para cada curso.<\/li>\n<\/ul>\n<p><!-- \/wp:paragraph --><!-- wp:paragraph --><\/p>\n<p><strong>A solicita\u00e7\u00e3o do c\u00f4mputo de ACGs \u00e9 responsabilidade do acad\u00eamico<\/strong>, e deve ser feita atrav\u00e9s do <a href=\"https:\/\/portal.ufsm.br\/estudantil\/\">Portal do Aluno<\/a>, na aba \u201caltera\u00e7\u00e3o curricular\u201d, op\u00e7\u00e3o \u201crequerimento de dispensa\u201d (tutorial dispon\u00edvel <strong><a href=\"https:\/\/www.ufsm.br\/app\/uploads\/sites\/447\/2022\/09\/Tutorial-de-ACGs.pdf\" target=\"_blank\" rel=\"noreferrer noopener\">aqui<\/a><\/strong>). Para isso, <strong>\u00e9 importante antes observar as regras de limites de cargas hor\u00e1rias por tipo de atividade, conforme normativa abaixo<\/strong>.<\/p>\n<p>As solicita\u00e7\u00e3o de c\u00f4mputo de ACGs deve ser feita somente durante o semestre que o aluno \u00e9 prov\u00e1vel formando, ou seja, quando est\u00e1 matriculado em todas as disciplinas necess\u00e1rias para a integraliza\u00e7\u00e3o do Curso.<\/p>\n<p><!-- \/wp:paragraph --><!-- wp:paragraph --><\/p>\n<p>As normas para contabiliza\u00e7\u00e3o das ACGs s\u00e3o as seguintes:<\/p>\n<p><!-- \/wp:paragraph --><!-- wp:paragraph --><\/p>\n<p><span style=\"color: #000000;font-size: 1rem;font-weight: var( --e-global-typography-text-font-weight );text-align: var(--bs-body-text-align)\">1\u00ba \u2013 O Curso de Ci\u00eancias Biol\u00f3gicas Bacharelado ter\u00e1 no m\u00ednimo 210 horas para os alunos do curr\u00edculo 2005, 225 horas para os alunos do curr\u00edculo 2019 e 200 para os alunos do curr\u00edculo 2024.<\/span><\/p>\n<p><span style=\"color: #000000;font-size: 1rem;font-weight: var( --e-global-typography-text-font-weight );text-align: var(--bs-body-text-align)\">2\u00ba \u2013 O Curso de Ci\u00eancias Biol\u00f3gicas Licenciatura ter\u00e1 no m\u00ednimo 210 horas para os alunos do curr\u00edculo 2005, 200 horas para os alunos do curr\u00edculo 2019 e 150 horas pelo curr\u00edculo de 2024.<\/span><\/p>\n<p><span style=\"color: #000000;font-size: 1rem;font-weight: var( --e-global-typography-text-font-weight );text-align: var(--bs-body-text-align)\">3\u00ba &#8211; As atividades complementares aceitas pelos Cursos est\u00e3o descritas na resolu\u00e7\u00e3o n\u00ba 025\/2017, Art. 18;<\/span><\/p>\n<p><!-- \/wp:paragraph --><!-- wp:paragraph --><\/p>\n<p>4\u00ba <strong>&#8211;<\/strong> O aluno pode escolher quaisquer atividades complementares prevista na Resolu\u00e7\u00e3o n\u00ba 025\/2017, Art.18;<\/p>\n<p><!-- \/wp:paragraph --><!-- wp:paragraph --><\/p>\n<p>5\u00ba &#8211; O aproveitamento da carga hor\u00e1ria m\u00e1xima para cada tipo de ACG seguir\u00e1 os seguintes crit\u00e9rios:<\/p>\n<p><!-- \/wp:paragraph --><!-- wp:paragraph --><\/p>\n<p>I\u2013 Participa\u00e7\u00e3o em eventos: m\u00e1ximo de 80 horas (m\u00e1ximo 20 horas por evento);<\/p>\n<ul>\n<li style=\"list-style-type: none\">\n<ul>\n<li style=\"text-align: justify;line-height: 150%\">Evento Local como ouvinte (exemplo: JAI): m\u00e1ximo 5hs por evento;<\/li>\n<li style=\"text-align: justify;line-height: 150%\">Evento Externo como ouvinte: m\u00e1ximo 20hs por evento;<\/li>\n<li style=\"text-align: justify;line-height: 150%\">Participa\u00e7\u00e3o como ouvinte em palestras e semin\u00e1rios: m\u00e1ximo 2hs por atividade.&nbsp;<\/li>\n<\/ul>\n<\/li>\n<\/ul>\n<p><!-- \/wp:paragraph --><!-- wp:paragraph --><\/p>\n<p>II \u2013 Atividades de extens\u00e3o (exemplo:&nbsp;<span style=\"font-family: 'Times New Roman', serif;font-size: 12pt;background-color: var(--bs-body-bg);text-align: var(--bs-body-text-align)\">palestra proferida, minicurso ministrado, etc)<\/span><span style=\"color: #000000;font-size: 1rem;background-color: var(--bs-body-bg);text-align: var(--bs-body-text-align)\">: m\u00e1ximo de 100 horas;<\/span><\/p>\n<p><span style=\"color: #000000;font-size: 1rem;background-color: var(--bs-body-bg);text-align: var(--bs-body-text-align)\">&nbsp; &nbsp; &nbsp; &nbsp; &nbsp; &nbsp;<\/span><span style=\"color: #000000;font-size: 1rem;font-weight: var( --e-global-typography-text-font-weight );text-align: var(--bs-body-text-align)\">Obs.: N\u00e3o ser\u00e3o consideradas atividades j\u00e1 validadas como ACEx, e viceversa.<\/span><\/p>\n<p><!-- \/wp:paragraph --><!-- wp:paragraph --><\/p>\n<p>III \u2013 Est\u00e1gios extracurriculares: m\u00e1ximo de 100 horas;<\/p>\n<p><!-- \/wp:paragraph --><!-- wp:paragraph --><\/p>\n<p>IV \u2013 Atividades de inicia\u00e7\u00e3o cient\u00edfica e de pesquisa: m\u00e1ximo de 120 horas;<\/p>\n<ul>\n<li style=\"list-style-type: none\">\n<ul>\n<li>Apresenta\u00e7\u00e3o de trabalho em evento, na forma de painel ou oral,<br>resultando na publica\u00e7\u00e3o de um resumo: 6h cada.&nbsp;<\/li>\n<li>Projetos de pesquisa: m\u00e1ximo 100 horas.<\/li>\n<\/ul>\n<\/li>\n<\/ul>\n<p><!-- \/wp:paragraph --><!-- wp:paragraph --><\/p>\n<p>V \u2013 Publica\u00e7\u00e3o de trabalhos: m\u00e1ximo de 40 horas;<\/p>\n<ul>\n<li style=\"list-style-type: none\">\n<ul>\n<li>Resumos como co-autor: 3hs cada (caso n\u00e3o seja o apresentador, se for o apresentador, submeter como Atividade de inicia\u00e7\u00e3o cient\u00edfica e de pesquisa);<\/li>\n<li>Artigo cient\u00edfico ou de divulga\u00e7\u00e3o cient\u00edfica como 1\u00ba autor: 20hs cada;&nbsp;<\/li>\n<li>Artigo cient\u00edfico ou de divulga\u00e7\u00e3o cient\u00edfica como coautor: 10hs cada.&nbsp;<\/li>\n<\/ul>\n<\/li>\n<\/ul>\n<p>&nbsp; &nbsp; &nbsp; &nbsp; &nbsp; Obs.: Resumos como autor principal (submeter como Atividade de inicia\u00e7\u00e3o cient\u00edfica e de pesquisa)&nbsp;<\/p>\n<p><!-- \/wp:paragraph --><!-- wp:paragraph --><\/p>\n<p>VI \u2013 Participa\u00e7\u00e3o em \u00f3rg\u00e3os colegiados: m\u00e1ximo de 40 horas (10h por portaria);<\/p>\n<p><!-- \/wp:paragraph --><!-- wp:paragraph --><\/p>\n<p>VII \u2013 Monitoria: m\u00e1ximo de 80 horas (m\u00e1ximo de 20h por semestre);<\/p>\n<p><!-- \/wp:paragraph --><!-- wp:paragraph --><\/p>\n<p><!-- \/wp:paragraph --><!-- wp:paragraph --><\/p>\n<p>VIII \u2013 Participa\u00e7\u00e3o em movimento estudantil, mediante comprova\u00e7\u00e3o atrav\u00e9s de declara\u00e7\u00e3o da diretoria do respectivo DA ou do DCE: m\u00e1ximo de 40 horas;<\/p>\n<p>IX &#8211; Atua\u00e7\u00e3o em N\u00facleos Tem\u00e1ticos (exemplo: PET, PIBID, etc.): m\u00e1ximo 120 horas;<\/p>\n<p>X \u2013 Outras atividades a crit\u00e9rio do Colegiado: m\u00e1ximo de 100 horas;<\/p>\n<ul>\n<li style=\"list-style-type: none\">\n<ul>\n<li>Organiza\u00e7\u00e3o de eventos: m\u00e1ximo de 10hs por evento organizado;&nbsp;<\/li>\n<li>Viagem de estudo: 1h para cada 8hs de viagem (para viagens do<br>\nPET, essa atividade pode ser submetida apenas por alunos n\u00e3opetianos);&nbsp;<\/li>\n<li>Cursos de l\u00edngua estrangeira ou Cursos de aperfei\u00e7oamento na<br>\n\u00e1rea de forma\u00e7\u00e3o: m\u00e1ximo de 40hs;&nbsp;<\/li>\n<li>Participa\u00e7\u00e3o em oficinas ou cursos de curta-dura\u00e7\u00e3o: m\u00e1ximo de<br>\n5hs por atividade;&nbsp;<\/li>\n<li>Projetos de ensino: m\u00e1ximo de 100hs.&nbsp;<br><\/li>\n<\/ul>\n<\/li>\n<\/ul>\n<p><!-- \/wp:paragraph --><!-- wp:paragraph --><\/p>\n<p>6\u00ba <strong>&#8211;<\/strong> Os alunos devem fornecer uma c\u00f3pia de cada certificado de comprova\u00e7\u00e3o da atividade para fins de arquivamento;<\/p>\n<p><!-- \/wp:paragraph --><!-- wp:paragraph --><\/p>\n<p>7\u00ba- As Atividades Complementares de Gradua\u00e7\u00e3o devem ter rela\u00e7\u00e3o com a \u00e1rea de forma\u00e7\u00e3o do acad\u00eamico.<\/p>\n<p><!-- \/wp:paragraph --><!-- wp:paragraph --><\/p>\n<p>8\u00ba &#8211;&nbsp; O controle das atividades \u00e9 de responsabilidade do Colegiado do Curso, que se reunir\u00e1 uma vez por semestre para avaliar os documentos apresentados pelo aluno;<\/p>\n<p><!-- \/wp:paragraph --><!-- wp:paragraph --><\/p>\n<p>9\u00ba &#8211; Os casos omissos ser\u00e3o resolvidos pelo Colegiado do Curso.<\/p>\n<p><\/p>\n<p><!-- \/wp:paragraph --><\/p>\t\t\t\t\t\t<\/div>\n\t\t\t\t<\/div>\n\t\t\t\t\t<\/div>\n\t\t<\/div>\n\t\t\t\t\t<\/div>\n\t\t<\/section>\n\t\t\t\t<\/div>\n\t\t","protected":false},"excerpt":{"rendered":"<p>Ao longo dos Cursos de Ci\u00eancias Biol\u00f3gicas Bacharelado ou Licenciatura os acad\u00eamicos devem realizar diversas Atividades Complementares de Gradua\u00e7\u00e3o (ACGs), obtendo um m\u00ednimo de carga hor\u00e1ria que \u00e9 especifico para cada curso. A solicita\u00e7\u00e3o do c\u00f4mputo de ACGs \u00e9 responsabilidade do acad\u00eamico, e deve ser feita atrav\u00e9s do Portal do Aluno, na aba \u201caltera\u00e7\u00e3o curricular\u201d, [&hellip;]<\/p>\n","protected":false},"author":401,"featured_media":0,"parent":0,"menu_order":0,"comment_status":"closed","ping_status":"closed","template":"","meta":{"footnotes":""},"categories":[],"tags":[],"class_list":["post-332","page","type-page","status-publish","hentry"],"acf":[],"_links":{"self":[{"href":"https:\/\/www.ufsm.br\/cursos\/graduacao\/santa-maria\/ciencias-biologicas\/wp-json\/wp\/v2\/pages\/332","targetHints":{"allow":["GET"]}}],"collection":[{"href":"https:\/\/www.ufsm.br\/cursos\/graduacao\/santa-maria\/ciencias-biologicas\/wp-json\/wp\/v2\/pages"}],"about":[{"href":"https:\/\/www.ufsm.br\/cursos\/graduacao\/santa-maria\/ciencias-biologicas\/wp-json\/wp\/v2\/types\/page"}],"author":[{"embeddable":true,"href":"https:\/\/www.ufsm.br\/cursos\/graduacao\/santa-maria\/ciencias-biologicas\/wp-json\/wp\/v2\/users\/401"}],"replies":[{"embeddable":true,"href":"https:\/\/www.ufsm.br\/cursos\/graduacao\/santa-maria\/ciencias-biologicas\/wp-json\/wp\/v2\/comments?post=332"}],"version-history":[{"count":0,"href":"https:\/\/www.ufsm.br\/cursos\/graduacao\/santa-maria\/ciencias-biologicas\/wp-json\/wp\/v2\/pages\/332\/revisions"}],"wp:attachment":[{"href":"https:\/\/www.ufsm.br\/cursos\/graduacao\/santa-maria\/ciencias-biologicas\/wp-json\/wp\/v2\/media?parent=332"}],"wp:term":[{"taxonomy":"category","embeddable":true,"href":"https:\/\/www.ufsm.br\/cursos\/graduacao\/santa-maria\/ciencias-biologicas\/wp-json\/wp\/v2\/categories?post=332"},{"taxonomy":"post_tag","embeddable":true,"href":"https:\/\/www.ufsm.br\/cursos\/graduacao\/santa-maria\/ciencias-biologicas\/wp-json\/wp\/v2\/tags?post=332"}],"curies":[{"name":"wp","href":"https:\/\/api.w.org\/{rel}","templated":true}]}}