{"id":337,"date":"2021-01-19T14:40:06","date_gmt":"2021-01-19T17:40:06","guid":{"rendered":"https:\/\/www.ufsm.br\/cursos\/graduacao\/santa-maria\/ciencias-biologicas\/?page_id=337"},"modified":"2022-08-29T09:30:15","modified_gmt":"2022-08-29T12:30:15","slug":"colegiado","status":"publish","type":"page","link":"https:\/\/www.ufsm.br\/cursos\/graduacao\/santa-maria\/ciencias-biologicas\/colegiado","title":{"rendered":"Colegiado"},"content":{"rendered":"\t\t<div data-elementor-type=\"wp-page\" data-elementor-id=\"337\" class=\"elementor elementor-337\">\n\t\t\t\t\t\t<section class=\"elementor-section elementor-top-section elementor-element elementor-element-3905835a elementor-section-boxed elementor-section-height-default elementor-section-height-default\" data-id=\"3905835a\" data-element_type=\"section\">\n\t\t\t\t\t\t<div class=\"elementor-container elementor-column-gap-default\">\n\t\t\t\t\t<div class=\"elementor-column elementor-col-100 elementor-top-column elementor-element elementor-element-39a76720\" data-id=\"39a76720\" data-element_type=\"column\">\n\t\t\t<div class=\"elementor-widget-wrap elementor-element-populated\">\n\t\t\t\t\t\t<div class=\"elementor-element elementor-element-29982ee2 elementor-widget elementor-widget-text-editor\" data-id=\"29982ee2\" data-element_type=\"widget\" data-widget_type=\"text-editor.default\">\n\t\t\t\t<div class=\"elementor-widget-container\">\n\t\t\t\t\t\t\t<p><!-- wp:paragraph --><\/p>\n<p>\u00a0Institu\u00eddo pela Portaria CCNE\/UFSM n\u00ba 058, de 29 de mar\u00e7o de 2022.<\/p>\n<p>\u00a0<\/p>\n<p><!-- \/wp:paragraph --><\/p>\n<p><!-- wp:paragraph --><\/p>\n<p><!-- \/wp:paragraph --><\/p>\n<p><!-- wp:paragraph --><\/p>\n<p><!-- \/wp:paragraph --><\/p>\n<p><!-- wp:paragraph --><\/p>\n<p><!-- \/wp:paragraph --><\/p>\n<p><!-- wp:heading --><\/p>\n<h2>Docentes<\/h2>\n<p><!-- \/wp:heading --><\/p>\n<p><!-- wp:paragraph --><\/p>\n<p><!-- \/wp:paragraph --><\/p>\n<p><!-- wp:paragraph --><\/p>\n<p>&#8211; Sandro Santos (coordenador) &#8211; Departamento de Ecologia e Evolu\u00e7\u00e3o<\/p>\n<p><!-- \/wp:paragraph --><\/p>\n<p><!-- wp:paragraph --><\/p>\n<p>&#8211; Lizandra Jaqueline Robe (coordenadora substituta) &#8211; Departamento de Ecologia e Evolu\u00e7\u00e3o<\/p>\n<p><!-- \/wp:paragraph --><\/p>\n<p><!-- wp:paragraph --><\/p>\n<p>&#8211; Ana Eucares Von Laer &#8211; Departamento de Microbiologia e Parasitologia<\/p>\n<p>&#8211; Andr\u00e9 Passaglia Schuch &#8211;\u00a0<span style=\"color: #000000;font-size: 16px;background-color: var(--bs-body-bg);text-align: var(--bs-body-text-align)\">Departamento de Bioqu\u00edmica e Biologia Molecular<\/span><\/p>\n<p><span style=\"color: #000000;font-size: 16px\">&#8211; Luiz Caldeira Brant de Tolentino Neto &#8211; Departamento de Metodologia do Ensino<\/span><span style=\"color: #000000;font-size: 16px;background-color: var(--bs-body-bg);text-align: var(--bs-body-text-align)\"><br \/><\/span><\/p>\n<p><span style=\"color: #000000;font-size: 16px\">&#8211; Maria Ang\u00e9lica Oliveira Linton &#8211; Departamento de Biologia<\/span><span style=\"color: #000000;font-size: 16px\"><br \/><\/span><\/p>\n<p><!-- \/wp:paragraph --><\/p>\n<p><!-- wp:paragraph --><\/p>\n<p>&#8211; \u00c9lgion L\u00facio da Silva Loreto (suplente) &#8211; Departamento de Bioqu\u00edmica e Biologia Molecular<\/p>\n<p><!-- \/wp:paragraph --><\/p>\n<p><!-- wp:paragraph --><\/p>\n<p>&#8211; Lenira Maria Nunes Sepel (suplente) &#8211; Departamento de Ecologia e Evolu\u00e7\u00e3o<\/p>\n<p><!-- \/wp:paragraph --><\/p>\n<p><!-- wp:paragraph --><\/p>\n<p>&#8211; Luciane Almeri Tabaldi &#8211; Departamento de Biologia<\/p>\n<p>\u00a0<\/p>\n<p><!-- \/wp:paragraph --><\/p>\n<p><!-- wp:paragraph --><\/p>\n<p><!-- \/wp:paragraph --><\/p>\n<p><!-- wp:paragraph --><\/p>\n<p><!-- \/wp:paragraph --><\/p>\n<p><!-- wp:paragraph --><\/p>\n<p><!-- \/wp:paragraph --><\/p>\n<p><!-- wp:heading --><\/p>\n<h2>Discentes<\/h2>\n<p><!-- \/wp:heading --><\/p>\n<p><!-- wp:paragraph --><\/p>\n<p><!-- \/wp:paragraph --><\/p>\n<p><!-- wp:paragraph --><\/p>\n<p>&#8211; Jo\u00e3o Vitor Pacheco Foletto<\/p>\n<p>&#8211; Sabrina Nicoletti<\/p>\n<p>&#8211; Ariane Milena Knorst (suplente)<\/p>\n<p>&#8211; Samuel dos Santos (suplente)<\/p>\n<p>\u00a0<\/p>\n<p><!-- \/wp:paragraph --><\/p>\n<p><!-- wp:paragraph --><\/p>\n<p><!-- \/wp:paragraph --><\/p>\n<p><!-- wp:paragraph --><\/p>\n<p><!-- \/wp:paragraph --><\/p>\n<p><!-- wp:heading --><\/p>\n<h2><span style=\"font-size: 18pt\">\u00a0T\u00e9cnico Administrativo em Educa\u00e7\u00e3o<\/span><\/h2>\n<p><span style=\"font-size: 12pt\">&#8211; Andr\u00e9 Luiz Faverzani Martins &#8211; Secret\u00e1rio do Curso<\/span><\/p>\n<p><!-- \/wp:heading --><\/p>\n<p><!-- wp:paragraph --><\/p>\n<p><!-- \/wp:paragraph --><\/p>\t\t\t\t\t\t<\/div>\n\t\t\t\t<\/div>\n\t\t\t\t\t<\/div>\n\t\t<\/div>\n\t\t\t\t\t<\/div>\n\t\t<\/section>\n\t\t\t\t<\/div>\n\t\t","protected":false},"excerpt":{"rendered":"<p>\u00a0Institu\u00eddo pela Portaria CCNE\/UFSM n\u00ba 058, de 29 de mar\u00e7o de 2022. \u00a0 Docentes &#8211; Sandro Santos (coordenador) &#8211; Departamento de Ecologia e Evolu\u00e7\u00e3o &#8211; Lizandra Jaqueline Robe (coordenadora substituta) &#8211; Departamento de Ecologia e Evolu\u00e7\u00e3o &#8211; Ana Eucares Von Laer &#8211; Departamento de Microbiologia e Parasitologia &#8211; Andr\u00e9 Passaglia Schuch &#8211;\u00a0Departamento de Bioqu\u00edmica e [&hellip;]<\/p>\n","protected":false},"author":401,"featured_media":0,"parent":0,"menu_order":0,"comment_status":"closed","ping_status":"closed","template":"","meta":{"footnotes":""},"categories":[],"tags":[],"class_list":["post-337","page","type-page","status-publish","hentry"],"acf":[],"_links":{"self":[{"href":"https:\/\/www.ufsm.br\/cursos\/graduacao\/santa-maria\/ciencias-biologicas\/wp-json\/wp\/v2\/pages\/337","targetHints":{"allow":["GET"]}}],"collection":[{"href":"https:\/\/www.ufsm.br\/cursos\/graduacao\/santa-maria\/ciencias-biologicas\/wp-json\/wp\/v2\/pages"}],"about":[{"href":"https:\/\/www.ufsm.br\/cursos\/graduacao\/santa-maria\/ciencias-biologicas\/wp-json\/wp\/v2\/types\/page"}],"author":[{"embeddable":true,"href":"https:\/\/www.ufsm.br\/cursos\/graduacao\/santa-maria\/ciencias-biologicas\/wp-json\/wp\/v2\/users\/401"}],"replies":[{"embeddable":true,"href":"https:\/\/www.ufsm.br\/cursos\/graduacao\/santa-maria\/ciencias-biologicas\/wp-json\/wp\/v2\/comments?post=337"}],"version-history":[{"count":0,"href":"https:\/\/www.ufsm.br\/cursos\/graduacao\/santa-maria\/ciencias-biologicas\/wp-json\/wp\/v2\/pages\/337\/revisions"}],"wp:attachment":[{"href":"https:\/\/www.ufsm.br\/cursos\/graduacao\/santa-maria\/ciencias-biologicas\/wp-json\/wp\/v2\/media?parent=337"}],"wp:term":[{"taxonomy":"category","embeddable":true,"href":"https:\/\/www.ufsm.br\/cursos\/graduacao\/santa-maria\/ciencias-biologicas\/wp-json\/wp\/v2\/categories?post=337"},{"taxonomy":"post_tag","embeddable":true,"href":"https:\/\/www.ufsm.br\/cursos\/graduacao\/santa-maria\/ciencias-biologicas\/wp-json\/wp\/v2\/tags?post=337"}],"curies":[{"name":"wp","href":"https:\/\/api.w.org\/{rel}","templated":true}]}}