{"id":339,"date":"2021-01-19T15:02:35","date_gmt":"2021-01-19T18:02:35","guid":{"rendered":"https:\/\/www.ufsm.br\/cursos\/graduacao\/santa-maria\/ciencias-biologicas\/?page_id=339"},"modified":"2022-08-29T09:34:45","modified_gmt":"2022-08-29T12:34:45","slug":"nucleo-docente-estruturante-nde","status":"publish","type":"page","link":"https:\/\/www.ufsm.br\/cursos\/graduacao\/santa-maria\/ciencias-biologicas\/nucleo-docente-estruturante-nde","title":{"rendered":"N\u00facleo Docente Estruturante (NDE)"},"content":{"rendered":"\n<p>\u00a0Institu\u00eddo pela Portaria CCNE\/UFSM n\u00ba 140, de 25 de julho de 2022.<\/p>\n\n\n\n<p><\/p>\n\n\n\n<p>&#8211; Sandro Santos (Coordenador) &#8211; Departamento de Ecologia e Evolu\u00e7\u00e3o<\/p>\n\n\n\n<p>&#8211; Lizandra Jaqueline Robe (Coordenadora Substituta) &#8211; Departamento de Ecologia e Evolu\u00e7\u00e3o<\/p>\n\n\n\n<p>&#8211; Cadidja Coutinho &#8211; Departamento de Metodologia de Ensino<\/p>\n\n\n\n<p>&#8211; \u00c9lgion L\u00facio da Silva Loreto &#8211; Departamento de Bioqu\u00edmica e Biologia Molecular<\/p>\n\n\n\n<p>&#8211; Lenira Maria Nunes Sepel &#8211; Departamento de Ecologia e Evolu\u00e7\u00e3o<\/p>\n\n\n\n<p>&#8211; Maria Ang\u00e9lica Oliveira Linton &#8211; Departamento de Biologia<\/p>\n\n\n\n<p>&#8211;<\/p>\n","protected":false},"excerpt":{"rendered":"<p>\u00a0Institu\u00eddo pela Portaria CCNE\/UFSM n\u00ba 140, de 25 de julho de 2022. &#8211; Sandro Santos (Coordenador) &#8211; Departamento de Ecologia e Evolu\u00e7\u00e3o &#8211; Lizandra Jaqueline Robe (Coordenadora Substituta) &#8211; Departamento de Ecologia e Evolu\u00e7\u00e3o &#8211; Cadidja Coutinho &#8211; Departamento de Metodologia de Ensino &#8211; \u00c9lgion L\u00facio da Silva Loreto &#8211; Departamento de Bioqu\u00edmica e Biologia [&hellip;]<\/p>\n","protected":false},"author":401,"featured_media":0,"parent":0,"menu_order":0,"comment_status":"closed","ping_status":"closed","template":"","meta":{"footnotes":""},"categories":[],"tags":[],"class_list":["post-339","page","type-page","status-publish","hentry"],"acf":[],"_links":{"self":[{"href":"https:\/\/www.ufsm.br\/cursos\/graduacao\/santa-maria\/ciencias-biologicas\/wp-json\/wp\/v2\/pages\/339","targetHints":{"allow":["GET"]}}],"collection":[{"href":"https:\/\/www.ufsm.br\/cursos\/graduacao\/santa-maria\/ciencias-biologicas\/wp-json\/wp\/v2\/pages"}],"about":[{"href":"https:\/\/www.ufsm.br\/cursos\/graduacao\/santa-maria\/ciencias-biologicas\/wp-json\/wp\/v2\/types\/page"}],"author":[{"embeddable":true,"href":"https:\/\/www.ufsm.br\/cursos\/graduacao\/santa-maria\/ciencias-biologicas\/wp-json\/wp\/v2\/users\/401"}],"replies":[{"embeddable":true,"href":"https:\/\/www.ufsm.br\/cursos\/graduacao\/santa-maria\/ciencias-biologicas\/wp-json\/wp\/v2\/comments?post=339"}],"version-history":[{"count":0,"href":"https:\/\/www.ufsm.br\/cursos\/graduacao\/santa-maria\/ciencias-biologicas\/wp-json\/wp\/v2\/pages\/339\/revisions"}],"wp:attachment":[{"href":"https:\/\/www.ufsm.br\/cursos\/graduacao\/santa-maria\/ciencias-biologicas\/wp-json\/wp\/v2\/media?parent=339"}],"wp:term":[{"taxonomy":"category","embeddable":true,"href":"https:\/\/www.ufsm.br\/cursos\/graduacao\/santa-maria\/ciencias-biologicas\/wp-json\/wp\/v2\/categories?post=339"},{"taxonomy":"post_tag","embeddable":true,"href":"https:\/\/www.ufsm.br\/cursos\/graduacao\/santa-maria\/ciencias-biologicas\/wp-json\/wp\/v2\/tags?post=339"}],"curies":[{"name":"wp","href":"https:\/\/api.w.org\/{rel}","templated":true}]}}