{"id":348,"date":"2021-03-23T13:25:35","date_gmt":"2021-03-23T16:25:35","guid":{"rendered":"https:\/\/www.ufsm.br\/cursos\/graduacao\/santa-maria\/ciencias-biologicas\/?page_id=348"},"modified":"2022-07-25T07:37:45","modified_gmt":"2022-07-25T10:37:45","slug":"regime-de-exercicios-domiciliares","status":"publish","type":"page","link":"https:\/\/www.ufsm.br\/cursos\/graduacao\/santa-maria\/ciencias-biologicas\/regime-de-exercicios-domiciliares","title":{"rendered":"Regime de Exerc\u00edcios Domiciliares"},"content":{"rendered":"\n<p>Em caso de incapacidade de frequentar \u00e0s aulas, nos termos do Decreto-Lei N.1.044\/1969, por per\u00edodo superior a cinco dias, os alunos poder\u00e3o requerer exerc\u00edcio de atividades domiciliares. Poder\u00e3o solicitar este benef\u00edcio, os alunos portadores de afec\u00e7\u00f5es cong\u00eanitas ou adquiridas, infec\u00e7\u00f5es, traumatismos ou outras condi\u00e7\u00f5es m\u00f3rbidas, dist\u00farbios agudos ou agonizados, caracterizados por: incapacidade f\u00edsica relativa incompat\u00edvel com a frequ\u00eancia aos trabalhos acad\u00eamicos, desde que se verifique a conserva\u00e7\u00e3o das condi\u00e7\u00f5es intelectuais e emocionais necess\u00e1rias para o prosseguimento da atividade acad\u00eamica em novos moldes.<\/p>\n\n\n\n<p>Orienta\u00e7\u00f5es sobre a abertura de processos de Regime domiciliar de aluno de gradua\u00e7\u00e3o via PEN:<\/p>\n\n\n\n<ol class=\"wp-block-list\"><li>Para abertura de PEN o aluno dever\u00e1 acessar o Portal Documentos (http:\/\/portal.ufsm.br\/documentos), realizar o login com n\u00famero de matr\u00edcula e senha do portal do aluno e, ap\u00f3s, selecionar a op\u00e7\u00e3o \u2018Novo\u2019;<\/li><li>No campo \u201cTipo documental\u201d, realizar a busca textual e selecionar a op\u00e7\u00e3o \u2018Processos de regime domiciliar de aluno de gradua\u00e7\u00e3o (125.52)\u2019. Os outros dos campos desta tela ser\u00e3o preenchidos automaticamente;<\/li><li>Na tela seguinte dever\u00e3o ser adicionados os documentos necess\u00e1rios para abertura, conforme necessidade, sendo o <a href=\"https:\/\/www.ufsm.br\/app\/uploads\/sites\/447\/2022\/07\/Requerimento-de-Regime-de-Exercicios-Domiciliares.docx\">Requerimento de regime de exerc\u00edcios domiciliares<\/a> e o Atestado m\u00e9dico itens obrigat\u00f3rios. O aluno pode assinar o requerimento eletronicamente, caso j\u00e1 tenha sua assinatura cadastrada no PEN-SIE. Para se cadastrar, basta seguir Passo a passo para assinatura do Termo de Concord\u00e2ncia Assinatura Eletr\u00f4nica Cadastrada no SIE, dispon\u00edvel na Se\u00e7\u00e3o \u2018Apoio ao usu\u00e1rio\u2019, na p\u00e1gina do PEN.<\/li><li>Ap\u00f3s incluir a documenta\u00e7\u00e3o no PEN, o aluno dever\u00e1 tramitar o processo para a Coordena\u00e7\u00e3o do Curso, que proceder\u00e1 a an\u00e1lise da solicita\u00e7\u00e3o e demais provid\u00eancias. O fluxograma desse processo pode ser conferido no Portal de Processos da Proplan (link do fluxograma).<\/li><li>Caso a coordena\u00e7\u00e3o do curso queira abrir o processo, pedimos que envie a documenta\u00e7\u00e3o para o e-mail protocolodag@ufsm.br que eles ir\u00e3o abrir o processo. Em breve a aplica\u00e7\u00e3o estar\u00e1 dispon\u00edvel tamb\u00e9m<br>para abertura pela coordena\u00e7\u00e3o.<\/li><li>Para acompanhar o processo, caso j\u00e1 tenha em m\u00e3os o NUP (N\u00famero \u00danico de Protocolo) do processo, basta acessar o Portal Documentos e digitar o respectivo NUP ou pesquisar pelos campos dispon\u00edveis na consulta, como nome do interessado, tipo documental, etc. O aluno pode acompanhar o processo fazendo login no Portal Documentos, ir na aba \u2018Meus Documentos\u2019, \u2018Interessado\u2019.<\/li><\/ol>\n\n\n\n<p><br><strong>O regime de exerc\u00edcios domiciliares n\u00e3o ser\u00e1 concedido para disciplinas com atividades pr\u00e1ticas (laborat\u00f3rio, prancheta, ambulat\u00f3rio ou equivalentes), para as que exigem est\u00e1gio supervisionado ou para aquelas oferecidas em per\u00edodos concentrados.<\/strong><\/p>\n","protected":false},"excerpt":{"rendered":"<p>Em caso de incapacidade de frequentar \u00e0s aulas, nos termos do Decreto-Lei N.1.044\/1969, por per\u00edodo superior a cinco dias, os alunos poder\u00e3o requerer exerc\u00edcio de atividades domiciliares. Poder\u00e3o solicitar este benef\u00edcio, os alunos portadores de afec\u00e7\u00f5es cong\u00eanitas ou adquiridas, infec\u00e7\u00f5es, traumatismos ou outras condi\u00e7\u00f5es m\u00f3rbidas, dist\u00farbios agudos ou agonizados, caracterizados por: incapacidade f\u00edsica relativa incompat\u00edvel [&hellip;]<\/p>\n","protected":false},"author":401,"featured_media":0,"parent":0,"menu_order":0,"comment_status":"closed","ping_status":"closed","template":"","meta":{"footnotes":""},"categories":[],"tags":[],"class_list":["post-348","page","type-page","status-publish","hentry"],"acf":[],"_links":{"self":[{"href":"https:\/\/www.ufsm.br\/cursos\/graduacao\/santa-maria\/ciencias-biologicas\/wp-json\/wp\/v2\/pages\/348","targetHints":{"allow":["GET"]}}],"collection":[{"href":"https:\/\/www.ufsm.br\/cursos\/graduacao\/santa-maria\/ciencias-biologicas\/wp-json\/wp\/v2\/pages"}],"about":[{"href":"https:\/\/www.ufsm.br\/cursos\/graduacao\/santa-maria\/ciencias-biologicas\/wp-json\/wp\/v2\/types\/page"}],"author":[{"embeddable":true,"href":"https:\/\/www.ufsm.br\/cursos\/graduacao\/santa-maria\/ciencias-biologicas\/wp-json\/wp\/v2\/users\/401"}],"replies":[{"embeddable":true,"href":"https:\/\/www.ufsm.br\/cursos\/graduacao\/santa-maria\/ciencias-biologicas\/wp-json\/wp\/v2\/comments?post=348"}],"version-history":[{"count":0,"href":"https:\/\/www.ufsm.br\/cursos\/graduacao\/santa-maria\/ciencias-biologicas\/wp-json\/wp\/v2\/pages\/348\/revisions"}],"wp:attachment":[{"href":"https:\/\/www.ufsm.br\/cursos\/graduacao\/santa-maria\/ciencias-biologicas\/wp-json\/wp\/v2\/media?parent=348"}],"wp:term":[{"taxonomy":"category","embeddable":true,"href":"https:\/\/www.ufsm.br\/cursos\/graduacao\/santa-maria\/ciencias-biologicas\/wp-json\/wp\/v2\/categories?post=348"},{"taxonomy":"post_tag","embeddable":true,"href":"https:\/\/www.ufsm.br\/cursos\/graduacao\/santa-maria\/ciencias-biologicas\/wp-json\/wp\/v2\/tags?post=348"}],"curies":[{"name":"wp","href":"https:\/\/api.w.org\/{rel}","templated":true}]}}