{"id":356,"date":"2021-08-17T16:14:27","date_gmt":"2021-08-17T19:14:27","guid":{"rendered":"https:\/\/www.ufsm.br\/cursos\/graduacao\/santa-maria\/ciencias-biologicas\/?page_id=356"},"modified":"2025-02-18T11:11:14","modified_gmt":"2025-02-18T14:11:14","slug":"matriculas-2023-1","status":"publish","type":"page","link":"https:\/\/www.ufsm.br\/cursos\/graduacao\/santa-maria\/ciencias-biologicas\/matriculas-2023-1","title":{"rendered":"Matr\u00edculas 2025\/1"},"content":{"rendered":"\t\t<div data-elementor-type=\"wp-page\" data-elementor-id=\"356\" class=\"elementor elementor-356\">\n\t\t\t\t\t\t<section class=\"elementor-section elementor-top-section elementor-element elementor-element-14548653 elementor-section-boxed elementor-section-height-default elementor-section-height-default\" data-id=\"14548653\" data-element_type=\"section\">\n\t\t\t\t\t\t<div class=\"elementor-container elementor-column-gap-default\">\n\t\t\t\t\t<div class=\"elementor-column elementor-col-100 elementor-top-column elementor-element elementor-element-168016f8\" data-id=\"168016f8\" data-element_type=\"column\">\n\t\t\t<div class=\"elementor-widget-wrap elementor-element-populated\">\n\t\t\t\t\t\t<div class=\"elementor-element elementor-element-14fd8ac4 elementor-widget__width-initial elementor-widget elementor-widget-text-editor\" data-id=\"14fd8ac4\" data-element_type=\"widget\" data-widget_type=\"text-editor.default\">\n\t\t\t\t<div class=\"elementor-widget-container\">\n\t\t\t\t\t\t\t<p>\u00a0<\/p>\n<p><!-- wp:paragraph --><\/p>\n<p>Entre os dias <b>17\u00a0a<\/b><strong>\u00a022 de fevereiro de 2025\u00a0<\/strong>estar\u00e1 aberto o per\u00edodo para realiza\u00e7\u00e3o de solicita\u00e7\u00e3o de matr\u00edculas via\u00a0<a href=\"https:\/\/portal.ufsm.br\/aluno\/\" target=\"_blank\" rel=\"noreferrer noopener\">Portal do Aluno<\/a>.<strong>\u00a0Todos os alunos devem solicitar matr\u00edcula eletronicamente.<\/strong><\/p>\n<p><!-- \/wp:paragraph --><!-- wp:paragraph --><\/p>\n<p>Os hor\u00e1rios das disciplinas se encontram\u00a0<a href=\"https:\/\/www.ufsm.br\/cursos\/graduacao\/santa-maria\/ciencias-biologicas\/horarios-em-formato-pdf\/\" target=\"_blank\" rel=\"noopener\">aqui<\/a>.\u00a0 Atentem para solicitar todas as turmas dispon\u00edveis para as disciplinas que tem aulas pr\u00e1ticas.\u00a0<\/p>\n<p>\u00c9 necess\u00e1rio solicitar todas as turmas pr\u00e1ticas dispon\u00edveis pois a distribui\u00e7\u00e3o de turmas \u00e9 processada pelo sistema levando em conta o \u00cdndice de Desempenho Acad\u00eamico de cada aluno, sendo assim, \u00e9 necess\u00e1rio que todos os alunos solicitem todas as turmas para que n\u00e3o corram o risco de ficarem sem matr\u00edcula em alguma disciplina. Indiquem a sua ordem de prioridade na solicita\u00e7\u00e3o de matr\u00edcula, isto \u00e9 levado em conta na hora do processamento, mas quem leva a vaga, se tem mais\u00a0 procura que oferta \u00e9 quem est\u00e1 melhor ranqueado no sistema.<\/p>\n<p>\u00a0<\/p>\n<p><strong>Para alunos do Bacharelado e da Licenciatura, deve-se verificar as disciplinas dispon\u00edveis na aba &#8220;Outros Cursos&#8221;.<\/strong><\/p>\n<p><strong>\u00a0<\/strong><\/p>\n<p>\u00a0<\/p>\n<p><!-- \/wp:paragraph --><!-- wp:heading {\"level\":5} --><\/p>\n<h5><strong>Prazos para solicita\u00e7\u00e3o de matr\u00edcula<\/strong><\/h5>\n<p><!-- \/wp:heading --><!-- wp:paragraph --><\/p>\n<p><strong>Fique atento aos prazos de solicita\u00e7\u00e3o! A n\u00e3o solicita\u00e7\u00e3o de matr\u00edcula configura abandono e consequente rompimento do v\u00ednculo com a UFSM.\u00a0<\/strong><\/p>\n<p><!-- \/wp:paragraph --><!-- wp:table --><\/p>\n<figure>\n<table style=\"width: 98.5327%;height: 1501px\">\n<tbody>\n<tr style=\"height: 48px\">\n<td style=\"width: 92.5134%;height: 48px\">\n<table style=\"color: #000000;width: 30.3997%;font-size: 16px\">\n<tbody>\n<tr>\n<td style=\"border-top-width: 1px;border-left-width: 1px;border-top-color: initial;border-left-color: initial;width: 34.0782%\"><span style=\"font-weight: bolder\"><u>CALEND\u00c1RIO <\/u>ACAD\u00caMICO<\/span><\/td>\n<td style=\"border-top-width: 1px;border-right-width: 1px;border-left-width: 1px;border-top-color: initial;border-right-color: initial;border-left-color: initial;width: 71.229%\">\u00a0<\/td>\n<\/tr>\n<tr>\n<td style=\"border-top-width: 1px;border-left-width: 1px;border-top-color: initial;border-left-color: initial;width: 34.0782%\"><span style=\"font-weight: bolder\">17\/02\/2025 a 22\/02\/2025<\/span><\/td>\n<td style=\"border-top-width: 1px;border-right-width: 1px;border-left-width: 1px;border-top-color: initial;border-right-color: initial;border-left-color: initial;width: 71.229%\"><span style=\"font-weight: bolder\">MATR\u00cdCULA \u2013 SOLICITA\u00c7\u00c3O pelo Portal do Aluno:<\/span>\u00a0Per\u00edodo para solicita\u00e7\u00e3o de matr\u00edcula via Portal do Aluno dos veteranos da gradua\u00e7\u00e3o presencial e veteranos da p\u00f3s-gradua\u00e7\u00e3o presencial referente ao 1\u00ba semestre letivo de 2025.<\/td>\n<\/tr>\n<tr>\n<td style=\"border-top-width: 1px;border-left-width: 1px;border-top-color: initial;border-left-color: initial;width: 34.0782%\"><span style=\"font-weight: bolder\">23\/02\/2025<\/span><\/td>\n<td style=\"border-top-width: 1px;border-right-width: 1px;border-left-width: 1px;border-top-color: initial;border-right-color: initial;border-left-color: initial;width: 71.229%\"><span style=\"font-weight: bolder\">MATR\u00cdCULA \u2013 PROCESSAMENTO:<\/span>\u00a0Data prevista para o processamento no sistema SIE da UFSM das solicita\u00e7\u00f5es de matr\u00edcula dos alunos da gradua\u00e7\u00e3o e p\u00f3s-gradua\u00e7\u00e3o, referentes ao 1\u00ba semestre letivo de 2025.<\/td>\n<\/tr>\n<tr>\n<td style=\"border-top-width: 1px;border-left-width: 1px;border-top-color: initial;border-left-color: initial;width: 34.0782%\"><span style=\"font-weight: bolder\">24\/02\/2025 e 26\/02\/2025<\/span><\/td>\n<td style=\"border-top-width: 1px;border-right-width: 1px;border-left-width: 1px;border-top-color: initial;border-right-color: initial;border-left-color: initial;width: 71.229%\"><span style=\"font-weight: bolder\">MATR\u00cdCULA \u2013 SOLICITA\u00c7\u00c3O DE AJUSTE pelo Portal do Aluno:<\/span>\u00a0Per\u00edodo para ajuste de matr\u00edcula dos alunos de gradua\u00e7\u00e3o e p\u00f3s-gradua\u00e7\u00e3o, via Portal do DERCA, referente ao 1\u00ba semestre letivo de 2025.<\/td>\n<\/tr>\n<tr>\n<td style=\"border-top-width: 1px;border-left-width: 1px;border-top-color: initial;border-left-color: initial;width: 34.0782%\"><span style=\"font-weight: bolder\">27\/02\/2025<\/span><\/td>\n<td style=\"border-top-width: 1px;border-right-width: 1px;border-left-width: 1px;border-top-color: initial;border-right-color: initial;border-left-color: initial;width: 71.229%\"><span style=\"font-weight: bolder\">MATR\u00cdCULA \u2013 PROCESSAMENTO:\u00a0<\/span>Data prevista para o processamento no sistema SIE da UFSM das solicita\u00e7\u00f5es de ajuste dos alunos da gradua\u00e7\u00e3o e p\u00f3s-gradua\u00e7\u00e3o, referentes ao 1\u00ba semestre letivo de 2025.<\/td>\n<\/tr>\n<tr>\n<td style=\"border-top-width: 1px;border-left-width: 1px;border-top-color: initial;border-left-color: initial;width: 34.0782%\"><span style=\"font-weight: bolder\">\u00a007\/03\/2025 a 08\/03\/2025<\/span><\/td>\n<td style=\"border-top-width: 1px;border-right-width: 1px;border-left-width: 1px;border-top-color: initial;border-right-color: initial;border-left-color: initial;width: 71.229%\"><span style=\"font-weight: bolder\">\u00a0MATR\u00cdCULA &#8211; AJUSTE &#8211; SOLICITA\u00c7\u00c3O <\/span>pelo <b>Portal Estudantil<\/b>: Per\u00edodo para solicita\u00e7\u00e3o de ajuste de matr\u00edcula via Portal Estudantil de veteranos(as) da gradua\u00e7\u00e3o e veteranos da p\u00f3s-gradua\u00e7\u00e3o, referente ao 1\u00ba semestre de 2025.<\/td>\n<\/tr>\n<tr>\n<td style=\"border-top-width: 1px;border-left-width: 1px;border-top-color: initial;border-left-color: initial;width: 34.0782%\"><span style=\"font-weight: bolder\">\u00a009\/03\/2025<\/span><\/td>\n<td style=\"border-top-width: 1px;border-right-width: 1px;border-left-width: 1px;border-top-color: initial;border-right-color: initial;border-left-color: initial;width: 71.229%\"><span style=\"font-weight: bolder\">\u00a0MATR\u00cdLULA &#8211; PROCESSAMENTO <\/span>&#8211; Data prevista para processamento no sistema SIE da UFSM de solicita\u00e7\u00f5es de ajuste de matr\u00edcula de estudantes de gradua\u00e7\u00e3o e p\u00f3s-gradua\u00e7\u00e3o feitas pelo Portal Estudantil, referentes ao 1\u00ba semestre letivo de 2025.\u00a0<\/td>\n<\/tr>\n<tr>\n<td style=\"border-top-width: 1px;border-left-width: 1px;border-top-color: initial;border-left-color: initial;width: 34.0782%\"><span style=\"font-weight: bolder\">\u00a010\/03\/2025<\/span><\/td>\n<td style=\"border-top-width: 1px;border-right-width: 1px;border-left-width: 1px;border-top-color: initial;border-right-color: initial;border-left-color: initial;width: 71.229%\"><span style=\"font-weight: bolder\">\u00a0SEMESTRE &#8211; IN\u00cdCIO: In\u00edcio das aulas e demais atividades acad\u00eamicas do 1\u00ba semestre letivo de 2025 dos cursos de gradua\u00e7\u00e3o e p\u00f3s-gradua\u00e7\u00e3o da UFSM, exceto aqueles com calend\u00e1rio espec\u00edfico.<\/span><\/td>\n<\/tr>\n<tr>\n<td style=\"border-top-width: 1px;border-left-width: 1px;border-top-color: initial;border-left-color: initial;width: 34.0782%\"><span style=\"font-weight: bolder\">10\/03\/2025 a 14\/03\/2025<\/span><\/td>\n<td style=\"border-top-width: 1px;border-right-width: 1px;border-left-width: 1px;border-top-color: initial;border-right-color: initial;border-left-color: initial;width: 71.229%\"><span style=\"font-weight: bolder\">MATR\u00cdCULA \u2013 AJUSTE FEITO PELAS COORDENA\u00c7\u00d5ES DE CURSO:<\/span>\u00a0Per\u00edodo para os alunos de Gradua\u00e7\u00e3o e P\u00f3s-Gradua\u00e7\u00e3o solicitarem ajuste de matr\u00edcula e per\u00edodo para as Coordena\u00e7\u00f5es de Curso lan\u00e7arem as altera\u00e7\u00f5es no sistema SIE, referente ao 1\u00ba semestre letivo de 2025.<\/td>\n<\/tr>\n<tr>\n<td style=\"border-top-width: 1px;border-left-width: 1px;border-top-color: initial;border-left-color: initial;width: 34.0782%\"><span style=\"font-weight: bolder\">17\/03\/2025 e 18\/03\/2025<\/span><\/td>\n<td style=\"border-top-width: 1px;border-right-width: 1px;border-left-width: 1px;border-top-color: initial;border-right-color: initial;border-left-color: initial;width: 71.229%\"><span style=\"font-weight: bolder;color: #1c1c1c;font-size: 16px\">MATR\u00cdCULA EXTRACURRICULAR &#8211; SOLICITA\u00c7\u00c3O pelo Portal Estudantil<\/span><span style=\"color: #1c1c1c;font-size: 16px\">\u00a0&#8211; Per\u00edodo para solicita\u00e7\u00e3o via Portal Estudantil de matr\u00edcula em disciplinas ofertadas por outros cursos, referente ao 1\u00ba semestre letivo de 2025.<\/span><\/td>\n<\/tr>\n<tr>\n<td style=\"border-top-width: 1px;border-left-width: 1px;border-top-color: initial;border-left-color: initial;width: 34.0782%\"><span style=\"font-weight: bolder\">17\/03\/2025 e 18\/03\/2025<\/span><\/td>\n<td style=\"border-top-width: 1px;border-right-width: 1px;border-left-width: 1px;border-top-color: initial;border-right-color: initial;border-left-color: initial;width: 71.229%\"><span style=\"font-weight: bolder\">MATR\u00cdCULA EXTRACURRICULAR \u2013 SOLICITA\u00c7\u00c3O POR E-MAIL:<\/span>\u00a0Per\u00edodo para solicita\u00e7\u00e3o, por e-mail, \u00e0 Coordena\u00e7\u00e3o do Curso de interesse, de matr\u00edcula extracurricular, referente ao 1\u00ba semestre letivo de 2025, nos casos em que a referida Coordena\u00e7\u00e3o de Curso n\u00e3o aderiu ao sistema de extracurricular pelo Portal do Aluno.\u00a0<\/td>\n<\/tr>\n<tr>\n<td style=\"border-top-width: 1px;border-left-width: 1px;border-top-color: initial;border-left-color: initial;width: 34.0782%\"><span style=\"color: #000000;font-size: 16px;font-weight: bold\">17\/03\/2025 e 18\/09\/2025<\/span><\/td>\n<td style=\"border-top-width: 1px;border-right-width: 1px;border-left-width: 1px;border-top-color: initial;border-right-color: initial;border-left-color: initial;width: 71.229%\"><span style=\"font-weight: bolder;color: #1c1c1c;font-size: 16px\">MATR\u00cdCULA &#8211; PROCESSAMENTO<\/span><span style=\"color: #1c1c1c;font-size: 16px\">\u00a0&#8211; Per\u00edodo previsto para o processamento no sistema SIE da UFSM das solicita\u00e7\u00f5es de matr\u00edcula extracurricular, referentes ao 1\u00ba semestre letivo de 2025.<\/span><\/td>\n<\/tr>\n<tr>\n<td style=\"border-top-width: 1px;border-left-width: 1px;border-top-color: initial;border-left-color: initial;width: 34.0782%\"><span style=\"font-weight: bolder\">17\/02\/2025 a 07\/04\/2025<\/span><\/td>\n<td style=\"border-top-width: 1px;border-right-width: 1px;border-left-width: 1px;border-top-color: initial;border-right-color: initial;border-left-color: initial;width: 71.229%\"><span style=\"font-weight: bolder;color: #1c1c1c;font-size: 16px\">TRANCAMENTO TOTAL:<\/span><span style=\"color: #1c1c1c;font-size: 16px\">\u00a0Per\u00edodo para solicita\u00e7\u00e3o de trancamento total do semestre via Portal Estudantil, referente ao 1\u00ba semestre letivo de 2025, para estudantes dos cursos de gradua\u00e7\u00e3o, modalidade presencial.<\/span><\/td>\n<\/tr>\n<tr>\n<td style=\"border-top-width: 1px;border-left-width: 1px;border-top-color: initial;border-left-color: initial;width: 34.0782%\"><span style=\"font-weight: bolder\">\u00a019\/03\/2025 e 20\/03\/2025<\/span><\/td>\n<td style=\"border-top-width: 1px;border-right-width: 1px;border-left-width: 1px;border-top-color: initial;border-right-color: initial;border-left-color: initial;width: 71.229%\"><span style=\"font-weight: bolder;color: #1c1c1c;font-size: 16px\">MATR\u00cdCULA &#8211; ESTUDANTE ESPECIAL I<\/span><span style=\"color: #1c1c1c;font-size: 16px\">\u00a0&#8211; Per\u00edodo para matr\u00edcula na categoria de Estudante Especial I &#8211; Gradua\u00e7\u00e3o, feita pelas Coordena\u00e7\u00f5es de Curso de Gradua\u00e7\u00e3o, referente ao 1\u00ba semestre letivo de 2025.<\/span><\/td>\n<\/tr>\n<\/tbody>\n<\/table>\n<\/td>\n<td style=\"width: 2.94117%;height: 48px\">\u00a0<\/td>\n<\/tr>\n<\/tbody>\n<\/table>\n<\/figure>\n<p><!-- \/wp:table --><!-- wp:heading {\"level\":5} --><\/p>\n<h5><strong style=\"color: #21376b;font-size: 1rem;text-align: var(--bs-body-text-align)\">Disciplinas ofertadas neste semestre<\/strong><\/h5>\n<p><!-- \/wp:heading --><!-- wp:paragraph --><\/p>\n<p><strong>Na se\u00e7\u00e3o\u00a0<a href=\"https:\/\/www.ufsm.br\/cursos\/graduacao\/santa-maria\/ciencias-biologicas\/horarios\" target=\"_blank\" rel=\"noreferrer noopener\">Hor\u00e1rios<\/a> est\u00e1 dispon\u00edvel para consulta a oferta das disciplinas regulares do curso de Ci\u00eancias Biol\u00f3gicas para o 1\u00ba semestre de 2025 (sujeito a altera\u00e7\u00f5es). Tamb\u00e9m pode ser acessado, em formato PDF, <a href=\"https:\/\/www.ufsm.br\/cursos\/graduacao\/santa-maria\/ciencias-biologicas\/horarios-em-formato-pdf\/\" target=\"_blank\" rel=\"noopener\">neste link.<\/a><\/strong><\/p>\n<p><!-- \/wp:paragraph --><!-- wp:heading {\"level\":5} --><\/p>\n<h5><strong>Ajuste de matr\u00edcula e pr\u00e9-requisitos<\/strong><\/h5>\n<p><!-- \/wp:heading --><!-- wp:paragraph --><\/p>\n<p><strong>Fique atento ao processamento de sua matr\u00edcula!<\/strong>\u00a0Suas solicita\u00e7\u00f5es podem ser recusadas por in\u00fameros motivos: Falta de vagas, inconsist\u00eancia de hor\u00e1rios,\u00a0extrapolamento da carga hor\u00e1ria m\u00e1xima semestral\u00a0(540 horas), etc. Caso ocorra algum problema durante a solicita\u00e7\u00e3o\/processamento da matr\u00edcula, os alunos devem realizar o\u00a0<strong>AJUSTE WEB<\/strong>, conforme prazos do Calend\u00e1rio Acad\u00eamico.<\/p>\n<p>\u00a0<\/p>\n<p>Na p\u00e1gina a seguir h\u00e1 orienta\u00e7\u00f5es espec\u00edficas de como solicitar quebra de pr\u00e9-requisitos.<\/p>\n<p><blockquote class=\"wp-embedded-content\" data-secret=\"DekvfxtW4V\"><a href=\"https:\/\/www.ufsm.br\/cursos\/graduacao\/santa-maria\/ciencias-biologicas\/quebra-de-pre-requisitos\">Quebra de Pr\u00e9-Requisitos<\/a><\/blockquote><iframe class=\"wp-embedded-content\" sandbox=\"allow-scripts\" security=\"restricted\" style=\"position: absolute; clip: rect(1px, 1px, 1px, 1px);\" title=\"&#8220;Quebra de Pr\u00e9-Requisitos&#8221; &#8212; Ci\u00eancias Biol\u00f3gicas\" src=\"https:\/\/www.ufsm.br\/cursos\/graduacao\/santa-maria\/ciencias-biologicas\/quebra-de-pre-requisitos\/embed#?secret=PCN6fNY9zB#?secret=DekvfxtW4V\" data-secret=\"DekvfxtW4V\" width=\"500\" height=\"282\" frameborder=\"0\" marginwidth=\"0\" marginheight=\"0\" scrolling=\"no\"><\/iframe><\/p>\n<p>\u00a0<\/p>\n<p>Em rela\u00e7\u00e3o ao ajuste de matr\u00edcula entre os dias 09 e 13 de setembro de 2024 o mesmo deve ser feito exclusivamente atrav\u00e9s de formul\u00e1rio Google, dispo\u00b4n\u00edvel atra\u00b4ves no link\u00a0<a href=\"https:\/\/forms.gle\/viV8csUqwVXdQyZ56\">https:\/\/forms.gle\/viV8csUqwVXdQyZ56<\/a><\/p>\n<p>\u00a0<\/p>\n<p><!-- \/wp:paragraph --><!-- wp:heading {\"level\":5} --><\/p>\n<h5><strong>Matr\u00edcula em disciplinas extracurriculares<\/strong><\/h5>\n<p><!-- \/wp:heading --><!-- wp:paragraph --><\/p>\n<p>Caso seja de interesse do aluno cursar\u00a0<strong>disciplinas de outros cursos de gradua\u00e7\u00e3o<\/strong>\u00a0que n\u00e3o sejam do curso ao qual est\u00e1 vinculado,\u00a0<strong>essa solicita\u00e7\u00e3o deve ser feita de duas formas diferentes, dependendo de como o Curso aonde o aluno deseja cursar disciplina determinou o funcionamento da solicita\u00e7\u00e3o de disciplinas extracurriculares no seu curso.<\/strong><\/p>\n<p><!-- \/wp:paragraph --><!-- wp:paragraph --><\/p>\n<p><strong>1 \u00aa situa\u00e7\u00e3o:<\/strong> Para os outros cursos da UFSM que optaram por liberar que as suas disciplinas possam ser solicitadas atrav\u00e9s do portal do aluno, basta o aluno acessar o portal do aluno entre os dias <b>17<\/b><span style=\"font-weight: bold;font-size: 16px\">\/03\/2025 e 18\/03\/2025<\/span>\u00a0e solicitar as disciplinas desejadas. Deve-se ir na op\u00e7\u00e3o &#8220;outros cursos&#8221; e selecionar o curso desejado e na sequ\u00eancia a(s) disciplina(s) que quer solicitar.\u00a0<\/p>\n<p><!-- \/wp:paragraph --><!-- wp:paragraph --><\/p>\n<p><strong>2\u00ba situa\u00e7\u00e3o:\u00a0<\/strong>Para os outros cursos da UFSM que n\u00e3o est\u00e3o permitindo que alunos de outros cursos solicitem disciplinas atrav\u00e9s do portal do aluno o prazo de solicita\u00e7\u00e3o \u00e9 o que consta no calend\u00e1rio acad\u00eamico (<b>17<\/b><span style=\"font-weight: bold;font-size: 16px\">\/03\/2025 e 18\/03\/2025<\/span>) e deve-se solicitar da seguinte forma:<\/p>\n<p><!-- \/wp:paragraph --><!-- wp:paragraph --><\/p>\n<p>O aluno dever\u00e1 verificar quais disciplinas gostaria de fazer no semestre, agrupar todas as disciplinas de um mesmo curso em um pedido e\u00a0enviar um e-mail a sua coordena\u00e7\u00e3o de curso, com o seu NOME COMPLETO, N\u00daMERO DE MATR\u00cdCULA, CURSO DE INTERESSE E\u00a0TODOS OS NOMES E C\u00d3DIGOS DAS DISCIPLINAS QUE PRETENDE CURSAR.\u00a0A\u00a0sua coordena\u00e7\u00e3o de curso avaliar\u00e1 o pedido e, se\u00a0aprov\u00e1-lo, encaminhar\u00e1 \u00e0 coordena\u00e7\u00e3o que est\u00e1 ofertando as disciplinas, para an\u00e1lise e efetiva\u00e7\u00e3o da matr\u00edcula, se for aceita.<\/p>\n<p><!-- \/wp:paragraph --><!-- wp:paragraph --><\/p>\n<p>Tendo em vista que os e-mails s\u00e3o encaminhados entre as coordena\u00e7\u00f5es, o aluno que pretender matr\u00edcula em cursos diferentes dever\u00e1\u00a0mandar mais de um e-mail a sua coordena\u00e7\u00e3o, sempre agrupando as disciplinas de interesse por curso em um \u00fanico e-mail, para permitir o\u00a0encaminhamento correto dos e-mails \u00e0s coordena\u00e7\u00f5es competentes.<\/p>\n<p><!-- \/wp:paragraph --><!-- wp:paragraph --><\/p>\n<p><a href=\"https:\/\/www.ufsm.br\/pro-reitorias\/prograd\/configuracoes-cursos-oferta\/\" target=\"_blank\" rel=\"noopener\">Neste link<\/a> est\u00e1 a relacionado a op\u00e7\u00e3o que os Cursos fizeram relativo a possibilidade de alunos de outros Cursos solicitarem disciplinas de forma extracurricular atrav\u00e9s do portal do aluno<\/p>\n<p><!-- \/wp:paragraph --><!-- wp:paragraph --><\/p>\n<p>Esse tipo de matr\u00edcula pode ser utilizada para cursar disciplinas que comp\u00f5em o curr\u00edculo do curso de Ci\u00eancias Biol\u00f3gicas e n\u00e3o s\u00e3o ofertadas em hor\u00e1rio compat\u00edvel pelo curso ou para cursar DCGs. Ao final do semestre, ap\u00f3s aprova\u00e7\u00e3o, o aluno deve solicitar a Dispensa de Disciplina para que seja realizada a equival\u00eancia.<\/p>\n<p><!-- \/wp:paragraph --><\/p>\t\t\t\t\t\t<\/div>\n\t\t\t\t<\/div>\n\t\t\t\t\t<\/div>\n\t\t<\/div>\n\t\t\t\t\t<\/div>\n\t\t<\/section>\n\t\t\t\t<\/div>\n\t\t","protected":false},"excerpt":{"rendered":"<p>\u00a0 Entre os dias 17\u00a0a\u00a022 de fevereiro de 2025\u00a0estar\u00e1 aberto o per\u00edodo para realiza\u00e7\u00e3o de solicita\u00e7\u00e3o de matr\u00edculas via\u00a0Portal do Aluno.\u00a0Todos os alunos devem solicitar matr\u00edcula eletronicamente. Os hor\u00e1rios das disciplinas se encontram\u00a0aqui.\u00a0 Atentem para solicitar todas as turmas dispon\u00edveis para as disciplinas que tem aulas pr\u00e1ticas.\u00a0 \u00c9 necess\u00e1rio solicitar todas as turmas pr\u00e1ticas dispon\u00edveis [&hellip;]<\/p>\n","protected":false},"author":401,"featured_media":0,"parent":0,"menu_order":0,"comment_status":"closed","ping_status":"closed","template":"","meta":{"footnotes":""},"categories":[],"tags":[],"class_list":["post-356","page","type-page","status-publish","hentry"],"acf":[],"_links":{"self":[{"href":"https:\/\/www.ufsm.br\/cursos\/graduacao\/santa-maria\/ciencias-biologicas\/wp-json\/wp\/v2\/pages\/356","targetHints":{"allow":["GET"]}}],"collection":[{"href":"https:\/\/www.ufsm.br\/cursos\/graduacao\/santa-maria\/ciencias-biologicas\/wp-json\/wp\/v2\/pages"}],"about":[{"href":"https:\/\/www.ufsm.br\/cursos\/graduacao\/santa-maria\/ciencias-biologicas\/wp-json\/wp\/v2\/types\/page"}],"author":[{"embeddable":true,"href":"https:\/\/www.ufsm.br\/cursos\/graduacao\/santa-maria\/ciencias-biologicas\/wp-json\/wp\/v2\/users\/401"}],"replies":[{"embeddable":true,"href":"https:\/\/www.ufsm.br\/cursos\/graduacao\/santa-maria\/ciencias-biologicas\/wp-json\/wp\/v2\/comments?post=356"}],"version-history":[{"count":0,"href":"https:\/\/www.ufsm.br\/cursos\/graduacao\/santa-maria\/ciencias-biologicas\/wp-json\/wp\/v2\/pages\/356\/revisions"}],"wp:attachment":[{"href":"https:\/\/www.ufsm.br\/cursos\/graduacao\/santa-maria\/ciencias-biologicas\/wp-json\/wp\/v2\/media?parent=356"}],"wp:term":[{"taxonomy":"category","embeddable":true,"href":"https:\/\/www.ufsm.br\/cursos\/graduacao\/santa-maria\/ciencias-biologicas\/wp-json\/wp\/v2\/categories?post=356"},{"taxonomy":"post_tag","embeddable":true,"href":"https:\/\/www.ufsm.br\/cursos\/graduacao\/santa-maria\/ciencias-biologicas\/wp-json\/wp\/v2\/tags?post=356"}],"curies":[{"name":"wp","href":"https:\/\/api.w.org\/{rel}","templated":true}]}}