{"id":1476,"date":"2019-03-21T18:48:04","date_gmt":"2019-03-21T21:48:04","guid":{"rendered":"https:\/\/www.ufsm.br\/cursos\/graduacao\/santa-maria\/ciencias-contabeis\/?page_id=1476"},"modified":"2025-06-24T17:49:33","modified_gmt":"2025-06-24T20:49:33","slug":"contato-professores","status":"publish","type":"page","link":"https:\/\/www.ufsm.br\/cursos\/graduacao\/santa-maria\/ciencias-contabeis\/contato-professores","title":{"rendered":"CONTATO PROFESSORES"},"content":{"rendered":"\n<table style=\"width: 67.4862%\">\n<tbody>\n<tr>\n<td style=\"width: 66.8716%\" colspan=\"2\">Contato Professores do Departamento de Ci\u00eancias Cont\u00e1beis<\/td>\n<\/tr>\n<tr>\n<td style=\"width: 30.2075%\" data-sheets-value=\"{&quot;1&quot;:2,&quot;2&quot;:&quot;ANA PAULA FRAGA&quot;}\">ANA PAULA FRAGA<\/td>\n<td style=\"width: 36.6641%\" data-sheets-value=\"{&quot;1&quot;:2,&quot;2&quot;:&quot;apfraga@terra.com.br&quot;}\">apfraga@terra.com.br<\/td>\n<\/tr>\n<tr>\n<td style=\"width: 30.2075%\">ANDERSON BETTI FRARE<\/td>\n<td style=\"width: 36.6641%\"><a class=\"in-cell-link\" href=\"mailto:anderson_betti_frare@hotmail.com\" target=\"_blank\" rel=\"noopener\">anderson.frare@ufsm.br<\/a><\/td>\n<\/tr>\n<tr>\n<td style=\"width: 30.2075%\" data-sheets-value=\"{&quot;1&quot;:2,&quot;2&quot;:&quot;CL\u00c1UDIA DE FREITAS MICHELIN&quot;}\">CL\u00c1UDIA DE FREITAS MICHELIN<\/td>\n<td style=\"width: 36.6641%\" data-sheets-value=\"{&quot;1&quot;:2,&quot;2&quot;:&quot;claudia.michelin@ufsm.br&quot;}\">claudia.michelin@ufsm.br<\/td>\n<\/tr>\n<tr>\n<td style=\"width: 30.2075%\" data-sheets-value=\"{&quot;1&quot;:2,&quot;2&quot;:&quot;CRISTIANE KR\u00dcGER&quot;}\">CRISTIANE KR\u00dcGER<\/td>\n<td style=\"width: 36.6641%\" data-sheets-value=\"{&quot;1&quot;:2,&quot;2&quot;:&quot;cristiane.kruger@ufsm.br&quot;}\">cristiane.kruger@ufsm.br<\/td>\n<\/tr>\n<tr>\n<td style=\"width: 30.2075%\" data-sheets-value=\"{&quot;1&quot;:2,&quot;2&quot;:&quot;CRISTIANO SAUSEN SOARES&quot;}\">CRISTIANO SAUSEN SOARES<\/td>\n<td style=\"width: 36.6641%\" data-sheets-value=\"{&quot;1&quot;:2,&quot;2&quot;:&quot;cristianocontador@hotmail.com&quot;}\">cristianocontador@hotmail.com<\/td>\n<\/tr>\n<tr>\n<td style=\"width: 30.2075%\" data-sheets-value=\"{&quot;1&quot;:2,&quot;2&quot;:&quot;IVAN HENRIQUE VEY&quot;}\">IVAN HENRIQUE VEY<\/td>\n<td style=\"width: 36.6641%\" data-sheets-value=\"{&quot;1&quot;:2,&quot;2&quot;:&quot;ivanvey@hotmail.com&quot;}\">ivanvey@hotmail.com<\/td>\n<\/tr>\n<tr>\n<td style=\"width: 30.2075%\" data-sheets-value=\"{&quot;1&quot;:2,&quot;2&quot;:&quot;FERNANDO DO NASCIMENTO LOCK&quot;}\">FERNANDO DO NASCIMENTO LOCK<\/td>\n<td style=\"width: 36.6641%\" data-sheets-value=\"{&quot;1&quot;:2,&quot;2&quot;:&quot;fernando.lock@ufsm.br&quot;}\">fernando.lock@ufsm.br<\/td>\n<\/tr>\n<tr>\n<td style=\"width: 30.2075%\" data-sheets-value=\"{&quot;1&quot;:2,&quot;2&quot;:&quot;JEFERSON DE SOUZA FLORES&quot;}\">JEFERSON DE SOUZA FLORES<\/td>\n<td style=\"width: 36.6641%\" data-sheets-value=\"{&quot;1&quot;:2,&quot;2&quot;:&quot;jeferson.flores@gmail.com&quot;}\">jeferson.flores@gmail.com<\/td>\n<\/tr>\n<tr>\n<td style=\"width: 30.2075%\" data-sheets-value=\"{&quot;1&quot;:2,&quot;2&quot;:&quot;JOSE ALEXANDRE MAGRINI PIGATTO&quot;}\">JOSE ALEXANDRE MAGRINI PIGATTO<\/td>\n<td style=\"width: 36.6641%\" data-sheets-value=\"{&quot;1&quot;:2,&quot;2&quot;:&quot;pigatto71@gmail.com&quot;}\">pigatto71@gmail.com<\/td>\n<\/tr>\n<tr>\n<td style=\"width: 30.2075%\" data-sheets-value=\"{&quot;1&quot;:2,&quot;2&quot;:&quot;LARISSA DEGENHART&quot;}\">LARISSA DEGENHART<\/td>\n<td style=\"width: 36.6641%\" data-sheets-value=\"{&quot;1&quot;:2,&quot;2&quot;:&quot;larissa.degenhart@ufsm.br&quot;}\">larissa.degenhart@ufsm.br<\/td>\n<\/tr>\n<tr>\n<td style=\"width: 30.2075%\" data-sheets-value=\"{&quot;1&quot;:2,&quot;2&quot;:&quot;LUIZ HENRIQUE FIGUEIRA MARQUEZAN&quot;}\">LUIZ HENRIQUE FIGUEIRA MARQUEZAN<\/td>\n<td style=\"width: 36.6641%\" data-sheets-value=\"{&quot;1&quot;:2,&quot;2&quot;:&quot;luizmarquezan@gmail.com&quot;}\">luizmarquezan@gmail.com<\/td>\n<\/tr>\n<tr>\n<td style=\"width: 30.2075%\" data-sheets-value=\"{&quot;1&quot;:2,&quot;2&quot;:&quot;MARIVANE VESTENA ROSSATO&quot;}\">MARIVANE VESTENA ROSSATO<\/td>\n<td style=\"width: 36.6641%\" data-sheets-value=\"{&quot;1&quot;:2,&quot;2&quot;:&quot;marivavest@gmail.com&quot;}\">marivavest@gmail.com<\/td>\n<\/tr>\n<tr>\n<td style=\"width: 30.2075%\" data-sheets-value=\"{&quot;1&quot;:2,&quot;2&quot;:&quot;NEY IZAGUIRRY DE FREITAS JUNIOR&quot;}\">MIKA\u00c9LI DA SILVA GIORDANI<\/td>\n<td style=\"width: 36.6641%\" data-sheets-value=\"{&quot;1&quot;:2,&quot;2&quot;:&quot;neyifj@gmail.com&quot;}\">mikaeli.giordani@ufsm.br<\/td>\n<\/tr>\n<tr>\n<td style=\"width: 30.2075%\" data-sheets-value=\"{&quot;1&quot;:2,&quot;2&quot;:&quot;NEY IZAGUIRRY DE FREITAS JUNIOR&quot;}\">NEY IZAGUIRRY DE FREITAS JUNIOR<\/td>\n<td style=\"width: 36.6641%\" data-sheets-value=\"{&quot;1&quot;:2,&quot;2&quot;:&quot;neyifj@gmail.com&quot;}\">neyifj@gmail.com<\/td>\n<\/tr>\n<tr>\n<td style=\"width: 30.2075%\" data-sheets-value=\"{&quot;1&quot;:2,&quot;2&quot;:&quot;OTILIA DENISE JESUS RIBEIRO ANCELES&quot;}\">OTILIA DENISE JESUS RIBEIRO ANCELES<\/td>\n<td style=\"width: 36.6641%\" data-sheets-value=\"{&quot;1&quot;:2,&quot;2&quot;:&quot;denisejr@terra.com.br&quot;}\">denisejr@terra.com.br<\/td>\n<\/tr>\n<tr>\n<td style=\"width: 30.2075%\" data-sheets-value=\"{&quot;1&quot;:2,&quot;2&quot;:&quot;ROBSON MACHADO DA ROSA&quot;}\">ROBSON MACHADO DA ROSA<\/td>\n<td style=\"width: 36.6641%\" data-sheets-value=\"{&quot;1&quot;:2,&quot;2&quot;:&quot;robsonmachado@ufsm.br&quot;}\">robsonmachado@ufsm.br<\/td>\n<\/tr>\n<tr>\n<td style=\"width: 30.2075%\" data-sheets-value=\"{&quot;1&quot;:2,&quot;2&quot;:&quot;RODRIGO DEBUS SOARES&quot;}\">RODRIGO DEBUS SOARES<\/td>\n<td style=\"width: 36.6641%\" data-sheets-value=\"{&quot;1&quot;:2,&quot;2&quot;:&quot;rodrigodebus@yahoo.com.br&quot;}\">rodrigodebus@yahoo.com.br<\/td>\n<\/tr>\n<tr>\n<td style=\"width: 30.2075%\" data-sheets-value=\"{&quot;1&quot;:2,&quot;2&quot;:&quot;VINICIUS COSTA DA SILVA ZONATTO&quot;}\">VINICIUS COSTA DA SILVA ZONATTO<\/td>\n<td style=\"width: 36.6641%\" data-sheets-value=\"{&quot;1&quot;:2,&quot;2&quot;:&quot;viniciuszonatto@gmail.com&quot;}\">viniciuszonatto@gmail.com<\/td>\n<\/tr>\n<\/tbody>\n<\/table>\n<p>SUBSTITUTOS\/OUTROS<\/p>\n<p>Michele Gendelsky de Oliveira\u00a0 \u00a0 \u00a0 \u00a0 \u00a0 \u00a0 \u00a0 \u00a0 \u00a0 micheleg.oliveira16@gmail.com<\/p>\n<p>Paulo Cesar Barbosa Alves\u00a0 \u00a0 \u00a0 \u00a0 \u00a0 \u00a0 \u00a0 \u00a0 \u00a0 \u00a0 \u00a0 \u00a0 \u00a0pcba33@gmail.com<\/p>\n<p>Larissa dos Santos Pontes\u00a0 \u00a0 \u00a0 \u00a0 \u00a0 \u00a0 \u00a0 \u00a0 \u00a0 \u00a0 \u00a0 \u00a0 \u00a0 larissadspontes@gmail.com<\/p>\n\n\n\n<p><\/p>\n","protected":false},"excerpt":{"rendered":"<p>Contato Professores do Departamento de Ci\u00eancias Cont\u00e1beis ANA PAULA FRAGA apfraga@terra.com.br ANDERSON BETTI FRARE anderson.frare@ufsm.br CL\u00c1UDIA DE FREITAS MICHELIN claudia.michelin@ufsm.br CRISTIANE KR\u00dcGER cristiane.kruger@ufsm.br CRISTIANO SAUSEN SOARES cristianocontador@hotmail.com IVAN HENRIQUE VEY ivanvey@hotmail.com FERNANDO DO NASCIMENTO LOCK fernando.lock@ufsm.br JEFERSON DE SOUZA FLORES jeferson.flores@gmail.com JOSE ALEXANDRE MAGRINI PIGATTO pigatto71@gmail.com LARISSA DEGENHART larissa.degenhart@ufsm.br LUIZ HENRIQUE FIGUEIRA MARQUEZAN luizmarquezan@gmail.com MARIVANE [&hellip;]<\/p>\n","protected":false},"author":555,"featured_media":0,"parent":0,"menu_order":0,"comment_status":"closed","ping_status":"closed","template":"","meta":{"footnotes":""},"categories":[2],"tags":[],"class_list":["post-1476","page","type-page","status-publish","hentry","category-noticias"],"acf":[],"_links":{"self":[{"href":"https:\/\/www.ufsm.br\/cursos\/graduacao\/santa-maria\/ciencias-contabeis\/wp-json\/wp\/v2\/pages\/1476","targetHints":{"allow":["GET"]}}],"collection":[{"href":"https:\/\/www.ufsm.br\/cursos\/graduacao\/santa-maria\/ciencias-contabeis\/wp-json\/wp\/v2\/pages"}],"about":[{"href":"https:\/\/www.ufsm.br\/cursos\/graduacao\/santa-maria\/ciencias-contabeis\/wp-json\/wp\/v2\/types\/page"}],"author":[{"embeddable":true,"href":"https:\/\/www.ufsm.br\/cursos\/graduacao\/santa-maria\/ciencias-contabeis\/wp-json\/wp\/v2\/users\/555"}],"replies":[{"embeddable":true,"href":"https:\/\/www.ufsm.br\/cursos\/graduacao\/santa-maria\/ciencias-contabeis\/wp-json\/wp\/v2\/comments?post=1476"}],"version-history":[{"count":0,"href":"https:\/\/www.ufsm.br\/cursos\/graduacao\/santa-maria\/ciencias-contabeis\/wp-json\/wp\/v2\/pages\/1476\/revisions"}],"wp:attachment":[{"href":"https:\/\/www.ufsm.br\/cursos\/graduacao\/santa-maria\/ciencias-contabeis\/wp-json\/wp\/v2\/media?parent=1476"}],"wp:term":[{"taxonomy":"category","embeddable":true,"href":"https:\/\/www.ufsm.br\/cursos\/graduacao\/santa-maria\/ciencias-contabeis\/wp-json\/wp\/v2\/categories?post=1476"},{"taxonomy":"post_tag","embeddable":true,"href":"https:\/\/www.ufsm.br\/cursos\/graduacao\/santa-maria\/ciencias-contabeis\/wp-json\/wp\/v2\/tags?post=1476"}],"curies":[{"name":"wp","href":"https:\/\/api.w.org\/{rel}","templated":true}]}}