{"id":157,"date":"2018-12-17T09:23:48","date_gmt":"2018-12-17T11:23:48","guid":{"rendered":"https:\/\/www.ufsm.br\/cursos\/graduacao\/santa-maria\/ciencias-contabeis\/?page_id=157"},"modified":"2022-07-05T09:30:27","modified_gmt":"2022-07-05T12:30:27","slug":"historico","status":"publish","type":"page","link":"https:\/\/www.ufsm.br\/cursos\/graduacao\/santa-maria\/ciencias-contabeis\/historico","title":{"rendered":"Hist\u00f3rico"},"content":{"rendered":"<p>O Curso de Ci\u00eancias Cont\u00e1beis foi criado em 9 de setembro de 1966 na 79 sess\u00e3o do Conselho Universit\u00e1rio. O curso foi organizado pelo Instituto de Estudos e Pesquisas Econ\u00f4micas, tendo sido nomeado seu primeiro Diretor o Professor Jos\u00e9 Pereira Ritzel.<br \/>\nA primeira turma teve a matr\u00edcula de trinta e quatro alunos, o regime era semestral e o curso tinha a dura\u00e7\u00e3o de quatro anos.<br \/>\nPor meio do Decreto n\u00ba 66.191\/70, o curso foi integrado ao Centro de Ci\u00eancias Jur\u00eddicas, Econ\u00f4micas e Administrativas, e no per\u00edodo de 17 a 23 de outubro do mesmo ano, foi alvo de verifica\u00e7\u00e3o procedida pelo MEC, para efeito de reconhecimento. Com parecer favor\u00e1vel da comiss\u00e3o verificadora, o Colendo Conselho Federal de Educa\u00e7\u00e3o, em 5 de fevereiro de 1971, emitiu parecer n\u00ba 104\/71, do qual foi promulgado decreto, pelo Exmo. Sr. Presidente da Rep\u00fablica, com o n\u00ba 68.553, em 28\/04\/71, concedendo o reconhecimento.<br \/>\nCom o Curso em andamento, por meio do processo n\u00ba 1520\/70 do Magn\u00edfico Reitor da Universidade Federal de Santa Maria, Prof. Dr. Jos\u00e9 Mariano da Rocha Filho, o qual ficou vinculado ao ent\u00e3o Centro de Ci\u00eancias Jur\u00eddicas, Econ\u00f4micas e Administrativas.<br \/>\nDesde 1978 o Curso de Ci\u00eancias Cont\u00e1beis integra o atual Centro de Ci\u00eancias Sociais e Humanas (CCSH).<\/p>\n","protected":false},"excerpt":{"rendered":"<p>O Curso de Ci\u00eancias Cont\u00e1beis foi criado em 9 de setembro de 1966 na 79 sess\u00e3o do Conselho Universit\u00e1rio. O curso foi organizado pelo Instituto de Estudos e Pesquisas Econ\u00f4micas, tendo sido nomeado seu primeiro Diretor o Professor Jos\u00e9 Pereira Ritzel. A primeira turma teve a matr\u00edcula de trinta e quatro alunos, o regime era [&hellip;]<\/p>\n","protected":false},"author":115,"featured_media":0,"parent":0,"menu_order":0,"comment_status":"closed","ping_status":"closed","template":"","meta":{"footnotes":""},"categories":[2],"tags":[],"class_list":["post-157","page","type-page","status-publish","hentry","category-noticias"],"acf":[],"_links":{"self":[{"href":"https:\/\/www.ufsm.br\/cursos\/graduacao\/santa-maria\/ciencias-contabeis\/wp-json\/wp\/v2\/pages\/157","targetHints":{"allow":["GET"]}}],"collection":[{"href":"https:\/\/www.ufsm.br\/cursos\/graduacao\/santa-maria\/ciencias-contabeis\/wp-json\/wp\/v2\/pages"}],"about":[{"href":"https:\/\/www.ufsm.br\/cursos\/graduacao\/santa-maria\/ciencias-contabeis\/wp-json\/wp\/v2\/types\/page"}],"author":[{"embeddable":true,"href":"https:\/\/www.ufsm.br\/cursos\/graduacao\/santa-maria\/ciencias-contabeis\/wp-json\/wp\/v2\/users\/115"}],"replies":[{"embeddable":true,"href":"https:\/\/www.ufsm.br\/cursos\/graduacao\/santa-maria\/ciencias-contabeis\/wp-json\/wp\/v2\/comments?post=157"}],"version-history":[{"count":0,"href":"https:\/\/www.ufsm.br\/cursos\/graduacao\/santa-maria\/ciencias-contabeis\/wp-json\/wp\/v2\/pages\/157\/revisions"}],"wp:attachment":[{"href":"https:\/\/www.ufsm.br\/cursos\/graduacao\/santa-maria\/ciencias-contabeis\/wp-json\/wp\/v2\/media?parent=157"}],"wp:term":[{"taxonomy":"category","embeddable":true,"href":"https:\/\/www.ufsm.br\/cursos\/graduacao\/santa-maria\/ciencias-contabeis\/wp-json\/wp\/v2\/categories?post=157"},{"taxonomy":"post_tag","embeddable":true,"href":"https:\/\/www.ufsm.br\/cursos\/graduacao\/santa-maria\/ciencias-contabeis\/wp-json\/wp\/v2\/tags?post=157"}],"curies":[{"name":"wp","href":"https:\/\/api.w.org\/{rel}","templated":true}]}}