{"id":172,"date":"2018-12-17T09:59:04","date_gmt":"2018-12-17T11:59:04","guid":{"rendered":"https:\/\/www.ufsm.br\/cursos\/graduacao\/santa-maria\/ciencias-contabeis\/?page_id=172"},"modified":"2023-12-11T16:37:56","modified_gmt":"2023-12-11T19:37:56","slug":"formularios","status":"publish","type":"page","link":"https:\/\/www.ufsm.br\/cursos\/graduacao\/santa-maria\/ciencias-contabeis\/formularios","title":{"rendered":"Formul\u00e1rios"},"content":{"rendered":"\t\t<div data-elementor-type=\"wp-page\" data-elementor-id=\"172\" class=\"elementor elementor-172\">\n\t\t\t\t\t\t<section class=\"elementor-section elementor-top-section elementor-element elementor-element-1c34fb5a elementor-section-boxed elementor-section-height-default elementor-section-height-default\" data-id=\"1c34fb5a\" data-element_type=\"section\">\n\t\t\t\t\t\t<div class=\"elementor-container elementor-column-gap-default\">\n\t\t\t\t\t<div class=\"elementor-column elementor-col-100 elementor-top-column elementor-element elementor-element-514e2192\" data-id=\"514e2192\" data-element_type=\"column\">\n\t\t\t<div class=\"elementor-widget-wrap elementor-element-populated\">\n\t\t\t\t\t\t<div class=\"elementor-element elementor-element-4d46da0b elementor-drop-cap-yes elementor-drop-cap-view-default elementor-widget elementor-widget-text-editor\" data-id=\"4d46da0b\" data-element_type=\"widget\" data-settings=\"{&quot;drop_cap&quot;:&quot;yes&quot;}\" data-widget_type=\"text-editor.default\">\n\t\t\t\t<div class=\"elementor-widget-container\">\n\t\t\t\t\t\t\t<p><!-- wp:file {\"id\":2254,\"href\":\"https:\/\/www.ufsm.br\/app\/uploads\/sites\/477\/2022\/07\/Formulario-de-dispensa-estagio-por-prova.pdf\",\"displayPreview\":false} --><\/p>\n<div class=\"wp-block-file\"><a id=\"wp-block-file--media-91cea993-008d-416e-a207-8892468b258f\" href=\"https:\/\/www.ufsm.br\/app\/uploads\/sites\/477\/2022\/07\/Formulario-de-dispensa-estagio-por-prova.pdf\" target=\"_blank\" rel=\"noreferrer noopener\">Formulario-de-dispensa-estagio-por-prova<\/a><a class=\"wp-block-file__button\" href=\"https:\/\/www.ufsm.br\/app\/uploads\/sites\/477\/2022\/07\/Formulario-de-dispensa-estagio-por-prova.pdf\" aria-describedby=\"wp-block-file--media-91cea993-008d-416e-a207-8892468b258f\">Baixar<\/a><\/div>\n<p><!-- \/wp:file --><!-- wp:file {\"id\":2255,\"href\":\"https:\/\/www.ufsm.br\/app\/uploads\/sites\/477\/2022\/07\/REALIZACAO_DE_PROVA_atrasada.pdf\",\"displayPreview\":false} --><\/p>\n<div class=\"wp-block-file\"><a id=\"wp-block-file--media-df17f37e-e764-4324-9d2a-941c01a44168\" href=\"https:\/\/www.ufsm.br\/app\/uploads\/sites\/477\/2022\/07\/REALIZACAO_DE_PROVA_atrasada.pdf\" target=\"_blank\" rel=\"noreferrer noopener\">Solicita\u00e7\u00e3o de prova atrasada<\/a><a class=\"wp-block-file__button\" href=\"https:\/\/www.ufsm.br\/app\/uploads\/sites\/477\/2022\/07\/REALIZACAO_DE_PROVA_atrasada.pdf\" aria-describedby=\"wp-block-file--media-df17f37e-e764-4324-9d2a-941c01a44168\">Baixar<\/a><\/div>\n<p><!-- \/wp:file --><!-- wp:file {\"id\":2256,\"href\":\"https:\/\/www.ufsm.br\/app\/uploads\/sites\/477\/2022\/07\/organograma-ATUALIZADO-2021.pdf\",\"displayPreview\":false} --><\/p>\n<p><!-- \/wp:file --><!-- wp:file {\"id\":2257,\"href\":\"https:\/\/www.ufsm.br\/app\/uploads\/sites\/477\/2022\/07\/Grade-Curricular-2014-Obrigatorias-e-DCG-atualizada-em-04-04-22pre-requisitos-alterados.pdf\",\"displayPreview\":false} --><\/p>\n<p><!-- \/wp:file --><!-- wp:file {\"id\":2258,\"href\":\"https:\/\/www.ufsm.br\/app\/uploads\/sites\/477\/2022\/07\/Requerimento-Regime-de-Exercicios-Domiciliares-somente-para-os-casos-de-amparo-previstos-no-Guia-do-Estudante-1.doc\"} --><\/p>\n<div class=\"wp-block-file\"><a href=\"https:\/\/www.ufsm.br\/app\/uploads\/sites\/477\/2022\/10\/modelo_requerimento-exercicios-domiciliares1.doc\">Requerimento-Regime-de-Exercicios-DomiciliaresBaixar<\/a><\/div>\n<p><!-- \/wp:file --><!-- wp:file {\"id\":2432,\"href\":\"https:\/\/www.ufsm.br\/app\/uploads\/sites\/477\/2022\/09\/Formulario-Solicitacao-Quebra-de-pre-requisito.doc\"} --><\/p>\n<div class=\"wp-block-file\"><a id=\"wp-block-file--media-3832301b-c9bf-4ec8-90ae-56b4b70a9806\" href=\"https:\/\/www.ufsm.br\/app\/uploads\/sites\/477\/2022\/09\/Formulario-Solicitacao-Quebra-de-pre-requisito.doc\" target=\"_blank\" rel=\"noreferrer noopener\">Formulario-Solicitacao-Quebra-de-pre-requisito<\/a><a class=\"wp-block-file__button\" href=\"https:\/\/www.ufsm.br\/app\/uploads\/sites\/477\/2022\/09\/Formulario-Solicitacao-Quebra-de-pre-requisito.doc\" aria-describedby=\"wp-block-file--media-3832301b-c9bf-4ec8-90ae-56b4b70a9806\">Baixar<\/a><\/div>\n<div>\n<p><a href=\"https:\/\/www.ufsm.br\/app\/uploads\/sites\/477\/2022\/10\/Modelo-de-atestado-de-CH-inferior-a-240h-para-BSE.pdf\">Modelo de atestado de CH inferior a 240h para BSE<\/a><\/p>\n<\/div>\n<div><a href=\"https:\/\/www.ufsm.br\/app\/uploads\/sites\/477\/2023\/08\/Formulario-Solicitacao-Bolsa-Formacao.docx\">Formul\u00e1rio de solicita\u00e7\u00e3o para Bolsa Forma\u00e7\u00e3o Estudantil<\/a><\/div>\n<div>\u00a0<\/div>\n<div>\u00a0<a href=\"https:\/\/www.ufsm.br\/app\/uploads\/sites\/477\/2023\/12\/autorizacao_tcc_graduacao_online-1.doc\">Autoriza\u00e7\u00e3o para publica\u00e7\u00e3o online de TCC<\/a>\u00a0\u00a0<\/div>\n<p><!-- \/wp:file --><\/p>\t\t\t\t\t\t<\/div>\n\t\t\t\t<\/div>\n\t\t\t\t\t<\/div>\n\t\t<\/div>\n\t\t\t\t\t<\/div>\n\t\t<\/section>\n\t\t\t\t<\/div>\n\t\t","protected":false},"excerpt":{"rendered":"","protected":false},"author":115,"featured_media":0,"parent":0,"menu_order":0,"comment_status":"closed","ping_status":"closed","template":"","meta":{"footnotes":""},"categories":[2],"tags":[],"class_list":["post-172","page","type-page","status-publish","hentry","category-noticias"],"acf":[],"_links":{"self":[{"href":"https:\/\/www.ufsm.br\/cursos\/graduacao\/santa-maria\/ciencias-contabeis\/wp-json\/wp\/v2\/pages\/172","targetHints":{"allow":["GET"]}}],"collection":[{"href":"https:\/\/www.ufsm.br\/cursos\/graduacao\/santa-maria\/ciencias-contabeis\/wp-json\/wp\/v2\/pages"}],"about":[{"href":"https:\/\/www.ufsm.br\/cursos\/graduacao\/santa-maria\/ciencias-contabeis\/wp-json\/wp\/v2\/types\/page"}],"author":[{"embeddable":true,"href":"https:\/\/www.ufsm.br\/cursos\/graduacao\/santa-maria\/ciencias-contabeis\/wp-json\/wp\/v2\/users\/115"}],"replies":[{"embeddable":true,"href":"https:\/\/www.ufsm.br\/cursos\/graduacao\/santa-maria\/ciencias-contabeis\/wp-json\/wp\/v2\/comments?post=172"}],"version-history":[{"count":0,"href":"https:\/\/www.ufsm.br\/cursos\/graduacao\/santa-maria\/ciencias-contabeis\/wp-json\/wp\/v2\/pages\/172\/revisions"}],"wp:attachment":[{"href":"https:\/\/www.ufsm.br\/cursos\/graduacao\/santa-maria\/ciencias-contabeis\/wp-json\/wp\/v2\/media?parent=172"}],"wp:term":[{"taxonomy":"category","embeddable":true,"href":"https:\/\/www.ufsm.br\/cursos\/graduacao\/santa-maria\/ciencias-contabeis\/wp-json\/wp\/v2\/categories?post=172"},{"taxonomy":"post_tag","embeddable":true,"href":"https:\/\/www.ufsm.br\/cursos\/graduacao\/santa-maria\/ciencias-contabeis\/wp-json\/wp\/v2\/tags?post=172"}],"curies":[{"name":"wp","href":"https:\/\/api.w.org\/{rel}","templated":true}]}}