{"id":190,"date":"2018-12-17T10:23:42","date_gmt":"2018-12-17T12:23:42","guid":{"rendered":"https:\/\/www.ufsm.br\/cursos\/graduacao\/santa-maria\/ciencias-contabeis\/?page_id=190"},"modified":"2022-07-05T09:30:26","modified_gmt":"2022-07-05T12:30:26","slug":"abono-de-faltas","status":"publish","type":"page","link":"https:\/\/www.ufsm.br\/cursos\/graduacao\/santa-maria\/ciencias-contabeis\/abono-de-faltas","title":{"rendered":"Exerc\u00edcios Domiciliares"},"content":{"rendered":"<p><strong>COMO SOLICITAR<\/strong><\/p>\n<p>Abaixo orienta\u00e7\u00f5es para os acad\u00eamicos que necessitem\u00a0<strong>solicitar afastamento para tratamento de sa\u00fade. O processo deve ser <\/strong>aberto e tramitado via PEN \u2013 Processo Eletr\u00f4nico Nacional.<\/p>\n<p>Orienta\u00e7\u00f5es sobre a abertura de processos de Regime domiciliar de aluno de gradua\u00e7\u00e3o via PEN.<\/p>\n<p>1\u00b0 Passo: Cadastro no PEN:\u00a0O aluno para assinar o requerimento eletronicamente necessita da sua assinatura cadastrada no PEN. Para se cadastrar, basta seguir Passo a passo para assinatura do Termo de Concord\u00e2ncia Assinatura Eletr\u00f4nica Cadastrada no SIE. (<a href=\"https:\/\/www.ufsm.br\/app\/uploads\/sites\/416\/2020\/04\/Passo-a-passo-termo-assinatura-eletronica-PEN-SIE.pdf\">https:\/\/www.ufsm.br\/app\/uploads\/sites\/416\/2020\/04\/Passo-a-passo-termo-assinatura-eletronica-PEN-SIE.pdf<\/a>).<\/p>\n<p><strong>J\u00e1 possui cadastro no PEN:\u00a0seguir as orienta\u00e7\u00f5es abaixo.<\/strong><\/p>\n<ol>\n<li>Para a abertura do processo afastamento para tratamento de sa\u00fade no PEN voc\u00ea dever\u00e1<strong>\u00a0acessar o Portal Documentos<\/strong>\u00a0(<a href=\"http:\/\/portal.ufsm.br\/documentos\">http:\/\/portal.ufsm.br\/documentos<\/a>), realizar o<strong>\u00a0login<\/strong>\u00a0com n\u00famero de matr\u00edcula e senha do portal do aluno e, ap\u00f3s, selecionar a op\u00e7\u00e3o \u2018<strong>Novo<\/strong>\u2019;<\/li>\n<li>No campo \u201cTipo documental\u201d, realizar a busca textual e selecionar a op\u00e7\u00e3o \u2018<strong>Processos de regime domiciliar de aluno de gradua\u00e7\u00e3o (125.52)<\/strong>\u2019. Os outros dos campos desta tela ser\u00e3o preenchidos automaticamente;<\/li>\n<li>Na tela seguinte dever\u00e3o ser\u00a0<strong>adicionados os documentos necess\u00e1rios<\/strong> para abertura: <a href=\"https:\/\/www.ufsm.br\/app\/uploads\/sites\/477\/2022\/02\/modelo_requerimento-exercicios-domiciliares.doc\">requerimento exerc\u00edcios domiciliares<\/a>\u00a0e o\u00a0Atestado m\u00e9dico, os 2 itens s\u00e3o obrigat\u00f3rios. O aluno pode assinar o requerimento eletronicamente, caso j\u00e1 tenha sua assinatura cadastrada no PEN, ou assinar a caneta e digitalizar o documento.<\/li>\n<li>Ap\u00f3s anexar a documenta\u00e7\u00e3o no PEN, o aluno dever\u00e1\u00a0<strong>tramitar o processo<\/strong> para a Coordena\u00e7\u00e3o do Curso , que receber\u00e1 os documentos no portal e a an\u00e1lise da solicita\u00e7\u00e3o e demais provid\u00eancias.<\/li>\n<li>Para\u00a0<strong>acompanhar o processo<\/strong>, caso j\u00e1 tenha em m\u00e3os o NUP (N\u00famero \u00danico de Protocolo) do processo, basta acessar o Portal Documentos (<a href=\"https:\/\/portal.ufsm.br\/documentos\/mainMenu.html\">https:\/\/portal.ufsm.br\/documentos\/mainMenu.html<\/a>) e digitar o respectivo NUP ou pesquisar pelos campos dispon\u00edveis na consulta, como nome do interessado, tipo documental. O aluno pode acompanhar o processo fazendo login no\u00a0<strong>Portal Documentos<\/strong>, ir na aba \u2018Meus Documentos\u2019, \u2018Interessado\u2019.<\/li>\n<li>Ao final, o professor respons\u00e1vel pela disciplina ir\u00e1 elaborar o plano de atividades. Recomendamos que mantenha contato com o departamento did\u00e1tico e com os professores das disciplinas para o desenvolvimento de atividades acad\u00eamicas.<\/li>\n<\/ol>\n<p>Maiores informa\u00e7\u00f5es e tutoriais no site do PEN:\u00a0<a href=\"https:\/\/www.ufsm.br\/orgaos-suplementares\/dag\/pen\/processos-que-ja-tramitam-no-pen-sie\/\">https:\/\/www.ufsm.br\/orgaos-suplementares\/dag\/pen\/processos-que-ja-tramitam-no-pen-sie\/<\/a><\/p>\n<p>Tutorial para abertura de processos no PEN:<a href=\"https:\/\/www.ufsm.br\/app\/uploads\/sites\/416\/2020\/05\/tutorial-de-abertura-pensie.pdf\">\u00a0https:\/\/www.ufsm.br\/app\/uploads\/sites\/416\/2020\/05\/tutorial-de-abertura-pensie.pdf<\/a><\/p>\n","protected":false},"excerpt":{"rendered":"<p>COMO SOLICITAR Abaixo orienta\u00e7\u00f5es para os acad\u00eamicos que necessitem\u00a0solicitar afastamento para tratamento de sa\u00fade. O processo deve ser aberto e tramitado via PEN \u2013 Processo Eletr\u00f4nico Nacional. Orienta\u00e7\u00f5es sobre a abertura de processos de Regime domiciliar de aluno de gradua\u00e7\u00e3o via PEN. 1\u00b0 Passo: Cadastro no PEN:\u00a0O aluno para assinar o requerimento eletronicamente necessita da [&hellip;]<\/p>\n","protected":false},"author":115,"featured_media":0,"parent":0,"menu_order":0,"comment_status":"closed","ping_status":"closed","template":"","meta":{"footnotes":""},"categories":[2],"tags":[],"class_list":["post-190","page","type-page","status-publish","hentry","category-noticias"],"acf":[],"_links":{"self":[{"href":"https:\/\/www.ufsm.br\/cursos\/graduacao\/santa-maria\/ciencias-contabeis\/wp-json\/wp\/v2\/pages\/190","targetHints":{"allow":["GET"]}}],"collection":[{"href":"https:\/\/www.ufsm.br\/cursos\/graduacao\/santa-maria\/ciencias-contabeis\/wp-json\/wp\/v2\/pages"}],"about":[{"href":"https:\/\/www.ufsm.br\/cursos\/graduacao\/santa-maria\/ciencias-contabeis\/wp-json\/wp\/v2\/types\/page"}],"author":[{"embeddable":true,"href":"https:\/\/www.ufsm.br\/cursos\/graduacao\/santa-maria\/ciencias-contabeis\/wp-json\/wp\/v2\/users\/115"}],"replies":[{"embeddable":true,"href":"https:\/\/www.ufsm.br\/cursos\/graduacao\/santa-maria\/ciencias-contabeis\/wp-json\/wp\/v2\/comments?post=190"}],"version-history":[{"count":0,"href":"https:\/\/www.ufsm.br\/cursos\/graduacao\/santa-maria\/ciencias-contabeis\/wp-json\/wp\/v2\/pages\/190\/revisions"}],"wp:attachment":[{"href":"https:\/\/www.ufsm.br\/cursos\/graduacao\/santa-maria\/ciencias-contabeis\/wp-json\/wp\/v2\/media?parent=190"}],"wp:term":[{"taxonomy":"category","embeddable":true,"href":"https:\/\/www.ufsm.br\/cursos\/graduacao\/santa-maria\/ciencias-contabeis\/wp-json\/wp\/v2\/categories?post=190"},{"taxonomy":"post_tag","embeddable":true,"href":"https:\/\/www.ufsm.br\/cursos\/graduacao\/santa-maria\/ciencias-contabeis\/wp-json\/wp\/v2\/tags?post=190"}],"curies":[{"name":"wp","href":"https:\/\/api.w.org\/{rel}","templated":true}]}}